{"id":1069,"date":"2020-04-14T23:31:04","date_gmt":"2020-04-14T21:31:04","guid":{"rendered":"http:\/\/tec5.org\/?page_id=1069"},"modified":"2025-03-24T18:14:34","modified_gmt":"2025-03-24T17:14:34","slug":"newsletter","status":"publish","type":"page","link":"https:\/\/tec5.com\/de\/newsletter\/","title":{"rendered":"Newsletter"},"content":{"rendered":"<h2 style=\"color: #354996;\">News direkt in Ihr Postfach<\/h2>\n<div class=\"su-row d-md-flex\">\n<div class=\"su-column su-column-size-1-2\"><div class=\"su-column-inner su-u-clearfix su-u-trim\">\n<p>Ob <a title=\"Zu den tec5-Produkten\" href=\"https:\/\/tec5.com\/de\/produkte\/\" target=\"_blank\" rel=\"noopener\">Produkt<\/a>-Innovationen, interessante <a title=\"Zur tec5 Veranstaltungs\u00fcbersicht\" href=\"https:\/\/tec5.com\/de\/unternehmen\/events\/\" target=\"_blank\" rel=\"noopener\">Veranstaltungen<\/a> und spannende News rund um Spektroskopie und <a title=\"Mehr zum Thema Prozessanalytik\" href=\"https:\/\/tec5.com\/de\/anwendungen\/prozessanalytik\/\" target=\"_blank\" rel=\"noopener\">Prozessanalytik<\/a> &#8211; mit dem tec5 Newsletter sind und bleiben Sie immer bestens informiert. Der Newsletter erscheint in der Regel vier bis sechs Mal pro Jahr. <span style=\"display: inline-block; color: #28a745; float: right; font-size: 80%; text-align: right;\">Zum Abonnieren, klicken Sie bitte auf die gr\u00fcne Schaltfl\u00e4che \u2192 \u00a0<\/span><\/p>\n<h2 style=\"color: #354996; margin-top: 35px;\">Aktuelle tec5-Posts in Ihrem LinkedIn-Feed<\/h2>\n<p>Sie m\u00f6chten tec5-Informationen direkt in Ihrem LinkedIn-Feed erhalten und sich mit unseren Experten vernetzen? Dann folgen Sie uns auch gerne auf <a href=\"https:\/\/www.linkedin.com\/company\/tec5-ag\" target=\"_blank\" rel=\"noopener\"> Linked<strong>in<\/strong><\/a>.<br \/>\n<\/div><\/div>\n<div class=\"su-column su-column-size-1-2\"><div class=\"su-column-inner su-u-clearfix su-u-trim\"><style>\n       .errordiv { padding:10px; margin:10px; border: 1px solid #555555;color: #000000;background-color: #f8f8f8; width:500px; }#advanced_iframe {visibility:visible;opacity:1;vertical-align:top;}.ai-info-bottom-iframe { position: fixed; z-index: 10000; bottom:0; left: 0; margin: 0px; text-align: center; width: 100%; background-color: #ff9999; padding-left: 5px;padding-bottom: 5px; border-top: 1px solid #aaa } a.ai-bold {font-weight: bold;}#ai-layer-div-advanced_iframe p {height:100%;margin:0;padding:0}<\/style><script type=\"text\/javascript\">var ai_iframe_width_advanced_iframe = 0;var ai_iframe_height_advanced_iframe = 0;var aiOnloadScrollTop=\"true\";var aiShowDebug=false;\n\t\tif (typeof aiReadyCallbacks === 'undefined') {\n\t\t\tvar aiReadyCallbacks = [];\n\t\t} else if (!(aiReadyCallbacks instanceof Array)) {\n\t\t\tvar aiReadyCallbacks = [];\n\t\t}    function aiShowIframeId(id_iframe) { jQuery(\"#\"+id_iframe).css(\"visibility\", \"visible\");    }    function aiResizeIframeHeight(height) { aiResizeIframeHeight(height,advanced_iframe); }    function aiResizeIframeHeightId(height,width,id) {aiResizeIframeHeightById(id,height);}<\/script> <div class=\"brlbs-cmpnt-container brlbs-cmpnt-content-blocker brlbs-cmpnt-with-individual-styles\" data-borlabs-cookie-content-blocker-id=\"default\" data-borlabs-cookie-content=\"PGlmcmFtZSBpZD0iYWR2YW5jZWRfaWZyYW1lIiAgbmFtZT0iYWR2YW5jZWRfaWZyYW1lIiAgc3JjPSJodHRwczovL25ld3MudGVjNS5pbmZvLzE1Ni84MDg2Lzg1MjhhMzg2Yzgvc3Vic2NyaWJlL2Zvcm0uaHRtbD9fZz0xNzQyODI5NzY1IiAgd2lkdGg9IjYwMHB4OyIgIGhlaWdodD0iNjAwIiAgZnJhbWVib3JkZXI9IjAiICBib3JkZXI9IjAiICBhbGxvd3RyYW5zcGFyZW5jeT0idHJ1ZSIgIGxvYWRpbmc9ImxhenkiICBzdHlsZT0iO2JvcmRlci13aWR0aDogMHB4Oztib3JkZXI6IG5vbmU7O3dpZHRoOjYwMHB4Ozs7aGVpZ2h0OjYwMHB4OyIgPjwvaWZyYW1lPg==\"><div class=\"brlbs-cmpnt-cb-preset-a\"> <p class=\"brlbs-cmpnt-cb-description\">Sie sehen gerade einen Platzhalterinhalt von <strong>Standard<\/strong>. Um auf den eigentlichen Inhalt zuzugreifen, klicken Sie auf den Button unten. Bitte beachten Sie, dass dabei Daten an Drittanbieter weitergegeben werden.<\/p> <div class=\"brlbs-cmpnt-cb-buttons\"> <a class=\"brlbs-cmpnt-cb-btn\" href=\"#\" data-borlabs-cookie-unblock role=\"button\">Inhalt entsperren<\/a> <a class=\"brlbs-cmpnt-cb-btn\" href=\"#\" data-borlabs-cookie-accept-service role=\"button\" style=\"display: none\">Erforderlichen Service akzeptieren und Inhalte entsperren<\/a> <\/div> <a class=\"brlbs-cmpnt-cb-provider-toggle\" href=\"#\" data-borlabs-cookie-show-provider-information role=\"button\">Weitere Informationen<\/a> <\/div><\/div><script type=\"text\/javascript\">var ifrm_advanced_iframe = document.getElementById(\"advanced_iframe\");var hiddenTabsDoneadvanced_iframe = false;\nfunction resizeCallbackadvanced_iframe() {}<\/script><script type=\"text\/javascript\"><\/script><p style=\"display:block !important; visibility:visible !important;margin: -18px 14px 0 0;padding-left: 3px;padding-top:3px;background: white; overflow: hidden; position: relative; line-height:15px;width: fit-content;\"><small style=\"display:block !important;visibility:visible !important\">powered by Advanced iFrame<\/small><\/p>\n<\/div><\/div>\n<\/div>\n<p style=\"font-size: 80%; margin-top: 25px;\"><strong>Hinweis zum Schutz Ihrer Daten<\/strong>: Die tec5 AG verpflichtet sich zum sorgsamen Umgang mit Ihren Daten. Ihre pers\u00f6nlichen Daten werden zur Bearbeitung ihrer Anfrage von der tec5 AG elektronisch verarbeitet und zur Information per Newsletter genutzt. Ihre Daten werden nicht an Dritte f\u00fcr Werbezwecke o. \u00c4. weitergegeben. Ihr Einverst\u00e4ndnis zur Verarbeitung Ihrer Daten k\u00f6nnen Sie jederzeit widerrufen. Es besteht ein Beschwerderecht bei einer Aufsichtsbeh\u00f6rde f\u00fcr Datenschutz. Weitere Informationen sowie die Kontaktdaten des Datenschutzbeauftragten finden Sie im <a href=\"https:\/\/www.tec5.com\/Datenschutzhinweis.\">tec5 Datenschutzhinweis<\/a>.<\/p>\n","protected":false},"excerpt":{"rendered":"<p>News direkt in Ihr Postfach Hinweis zum Schutz Ihrer Daten: Die tec5 AG verpflichtet sich zum sorgsamen Umgang mit Ihren Daten. Ihre pers\u00f6nlichen Daten werden zur Bearbeitung ihrer Anfrage von der tec5 AG elektronisch verarbeitet und zur Information per Newsletter genutzt. Ihre Daten werden nicht an Dritte f\u00fcr Werbezwecke o. \u00c4. weitergegeben. Ihr Einverst\u00e4ndnis zur [&hellip;]<\/p>\n","protected":false},"author":4,"featured_media":8495,"parent":0,"menu_order":60,"comment_status":"closed","ping_status":"closed","template":"","meta":{"_acf_changed":false,"footnotes":""},"tags":[],"class_list":["post-1069","page","type-page","status-publish","has-post-thumbnail","hentry"],"acf":[],"yoast_head":"<!-- This site is optimized with the Yoast SEO plugin v27.4 - https:\/\/yoast.com\/product\/yoast-seo-wordpress\/ -->\n<title>tec5 Newsletter - Jetzt f\u00fcr Newsletter anmelden<\/title>\n<meta name=\"description\" content=\"Alles \u00fcber Produktneuheiten, Messeauftritte und mehr, regelm\u00e4\u00dfig per E-Mail bequem ins elektronische Postfach - melden Sie sich jetzt f\u00fcr den Newsletter an\" \/>\n<meta name=\"robots\" content=\"noindex, nofollow\" \/>\n<meta property=\"og:locale\" content=\"de_DE\" \/>\n<meta property=\"og:type\" content=\"article\" \/>\n<meta property=\"og:title\" content=\"tec5 Newsletter - Jetzt f\u00fcr Newsletter anmelden\" \/>\n<meta property=\"og:description\" content=\"Alles \u00fcber Produktneuheiten, Messeauftritte und mehr, regelm\u00e4\u00dfig per E-Mail bequem ins elektronische Postfach - melden Sie sich jetzt f\u00fcr den Newsletter an\" \/>\n<meta property=\"og:url\" content=\"https:\/\/tec5.com\/de\/newsletter\/\" \/>\n<meta property=\"og:site_name\" content=\"tec5\" \/>\n<meta property=\"article:modified_time\" content=\"2025-03-24T17:14:34+00:00\" \/>\n<meta property=\"og:image\" content=\"https:\/\/tec5.com\/wp-content\/uploads\/2025\/01\/tec5-company-Teaser-1280x200px.png\" \/>\n\t<meta property=\"og:image:width\" content=\"1280\" \/>\n\t<meta property=\"og:image:height\" content=\"200\" \/>\n\t<meta property=\"og:image:type\" content=\"image\/png\" \/>\n<meta name=\"twitter:card\" content=\"summary_large_image\" \/>\n<meta name=\"twitter:label1\" content=\"Gesch\u00e4tzte Lesezeit\" \/>\n\t<meta name=\"twitter:data1\" content=\"2\u00a0Minuten\" \/>\n<script type=\"application\/ld+json\" class=\"yoast-schema-graph\">{\"@context\":\"https:\\\/\\\/schema.org\",\"@graph\":[{\"@type\":\"WebPage\",\"@id\":\"https:\\\/\\\/tec5.com\\\/de\\\/newsletter\\\/\",\"url\":\"https:\\\/\\\/tec5.com\\\/de\\\/newsletter\\\/\",\"name\":\"tec5 Newsletter - Jetzt f\u00fcr Newsletter anmelden\",\"isPartOf\":{\"@id\":\"https:\\\/\\\/tec5.com\\\/de\\\/#website\"},\"primaryImageOfPage\":{\"@id\":\"https:\\\/\\\/tec5.com\\\/de\\\/newsletter\\\/#primaryimage\"},\"image\":{\"@id\":\"https:\\\/\\\/tec5.com\\\/de\\\/newsletter\\\/#primaryimage\"},\"thumbnailUrl\":\"https:\\\/\\\/tec5.com\\\/wp-content\\\/uploads\\\/2025\\\/01\\\/tec5-company-Teaser-1280x200px.png\",\"datePublished\":\"2020-04-14T21:31:04+00:00\",\"dateModified\":\"2025-03-24T17:14:34+00:00\",\"description\":\"Alles \u00fcber Produktneuheiten, Messeauftritte und mehr, regelm\u00e4\u00dfig per E-Mail bequem ins elektronische Postfach - melden Sie sich jetzt f\u00fcr den Newsletter an\",\"breadcrumb\":{\"@id\":\"https:\\\/\\\/tec5.com\\\/de\\\/newsletter\\\/#breadcrumb\"},\"inLanguage\":\"de\",\"potentialAction\":[{\"@type\":\"ReadAction\",\"target\":[\"https:\\\/\\\/tec5.com\\\/de\\\/newsletter\\\/\"]}]},{\"@type\":\"ImageObject\",\"inLanguage\":\"de\",\"@id\":\"https:\\\/\\\/tec5.com\\\/de\\\/newsletter\\\/#primaryimage\",\"url\":\"https:\\\/\\\/tec5.com\\\/wp-content\\\/uploads\\\/2025\\\/01\\\/tec5-company-Teaser-1280x200px.png\",\"contentUrl\":\"https:\\\/\\\/tec5.com\\\/wp-content\\\/uploads\\\/2025\\\/01\\\/tec5-company-Teaser-1280x200px.png\",\"width\":1280,\"height\":200,\"caption\":\"tec5\"},{\"@type\":\"BreadcrumbList\",\"@id\":\"https:\\\/\\\/tec5.com\\\/de\\\/newsletter\\\/#breadcrumb\",\"itemListElement\":[{\"@type\":\"ListItem\",\"position\":1,\"name\":\"Startseite\",\"item\":\"https:\\\/\\\/tec5.com\\\/de\\\/\"},{\"@type\":\"ListItem\",\"position\":2,\"name\":\"Newsletter\"}]},{\"@type\":\"WebSite\",\"@id\":\"https:\\\/\\\/tec5.com\\\/de\\\/#website\",\"url\":\"https:\\\/\\\/tec5.com\\\/de\\\/\",\"name\":\"tec5\",\"description\":\"Process Spectroscopy\",\"publisher\":{\"@id\":\"https:\\\/\\\/tec5.com\\\/de\\\/#organization\"},\"potentialAction\":[{\"@type\":\"SearchAction\",\"target\":{\"@type\":\"EntryPoint\",\"urlTemplate\":\"https:\\\/\\\/tec5.com\\\/de\\\/?s={search_term_string}\"},\"query-input\":{\"@type\":\"PropertyValueSpecification\",\"valueRequired\":true,\"valueName\":\"search_term_string\"}}],\"inLanguage\":\"de\"},{\"@type\":\"Organization\",\"@id\":\"https:\\\/\\\/tec5.com\\\/de\\\/#organization\",\"name\":\"tec5\",\"url\":\"https:\\\/\\\/tec5.com\\\/de\\\/\",\"logo\":{\"@type\":\"ImageObject\",\"inLanguage\":\"de\",\"@id\":\"https:\\\/\\\/tec5.com\\\/de\\\/#\\\/schema\\\/logo\\\/image\\\/\",\"url\":\"https:\\\/\\\/tec5.com\\\/wp-content\\\/uploads\\\/2021\\\/01\\\/Teaser_tec5-2.png\",\"contentUrl\":\"https:\\\/\\\/tec5.com\\\/wp-content\\\/uploads\\\/2021\\\/01\\\/Teaser_tec5-2.png\",\"width\":1159,\"height\":221,\"caption\":\"tec5\"},\"image\":{\"@id\":\"https:\\\/\\\/tec5.com\\\/de\\\/#\\\/schema\\\/logo\\\/image\\\/\"},\"sameAs\":[\"https:\\\/\\\/www.linkedin.com\\\/company\\\/tec5-ag\\\/\"]}]}<\/script>\n<!-- \/ Yoast SEO plugin. -->","yoast_head_json":{"title":"tec5 Newsletter - Jetzt f\u00fcr Newsletter anmelden","description":"Alles \u00fcber Produktneuheiten, Messeauftritte und mehr, regelm\u00e4\u00dfig per E-Mail bequem ins elektronische Postfach - melden Sie sich jetzt f\u00fcr den Newsletter an","robots":{"index":"noindex","follow":"nofollow"},"og_locale":"de_DE","og_type":"article","og_title":"tec5 Newsletter - Jetzt f\u00fcr Newsletter anmelden","og_description":"Alles \u00fcber Produktneuheiten, Messeauftritte und mehr, regelm\u00e4\u00dfig per E-Mail bequem ins elektronische Postfach - melden Sie sich jetzt f\u00fcr den Newsletter an","og_url":"https:\/\/tec5.com\/de\/newsletter\/","og_site_name":"tec5","article_modified_time":"2025-03-24T17:14:34+00:00","og_image":[{"width":1280,"height":200,"url":"https:\/\/tec5.com\/wp-content\/uploads\/2025\/01\/tec5-company-Teaser-1280x200px.png","type":"image\/png"}],"twitter_card":"summary_large_image","twitter_misc":{"Gesch\u00e4tzte Lesezeit":"2\u00a0Minuten"},"schema":{"@context":"https:\/\/schema.org","@graph":[{"@type":"WebPage","@id":"https:\/\/tec5.com\/de\/newsletter\/","url":"https:\/\/tec5.com\/de\/newsletter\/","name":"tec5 Newsletter - Jetzt f\u00fcr Newsletter anmelden","isPartOf":{"@id":"https:\/\/tec5.com\/de\/#website"},"primaryImageOfPage":{"@id":"https:\/\/tec5.com\/de\/newsletter\/#primaryimage"},"image":{"@id":"https:\/\/tec5.com\/de\/newsletter\/#primaryimage"},"thumbnailUrl":"https:\/\/tec5.com\/wp-content\/uploads\/2025\/01\/tec5-company-Teaser-1280x200px.png","datePublished":"2020-04-14T21:31:04+00:00","dateModified":"2025-03-24T17:14:34+00:00","description":"Alles \u00fcber Produktneuheiten, Messeauftritte und mehr, regelm\u00e4\u00dfig per E-Mail bequem ins elektronische Postfach - melden Sie sich jetzt f\u00fcr den Newsletter an","breadcrumb":{"@id":"https:\/\/tec5.com\/de\/newsletter\/#breadcrumb"},"inLanguage":"de","potentialAction":[{"@type":"ReadAction","target":["https:\/\/tec5.com\/de\/newsletter\/"]}]},{"@type":"ImageObject","inLanguage":"de","@id":"https:\/\/tec5.com\/de\/newsletter\/#primaryimage","url":"https:\/\/tec5.com\/wp-content\/uploads\/2025\/01\/tec5-company-Teaser-1280x200px.png","contentUrl":"https:\/\/tec5.com\/wp-content\/uploads\/2025\/01\/tec5-company-Teaser-1280x200px.png","width":1280,"height":200,"caption":"tec5"},{"@type":"BreadcrumbList","@id":"https:\/\/tec5.com\/de\/newsletter\/#breadcrumb","itemListElement":[{"@type":"ListItem","position":1,"name":"Startseite","item":"https:\/\/tec5.com\/de\/"},{"@type":"ListItem","position":2,"name":"Newsletter"}]},{"@type":"WebSite","@id":"https:\/\/tec5.com\/de\/#website","url":"https:\/\/tec5.com\/de\/","name":"tec5","description":"Process Spectroscopy","publisher":{"@id":"https:\/\/tec5.com\/de\/#organization"},"potentialAction":[{"@type":"SearchAction","target":{"@type":"EntryPoint","urlTemplate":"https:\/\/tec5.com\/de\/?s={search_term_string}"},"query-input":{"@type":"PropertyValueSpecification","valueRequired":true,"valueName":"search_term_string"}}],"inLanguage":"de"},{"@type":"Organization","@id":"https:\/\/tec5.com\/de\/#organization","name":"tec5","url":"https:\/\/tec5.com\/de\/","logo":{"@type":"ImageObject","inLanguage":"de","@id":"https:\/\/tec5.com\/de\/#\/schema\/logo\/image\/","url":"https:\/\/tec5.com\/wp-content\/uploads\/2021\/01\/Teaser_tec5-2.png","contentUrl":"https:\/\/tec5.com\/wp-content\/uploads\/2021\/01\/Teaser_tec5-2.png","width":1159,"height":221,"caption":"tec5"},"image":{"@id":"https:\/\/tec5.com\/de\/#\/schema\/logo\/image\/"},"sameAs":["https:\/\/www.linkedin.com\/company\/tec5-ag\/"]}]}},"_links":{"self":[{"href":"https:\/\/tec5.com\/de\/wp-json\/wp\/v2\/pages\/1069","targetHints":{"allow":["GET"]}}],"collection":[{"href":"https:\/\/tec5.com\/de\/wp-json\/wp\/v2\/pages"}],"about":[{"href":"https:\/\/tec5.com\/de\/wp-json\/wp\/v2\/types\/page"}],"author":[{"embeddable":true,"href":"https:\/\/tec5.com\/de\/wp-json\/wp\/v2\/users\/4"}],"replies":[{"embeddable":true,"href":"https:\/\/tec5.com\/de\/wp-json\/wp\/v2\/comments?post=1069"}],"version-history":[{"count":32,"href":"https:\/\/tec5.com\/de\/wp-json\/wp\/v2\/pages\/1069\/revisions"}],"predecessor-version":[{"id":9006,"href":"https:\/\/tec5.com\/de\/wp-json\/wp\/v2\/pages\/1069\/revisions\/9006"}],"wp:featuredmedia":[{"embeddable":true,"href":"https:\/\/tec5.com\/de\/wp-json\/wp\/v2\/media\/8495"}],"wp:attachment":[{"href":"https:\/\/tec5.com\/de\/wp-json\/wp\/v2\/media?parent=1069"}],"wp:term":[{"taxonomy":"post_tag","embeddable":true,"href":"https:\/\/tec5.com\/de\/wp-json\/wp\/v2\/tags?post=1069"}],"curies":[{"name":"wp","href":"https:\/\/api.w.org\/{rel}","templated":true}]}}