{"id":10791,"date":"2026-01-12T15:01:34","date_gmt":"2026-01-12T14:01:34","guid":{"rendered":"https:\/\/tec5.com\/?page_id=10791"},"modified":"2026-03-03T11:40:41","modified_gmt":"2026-03-03T10:40:41","slug":"marketing-campaign-content-manager-b2b-mwd","status":"publish","type":"page","link":"https:\/\/tec5.com\/de\/unternehmen\/karriere\/marketing-campaign-content-manager-b2b-mwd\/","title":{"rendered":"Marketing Campaign &#038; Content Manager (B2B) (m|w|d)"},"content":{"rendered":"    <script type=\"application\/ld+json\">\r\n    {\r\n      \"@context\" : \"https:\/\/schema.org\/\",\r\n      \"@type\" : \"JobPosting\",\r\n      \"title\" : \"Marketing Campaign &amp; Content Manager (B2B) (m|w|d)\",\r\n      \"description\" : \"Schwerpunkt: Erkl\u00e4rungsbed\u00fcrftige Technologie mit klaren Botschaften, zielgerichteten Kampagnen und \u00fcberzeugendem Content im Markt sichtbar machen.\",\r\n      \"identifier\": {\r\n        \"@type\": \"PropertyValue\",\r\n        \"name\": \"tec5 AG\",\r\n        \"value\": \"1234567\"\r\n      },\r\n      \"datePosted\" : \"2026-01-12\",\r\n      \"validThrough\" : \"2026-03-31\",\r\n      \"employmentType\" : \"FULL_TIME\",\r\n      \"hiringOrganization\" : {\r\n        \"@type\" : \"Organization\",\r\n        \"name\" : \"tec5 AG\",\r\n        \"sameAs\" : \"https:\/\/tec5.com\",\r\n        \"logo\" : \"https:\/\/tec5.com\/wp-content\/themes\/tec5\/assets\/images\/logo.png\"\r\n      },\r\n      \"jobLocation\": {\r\n      \"@type\": \"Place\",\r\n        \"address\": {\r\n        \"@type\": \"PostalAddress\",\r\n        \"streetAddress\": \"Wei\u00dfkirchener Str. 2-6\",\r\n        \"addressLocality\": \"Steinbach (Taunus)\",\r\n        \"addressRegion\": \"HE\",\r\n        \"postalCode\": \"61449\",\r\n        \"addressCountry\": \"DE\"\r\n        }\r\n      }\r\n    }\r\n    <\/script>\n<p style=\"font-weight: 400;\">Wir sind ein international t\u00e4tiges Unternehmen und haben uns auf die Entwicklung und Herstellung von Spektrometern und Photometern f\u00fcr die Prozessanalytik spezialisiert. Unsere Technologie tr\u00e4gt in einer Vielzahl von Branchen dazu bei, Qualit\u00e4t, Effizienz und Nachhaltigkeit in anspruchsvollen Produktionsumgebungen zu steigern. In diesem Umfeld suchen wir eine:n<\/p>\n<h1>Marketing Campaign &amp; Content Manager (B2B) (m|w|d)<\/h1>\n<p style=\"font-weight: 400;\">der\/die unsere erkl\u00e4rungsbed\u00fcrftige Technologie in klare Botschaften \u00fcbersetzt und mit zielgerichteten Kampagnen und \u00fcberzeugendem Content im Markt sichtbar macht \u2013 geeignet sowohl f\u00fcr Mid-Level-Marketer als auch f\u00fcr erfahrene Senior-Profile, die mit Ihrer Erfahrung aus relevanten Industrien einen Beitrag zur Unternehmensentwicklung leisten wollen.<\/p>\n<p>Sitz des Unternehmens ist Steinbach in unmittelbarer N\u00e4he von Frankfurt a.M.<\/p>\n<h2>Ihre Aufgaben:<\/h2>\n<ul>\n<li><strong>Kampagnen &amp; Lead-Generierung:<\/strong>\n<ul>\n<li>Planung und Umsetzung von B2B-Kampagnen f\u00fcr Integratoren, Maschinen- und Anlagenbauer sowie Anwender.<\/li>\n<li>Enge Zusammenarbeit mit unserem Vertrieb zur Generierung und Qualifizierung von Leads entlang der Customer Journey.<\/li>\n<\/ul>\n<\/li>\n<li><strong>Content &amp; Kommunikation:<\/strong>\n<ul>\n<li>Entwicklung und Umsetzung von Inhalten f\u00fcr branchen\u00fcbliche Kommunikationskan\u00e4le, inklusive Storytelling Ans\u00e4tzen.<\/li>\n<li>Suchmaschinenoptimierte Aufbereitung der Inhalte sowie Mitarbeit im t\u00e4glichen Content-Management (z.\u202fB. Pflege von Landingpages und Blogartikeln).<\/li>\n<\/ul>\n<\/li>\n<li><strong>Webinare &amp; Events:<\/strong>\n<ul>\n<li>Konzeptionierung, Organisation und Koordination von Events f\u00fcr unsere Zielgruppen in enger Zusammenarbeit mit internen Stakeholdern.<\/li>\n<li>Follow-up und \u00dcbergabe der Leads an Vertrieb inklusive einfachem Lead-Nurturing.<\/li>\n<\/ul>\n<\/li>\n<li><strong>Marketing-Optimierung &amp; Reporting:<\/strong>\n<ul>\n<li>Arbeiten mit Tools Salesforce oder Rapid-Mail, einfachen Automationen.<\/li>\n<li>Monitoring zentraler KPIs (z.\u202fB. Leads, Engagement) sowie Ableitung und Umsetzung von Optimierungsma\u00dfnahmen in Kampagnen und Content.<\/li>\n<\/ul>\n<\/li>\n<li><strong>ABM &amp; Weiterentwicklung des Marketings:<\/strong>\n<ul>\n<li>Mitarbeit an zielgruppenspezifischen Kampagnen f\u00fcr strategische Zielkunden und definierte Segmente.<\/li>\n<li>Perspektivisch \u2013 je nach Erfahrung \u2013 Aufbau und Weiterentwicklung von Account-Based-Marketing-Ans\u00e4tzen, Unterst\u00fctzung bei Wettbewerbsanalysen sowie bei der Erstellung von Vertriebsunterlagen (z.\u202fB. Battlecards, Argumentationsfolien).<\/li>\n<\/ul>\n<\/li>\n<li>Je nach Seniorit\u00e4t k\u00f6nnen Sie zus\u00e4tzliche Verantwortung f\u00fcr Themen wie Messaging-Frameworks und Positionierung \u00fcbernehmen.<\/li>\n<\/ul>\n<p>&nbsp;<\/p>\n<h2>Ihr Profil:<\/h2>\n<ul>\n<li>Mehrj\u00e4hrige Erfahrung im B2B-Marketing erkl\u00e4rungsbed\u00fcrftiger Produkte, insbesondere im Bereich der Messtechnik, Prozessanalysentechnologie oder einem vergleichbaren industriellen Umfeld sind erforderlich<\/li>\n<li>Kenntnisse in Content-Marketing, SEO, Marketing-Automation und Paid Social.<\/li>\n<li>Freude daran, sich in Themen wie ABM, Competitive-Analysen und Sales Enablement weiterzuentwickeln bzw. diese als Senior eigenst\u00e4ndig zu verantworten.<\/li>\n<li>Erfahrung mit Event-Management; Lead-Nurturing und Marketing-Automation ist ein Plus.<\/li>\n<li>Sehr gute Deutsch- und Englischkenntnisse sowie ausgepr\u00e4gtes technisches Verst\u00e4ndnis und Interesse an komplexen Technologien<\/li>\n<\/ul>\n<p>&nbsp;<\/p>\n<h2><strong>Ihr Arbeitsumfeld &amp; Ihre Entwicklungsm\u00f6glichkeiten:<\/strong><\/h2>\n<ul>\n<li>Sie arbeiten in einem kompakten Marketingteam (2 Spezialist:innen + Leitung) in engem Austausch mit unseren internationalen Tochtergesellschaften zusammen.<\/li>\n<li>Projekte bearbeiten Sie typischerweise in interdisziplin\u00e4ren Teams und \u00fcbernehmen auch gerne den Lead.<\/li>\n<li>In diesem Umfeld k\u00f6nnen Sie schrittweise mehr Verantwortung \u00fcbernehmen und Ihr Profil z.\u202fB. in Richtung Kampagnensteuerung, ABM oder strategisches B2B-Marketing weiterentwickeln.<\/li>\n<\/ul>\n<p>&nbsp;<\/p>\n<h2>Unsere Benefits:<\/h2>\n<ul>\n<li>Wir bieten Ihnen eine unbefristete Stelle mit individuellen Weiterentwicklungsm\u00f6glichkeiten, leistungsgerechter Bezahlung sowie umfangreichen Zusatzleistungen (u.\u202fa. Zuschuss zur betrieblichen Altersvorsorge, Job-Rad, Fitnesskurse, Lauftreffs, Beteiligung am Unternehmenserfolg).<\/li>\n<li>Sie arbeiten in einem modernen Geb\u00e4ude, zentral im Raum Frankfurt mit sehr guter Erreichbarkeit (S-Bahn und Bushaltestelle vor der T\u00fcr, kostenfreie Parkpl\u00e4tze, Ladeinfrastruktur f\u00fcr E-Mobilit\u00e4t).<\/li>\n<\/ul>\n<p>Wenn Sie Teil unseres Teams werden wollen, richten Sie Ihre Bewerbung an Frau Jana Ried. Auch f\u00fcr R\u00fcckfragen zum Unternehmen oder zum Aufgabenbereich steht Ihnen Frau Ried gern zur Verf\u00fcgung.<\/p>\n<p>Telefon: 06171\/9758-0, E-Mail: <a href=\"mailto:hr@tec5.com&amp;subject=Bewerbung\">hr@tec5.com<\/a>.<br \/>\n<i class=\"fa fa-file-pdf-o\"> <\/i> <a href=\"https:\/\/tec5.com\/wp-content\/uploads\/2026\/03\/Stellenausschreibung-Marketing-Campaign-Content-Manager_2026_extended_v2-1.pdf\" target=\"_blank\" rel=\"noopener\">Stellenausschreibung als PDF laden<\/a>\u00a0| <a href=\"https:\/\/tec5.com\/de\/unternehmen\/karriere\/\">Zur \u00dcbersicht Stellenangebote<\/a><\/p>\n","protected":false},"excerpt":{"rendered":"<p>Wir sind ein international t\u00e4tiges Unternehmen und haben uns auf die Entwicklung und Herstellung von Spektrometern und Photometern f\u00fcr die Prozessanalytik spezialisiert. Unsere Technologie tr\u00e4gt in einer Vielzahl von Branchen dazu bei, Qualit\u00e4t, Effizienz und Nachhaltigkeit in anspruchsvollen Produktionsumgebungen zu steigern. In diesem Umfeld suchen wir eine:n Marketing Campaign &amp; Content Manager (B2B) (m|w|d) der\/die [&hellip;]<\/p>\n","protected":false},"author":10,"featured_media":5150,"parent":740,"menu_order":2,"comment_status":"closed","ping_status":"closed","template":"","meta":{"_acf_changed":false,"footnotes":""},"tags":[],"class_list":["post-10791","page","type-page","status-publish","has-post-thumbnail","hentry"],"acf":[],"yoast_head":"<!-- This site is optimized with the Yoast SEO plugin v27.4 - https:\/\/yoast.com\/product\/yoast-seo-wordpress\/ -->\n<title>Wir suchen Sie als Marketing Campaign &amp; Content Manager (B2B) (m|w|d)<\/title>\n<meta name=\"description\" content=\"Steinbach (Ts.), Vollzeit. Schwerpunkt: Content Marketing, Kampagnen, Lead Generation und Account Based Marketing.\" \/>\n<meta name=\"robots\" content=\"index, follow, max-snippet:-1, max-image-preview:large, max-video-preview:-1\" \/>\n<link rel=\"canonical\" href=\"https:\/\/tec5.com\/de\/unternehmen\/karriere\/marketing-campaign-content-manager-b2b-mwd\/\" \/>\n<meta property=\"og:locale\" content=\"de_DE\" \/>\n<meta property=\"og:type\" content=\"article\" \/>\n<meta property=\"og:title\" content=\"Wir suchen Sie als Marketing Campaign &amp; Content Manager (B2B) (m|w|d)\" \/>\n<meta property=\"og:description\" content=\"Steinbach (Ts.), Vollzeit. Schwerpunkt: Content Marketing, Kampagnen, Lead Generation und Account Based Marketing.\" \/>\n<meta property=\"og:url\" content=\"https:\/\/tec5.com\/de\/unternehmen\/karriere\/marketing-campaign-content-manager-b2b-mwd\/\" \/>\n<meta property=\"og:site_name\" content=\"tec5\" \/>\n<meta property=\"article:modified_time\" content=\"2026-03-03T10:40:41+00:00\" \/>\n<meta property=\"og:image\" content=\"https:\/\/tec5.com\/wp-content\/uploads\/2022\/11\/Unternehmen_Header_1280x600px.jpg\" \/>\n\t<meta property=\"og:image:width\" content=\"1280\" \/>\n\t<meta property=\"og:image:height\" content=\"600\" \/>\n\t<meta property=\"og:image:type\" content=\"image\/jpeg\" \/>\n<meta name=\"twitter:card\" content=\"summary_large_image\" \/>\n<meta name=\"twitter:label1\" content=\"Gesch\u00e4tzte Lesezeit\" \/>\n\t<meta name=\"twitter:data1\" content=\"4\u00a0Minuten\" \/>\n<script type=\"application\/ld+json\" class=\"yoast-schema-graph\">{\"@context\":\"https:\\\/\\\/schema.org\",\"@graph\":[{\"@type\":\"WebPage\",\"@id\":\"https:\\\/\\\/tec5.com\\\/de\\\/unternehmen\\\/karriere\\\/marketing-campaign-content-manager-b2b-mwd\\\/\",\"url\":\"https:\\\/\\\/tec5.com\\\/de\\\/unternehmen\\\/karriere\\\/marketing-campaign-content-manager-b2b-mwd\\\/\",\"name\":\"Wir suchen Sie als Marketing Campaign & Content Manager (B2B) (m|w|d)\",\"isPartOf\":{\"@id\":\"https:\\\/\\\/tec5.com\\\/de\\\/#website\"},\"primaryImageOfPage\":{\"@id\":\"https:\\\/\\\/tec5.com\\\/de\\\/unternehmen\\\/karriere\\\/marketing-campaign-content-manager-b2b-mwd\\\/#primaryimage\"},\"image\":{\"@id\":\"https:\\\/\\\/tec5.com\\\/de\\\/unternehmen\\\/karriere\\\/marketing-campaign-content-manager-b2b-mwd\\\/#primaryimage\"},\"thumbnailUrl\":\"https:\\\/\\\/tec5.com\\\/wp-content\\\/uploads\\\/2022\\\/11\\\/Unternehmen_Header_1280x600px.jpg\",\"datePublished\":\"2026-01-12T14:01:34+00:00\",\"dateModified\":\"2026-03-03T10:40:41+00:00\",\"description\":\"Steinbach (Ts.), Vollzeit. Schwerpunkt: Content Marketing, Kampagnen, Lead Generation und Account Based Marketing.\",\"breadcrumb\":{\"@id\":\"https:\\\/\\\/tec5.com\\\/de\\\/unternehmen\\\/karriere\\\/marketing-campaign-content-manager-b2b-mwd\\\/#breadcrumb\"},\"inLanguage\":\"de\",\"potentialAction\":[{\"@type\":\"ReadAction\",\"target\":[\"https:\\\/\\\/tec5.com\\\/de\\\/unternehmen\\\/karriere\\\/marketing-campaign-content-manager-b2b-mwd\\\/\"]}]},{\"@type\":\"ImageObject\",\"inLanguage\":\"de\",\"@id\":\"https:\\\/\\\/tec5.com\\\/de\\\/unternehmen\\\/karriere\\\/marketing-campaign-content-manager-b2b-mwd\\\/#primaryimage\",\"url\":\"https:\\\/\\\/tec5.com\\\/wp-content\\\/uploads\\\/2022\\\/11\\\/Unternehmen_Header_1280x600px.jpg\",\"contentUrl\":\"https:\\\/\\\/tec5.com\\\/wp-content\\\/uploads\\\/2022\\\/11\\\/Unternehmen_Header_1280x600px.jpg\",\"width\":1280,\"height\":600,\"caption\":\"Unternehmen Aussenansicht\"},{\"@type\":\"BreadcrumbList\",\"@id\":\"https:\\\/\\\/tec5.com\\\/de\\\/unternehmen\\\/karriere\\\/marketing-campaign-content-manager-b2b-mwd\\\/#breadcrumb\",\"itemListElement\":[{\"@type\":\"ListItem\",\"position\":1,\"name\":\"Startseite\",\"item\":\"https:\\\/\\\/tec5.com\\\/de\\\/\"},{\"@type\":\"ListItem\",\"position\":2,\"name\":\"Unternehmen\",\"item\":\"https:\\\/\\\/tec5.com\\\/de\\\/unternehmen\\\/\"},{\"@type\":\"ListItem\",\"position\":3,\"name\":\"Karriere\",\"item\":\"https:\\\/\\\/tec5.com\\\/de\\\/unternehmen\\\/karriere\\\/\"},{\"@type\":\"ListItem\",\"position\":4,\"name\":\"Marketing Campaign &#038; Content Manager (B2B) (m|w|d)\"}]},{\"@type\":\"WebSite\",\"@id\":\"https:\\\/\\\/tec5.com\\\/de\\\/#website\",\"url\":\"https:\\\/\\\/tec5.com\\\/de\\\/\",\"name\":\"tec5\",\"description\":\"Process Spectroscopy\",\"publisher\":{\"@id\":\"https:\\\/\\\/tec5.com\\\/de\\\/#organization\"},\"potentialAction\":[{\"@type\":\"SearchAction\",\"target\":{\"@type\":\"EntryPoint\",\"urlTemplate\":\"https:\\\/\\\/tec5.com\\\/de\\\/?s={search_term_string}\"},\"query-input\":{\"@type\":\"PropertyValueSpecification\",\"valueRequired\":true,\"valueName\":\"search_term_string\"}}],\"inLanguage\":\"de\"},{\"@type\":\"Organization\",\"@id\":\"https:\\\/\\\/tec5.com\\\/de\\\/#organization\",\"name\":\"tec5\",\"url\":\"https:\\\/\\\/tec5.com\\\/de\\\/\",\"logo\":{\"@type\":\"ImageObject\",\"inLanguage\":\"de\",\"@id\":\"https:\\\/\\\/tec5.com\\\/de\\\/#\\\/schema\\\/logo\\\/image\\\/\",\"url\":\"https:\\\/\\\/tec5.com\\\/wp-content\\\/uploads\\\/2021\\\/01\\\/Teaser_tec5-2.png\",\"contentUrl\":\"https:\\\/\\\/tec5.com\\\/wp-content\\\/uploads\\\/2021\\\/01\\\/Teaser_tec5-2.png\",\"width\":1159,\"height\":221,\"caption\":\"tec5\"},\"image\":{\"@id\":\"https:\\\/\\\/tec5.com\\\/de\\\/#\\\/schema\\\/logo\\\/image\\\/\"},\"sameAs\":[\"https:\\\/\\\/www.linkedin.com\\\/company\\\/tec5-ag\\\/\"]}]}<\/script>\n<!-- \/ Yoast SEO plugin. -->","yoast_head_json":{"title":"Wir suchen Sie als Marketing Campaign & Content Manager (B2B) (m|w|d)","description":"Steinbach (Ts.), Vollzeit. Schwerpunkt: Content Marketing, Kampagnen, Lead Generation und Account Based Marketing.","robots":{"index":"index","follow":"follow","max-snippet":"max-snippet:-1","max-image-preview":"max-image-preview:large","max-video-preview":"max-video-preview:-1"},"canonical":"https:\/\/tec5.com\/de\/unternehmen\/karriere\/marketing-campaign-content-manager-b2b-mwd\/","og_locale":"de_DE","og_type":"article","og_title":"Wir suchen Sie als Marketing Campaign & Content Manager (B2B) (m|w|d)","og_description":"Steinbach (Ts.), Vollzeit. Schwerpunkt: Content Marketing, Kampagnen, Lead Generation und Account Based Marketing.","og_url":"https:\/\/tec5.com\/de\/unternehmen\/karriere\/marketing-campaign-content-manager-b2b-mwd\/","og_site_name":"tec5","article_modified_time":"2026-03-03T10:40:41+00:00","og_image":[{"width":1280,"height":600,"url":"https:\/\/tec5.com\/wp-content\/uploads\/2022\/11\/Unternehmen_Header_1280x600px.jpg","type":"image\/jpeg"}],"twitter_card":"summary_large_image","twitter_misc":{"Gesch\u00e4tzte Lesezeit":"4\u00a0Minuten"},"schema":{"@context":"https:\/\/schema.org","@graph":[{"@type":"WebPage","@id":"https:\/\/tec5.com\/de\/unternehmen\/karriere\/marketing-campaign-content-manager-b2b-mwd\/","url":"https:\/\/tec5.com\/de\/unternehmen\/karriere\/marketing-campaign-content-manager-b2b-mwd\/","name":"Wir suchen Sie als Marketing Campaign & Content Manager (B2B) (m|w|d)","isPartOf":{"@id":"https:\/\/tec5.com\/de\/#website"},"primaryImageOfPage":{"@id":"https:\/\/tec5.com\/de\/unternehmen\/karriere\/marketing-campaign-content-manager-b2b-mwd\/#primaryimage"},"image":{"@id":"https:\/\/tec5.com\/de\/unternehmen\/karriere\/marketing-campaign-content-manager-b2b-mwd\/#primaryimage"},"thumbnailUrl":"https:\/\/tec5.com\/wp-content\/uploads\/2022\/11\/Unternehmen_Header_1280x600px.jpg","datePublished":"2026-01-12T14:01:34+00:00","dateModified":"2026-03-03T10:40:41+00:00","description":"Steinbach (Ts.), Vollzeit. Schwerpunkt: Content Marketing, Kampagnen, Lead Generation und Account Based Marketing.","breadcrumb":{"@id":"https:\/\/tec5.com\/de\/unternehmen\/karriere\/marketing-campaign-content-manager-b2b-mwd\/#breadcrumb"},"inLanguage":"de","potentialAction":[{"@type":"ReadAction","target":["https:\/\/tec5.com\/de\/unternehmen\/karriere\/marketing-campaign-content-manager-b2b-mwd\/"]}]},{"@type":"ImageObject","inLanguage":"de","@id":"https:\/\/tec5.com\/de\/unternehmen\/karriere\/marketing-campaign-content-manager-b2b-mwd\/#primaryimage","url":"https:\/\/tec5.com\/wp-content\/uploads\/2022\/11\/Unternehmen_Header_1280x600px.jpg","contentUrl":"https:\/\/tec5.com\/wp-content\/uploads\/2022\/11\/Unternehmen_Header_1280x600px.jpg","width":1280,"height":600,"caption":"Unternehmen Aussenansicht"},{"@type":"BreadcrumbList","@id":"https:\/\/tec5.com\/de\/unternehmen\/karriere\/marketing-campaign-content-manager-b2b-mwd\/#breadcrumb","itemListElement":[{"@type":"ListItem","position":1,"name":"Startseite","item":"https:\/\/tec5.com\/de\/"},{"@type":"ListItem","position":2,"name":"Unternehmen","item":"https:\/\/tec5.com\/de\/unternehmen\/"},{"@type":"ListItem","position":3,"name":"Karriere","item":"https:\/\/tec5.com\/de\/unternehmen\/karriere\/"},{"@type":"ListItem","position":4,"name":"Marketing Campaign &#038; Content Manager (B2B) (m|w|d)"}]},{"@type":"WebSite","@id":"https:\/\/tec5.com\/de\/#website","url":"https:\/\/tec5.com\/de\/","name":"tec5","description":"Process Spectroscopy","publisher":{"@id":"https:\/\/tec5.com\/de\/#organization"},"potentialAction":[{"@type":"SearchAction","target":{"@type":"EntryPoint","urlTemplate":"https:\/\/tec5.com\/de\/?s={search_term_string}"},"query-input":{"@type":"PropertyValueSpecification","valueRequired":true,"valueName":"search_term_string"}}],"inLanguage":"de"},{"@type":"Organization","@id":"https:\/\/tec5.com\/de\/#organization","name":"tec5","url":"https:\/\/tec5.com\/de\/","logo":{"@type":"ImageObject","inLanguage":"de","@id":"https:\/\/tec5.com\/de\/#\/schema\/logo\/image\/","url":"https:\/\/tec5.com\/wp-content\/uploads\/2021\/01\/Teaser_tec5-2.png","contentUrl":"https:\/\/tec5.com\/wp-content\/uploads\/2021\/01\/Teaser_tec5-2.png","width":1159,"height":221,"caption":"tec5"},"image":{"@id":"https:\/\/tec5.com\/de\/#\/schema\/logo\/image\/"},"sameAs":["https:\/\/www.linkedin.com\/company\/tec5-ag\/"]}]}},"_links":{"self":[{"href":"https:\/\/tec5.com\/de\/wp-json\/wp\/v2\/pages\/10791","targetHints":{"allow":["GET"]}}],"collection":[{"href":"https:\/\/tec5.com\/de\/wp-json\/wp\/v2\/pages"}],"about":[{"href":"https:\/\/tec5.com\/de\/wp-json\/wp\/v2\/types\/page"}],"author":[{"embeddable":true,"href":"https:\/\/tec5.com\/de\/wp-json\/wp\/v2\/users\/10"}],"replies":[{"embeddable":true,"href":"https:\/\/tec5.com\/de\/wp-json\/wp\/v2\/comments?post=10791"}],"version-history":[{"count":6,"href":"https:\/\/tec5.com\/de\/wp-json\/wp\/v2\/pages\/10791\/revisions"}],"predecessor-version":[{"id":11209,"href":"https:\/\/tec5.com\/de\/wp-json\/wp\/v2\/pages\/10791\/revisions\/11209"}],"up":[{"embeddable":true,"href":"https:\/\/tec5.com\/de\/wp-json\/wp\/v2\/pages\/740"}],"wp:featuredmedia":[{"embeddable":true,"href":"https:\/\/tec5.com\/de\/wp-json\/wp\/v2\/media\/5150"}],"wp:attachment":[{"href":"https:\/\/tec5.com\/de\/wp-json\/wp\/v2\/media?parent=10791"}],"wp:term":[{"taxonomy":"post_tag","embeddable":true,"href":"https:\/\/tec5.com\/de\/wp-json\/wp\/v2\/tags?post=10791"}],"curies":[{"name":"wp","href":"https:\/\/api.w.org\/{rel}","templated":true}]}}