{"id":11055,"date":"2026-02-16T13:58:43","date_gmt":"2026-02-16T12:58:43","guid":{"rendered":"https:\/\/tec5.com\/?page_id=11055"},"modified":"2026-02-16T17:26:28","modified_gmt":"2026-02-16T16:26:28","slug":"tec5-webinars","status":"publish","type":"page","link":"https:\/\/tec5.com\/de\/dialog\/tec5-webinars\/","title":{"rendered":"tec5 Webinars"},"content":{"rendered":"<div class=\"su-row d-md-flex\"><div class=\"su-column su-column-size-2-3\"><div class=\"su-column-inner su-u-clearfix su-u-trim\">\n<h1 style=\"margin-top: -15px;\">Consistent Measurements. Everywhere.<\/h1>\n<p>Mit PROGAZE<sup>\u00ae<\/sup> bringen Sie Spektroskopie direkt in den industriellen Prozess \u2013 leistungsstark, flexibel und bereit f\u00fcr Ihre Anforderungen. Pr\u00e4zise <a title=\"PROGAZE STP Spektrometer-Module\" href=\"https:\/\/tec5.com\/de\/produkte\/progaze-stp\/\" target=\"_blank\" rel=\"noopener\">Spektrometer-Module<\/a>, smarte <a title=\"PROGAZE pure Spectrometer and Illuminiation Assemblies und \" href=\"https:\/\/tec5.com\/de\/produkte\/progaze-sse\/\" target=\"_blank\" rel=\"noopener\">Elektronik<\/a> oder vorkonfigurierte <a title=\"PROGAZE STP Spektrometer-Module\" href=\"https:\/\/tec5.com\/de\/produkte\/progaze-pure\/\" target=\"_blank\" rel=\"noopener\">Assemblies<\/a>: Die Plattform bietet f\u00fcr jede Integrationsebene die passende Basis \u2013 bis hin zu kompletten <a title=\"PROGAZE Spektrometersysteme\" href=\"https:\/\/tec5.com\/de\/produkte\/progaze-rack\/\" target=\"_blank\" rel=\"noopener\">Systemen<\/a>.<\/p>\n<p>In unserem <strong>Live-Webinar &#8222;<em>Consistency in PAT: Strategy, not Feature&#8220; <\/em><\/strong>erfahren Sie, wie PROGAZE Sie dabei unterst\u00fctzt, Ihre Messanforderungen in der Routine- und Prozessanalytik zuverl\u00e4ssig umzusetzen und einfach zu skalieren:<\/p>\n<ul>\n<li>Qualitative und quantitative Analysen von Feststoffen, Fl\u00fcssigkeiten, Pasten, Pulvern oder Gasen<\/li>\n<li>Manuell am Pr\u00fcfplatz sowie automatisiert an Rohren, Leitungen, Reaktoren und F\u00f6rderb\u00e4ndern<\/li>\n<li>Stabil auch unter anspruchsvollen oder regulierten Bedingungen (z. B. ATEX, GMP)<\/li>\n<\/ul>\n<h2 style=\"color: #324b96; font-size: 120%; padding-top: 25px;\">Jetzt kostenfrei anmelden<\/h2>\n\n<div class=\"wpcf7 no-js\" id=\"wpcf7-f9348-o1\" lang=\"de-DE\" dir=\"ltr\" data-wpcf7-id=\"9348\">\n<div class=\"screen-reader-response\"><p role=\"status\" aria-live=\"polite\" aria-atomic=\"true\"><\/p> <ul><\/ul><\/div>\n<form action=\"\/de\/wp-json\/wp\/v2\/pages\/11055#wpcf7-f9348-o1\" method=\"post\" class=\"wpcf7-form init\" aria-label=\"Kontaktformular\" novalidate=\"novalidate\" data-status=\"init\">\n<fieldset class=\"hidden-fields-container\"><input type=\"hidden\" name=\"_wpcf7\" value=\"9348\" \/><input type=\"hidden\" name=\"_wpcf7_version\" value=\"6.1.5\" \/><input type=\"hidden\" name=\"_wpcf7_locale\" value=\"de_DE\" \/><input type=\"hidden\" name=\"_wpcf7_unit_tag\" value=\"wpcf7-f9348-o1\" \/><input type=\"hidden\" name=\"_wpcf7_container_post\" value=\"0\" \/><input type=\"hidden\" name=\"_wpcf7_posted_data_hash\" value=\"\" \/><input type=\"hidden\" name=\"_wpcf7cf_hidden_group_fields\" value=\"[]\" \/><input type=\"hidden\" name=\"_wpcf7cf_hidden_groups\" value=\"[]\" \/><input type=\"hidden\" name=\"_wpcf7cf_visible_groups\" value=\"[]\" \/><input type=\"hidden\" name=\"_wpcf7cf_repeaters\" value=\"[]\" \/><input type=\"hidden\" name=\"_wpcf7cf_steps\" value=\"{}\" \/><input type=\"hidden\" name=\"_wpcf7cf_options\" value=\"{&quot;form_id&quot;:9348,&quot;conditions&quot;:[{&quot;then_field&quot;:&quot;group_contactdata&quot;,&quot;and_rules&quot;:[{&quot;if_field&quot;:&quot;webinar&quot;,&quot;operator&quot;:&quot;not equals&quot;,&quot;if_value&quot;:&quot;Please select*&quot;}]}],&quot;settings&quot;:{&quot;animation&quot;:&quot;yes&quot;,&quot;animation_intime&quot;:200,&quot;animation_outtime&quot;:200,&quot;conditions_ui&quot;:&quot;normal&quot;,&quot;notice_dismissed&quot;:false,&quot;notice_dismissed_update-cf7-6.1.2&quot;:true}}\" \/>\n<\/fieldset>\n<div class=\"t5-eventform\">\n<div class=\"wpcf7-response-output\" aria-hidden=\"true\"><\/div>\n<input class=\"wpcf7-form-control wpcf7-hidden\" value=\"\" type=\"hidden\" name=\"ls\" \/>\n<input class=\"wpcf7-form-control wpcf7-hidden\" value=\"\" type=\"hidden\" name=\"etcc_med\" \/>\n<input class=\"wpcf7-form-control wpcf7-hidden\" value=\"\" type=\"hidden\" name=\"etcc_par\" \/>\n<input class=\"wpcf7-form-control wpcf7-hidden\" value=\"\" type=\"hidden\" name=\"etcc_cmp\" \/>\n<input class=\"wpcf7-form-control wpcf7-hidden\" value=\"\" type=\"hidden\" name=\"etcc_bky\" \/>\n<input class=\"wpcf7-form-control wpcf7-hidden\" value=\"\" type=\"hidden\" name=\"page-url\" \/>\n\t<div class=\"row\">\n\t\t<div class=\"col-lg-12 col-sm-12\">\n\t\t\t<p><span class=\"wpcf7-form-control-wrap\" data-name=\"webinar\"><select class=\"wpcf7-form-control wpcf7-select wpcf7-validates-as-required\" aria-required=\"true\" aria-invalid=\"false\" name=\"webinar\"><option value=\"Please select*\">Please select*<\/option><option value=\"Consistency in PAT: Strategy, not Feature \u2013 \ud83d\udcc5 Wed, 15.04.2026, 10:00 UTC+1\">Consistency in PAT: Strategy, not Feature \u2013 \ud83d\udcc5 Wed, 15.04.2026, 10:00 UTC+1<\/option><option value=\"Consistency in PAT: Strategy, not Feature \u2013 \ud83d\udcc5 Tue, 21.04.2026, 14:00 UTC+1\">Consistency in PAT: Strategy, not Feature \u2013 \ud83d\udcc5 Tue, 21.04.2026, 14:00 UTC+1<\/option><\/select><\/span>\n\t\t\t<\/p>\n\t\t<\/div>\n\t<\/div>\n\t<div data-id=\"group_contactdata\" data-orig_data_id=\"group_contactdata\"  class=\"\" data-class=\"wpcf7cf_group\">\n\t\t<h3 style=\"margin-top:25px;\">Your Contact Data\n\t\t<\/h3>\n\t\t<div class=\"row\">\n\t\t\t<div class=\"col-lg-6 col-sm-12\">\n\t\t\t\t<p><span class=\"wpcf7-form-control-wrap\" data-name=\"fullname\"><input size=\"40\" maxlength=\"400\" class=\"wpcf7-form-control wpcf7-text wpcf7-validates-as-required\" aria-required=\"true\" aria-invalid=\"false\" placeholder=\"Your Name*\" value=\"\" type=\"text\" name=\"fullname\" \/><\/span>\n\t\t\t\t<\/p>\n\t\t\t<\/div>\n\t\t\t<div class=\"col-lg-6 col-sm-12\">\n\t\t\t\t<p><span class=\"wpcf7-form-control-wrap\" data-name=\"email\"><input size=\"40\" maxlength=\"400\" class=\"wpcf7-form-control wpcf7-email wpcf7-validates-as-required wpcf7-text wpcf7-validates-as-email\" aria-required=\"true\" aria-invalid=\"false\" placeholder=\"E-Mail*\" value=\"\" type=\"email\" name=\"email\" \/><\/span>\n\t\t\t\t<\/p>\n\t\t\t<\/div>\n\t\t<\/div>\n\t\t<div class=\"row\">\n\t\t\t<div class=\"col-lg-6 col-sm-12\">\n\t\t\t\t<p><span class=\"wpcf7-form-control-wrap\" data-name=\"firma\"><input size=\"40\" maxlength=\"400\" class=\"wpcf7-form-control wpcf7-text wpcf7-validates-as-required\" aria-required=\"true\" aria-invalid=\"false\" placeholder=\"Organization*\" value=\"\" type=\"text\" name=\"firma\" \/><\/span>\n\t\t\t\t<\/p>\n\t\t\t<\/div>\n\t\t\t<div class=\"col-lg-6 col-sm-12\">\n\t\t\t\t<p><span class=\"wpcf7-form-control-wrap\" data-name=\"telefon\"><input size=\"40\" maxlength=\"400\" class=\"wpcf7-form-control wpcf7-tel wpcf7-text wpcf7-validates-as-tel\" aria-invalid=\"false\" placeholder=\"Phone\" value=\"\" type=\"tel\" name=\"telefon\" \/><\/span>\n\t\t\t\t<\/p>\n\t\t\t<\/div>\n\t\t<\/div>\n\t\t<div class=\"row\">\n\t\t\t<div class=\"col-lg-12 col-sm-12\">\n\t\t\t\t<p><span class=\"wpcf7-form-control-wrap\" data-name=\"nachricht\"><textarea cols=\"50\" rows=\"2\" maxlength=\"2000\" class=\"wpcf7-form-control wpcf7-textarea\" aria-invalid=\"false\" placeholder=\"Additional Information (optional)\" name=\"nachricht\"><\/textarea><\/span>\n\t\t\t\t<\/p>\n\t\t\t<\/div>\n\t\t\t<div class=\"col-lg-12 col-sm-12 \">\n\t\t\t\t<p><span class=\"wpcf7-form-control-wrap\" data-name=\"datenschutzhinweis\"><span class=\"wpcf7-form-control wpcf7-acceptance\"><span class=\"wpcf7-list-item\"><label><input type=\"checkbox\" name=\"datenschutzhinweis\" value=\"1\" aria-invalid=\"false\" \/><span class=\"wpcf7-list-item-label\">I agree to the processing of my data in accordance with the <a href=\"https:\/\/tec5.com\/en\/dataprotection\/\" target=\"_new\">tec5 privacy policy<\/a>.<\/span><\/label><\/span><\/span><\/span><span style=\"color:grey; \">&nbsp; &nbsp; &nbsp;&nbsp;|&nbsp;*&nbsp;=&nbsp;Required fields<\/span>\n\t\t\t\t<\/p>\n\t\t\t<\/div>\n\t\t<\/div>\n\t\t<div>\n\t\t\t<p><input class=\"wpcf7-form-control wpcf7-submit has-spinner\" type=\"submit\" value=\"Send\" \/>\n\t\t\t<\/p>\n\t\t<\/div>\n\t<\/div>\n<\/div><input type='hidden' class='wpcf7-pum' value='{\"closepopup\":false,\"closedelay\":0,\"openpopup\":false,\"openpopup_id\":0}' \/>\n<\/form>\n<\/div>\n\n<span style=\"font-size: 90%;\">Hinweis: Das Webinar findet auf Englisch statt. Wenn Sie Deutsch, Franz\u00f6sisch oder eine andere Sprache bevorzugen, lassen Sie es uns bei der Anmeldung wissen. Dann machen wir es m\u00f6glich.<\/span><\/p>\n<h2 style=\"color: #324b96; font-size: 120%; padding-top: 25px;\">tec5 \u2013 Your Partner in Process Spectroscopy<\/h2>\n<p>Als f\u00fchrender Spezialist f\u00fcr Prozess-Spektroskopie in beraten wir Sie auch gerne pers\u00f6nlich zu Ihren anwendungsspezifischen Anforderungen.<\/p>\n<p><a title=\"Zum Kontaktformular\" href=\"https:\/\/tec5.com\/de\/unternehmen\/kontakt\/\" target=\"_blank\" rel=\"noopener\">Sprechen Sie uns an<\/a>. Wir freuen uns auf den Dialog mit Ihnen!<\/p>\n<p>&nbsp;<\/p>\n<\/div><\/div>\n<div class=\"su-column su-column-size-1-3\"><div class=\"su-column-inner su-u-clearfix su-u-trim\">\n<p style=\"margin-bottom: 10px; padding-top: 0px; color: #324b96;\"><strong>Fragen? Wir sind gerne f\u00fcr Sie da!<\/strong><\/p>\n<p class=\"t5-single-contact\"><img class=\"t5-contact-picture\" src=\"https:\/\/tec5.com\/wp-content\/uploads\/2026\/02\/JSK_sw_600x600.jpg\" \/>\r\n<span class=\"t5-contact-name\">J\u00f6rg Sch\u00fcck<\/span>\r\n<span class=\"t5-contact-jobtitel\">Senior Sales Manager<\/span>\r\n<span class=\"t5-contact-phone\">T: <a title=\"Click to call\" href=\"tel:+49 162 2610491\">+49 162 2610491<\/a><\/span>\r\n<span class=\"t5-contact-email\"> <a title=\"Click to send email\" href=\"mailto:j.schueck@tec5.com\"> <span class=\"t5-contact-email-display\">j.schueck@tec5.com<\/span><\/a><\/span>\r\n\n<p class=\"t5-single-contact\"><img class=\"t5-contact-picture\" src=\"https:\/\/tec5.com\/wp-content\/uploads\/2025\/09\/SSC_sw_600x600px.webp\" \/>\r\n<span class=\"t5-contact-name\">Sebastian Schuhmacher<\/span>\r\n<span class=\"t5-contact-jobtitel\">Sales Manager<\/span>\r\n<span class=\"t5-contact-phone\">T: <a title=\"Click to call\" href=\"tel:+49 6171 9758-717\">+49 6171 9758-717<\/a><\/span>\r\n<span class=\"t5-contact-email\"> <a title=\"Click to send email\" href=\"mailto:s.schuhmacher@tec5.com\"> <span class=\"t5-contact-email-display\">s.schuhmacher@tec5.com<\/span><\/a><\/span>\r\n\n<\/div><\/div>\n<\/div>\n","protected":false},"excerpt":{"rendered":"","protected":false},"author":10,"featured_media":11074,"parent":6120,"menu_order":0,"comment_status":"closed","ping_status":"closed","template":"","meta":{"_acf_changed":false,"footnotes":""},"tags":[],"class_list":["post-11055","page","type-page","status-publish","has-post-thumbnail","hentry"],"acf":[],"yoast_head":"<!-- This site is optimized with the Yoast SEO plugin v27.4 - https:\/\/yoast.com\/product\/yoast-seo-wordpress\/ -->\n<title>tec5 Webinars: Consistent Measurements. Everywhere.<\/title>\n<meta name=\"description\" content=\"Entdecken Sie Prozessspektroskopie f\u00fcr UV, VIS, NIR und Raman. Jetzt kostenfrei anmelden!\" \/>\n<meta name=\"robots\" content=\"noindex, nofollow\" \/>\n<meta property=\"og:locale\" content=\"de_DE\" \/>\n<meta property=\"og:type\" content=\"article\" \/>\n<meta property=\"og:title\" content=\"tec5 Webinars: Consistent Measurements. Everywhere.\" \/>\n<meta property=\"og:description\" content=\"Entdecken Sie Prozessspektroskopie f\u00fcr UV, VIS, NIR und Raman. Jetzt kostenfrei anmelden!\" \/>\n<meta property=\"og:url\" content=\"https:\/\/tec5.com\/de\/dialog\/tec5-webinars\/\" \/>\n<meta property=\"og:site_name\" content=\"tec5\" \/>\n<meta property=\"article:modified_time\" content=\"2026-02-16T16:26:28+00:00\" \/>\n<meta property=\"og:image\" content=\"https:\/\/tec5.com\/wp-content\/uploads\/2026\/02\/NL_analytica2026_Webinar_man-1.jpg\" \/>\n\t<meta property=\"og:image:width\" content=\"1200\" \/>\n\t<meta property=\"og:image:height\" content=\"541\" \/>\n\t<meta property=\"og:image:type\" content=\"image\/jpeg\" \/>\n<meta name=\"twitter:card\" content=\"summary_large_image\" \/>\n<meta name=\"twitter:label1\" content=\"Gesch\u00e4tzte Lesezeit\" \/>\n\t<meta name=\"twitter:data1\" content=\"2\u00a0Minuten\" \/>\n<script type=\"application\/ld+json\" class=\"yoast-schema-graph\">{\"@context\":\"https:\\\/\\\/schema.org\",\"@graph\":[{\"@type\":\"WebPage\",\"@id\":\"https:\\\/\\\/tec5.com\\\/de\\\/dialog\\\/tec5-webinars\\\/\",\"url\":\"https:\\\/\\\/tec5.com\\\/de\\\/dialog\\\/tec5-webinars\\\/\",\"name\":\"tec5 Webinars: Consistent Measurements. Everywhere.\",\"isPartOf\":{\"@id\":\"https:\\\/\\\/tec5.com\\\/de\\\/#website\"},\"primaryImageOfPage\":{\"@id\":\"https:\\\/\\\/tec5.com\\\/de\\\/dialog\\\/tec5-webinars\\\/#primaryimage\"},\"image\":{\"@id\":\"https:\\\/\\\/tec5.com\\\/de\\\/dialog\\\/tec5-webinars\\\/#primaryimage\"},\"thumbnailUrl\":\"https:\\\/\\\/tec5.com\\\/wp-content\\\/uploads\\\/2026\\\/02\\\/NL_analytica2026_Webinar_man-1.jpg\",\"datePublished\":\"2026-02-16T12:58:43+00:00\",\"dateModified\":\"2026-02-16T16:26:28+00:00\",\"description\":\"Entdecken Sie Prozessspektroskopie f\u00fcr UV, VIS, NIR und Raman. Jetzt kostenfrei anmelden!\",\"breadcrumb\":{\"@id\":\"https:\\\/\\\/tec5.com\\\/de\\\/dialog\\\/tec5-webinars\\\/#breadcrumb\"},\"inLanguage\":\"de\",\"potentialAction\":[{\"@type\":\"ReadAction\",\"target\":[\"https:\\\/\\\/tec5.com\\\/de\\\/dialog\\\/tec5-webinars\\\/\"]}]},{\"@type\":\"ImageObject\",\"inLanguage\":\"de\",\"@id\":\"https:\\\/\\\/tec5.com\\\/de\\\/dialog\\\/tec5-webinars\\\/#primaryimage\",\"url\":\"https:\\\/\\\/tec5.com\\\/wp-content\\\/uploads\\\/2026\\\/02\\\/NL_analytica2026_Webinar_man-1.jpg\",\"contentUrl\":\"https:\\\/\\\/tec5.com\\\/wp-content\\\/uploads\\\/2026\\\/02\\\/NL_analytica2026_Webinar_man-1.jpg\",\"width\":1200,\"height\":541,\"caption\":\"tec5 Webinar\"},{\"@type\":\"BreadcrumbList\",\"@id\":\"https:\\\/\\\/tec5.com\\\/de\\\/dialog\\\/tec5-webinars\\\/#breadcrumb\",\"itemListElement\":[{\"@type\":\"ListItem\",\"position\":1,\"name\":\"Startseite\",\"item\":\"https:\\\/\\\/tec5.com\\\/de\\\/\"},{\"@type\":\"ListItem\",\"position\":2,\"name\":\"Dialog\",\"item\":\"https:\\\/\\\/tec5.com\\\/de\\\/dialog\\\/\"},{\"@type\":\"ListItem\",\"position\":3,\"name\":\"tec5 Webinars\"}]},{\"@type\":\"WebSite\",\"@id\":\"https:\\\/\\\/tec5.com\\\/de\\\/#website\",\"url\":\"https:\\\/\\\/tec5.com\\\/de\\\/\",\"name\":\"tec5\",\"description\":\"Process Spectroscopy\",\"publisher\":{\"@id\":\"https:\\\/\\\/tec5.com\\\/de\\\/#organization\"},\"potentialAction\":[{\"@type\":\"SearchAction\",\"target\":{\"@type\":\"EntryPoint\",\"urlTemplate\":\"https:\\\/\\\/tec5.com\\\/de\\\/?s={search_term_string}\"},\"query-input\":{\"@type\":\"PropertyValueSpecification\",\"valueRequired\":true,\"valueName\":\"search_term_string\"}}],\"inLanguage\":\"de\"},{\"@type\":\"Organization\",\"@id\":\"https:\\\/\\\/tec5.com\\\/de\\\/#organization\",\"name\":\"tec5\",\"url\":\"https:\\\/\\\/tec5.com\\\/de\\\/\",\"logo\":{\"@type\":\"ImageObject\",\"inLanguage\":\"de\",\"@id\":\"https:\\\/\\\/tec5.com\\\/de\\\/#\\\/schema\\\/logo\\\/image\\\/\",\"url\":\"https:\\\/\\\/tec5.com\\\/wp-content\\\/uploads\\\/2021\\\/01\\\/Teaser_tec5-2.png\",\"contentUrl\":\"https:\\\/\\\/tec5.com\\\/wp-content\\\/uploads\\\/2021\\\/01\\\/Teaser_tec5-2.png\",\"width\":1159,\"height\":221,\"caption\":\"tec5\"},\"image\":{\"@id\":\"https:\\\/\\\/tec5.com\\\/de\\\/#\\\/schema\\\/logo\\\/image\\\/\"},\"sameAs\":[\"https:\\\/\\\/www.linkedin.com\\\/company\\\/tec5-ag\\\/\"]}]}<\/script>\n<!-- \/ Yoast SEO plugin. -->","yoast_head_json":{"title":"tec5 Webinars: Consistent Measurements. Everywhere.","description":"Entdecken Sie Prozessspektroskopie f\u00fcr UV, VIS, NIR und Raman. Jetzt kostenfrei anmelden!","robots":{"index":"noindex","follow":"nofollow"},"og_locale":"de_DE","og_type":"article","og_title":"tec5 Webinars: Consistent Measurements. Everywhere.","og_description":"Entdecken Sie Prozessspektroskopie f\u00fcr UV, VIS, NIR und Raman. Jetzt kostenfrei anmelden!","og_url":"https:\/\/tec5.com\/de\/dialog\/tec5-webinars\/","og_site_name":"tec5","article_modified_time":"2026-02-16T16:26:28+00:00","og_image":[{"width":1200,"height":541,"url":"https:\/\/tec5.com\/wp-content\/uploads\/2026\/02\/NL_analytica2026_Webinar_man-1.jpg","type":"image\/jpeg"}],"twitter_card":"summary_large_image","twitter_misc":{"Gesch\u00e4tzte Lesezeit":"2\u00a0Minuten"},"schema":{"@context":"https:\/\/schema.org","@graph":[{"@type":"WebPage","@id":"https:\/\/tec5.com\/de\/dialog\/tec5-webinars\/","url":"https:\/\/tec5.com\/de\/dialog\/tec5-webinars\/","name":"tec5 Webinars: Consistent Measurements. Everywhere.","isPartOf":{"@id":"https:\/\/tec5.com\/de\/#website"},"primaryImageOfPage":{"@id":"https:\/\/tec5.com\/de\/dialog\/tec5-webinars\/#primaryimage"},"image":{"@id":"https:\/\/tec5.com\/de\/dialog\/tec5-webinars\/#primaryimage"},"thumbnailUrl":"https:\/\/tec5.com\/wp-content\/uploads\/2026\/02\/NL_analytica2026_Webinar_man-1.jpg","datePublished":"2026-02-16T12:58:43+00:00","dateModified":"2026-02-16T16:26:28+00:00","description":"Entdecken Sie Prozessspektroskopie f\u00fcr UV, VIS, NIR und Raman. Jetzt kostenfrei anmelden!","breadcrumb":{"@id":"https:\/\/tec5.com\/de\/dialog\/tec5-webinars\/#breadcrumb"},"inLanguage":"de","potentialAction":[{"@type":"ReadAction","target":["https:\/\/tec5.com\/de\/dialog\/tec5-webinars\/"]}]},{"@type":"ImageObject","inLanguage":"de","@id":"https:\/\/tec5.com\/de\/dialog\/tec5-webinars\/#primaryimage","url":"https:\/\/tec5.com\/wp-content\/uploads\/2026\/02\/NL_analytica2026_Webinar_man-1.jpg","contentUrl":"https:\/\/tec5.com\/wp-content\/uploads\/2026\/02\/NL_analytica2026_Webinar_man-1.jpg","width":1200,"height":541,"caption":"tec5 Webinar"},{"@type":"BreadcrumbList","@id":"https:\/\/tec5.com\/de\/dialog\/tec5-webinars\/#breadcrumb","itemListElement":[{"@type":"ListItem","position":1,"name":"Startseite","item":"https:\/\/tec5.com\/de\/"},{"@type":"ListItem","position":2,"name":"Dialog","item":"https:\/\/tec5.com\/de\/dialog\/"},{"@type":"ListItem","position":3,"name":"tec5 Webinars"}]},{"@type":"WebSite","@id":"https:\/\/tec5.com\/de\/#website","url":"https:\/\/tec5.com\/de\/","name":"tec5","description":"Process Spectroscopy","publisher":{"@id":"https:\/\/tec5.com\/de\/#organization"},"potentialAction":[{"@type":"SearchAction","target":{"@type":"EntryPoint","urlTemplate":"https:\/\/tec5.com\/de\/?s={search_term_string}"},"query-input":{"@type":"PropertyValueSpecification","valueRequired":true,"valueName":"search_term_string"}}],"inLanguage":"de"},{"@type":"Organization","@id":"https:\/\/tec5.com\/de\/#organization","name":"tec5","url":"https:\/\/tec5.com\/de\/","logo":{"@type":"ImageObject","inLanguage":"de","@id":"https:\/\/tec5.com\/de\/#\/schema\/logo\/image\/","url":"https:\/\/tec5.com\/wp-content\/uploads\/2021\/01\/Teaser_tec5-2.png","contentUrl":"https:\/\/tec5.com\/wp-content\/uploads\/2021\/01\/Teaser_tec5-2.png","width":1159,"height":221,"caption":"tec5"},"image":{"@id":"https:\/\/tec5.com\/de\/#\/schema\/logo\/image\/"},"sameAs":["https:\/\/www.linkedin.com\/company\/tec5-ag\/"]}]}},"_links":{"self":[{"href":"https:\/\/tec5.com\/de\/wp-json\/wp\/v2\/pages\/11055","targetHints":{"allow":["GET"]}}],"collection":[{"href":"https:\/\/tec5.com\/de\/wp-json\/wp\/v2\/pages"}],"about":[{"href":"https:\/\/tec5.com\/de\/wp-json\/wp\/v2\/types\/page"}],"author":[{"embeddable":true,"href":"https:\/\/tec5.com\/de\/wp-json\/wp\/v2\/users\/10"}],"replies":[{"embeddable":true,"href":"https:\/\/tec5.com\/de\/wp-json\/wp\/v2\/comments?post=11055"}],"version-history":[{"count":32,"href":"https:\/\/tec5.com\/de\/wp-json\/wp\/v2\/pages\/11055\/revisions"}],"predecessor-version":[{"id":11069,"href":"https:\/\/tec5.com\/de\/wp-json\/wp\/v2\/pages\/11055\/revisions\/11069"}],"up":[{"embeddable":true,"href":"https:\/\/tec5.com\/de\/wp-json\/wp\/v2\/pages\/6120"}],"wp:featuredmedia":[{"embeddable":true,"href":"https:\/\/tec5.com\/de\/wp-json\/wp\/v2\/media\/11074"}],"wp:attachment":[{"href":"https:\/\/tec5.com\/de\/wp-json\/wp\/v2\/media?parent=11055"}],"wp:term":[{"taxonomy":"post_tag","embeddable":true,"href":"https:\/\/tec5.com\/de\/wp-json\/wp\/v2\/tags?post=11055"}],"curies":[{"name":"wp","href":"https:\/\/api.w.org\/{rel}","templated":true}]}}