{"id":2704,"date":"2020-08-13T12:48:29","date_gmt":"2020-08-13T10:48:29","guid":{"rendered":"https:\/\/tec5.com\/?page_id=2704"},"modified":"2024-06-24T08:39:44","modified_gmt":"2024-06-24T06:39:44","slug":"impressum","status":"publish","type":"page","link":"https:\/\/tec5.com\/de\/impressum\/","title":{"rendered":"Impressum"},"content":{"rendered":"<h1>Impressum<\/h1>\n<p>Verantwortlich f\u00fcr den Inhalt im Sinne des \u00a7 5 Digitale-Dienste-Gesetz (DDG)<\/p>\n<p><strong>tec5 AG<\/strong><br \/>\nWei\u00dfkirchener Stra\u00dfe 2-6<br \/>\n61449 Steinbach<\/p>\n<p><strong>Telefon<\/strong>\u00a0 +49 6171 9758-0<br \/>\n<strong>E-Mail\u00a0<\/strong><strong>\u00a0<\/strong>info@tec5.com<br \/>\n<strong>Web\u00a0<\/strong><strong>\u00a0<\/strong>www.tec5.com<\/p>\n<p><strong>Gesellschaftsform\u00a0<\/strong><strong>\u00a0<\/strong>Aktiengesellschaft<br \/>\n<strong>Aufsichtsratsvorsitzender\u00a0<\/strong> Maik M\u00fcller<br \/>\n<strong>Vorstand\u00a0<\/strong> Nikolaus Petzold<br \/>\n<strong>Gr\u00fcndung\u00a0<\/strong><strong>\u00a0<\/strong>1993<br \/>\n<strong>Standort\u00a0<\/strong><strong>\u00a0<\/strong>Steinbach | Deutschland<br \/>\n<strong>Handelsregister-Eintrag\u00a0<\/strong><strong>\u00a0<\/strong>Bad Homburg, HRB 6720<br \/>\n<strong>Umsatzsteuer-ID\u00a0<\/strong><strong>\u00a0<\/strong>DE156255396<\/p>\n<p><strong>Haftung<\/strong><\/p>\n<p>Durch Aufruf und Verwendung der tec5 Website erkl\u00e4ren Sie sich ausnahmslos mit allen unten angegebenen Bedingungen einverstanden.<\/p>\n<p><strong>Urheberrechte<\/strong><\/p>\n<p>Alle Rechte vorbehalten. Die Urheberrechte f\u00fcr diese Website sind mit Ausnahme der angegebenen abweichenden Rechteinhaber vollst\u00e4ndig im Besitz der tec5 AG.<\/p>\n<p><strong>Inhalt<\/strong><\/p>\n<p>Obwohl wir uns st\u00e4ndig um die Richtigkeit, Vollst\u00e4ndigkeit und Aktualit\u00e4t der Informationen bem\u00fchen und besondere Sorgfalt bei der Zusammenstellung der Inhalte unserer Website anwenden, k\u00f6nnen wir keine Garantie f\u00fcr die gegebenen Informationen \u00fcbernehmen. Trotz sorgf\u00e4ltiger Pr\u00fcfung \u00fcbernimmt die tec5 AG keine Haftung f\u00fcr die Inhalte der mit dieser Website verlinkten externen Seiten. Die Organisationen der mit der tec5 Website verlinkten Seiten tragen die alleinige Verantwortung f\u00fcr die auf Ihren Seiten gegebenen Inhalte. Die tec5 AG beh\u00e4lt sich das Recht vor, gegebene Informationen, wann immer es f\u00fcr notwendig gehalten wird, ohne weitere Inkenntnissetzung zu \u00e4ndern oder zu erneuern.<\/p>\n<h3 class=\"\">Realisierung<\/h3>\n<p>Diese Website wurden von der Agentur ffm crossmedia realisiert.<\/p>\n<p><a href=\"https:\/\/www.ffm-crossmedia.de\/\" target=\"_blank\" rel=\"noopener noreferrer\">ffm crossmedia, Internetagentur Frankfurt<\/a><\/p>\n<p>&nbsp;<\/p>\n<p>&nbsp;<\/p>\n","protected":false},"excerpt":{"rendered":"<p>Impressum Verantwortlich f\u00fcr den Inhalt im Sinne des \u00a7 5 Digitale-Dienste-Gesetz (DDG) tec5 AG Wei\u00dfkirchener Stra\u00dfe 2-6 61449 Steinbach Telefon\u00a0 +49 6171 9758-0 E-Mail\u00a0\u00a0info@tec5.com Web\u00a0\u00a0www.tec5.com Gesellschaftsform\u00a0\u00a0Aktiengesellschaft Aufsichtsratsvorsitzender\u00a0 Maik M\u00fcller Vorstand\u00a0 Nikolaus Petzold Gr\u00fcndung\u00a0\u00a01993 Standort\u00a0\u00a0Steinbach | Deutschland Handelsregister-Eintrag\u00a0\u00a0Bad Homburg, HRB 6720 Umsatzsteuer-ID\u00a0\u00a0DE156255396 Haftung Durch Aufruf und Verwendung der tec5 Website erkl\u00e4ren Sie sich ausnahmslos mit allen [&hellip;]<\/p>\n","protected":false},"author":3,"featured_media":0,"parent":0,"menu_order":20,"comment_status":"closed","ping_status":"closed","template":"","meta":{"_acf_changed":false,"footnotes":""},"tags":[],"class_list":["post-2704","page","type-page","status-publish","hentry"],"acf":[],"yoast_head":"<!-- This site is optimized with the Yoast SEO plugin v27.4 - https:\/\/yoast.com\/product\/yoast-seo-wordpress\/ -->\n<title>Impressum - tec5<\/title>\n<meta name=\"robots\" content=\"noindex, follow\" \/>\n<meta property=\"og:locale\" content=\"de_DE\" \/>\n<meta property=\"og:type\" content=\"article\" \/>\n<meta property=\"og:title\" content=\"Impressum - tec5\" \/>\n<meta property=\"og:description\" content=\"Impressum Verantwortlich f\u00fcr den Inhalt im Sinne des \u00a7 5 Digitale-Dienste-Gesetz (DDG) tec5 AG Wei\u00dfkirchener Stra\u00dfe 2-6 61449 Steinbach Telefon\u00a0 +49 6171 9758-0 E-Mail\u00a0\u00a0info@tec5.com Web\u00a0\u00a0www.tec5.com Gesellschaftsform\u00a0\u00a0Aktiengesellschaft Aufsichtsratsvorsitzender\u00a0 Maik M\u00fcller Vorstand\u00a0 Nikolaus Petzold Gr\u00fcndung\u00a0\u00a01993 Standort\u00a0\u00a0Steinbach | Deutschland Handelsregister-Eintrag\u00a0\u00a0Bad Homburg, HRB 6720 Umsatzsteuer-ID\u00a0\u00a0DE156255396 Haftung Durch Aufruf und Verwendung der tec5 Website erkl\u00e4ren Sie sich ausnahmslos mit allen [&hellip;]\" \/>\n<meta property=\"og:url\" content=\"https:\/\/tec5.com\/de\/impressum\/\" \/>\n<meta property=\"og:site_name\" content=\"tec5\" \/>\n<meta property=\"article:modified_time\" content=\"2024-06-24T06:39:44+00:00\" \/>\n<meta name=\"twitter:card\" content=\"summary_large_image\" \/>\n<meta name=\"twitter:label1\" content=\"Gesch\u00e4tzte Lesezeit\" \/>\n\t<meta name=\"twitter:data1\" content=\"2\u00a0Minuten\" \/>\n<script type=\"application\/ld+json\" class=\"yoast-schema-graph\">{\"@context\":\"https:\\\/\\\/schema.org\",\"@graph\":[{\"@type\":\"WebPage\",\"@id\":\"https:\\\/\\\/tec5.com\\\/de\\\/impressum\\\/\",\"url\":\"https:\\\/\\\/tec5.com\\\/de\\\/impressum\\\/\",\"name\":\"Impressum - tec5\",\"isPartOf\":{\"@id\":\"https:\\\/\\\/tec5.com\\\/de\\\/#website\"},\"datePublished\":\"2020-08-13T10:48:29+00:00\",\"dateModified\":\"2024-06-24T06:39:44+00:00\",\"breadcrumb\":{\"@id\":\"https:\\\/\\\/tec5.com\\\/de\\\/impressum\\\/#breadcrumb\"},\"inLanguage\":\"de\",\"potentialAction\":[{\"@type\":\"ReadAction\",\"target\":[\"https:\\\/\\\/tec5.com\\\/de\\\/impressum\\\/\"]}]},{\"@type\":\"BreadcrumbList\",\"@id\":\"https:\\\/\\\/tec5.com\\\/de\\\/impressum\\\/#breadcrumb\",\"itemListElement\":[{\"@type\":\"ListItem\",\"position\":1,\"name\":\"Startseite\",\"item\":\"https:\\\/\\\/tec5.com\\\/de\\\/\"},{\"@type\":\"ListItem\",\"position\":2,\"name\":\"Impressum\"}]},{\"@type\":\"WebSite\",\"@id\":\"https:\\\/\\\/tec5.com\\\/de\\\/#website\",\"url\":\"https:\\\/\\\/tec5.com\\\/de\\\/\",\"name\":\"tec5\",\"description\":\"Process Spectroscopy\",\"publisher\":{\"@id\":\"https:\\\/\\\/tec5.com\\\/de\\\/#organization\"},\"potentialAction\":[{\"@type\":\"SearchAction\",\"target\":{\"@type\":\"EntryPoint\",\"urlTemplate\":\"https:\\\/\\\/tec5.com\\\/de\\\/?s={search_term_string}\"},\"query-input\":{\"@type\":\"PropertyValueSpecification\",\"valueRequired\":true,\"valueName\":\"search_term_string\"}}],\"inLanguage\":\"de\"},{\"@type\":\"Organization\",\"@id\":\"https:\\\/\\\/tec5.com\\\/de\\\/#organization\",\"name\":\"tec5\",\"url\":\"https:\\\/\\\/tec5.com\\\/de\\\/\",\"logo\":{\"@type\":\"ImageObject\",\"inLanguage\":\"de\",\"@id\":\"https:\\\/\\\/tec5.com\\\/de\\\/#\\\/schema\\\/logo\\\/image\\\/\",\"url\":\"https:\\\/\\\/tec5.com\\\/wp-content\\\/uploads\\\/2021\\\/01\\\/Teaser_tec5-2.png\",\"contentUrl\":\"https:\\\/\\\/tec5.com\\\/wp-content\\\/uploads\\\/2021\\\/01\\\/Teaser_tec5-2.png\",\"width\":1159,\"height\":221,\"caption\":\"tec5\"},\"image\":{\"@id\":\"https:\\\/\\\/tec5.com\\\/de\\\/#\\\/schema\\\/logo\\\/image\\\/\"},\"sameAs\":[\"https:\\\/\\\/www.linkedin.com\\\/company\\\/tec5-ag\\\/\"]}]}<\/script>\n<!-- \/ Yoast SEO plugin. -->","yoast_head_json":{"title":"Impressum - tec5","robots":{"index":"noindex","follow":"follow"},"og_locale":"de_DE","og_type":"article","og_title":"Impressum - tec5","og_description":"Impressum Verantwortlich f\u00fcr den Inhalt im Sinne des \u00a7 5 Digitale-Dienste-Gesetz (DDG) tec5 AG Wei\u00dfkirchener Stra\u00dfe 2-6 61449 Steinbach Telefon\u00a0 +49 6171 9758-0 E-Mail\u00a0\u00a0info@tec5.com Web\u00a0\u00a0www.tec5.com Gesellschaftsform\u00a0\u00a0Aktiengesellschaft Aufsichtsratsvorsitzender\u00a0 Maik M\u00fcller Vorstand\u00a0 Nikolaus Petzold Gr\u00fcndung\u00a0\u00a01993 Standort\u00a0\u00a0Steinbach | Deutschland Handelsregister-Eintrag\u00a0\u00a0Bad Homburg, HRB 6720 Umsatzsteuer-ID\u00a0\u00a0DE156255396 Haftung Durch Aufruf und Verwendung der tec5 Website erkl\u00e4ren Sie sich ausnahmslos mit allen [&hellip;]","og_url":"https:\/\/tec5.com\/de\/impressum\/","og_site_name":"tec5","article_modified_time":"2024-06-24T06:39:44+00:00","twitter_card":"summary_large_image","twitter_misc":{"Gesch\u00e4tzte Lesezeit":"2\u00a0Minuten"},"schema":{"@context":"https:\/\/schema.org","@graph":[{"@type":"WebPage","@id":"https:\/\/tec5.com\/de\/impressum\/","url":"https:\/\/tec5.com\/de\/impressum\/","name":"Impressum - tec5","isPartOf":{"@id":"https:\/\/tec5.com\/de\/#website"},"datePublished":"2020-08-13T10:48:29+00:00","dateModified":"2024-06-24T06:39:44+00:00","breadcrumb":{"@id":"https:\/\/tec5.com\/de\/impressum\/#breadcrumb"},"inLanguage":"de","potentialAction":[{"@type":"ReadAction","target":["https:\/\/tec5.com\/de\/impressum\/"]}]},{"@type":"BreadcrumbList","@id":"https:\/\/tec5.com\/de\/impressum\/#breadcrumb","itemListElement":[{"@type":"ListItem","position":1,"name":"Startseite","item":"https:\/\/tec5.com\/de\/"},{"@type":"ListItem","position":2,"name":"Impressum"}]},{"@type":"WebSite","@id":"https:\/\/tec5.com\/de\/#website","url":"https:\/\/tec5.com\/de\/","name":"tec5","description":"Process Spectroscopy","publisher":{"@id":"https:\/\/tec5.com\/de\/#organization"},"potentialAction":[{"@type":"SearchAction","target":{"@type":"EntryPoint","urlTemplate":"https:\/\/tec5.com\/de\/?s={search_term_string}"},"query-input":{"@type":"PropertyValueSpecification","valueRequired":true,"valueName":"search_term_string"}}],"inLanguage":"de"},{"@type":"Organization","@id":"https:\/\/tec5.com\/de\/#organization","name":"tec5","url":"https:\/\/tec5.com\/de\/","logo":{"@type":"ImageObject","inLanguage":"de","@id":"https:\/\/tec5.com\/de\/#\/schema\/logo\/image\/","url":"https:\/\/tec5.com\/wp-content\/uploads\/2021\/01\/Teaser_tec5-2.png","contentUrl":"https:\/\/tec5.com\/wp-content\/uploads\/2021\/01\/Teaser_tec5-2.png","width":1159,"height":221,"caption":"tec5"},"image":{"@id":"https:\/\/tec5.com\/de\/#\/schema\/logo\/image\/"},"sameAs":["https:\/\/www.linkedin.com\/company\/tec5-ag\/"]}]}},"_links":{"self":[{"href":"https:\/\/tec5.com\/de\/wp-json\/wp\/v2\/pages\/2704","targetHints":{"allow":["GET"]}}],"collection":[{"href":"https:\/\/tec5.com\/de\/wp-json\/wp\/v2\/pages"}],"about":[{"href":"https:\/\/tec5.com\/de\/wp-json\/wp\/v2\/types\/page"}],"author":[{"embeddable":true,"href":"https:\/\/tec5.com\/de\/wp-json\/wp\/v2\/users\/3"}],"replies":[{"embeddable":true,"href":"https:\/\/tec5.com\/de\/wp-json\/wp\/v2\/comments?post=2704"}],"version-history":[{"count":11,"href":"https:\/\/tec5.com\/de\/wp-json\/wp\/v2\/pages\/2704\/revisions"}],"predecessor-version":[{"id":7374,"href":"https:\/\/tec5.com\/de\/wp-json\/wp\/v2\/pages\/2704\/revisions\/7374"}],"wp:attachment":[{"href":"https:\/\/tec5.com\/de\/wp-json\/wp\/v2\/media?parent=2704"}],"wp:term":[{"taxonomy":"post_tag","embeddable":true,"href":"https:\/\/tec5.com\/de\/wp-json\/wp\/v2\/tags?post=2704"}],"curies":[{"name":"wp","href":"https:\/\/api.w.org\/{rel}","templated":true}]}}