{"id":598,"date":"2020-03-27T09:23:18","date_gmt":"2020-03-27T08:23:18","guid":{"rendered":"http:\/\/tec5.org\/?page_id=598"},"modified":"2025-11-17T09:37:40","modified_gmt":"2025-11-17T08:37:40","slug":"nynomic-gruppe","status":"publish","type":"page","link":"https:\/\/tec5.com\/de\/unternehmen\/nynomic-gruppe\/","title":{"rendered":"Nynomic Gruppe"},"content":{"rendered":"<h1>Nynomic Gruppe<\/h1>\n<p><strong>Erschlie\u00dfung neuer M\u00e4rkte \u2013\u00a0<\/strong>Die Nynomic AG ist ein international f\u00fchrender Hersteller von Produkten zur permanenten, ber\u00fchrungslosen und zerst\u00f6rungsfreien optischen Messtechnik.<\/p>\n<p>Die Produkte und Dienstleistungen der Nynomic Gruppe basieren auf einer breiten Palette intelligenter Sensorik zur Vermessung optischer Strahlung und smarter Technologien zur Datenaufnahme, Verarbeitung und Auswertung. Sie lassen sich in verschiedene Anwendungsbereiche skalieren und stellen aufgrund der guten Adaptierbarkeit an die Prozesse beim Kunden hohe Effizienzsteigerung und hohen Kundennutzen dar. Miniaturisierung, Digitalisierung, Automatisierung \u2013 Nynomic nutzt konsequent den stetigen Technologiewandel als Grundlage f\u00fcr das im Marktvergleich mittelfristig \u00fcberdurchschnittliche Wachstum.<\/p>\n<p>Die Nynomic Gruppe hat ein klares Vermarktungskonzept als Komplettanbieter von der Komponente bis zur L\u00f6sung. Sie ist mit eigenst\u00e4ndigen Marken und Tochtergesellschaften global aufgestellt.<\/p>\n<p>Zur Nynomic AG geh\u00f6ren die 10 Unternehmen art photonics, Avantes, Image Engineering, LayTec, LemnaTec, MGG, NLIR, Sensortherm, tec5 und m-u-t mit ihren jeweiligen Tochterunternehmen.<\/p>\n","protected":false},"excerpt":{"rendered":"<p>Nynomic Gruppe Erschlie\u00dfung neuer M\u00e4rkte \u2013\u00a0Die Nynomic AG ist ein international f\u00fchrender Hersteller von Produkten zur permanenten, ber\u00fchrungslosen und zerst\u00f6rungsfreien optischen Messtechnik. Die Produkte und Dienstleistungen der Nynomic Gruppe basieren auf einer breiten Palette intelligenter Sensorik zur Vermessung optischer Strahlung und smarter Technologien zur Datenaufnahme, Verarbeitung und Auswertung. Sie lassen sich in verschiedene Anwendungsbereiche skalieren [&hellip;]<\/p>\n","protected":false},"author":4,"featured_media":580,"parent":27,"menu_order":5,"comment_status":"closed","ping_status":"closed","template":"page-nynomicgruppe.php","meta":{"_acf_changed":false,"footnotes":""},"tags":[],"class_list":["post-598","page","type-page","status-publish","has-post-thumbnail","hentry"],"acf":[],"yoast_head":"<!-- This site is optimized with the Yoast SEO plugin v27.4 - https:\/\/yoast.com\/product\/yoast-seo-wordpress\/ -->\n<title>Nynomic AG<\/title>\n<meta name=\"description\" content=\"Die Unternehmen der Nynomicgruppe sind auf ihren Gebieten f\u00fchrende Entwickler und Hersteller hochwertiger Produkte optischer Messtechnik f\u00fcr die Prozessanalytik\" \/>\n<meta name=\"robots\" content=\"index, follow, max-snippet:-1, max-image-preview:large, max-video-preview:-1\" \/>\n<link rel=\"canonical\" href=\"https:\/\/tec5.com\/de\/unternehmen\/nynomic-gruppe\/\" \/>\n<meta property=\"og:locale\" content=\"de_DE\" \/>\n<meta property=\"og:type\" content=\"article\" \/>\n<meta property=\"og:title\" content=\"Nynomic AG\" \/>\n<meta property=\"og:description\" content=\"Die Unternehmen der Nynomicgruppe sind auf ihren Gebieten f\u00fchrende Entwickler und Hersteller hochwertiger Produkte optischer Messtechnik f\u00fcr die Prozessanalytik\" \/>\n<meta property=\"og:url\" content=\"https:\/\/tec5.com\/de\/unternehmen\/nynomic-gruppe\/\" \/>\n<meta property=\"og:site_name\" content=\"tec5\" \/>\n<meta property=\"article:modified_time\" content=\"2025-11-17T08:37:40+00:00\" \/>\n<meta property=\"og:image\" content=\"https:\/\/tec5.com\/wp-content\/uploads\/2020\/03\/25_company_Header-1.png\" \/>\n\t<meta property=\"og:image:width\" content=\"1280\" \/>\n\t<meta property=\"og:image:height\" content=\"600\" \/>\n\t<meta property=\"og:image:type\" content=\"image\/png\" \/>\n<meta name=\"twitter:card\" content=\"summary_large_image\" \/>\n<meta name=\"twitter:label1\" content=\"Gesch\u00e4tzte Lesezeit\" \/>\n\t<meta name=\"twitter:data1\" content=\"1\u00a0Minute\" \/>\n<script type=\"application\/ld+json\" class=\"yoast-schema-graph\">{\"@context\":\"https:\\\/\\\/schema.org\",\"@graph\":[{\"@type\":\"WebPage\",\"@id\":\"https:\\\/\\\/tec5.com\\\/de\\\/unternehmen\\\/nynomic-gruppe\\\/\",\"url\":\"https:\\\/\\\/tec5.com\\\/de\\\/unternehmen\\\/nynomic-gruppe\\\/\",\"name\":\"Nynomic AG\",\"isPartOf\":{\"@id\":\"https:\\\/\\\/tec5.com\\\/de\\\/#website\"},\"primaryImageOfPage\":{\"@id\":\"https:\\\/\\\/tec5.com\\\/de\\\/unternehmen\\\/nynomic-gruppe\\\/#primaryimage\"},\"image\":{\"@id\":\"https:\\\/\\\/tec5.com\\\/de\\\/unternehmen\\\/nynomic-gruppe\\\/#primaryimage\"},\"thumbnailUrl\":\"https:\\\/\\\/tec5.com\\\/wp-content\\\/uploads\\\/2020\\\/03\\\/25_company_Header-1.png\",\"datePublished\":\"2020-03-27T08:23:18+00:00\",\"dateModified\":\"2025-11-17T08:37:40+00:00\",\"description\":\"Die Unternehmen der Nynomicgruppe sind auf ihren Gebieten f\u00fchrende Entwickler und Hersteller hochwertiger Produkte optischer Messtechnik f\u00fcr die Prozessanalytik\",\"breadcrumb\":{\"@id\":\"https:\\\/\\\/tec5.com\\\/de\\\/unternehmen\\\/nynomic-gruppe\\\/#breadcrumb\"},\"inLanguage\":\"de\",\"potentialAction\":[{\"@type\":\"ReadAction\",\"target\":[\"https:\\\/\\\/tec5.com\\\/de\\\/unternehmen\\\/nynomic-gruppe\\\/\"]}]},{\"@type\":\"ImageObject\",\"inLanguage\":\"de\",\"@id\":\"https:\\\/\\\/tec5.com\\\/de\\\/unternehmen\\\/nynomic-gruppe\\\/#primaryimage\",\"url\":\"https:\\\/\\\/tec5.com\\\/wp-content\\\/uploads\\\/2020\\\/03\\\/25_company_Header-1.png\",\"contentUrl\":\"https:\\\/\\\/tec5.com\\\/wp-content\\\/uploads\\\/2020\\\/03\\\/25_company_Header-1.png\",\"width\":1280,\"height\":600},{\"@type\":\"BreadcrumbList\",\"@id\":\"https:\\\/\\\/tec5.com\\\/de\\\/unternehmen\\\/nynomic-gruppe\\\/#breadcrumb\",\"itemListElement\":[{\"@type\":\"ListItem\",\"position\":1,\"name\":\"Startseite\",\"item\":\"https:\\\/\\\/tec5.com\\\/de\\\/\"},{\"@type\":\"ListItem\",\"position\":2,\"name\":\"Unternehmen\",\"item\":\"https:\\\/\\\/tec5.com\\\/de\\\/unternehmen\\\/\"},{\"@type\":\"ListItem\",\"position\":3,\"name\":\"Nynomic Gruppe\"}]},{\"@type\":\"WebSite\",\"@id\":\"https:\\\/\\\/tec5.com\\\/de\\\/#website\",\"url\":\"https:\\\/\\\/tec5.com\\\/de\\\/\",\"name\":\"tec5\",\"description\":\"Process Spectroscopy\",\"publisher\":{\"@id\":\"https:\\\/\\\/tec5.com\\\/de\\\/#organization\"},\"potentialAction\":[{\"@type\":\"SearchAction\",\"target\":{\"@type\":\"EntryPoint\",\"urlTemplate\":\"https:\\\/\\\/tec5.com\\\/de\\\/?s={search_term_string}\"},\"query-input\":{\"@type\":\"PropertyValueSpecification\",\"valueRequired\":true,\"valueName\":\"search_term_string\"}}],\"inLanguage\":\"de\"},{\"@type\":\"Organization\",\"@id\":\"https:\\\/\\\/tec5.com\\\/de\\\/#organization\",\"name\":\"tec5\",\"url\":\"https:\\\/\\\/tec5.com\\\/de\\\/\",\"logo\":{\"@type\":\"ImageObject\",\"inLanguage\":\"de\",\"@id\":\"https:\\\/\\\/tec5.com\\\/de\\\/#\\\/schema\\\/logo\\\/image\\\/\",\"url\":\"https:\\\/\\\/tec5.com\\\/wp-content\\\/uploads\\\/2021\\\/01\\\/Teaser_tec5-2.png\",\"contentUrl\":\"https:\\\/\\\/tec5.com\\\/wp-content\\\/uploads\\\/2021\\\/01\\\/Teaser_tec5-2.png\",\"width\":1159,\"height\":221,\"caption\":\"tec5\"},\"image\":{\"@id\":\"https:\\\/\\\/tec5.com\\\/de\\\/#\\\/schema\\\/logo\\\/image\\\/\"},\"sameAs\":[\"https:\\\/\\\/www.linkedin.com\\\/company\\\/tec5-ag\\\/\"]}]}<\/script>\n<!-- \/ Yoast SEO plugin. -->","yoast_head_json":{"title":"Nynomic AG","description":"Die Unternehmen der Nynomicgruppe sind auf ihren Gebieten f\u00fchrende Entwickler und Hersteller hochwertiger Produkte optischer Messtechnik f\u00fcr die Prozessanalytik","robots":{"index":"index","follow":"follow","max-snippet":"max-snippet:-1","max-image-preview":"max-image-preview:large","max-video-preview":"max-video-preview:-1"},"canonical":"https:\/\/tec5.com\/de\/unternehmen\/nynomic-gruppe\/","og_locale":"de_DE","og_type":"article","og_title":"Nynomic AG","og_description":"Die Unternehmen der Nynomicgruppe sind auf ihren Gebieten f\u00fchrende Entwickler und Hersteller hochwertiger Produkte optischer Messtechnik f\u00fcr die Prozessanalytik","og_url":"https:\/\/tec5.com\/de\/unternehmen\/nynomic-gruppe\/","og_site_name":"tec5","article_modified_time":"2025-11-17T08:37:40+00:00","og_image":[{"width":1280,"height":600,"url":"https:\/\/tec5.com\/wp-content\/uploads\/2020\/03\/25_company_Header-1.png","type":"image\/png"}],"twitter_card":"summary_large_image","twitter_misc":{"Gesch\u00e4tzte Lesezeit":"1\u00a0Minute"},"schema":{"@context":"https:\/\/schema.org","@graph":[{"@type":"WebPage","@id":"https:\/\/tec5.com\/de\/unternehmen\/nynomic-gruppe\/","url":"https:\/\/tec5.com\/de\/unternehmen\/nynomic-gruppe\/","name":"Nynomic AG","isPartOf":{"@id":"https:\/\/tec5.com\/de\/#website"},"primaryImageOfPage":{"@id":"https:\/\/tec5.com\/de\/unternehmen\/nynomic-gruppe\/#primaryimage"},"image":{"@id":"https:\/\/tec5.com\/de\/unternehmen\/nynomic-gruppe\/#primaryimage"},"thumbnailUrl":"https:\/\/tec5.com\/wp-content\/uploads\/2020\/03\/25_company_Header-1.png","datePublished":"2020-03-27T08:23:18+00:00","dateModified":"2025-11-17T08:37:40+00:00","description":"Die Unternehmen der Nynomicgruppe sind auf ihren Gebieten f\u00fchrende Entwickler und Hersteller hochwertiger Produkte optischer Messtechnik f\u00fcr die Prozessanalytik","breadcrumb":{"@id":"https:\/\/tec5.com\/de\/unternehmen\/nynomic-gruppe\/#breadcrumb"},"inLanguage":"de","potentialAction":[{"@type":"ReadAction","target":["https:\/\/tec5.com\/de\/unternehmen\/nynomic-gruppe\/"]}]},{"@type":"ImageObject","inLanguage":"de","@id":"https:\/\/tec5.com\/de\/unternehmen\/nynomic-gruppe\/#primaryimage","url":"https:\/\/tec5.com\/wp-content\/uploads\/2020\/03\/25_company_Header-1.png","contentUrl":"https:\/\/tec5.com\/wp-content\/uploads\/2020\/03\/25_company_Header-1.png","width":1280,"height":600},{"@type":"BreadcrumbList","@id":"https:\/\/tec5.com\/de\/unternehmen\/nynomic-gruppe\/#breadcrumb","itemListElement":[{"@type":"ListItem","position":1,"name":"Startseite","item":"https:\/\/tec5.com\/de\/"},{"@type":"ListItem","position":2,"name":"Unternehmen","item":"https:\/\/tec5.com\/de\/unternehmen\/"},{"@type":"ListItem","position":3,"name":"Nynomic Gruppe"}]},{"@type":"WebSite","@id":"https:\/\/tec5.com\/de\/#website","url":"https:\/\/tec5.com\/de\/","name":"tec5","description":"Process Spectroscopy","publisher":{"@id":"https:\/\/tec5.com\/de\/#organization"},"potentialAction":[{"@type":"SearchAction","target":{"@type":"EntryPoint","urlTemplate":"https:\/\/tec5.com\/de\/?s={search_term_string}"},"query-input":{"@type":"PropertyValueSpecification","valueRequired":true,"valueName":"search_term_string"}}],"inLanguage":"de"},{"@type":"Organization","@id":"https:\/\/tec5.com\/de\/#organization","name":"tec5","url":"https:\/\/tec5.com\/de\/","logo":{"@type":"ImageObject","inLanguage":"de","@id":"https:\/\/tec5.com\/de\/#\/schema\/logo\/image\/","url":"https:\/\/tec5.com\/wp-content\/uploads\/2021\/01\/Teaser_tec5-2.png","contentUrl":"https:\/\/tec5.com\/wp-content\/uploads\/2021\/01\/Teaser_tec5-2.png","width":1159,"height":221,"caption":"tec5"},"image":{"@id":"https:\/\/tec5.com\/de\/#\/schema\/logo\/image\/"},"sameAs":["https:\/\/www.linkedin.com\/company\/tec5-ag\/"]}]}},"_links":{"self":[{"href":"https:\/\/tec5.com\/de\/wp-json\/wp\/v2\/pages\/598","targetHints":{"allow":["GET"]}}],"collection":[{"href":"https:\/\/tec5.com\/de\/wp-json\/wp\/v2\/pages"}],"about":[{"href":"https:\/\/tec5.com\/de\/wp-json\/wp\/v2\/types\/page"}],"author":[{"embeddable":true,"href":"https:\/\/tec5.com\/de\/wp-json\/wp\/v2\/users\/4"}],"replies":[{"embeddable":true,"href":"https:\/\/tec5.com\/de\/wp-json\/wp\/v2\/comments?post=598"}],"version-history":[{"count":18,"href":"https:\/\/tec5.com\/de\/wp-json\/wp\/v2\/pages\/598\/revisions"}],"predecessor-version":[{"id":10563,"href":"https:\/\/tec5.com\/de\/wp-json\/wp\/v2\/pages\/598\/revisions\/10563"}],"up":[{"embeddable":true,"href":"https:\/\/tec5.com\/de\/wp-json\/wp\/v2\/pages\/27"}],"wp:featuredmedia":[{"embeddable":true,"href":"https:\/\/tec5.com\/de\/wp-json\/wp\/v2\/media\/580"}],"wp:attachment":[{"href":"https:\/\/tec5.com\/de\/wp-json\/wp\/v2\/media?parent=598"}],"wp:term":[{"taxonomy":"post_tag","embeddable":true,"href":"https:\/\/tec5.com\/de\/wp-json\/wp\/v2\/tags?post=598"}],"curies":[{"name":"wp","href":"https:\/\/api.w.org\/{rel}","templated":true}]}}