{"id":6113,"date":"2024-05-14T09:53:24","date_gmt":"2024-05-14T07:53:24","guid":{"rendered":"https:\/\/tec5.com\/?page_id=6113"},"modified":"2025-11-03T13:51:02","modified_gmt":"2025-11-03T12:51:02","slug":"progaze-webinar","status":"publish","type":"page","link":"https:\/\/tec5.com\/de\/dialog\/progaze-webinar\/","title":{"rendered":"PROGAZE &#8211; Webinar"},"content":{"rendered":"<h1>Entdecken Sie PROGAZE<sup><small>\u00ae<\/small><\/sup>\u00a0\u2013 Die Spektroskopie-Plattform f\u00fcr UV, VIS, NIR and Raman<\/h1>\n<div class=\"su-row d-md-flex\">\n<div class=\"su-column su-column-size-2-3\"><div class=\"su-column-inner su-u-clearfix su-u-trim\">\n<p>Mit PROGAZE<sup>\u00ae<\/sup> bringen Sie Spektroskopie direkt in den industriellen Prozess \u2013 leistungsstark, flexibel und bereit f\u00fcr Ihre Anforderungen. Pr\u00e4zise Spektrometer-Module, smarte Elektronik oder montagefertige Assemblies: Die Plattform bietet f\u00fcr jede Integrationsebene die passende Basis \u2013 bis hin zum kompletten System.<\/p>\n<p>Ob eigene Messger\u00e4te oder Inline-Analytik in Maschinen und Anlagen \u2013 mit PROGAZE kommen Sie schnell und sicher an Ihr Ziel.<br \/>\n<\/div><\/div>\n<div class=\"su-column su-column-size-1-3\"><div class=\"su-column-inner su-u-clearfix su-u-trim\">\n<\/div><\/div>\n<\/div>\n<div class=\"su-row d-md-flex\">\n<div class=\"su-column su-column-size-2-3\"><div class=\"su-column-inner su-u-clearfix su-u-trim\">\n<h2 style=\"color: #324b96; font-size: 130%; padding-top: 25px;\">W\u00e4hlen Sie Ihr Webinar \u2013 abgestimmt auf Ihre Anforderungen<\/h2>\n<ul>\n<li><strong>PROGAZE f\u00fcr Messger\u00e4tehersteller: <\/strong>Erfahren Sie, wie unsere pr\u00e4zisen Spektrometer-Module und smarte Elektroniken Ihre Entwicklung beschleunigen \u2013 ideal f\u00fcr Hersteller von Mess- und Analysesystemen.<\/li>\n<li><strong>Inline-Analytik f\u00fcr Maschinen- und Anlagenbauer: <\/strong>Sehen Sie, wie sich PROGAZE Assemblies und Sonden einfach integrieren und anwendungsspezifisch konfigurieren lassen \u2013 f\u00fcr smarte Inline-Analytik und zuverl\u00e4ssige Prozesskontrolle.<\/li>\n<\/ul>\n<h2 style=\"color: #324b96; font-size: 130%; padding-top: 25px;\">Jetzt kostenlos anmelden<\/h2>\n<p>W\u00e4hlen Sie das Webinar, das zu Ihrem Fokus passt, und entdecken Sie das Potenzial robuster, leicht integrierbarer Prozess-Spektroskopie:<\/p>\n<p><strong>+++ Aktuell bereiten wir neue Themen und Termine f\u00fcr Sie vor. +++<\/strong><br \/>\nGerne informieren wir Sie aktiv \u00fcber unseren <a href=\"https:\/\/tec5.com\/de\/newsletter\/\">Newsletter<\/a>, sobald diese feststehen.<br \/>\n<!-- &#091;contact-form-7 id=\"4449221\" title=\"WEBINAR PROGAZE_New (EN)\"&#093; --><br \/>\n<span style=\"font-size: 90%;\">Hinweis: Die Webinare finden auf Englisch statt. Wenn Sie Deutsch, Franz\u00f6sisch oder eine andere Sprache bevorzugen, lassen Sie es uns bei der Anmeldung wissen. Dann machen wir es m\u00f6glich.<\/span><\/p>\n<p>Wir freuen uns, wenn Sie dabei sind!<br \/>\n<\/div><\/div>\n<div class=\"su-column su-column-size-1-3\"><div class=\"su-column-inner su-u-clearfix su-u-trim\">\n<p style=\"margin-bottom: 10px; padding-top: 30px; color: #324b96;\"><strong>Fragen? Gerne!<\/strong><\/p>\n<p class=\"t5-single-contact\"><img class=\"t5-contact-picture\" src=\"https:\/\/tec5.com\/wp-content\/uploads\/2025\/03\/MHO_sw_600x600px.jpg\" \/>\r\n<span class=\"t5-contact-name\">Mathias Holzapfel<\/span>\r\n<span class=\"t5-contact-jobtitel\">Head of Sales<\/span>\r\n<span class=\"t5-contact-phone\">T: <a title=\"Click to call\" href=\"tel:+49 172 6989577\">+49 172 6989577<\/a><\/span>\r\n<span class=\"t5-contact-email\"> <a title=\"Click to send email\" href=\"mailto:m.holzapfel@tec5.com\"> <span class=\"t5-contact-email-display\">m.holzapfel@tec5.com<\/span><\/a><\/span>\r\n\n<\/div><\/div>\n<\/div>\n","protected":false},"excerpt":{"rendered":"<p>Entdecken Sie PROGAZE\u00ae\u00a0\u2013 Die Spektroskopie-Plattform f\u00fcr UV, VIS, NIR and Raman<\/p>\n","protected":false},"author":10,"featured_media":6185,"parent":6120,"menu_order":0,"comment_status":"closed","ping_status":"closed","template":"","meta":{"_acf_changed":false,"footnotes":""},"tags":[],"class_list":["post-6113","page","type-page","status-publish","has-post-thumbnail","hentry"],"acf":[],"yoast_head":"<!-- This site is optimized with the Yoast SEO plugin v27.6 - https:\/\/yoast.com\/product\/yoast-seo-wordpress\/ -->\n<title>tec5 Webinar: PROGAZE<\/title>\n<meta name=\"description\" content=\"Registrieren Sie sich jetzt f\u00fcr unser kostenfreies Webinar und erfahren Sie, wie Sie von den M\u00f6glichkeiten unserer Progaze-Plattform profitieren.\" \/>\n<meta name=\"robots\" content=\"noindex, nofollow\" \/>\n<meta property=\"og:locale\" content=\"de_DE\" \/>\n<meta property=\"og:type\" content=\"article\" \/>\n<meta property=\"og:title\" content=\"tec5 Webinar: PROGAZE\" \/>\n<meta property=\"og:description\" content=\"Registrieren Sie sich jetzt f\u00fcr unser kostenfreies Webinar und erfahren Sie, wie Sie von den M\u00f6glichkeiten unserer Progaze-Plattform profitieren.\" \/>\n<meta property=\"og:url\" content=\"https:\/\/tec5.com\/de\/dialog\/progaze-webinar\/\" \/>\n<meta property=\"og:site_name\" content=\"tec5\" \/>\n<meta property=\"article:modified_time\" content=\"2025-11-03T12:51:02+00:00\" \/>\n<meta property=\"og:image\" content=\"https:\/\/tec5.com\/wp-content\/uploads\/2024\/05\/Header_Termine_Frau_1200x541px.png?_t=1762174262\" \/>\n\t<meta property=\"og:image:width\" content=\"1200\" \/>\n\t<meta property=\"og:image:height\" content=\"541\" \/>\n\t<meta property=\"og:image:type\" content=\"image\/png\" \/>\n<meta name=\"twitter:card\" content=\"summary_large_image\" \/>\n<meta name=\"twitter:label1\" content=\"Gesch\u00e4tzte Lesezeit\" \/>\n\t<meta name=\"twitter:data1\" content=\"2\u00a0Minuten\" \/>\n<script type=\"application\/ld+json\" class=\"yoast-schema-graph\">{\"@context\":\"https:\\\/\\\/schema.org\",\"@graph\":[{\"@type\":\"WebPage\",\"@id\":\"https:\\\/\\\/tec5.com\\\/de\\\/dialog\\\/progaze-webinar\\\/\",\"url\":\"https:\\\/\\\/tec5.com\\\/de\\\/dialog\\\/progaze-webinar\\\/\",\"name\":\"tec5 Webinar: PROGAZE\",\"isPartOf\":{\"@id\":\"https:\\\/\\\/tec5.com\\\/de\\\/#website\"},\"primaryImageOfPage\":{\"@id\":\"https:\\\/\\\/tec5.com\\\/de\\\/dialog\\\/progaze-webinar\\\/#primaryimage\"},\"image\":{\"@id\":\"https:\\\/\\\/tec5.com\\\/de\\\/dialog\\\/progaze-webinar\\\/#primaryimage\"},\"thumbnailUrl\":\"https:\\\/\\\/tec5.com\\\/wp-content\\\/uploads\\\/2024\\\/05\\\/Header_Termine_Frau_1200x541px.png\",\"datePublished\":\"2024-05-14T07:53:24+00:00\",\"dateModified\":\"2025-11-03T12:51:02+00:00\",\"description\":\"Registrieren Sie sich jetzt f\u00fcr unser kostenfreies Webinar und erfahren Sie, wie Sie von den M\u00f6glichkeiten unserer Progaze-Plattform profitieren.\",\"breadcrumb\":{\"@id\":\"https:\\\/\\\/tec5.com\\\/de\\\/dialog\\\/progaze-webinar\\\/#breadcrumb\"},\"inLanguage\":\"de\",\"potentialAction\":[{\"@type\":\"ReadAction\",\"target\":[\"https:\\\/\\\/tec5.com\\\/de\\\/dialog\\\/progaze-webinar\\\/\"]}]},{\"@type\":\"ImageObject\",\"inLanguage\":\"de\",\"@id\":\"https:\\\/\\\/tec5.com\\\/de\\\/dialog\\\/progaze-webinar\\\/#primaryimage\",\"url\":\"https:\\\/\\\/tec5.com\\\/wp-content\\\/uploads\\\/2024\\\/05\\\/Header_Termine_Frau_1200x541px.png\",\"contentUrl\":\"https:\\\/\\\/tec5.com\\\/wp-content\\\/uploads\\\/2024\\\/05\\\/Header_Termine_Frau_1200x541px.png\",\"width\":1200,\"height\":541},{\"@type\":\"BreadcrumbList\",\"@id\":\"https:\\\/\\\/tec5.com\\\/de\\\/dialog\\\/progaze-webinar\\\/#breadcrumb\",\"itemListElement\":[{\"@type\":\"ListItem\",\"position\":1,\"name\":\"Startseite\",\"item\":\"https:\\\/\\\/tec5.com\\\/de\\\/\"},{\"@type\":\"ListItem\",\"position\":2,\"name\":\"Dialog\",\"item\":\"https:\\\/\\\/tec5.com\\\/de\\\/dialog\\\/\"},{\"@type\":\"ListItem\",\"position\":3,\"name\":\"PROGAZE &#8211; Webinar\"}]},{\"@type\":\"WebSite\",\"@id\":\"https:\\\/\\\/tec5.com\\\/de\\\/#website\",\"url\":\"https:\\\/\\\/tec5.com\\\/de\\\/\",\"name\":\"tec5\",\"description\":\"Process Spectroscopy\",\"publisher\":{\"@id\":\"https:\\\/\\\/tec5.com\\\/de\\\/#organization\"},\"potentialAction\":[{\"@type\":\"SearchAction\",\"target\":{\"@type\":\"EntryPoint\",\"urlTemplate\":\"https:\\\/\\\/tec5.com\\\/de\\\/?s={search_term_string}\"},\"query-input\":{\"@type\":\"PropertyValueSpecification\",\"valueRequired\":true,\"valueName\":\"search_term_string\"}}],\"inLanguage\":\"de\"},{\"@type\":\"Organization\",\"@id\":\"https:\\\/\\\/tec5.com\\\/de\\\/#organization\",\"name\":\"tec5\",\"url\":\"https:\\\/\\\/tec5.com\\\/de\\\/\",\"logo\":{\"@type\":\"ImageObject\",\"inLanguage\":\"de\",\"@id\":\"https:\\\/\\\/tec5.com\\\/de\\\/#\\\/schema\\\/logo\\\/image\\\/\",\"url\":\"https:\\\/\\\/tec5.com\\\/wp-content\\\/uploads\\\/2021\\\/01\\\/Teaser_tec5-2.png\",\"contentUrl\":\"https:\\\/\\\/tec5.com\\\/wp-content\\\/uploads\\\/2021\\\/01\\\/Teaser_tec5-2.png\",\"width\":1159,\"height\":221,\"caption\":\"tec5\"},\"image\":{\"@id\":\"https:\\\/\\\/tec5.com\\\/de\\\/#\\\/schema\\\/logo\\\/image\\\/\"},\"sameAs\":[\"https:\\\/\\\/www.linkedin.com\\\/company\\\/tec5-ag\\\/\"]}]}<\/script>\n<!-- \/ Yoast SEO plugin. -->","yoast_head_json":{"title":"tec5 Webinar: PROGAZE","description":"Registrieren Sie sich jetzt f\u00fcr unser kostenfreies Webinar und erfahren Sie, wie Sie von den M\u00f6glichkeiten unserer Progaze-Plattform profitieren.","robots":{"index":"noindex","follow":"nofollow"},"og_locale":"de_DE","og_type":"article","og_title":"tec5 Webinar: PROGAZE","og_description":"Registrieren Sie sich jetzt f\u00fcr unser kostenfreies Webinar und erfahren Sie, wie Sie von den M\u00f6glichkeiten unserer Progaze-Plattform profitieren.","og_url":"https:\/\/tec5.com\/de\/dialog\/progaze-webinar\/","og_site_name":"tec5","article_modified_time":"2025-11-03T12:51:02+00:00","og_image":[{"width":1200,"height":541,"url":"https:\/\/tec5.com\/wp-content\/uploads\/2024\/05\/Header_Termine_Frau_1200x541px.png?_t=1762174262","type":"image\/png"}],"twitter_card":"summary_large_image","twitter_misc":{"Gesch\u00e4tzte Lesezeit":"2\u00a0Minuten"},"schema":{"@context":"https:\/\/schema.org","@graph":[{"@type":"WebPage","@id":"https:\/\/tec5.com\/de\/dialog\/progaze-webinar\/","url":"https:\/\/tec5.com\/de\/dialog\/progaze-webinar\/","name":"tec5 Webinar: PROGAZE","isPartOf":{"@id":"https:\/\/tec5.com\/de\/#website"},"primaryImageOfPage":{"@id":"https:\/\/tec5.com\/de\/dialog\/progaze-webinar\/#primaryimage"},"image":{"@id":"https:\/\/tec5.com\/de\/dialog\/progaze-webinar\/#primaryimage"},"thumbnailUrl":"https:\/\/tec5.com\/wp-content\/uploads\/2024\/05\/Header_Termine_Frau_1200x541px.png","datePublished":"2024-05-14T07:53:24+00:00","dateModified":"2025-11-03T12:51:02+00:00","description":"Registrieren Sie sich jetzt f\u00fcr unser kostenfreies Webinar und erfahren Sie, wie Sie von den M\u00f6glichkeiten unserer Progaze-Plattform profitieren.","breadcrumb":{"@id":"https:\/\/tec5.com\/de\/dialog\/progaze-webinar\/#breadcrumb"},"inLanguage":"de","potentialAction":[{"@type":"ReadAction","target":["https:\/\/tec5.com\/de\/dialog\/progaze-webinar\/"]}]},{"@type":"ImageObject","inLanguage":"de","@id":"https:\/\/tec5.com\/de\/dialog\/progaze-webinar\/#primaryimage","url":"https:\/\/tec5.com\/wp-content\/uploads\/2024\/05\/Header_Termine_Frau_1200x541px.png","contentUrl":"https:\/\/tec5.com\/wp-content\/uploads\/2024\/05\/Header_Termine_Frau_1200x541px.png","width":1200,"height":541},{"@type":"BreadcrumbList","@id":"https:\/\/tec5.com\/de\/dialog\/progaze-webinar\/#breadcrumb","itemListElement":[{"@type":"ListItem","position":1,"name":"Startseite","item":"https:\/\/tec5.com\/de\/"},{"@type":"ListItem","position":2,"name":"Dialog","item":"https:\/\/tec5.com\/de\/dialog\/"},{"@type":"ListItem","position":3,"name":"PROGAZE &#8211; Webinar"}]},{"@type":"WebSite","@id":"https:\/\/tec5.com\/de\/#website","url":"https:\/\/tec5.com\/de\/","name":"tec5","description":"Process Spectroscopy","publisher":{"@id":"https:\/\/tec5.com\/de\/#organization"},"potentialAction":[{"@type":"SearchAction","target":{"@type":"EntryPoint","urlTemplate":"https:\/\/tec5.com\/de\/?s={search_term_string}"},"query-input":{"@type":"PropertyValueSpecification","valueRequired":true,"valueName":"search_term_string"}}],"inLanguage":"de"},{"@type":"Organization","@id":"https:\/\/tec5.com\/de\/#organization","name":"tec5","url":"https:\/\/tec5.com\/de\/","logo":{"@type":"ImageObject","inLanguage":"de","@id":"https:\/\/tec5.com\/de\/#\/schema\/logo\/image\/","url":"https:\/\/tec5.com\/wp-content\/uploads\/2021\/01\/Teaser_tec5-2.png","contentUrl":"https:\/\/tec5.com\/wp-content\/uploads\/2021\/01\/Teaser_tec5-2.png","width":1159,"height":221,"caption":"tec5"},"image":{"@id":"https:\/\/tec5.com\/de\/#\/schema\/logo\/image\/"},"sameAs":["https:\/\/www.linkedin.com\/company\/tec5-ag\/"]}]}},"_links":{"self":[{"href":"https:\/\/tec5.com\/de\/wp-json\/wp\/v2\/pages\/6113","targetHints":{"allow":["GET"]}}],"collection":[{"href":"https:\/\/tec5.com\/de\/wp-json\/wp\/v2\/pages"}],"about":[{"href":"https:\/\/tec5.com\/de\/wp-json\/wp\/v2\/types\/page"}],"author":[{"embeddable":true,"href":"https:\/\/tec5.com\/de\/wp-json\/wp\/v2\/users\/10"}],"replies":[{"embeddable":true,"href":"https:\/\/tec5.com\/de\/wp-json\/wp\/v2\/comments?post=6113"}],"version-history":[{"count":38,"href":"https:\/\/tec5.com\/de\/wp-json\/wp\/v2\/pages\/6113\/revisions"}],"predecessor-version":[{"id":7864,"href":"https:\/\/tec5.com\/de\/wp-json\/wp\/v2\/pages\/6113\/revisions\/7864"}],"up":[{"embeddable":true,"href":"https:\/\/tec5.com\/de\/wp-json\/wp\/v2\/pages\/6120"}],"wp:featuredmedia":[{"embeddable":true,"href":"https:\/\/tec5.com\/de\/wp-json\/wp\/v2\/media\/6185"}],"wp:attachment":[{"href":"https:\/\/tec5.com\/de\/wp-json\/wp\/v2\/media?parent=6113"}],"wp:term":[{"taxonomy":"post_tag","embeddable":true,"href":"https:\/\/tec5.com\/de\/wp-json\/wp\/v2\/tags?post=6113"}],"curies":[{"name":"wp","href":"https:\/\/api.w.org\/{rel}","templated":true}]}}