{"id":6120,"date":"2024-05-14T09:23:54","date_gmt":"2024-05-14T07:23:54","guid":{"rendered":"https:\/\/tec5.com\/?page_id=6120"},"modified":"2024-08-23T09:38:20","modified_gmt":"2024-08-23T07:38:20","slug":"dialog","status":"publish","type":"page","link":"https:\/\/tec5.com\/de\/dialog\/","title":{"rendered":"Dialog"},"content":{"rendered":"<h1>Sch\u00f6n, Sie hier zu begr\u00fc\u00dfen!<\/h1>\n<p>Wir freuen uns, dass Sie \u00fcber eine <a>Landingpage<\/a> den Weg auf unsere Webseite gefunden haben.<\/p>\n<p>Eine \u00dcbersicht \u00fcber unser Portfolio finden Sie <a href=\"https:\/\/tec5.com\/de\/produkte\/\">hier<\/a>.<\/p>\n<p>Gerne stehen wir Ihnen f\u00fcr Fragen rund um unsere Produkte und Services <a href=\"https:\/\/tec5.com\/de\/unternehmen\/kontakt\/\">zur Verf\u00fcgung<\/a>.<\/p>\n<p>Ihr tec5-Team<\/p>\n","protected":false},"excerpt":{"rendered":"<p>Sch\u00f6n, Sie hier zu begr\u00fc\u00dfen! Wir freuen uns, dass Sie \u00fcber eine Landingpage den Weg auf unsere Webseite gefunden haben. Eine \u00dcbersicht \u00fcber unser Portfolio finden Sie hier. Gerne stehen wir Ihnen f\u00fcr Fragen rund um unsere Produkte und Services zur Verf\u00fcgung. Ihr tec5-Team<\/p>\n","protected":false},"author":10,"featured_media":5150,"parent":0,"menu_order":0,"comment_status":"closed","ping_status":"closed","template":"","meta":{"_acf_changed":false,"footnotes":""},"tags":[],"class_list":["post-6120","page","type-page","status-publish","has-post-thumbnail","hentry"],"acf":[],"yoast_head":"<!-- This site is optimized with the Yoast SEO plugin v27.4 - https:\/\/yoast.com\/product\/yoast-seo-wordpress\/ -->\n<title>Dialog - tec5<\/title>\n<meta name=\"description\" content=\"Wir freuen uns, dass Sie \u00fcber eine Landingpage den Weg auf unsere Webseite gefunden haben. Eine \u00dcbersicht \u00fcber unser Portfolio finden Sie hier.\" \/>\n<meta name=\"robots\" content=\"noindex, follow\" \/>\n<meta property=\"og:locale\" content=\"de_DE\" \/>\n<meta property=\"og:type\" content=\"article\" \/>\n<meta property=\"og:title\" content=\"Dialog - tec5\" \/>\n<meta property=\"og:description\" content=\"Wir freuen uns, dass Sie \u00fcber eine Landingpage den Weg auf unsere Webseite gefunden haben. Eine \u00dcbersicht \u00fcber unser Portfolio finden Sie hier.\" \/>\n<meta property=\"og:url\" content=\"https:\/\/tec5.com\/de\/dialog\/\" \/>\n<meta property=\"og:site_name\" content=\"tec5\" \/>\n<meta property=\"article:modified_time\" content=\"2024-08-23T07:38:20+00:00\" \/>\n<meta property=\"og:image\" content=\"https:\/\/tec5.com\/wp-content\/uploads\/2022\/11\/Unternehmen_Header_1280x600px.jpg?_t=1760359694\" \/>\n\t<meta property=\"og:image:width\" content=\"1280\" \/>\n\t<meta property=\"og:image:height\" content=\"600\" \/>\n\t<meta property=\"og:image:type\" content=\"image\/jpeg\" \/>\n<meta name=\"twitter:card\" content=\"summary_large_image\" \/>\n<meta name=\"twitter:label1\" content=\"Gesch\u00e4tzte Lesezeit\" \/>\n\t<meta name=\"twitter:data1\" content=\"1\u00a0Minute\" \/>\n<script type=\"application\/ld+json\" class=\"yoast-schema-graph\">{\"@context\":\"https:\\\/\\\/schema.org\",\"@graph\":[{\"@type\":\"WebPage\",\"@id\":\"https:\\\/\\\/tec5.com\\\/de\\\/dialog\\\/\",\"url\":\"https:\\\/\\\/tec5.com\\\/de\\\/dialog\\\/\",\"name\":\"Dialog - tec5\",\"isPartOf\":{\"@id\":\"https:\\\/\\\/tec5.com\\\/de\\\/#website\"},\"primaryImageOfPage\":{\"@id\":\"https:\\\/\\\/tec5.com\\\/de\\\/dialog\\\/#primaryimage\"},\"image\":{\"@id\":\"https:\\\/\\\/tec5.com\\\/de\\\/dialog\\\/#primaryimage\"},\"thumbnailUrl\":\"https:\\\/\\\/tec5.com\\\/wp-content\\\/uploads\\\/2022\\\/11\\\/Unternehmen_Header_1280x600px.jpg\",\"datePublished\":\"2024-05-14T07:23:54+00:00\",\"dateModified\":\"2024-08-23T07:38:20+00:00\",\"description\":\"Wir freuen uns, dass Sie \u00fcber eine Landingpage den Weg auf unsere Webseite gefunden haben. Eine \u00dcbersicht \u00fcber unser Portfolio finden Sie hier.\",\"breadcrumb\":{\"@id\":\"https:\\\/\\\/tec5.com\\\/de\\\/dialog\\\/#breadcrumb\"},\"inLanguage\":\"de\",\"potentialAction\":[{\"@type\":\"ReadAction\",\"target\":[\"https:\\\/\\\/tec5.com\\\/de\\\/dialog\\\/\"]}]},{\"@type\":\"ImageObject\",\"inLanguage\":\"de\",\"@id\":\"https:\\\/\\\/tec5.com\\\/de\\\/dialog\\\/#primaryimage\",\"url\":\"https:\\\/\\\/tec5.com\\\/wp-content\\\/uploads\\\/2022\\\/11\\\/Unternehmen_Header_1280x600px.jpg\",\"contentUrl\":\"https:\\\/\\\/tec5.com\\\/wp-content\\\/uploads\\\/2022\\\/11\\\/Unternehmen_Header_1280x600px.jpg\",\"width\":1280,\"height\":600,\"caption\":\"Unternehmen Aussenansicht\"},{\"@type\":\"BreadcrumbList\",\"@id\":\"https:\\\/\\\/tec5.com\\\/de\\\/dialog\\\/#breadcrumb\",\"itemListElement\":[{\"@type\":\"ListItem\",\"position\":1,\"name\":\"Startseite\",\"item\":\"https:\\\/\\\/tec5.com\\\/de\\\/\"},{\"@type\":\"ListItem\",\"position\":2,\"name\":\"Dialog\"}]},{\"@type\":\"WebSite\",\"@id\":\"https:\\\/\\\/tec5.com\\\/de\\\/#website\",\"url\":\"https:\\\/\\\/tec5.com\\\/de\\\/\",\"name\":\"tec5\",\"description\":\"Process Spectroscopy\",\"publisher\":{\"@id\":\"https:\\\/\\\/tec5.com\\\/de\\\/#organization\"},\"potentialAction\":[{\"@type\":\"SearchAction\",\"target\":{\"@type\":\"EntryPoint\",\"urlTemplate\":\"https:\\\/\\\/tec5.com\\\/de\\\/?s={search_term_string}\"},\"query-input\":{\"@type\":\"PropertyValueSpecification\",\"valueRequired\":true,\"valueName\":\"search_term_string\"}}],\"inLanguage\":\"de\"},{\"@type\":\"Organization\",\"@id\":\"https:\\\/\\\/tec5.com\\\/de\\\/#organization\",\"name\":\"tec5\",\"url\":\"https:\\\/\\\/tec5.com\\\/de\\\/\",\"logo\":{\"@type\":\"ImageObject\",\"inLanguage\":\"de\",\"@id\":\"https:\\\/\\\/tec5.com\\\/de\\\/#\\\/schema\\\/logo\\\/image\\\/\",\"url\":\"https:\\\/\\\/tec5.com\\\/wp-content\\\/uploads\\\/2021\\\/01\\\/Teaser_tec5-2.png\",\"contentUrl\":\"https:\\\/\\\/tec5.com\\\/wp-content\\\/uploads\\\/2021\\\/01\\\/Teaser_tec5-2.png\",\"width\":1159,\"height\":221,\"caption\":\"tec5\"},\"image\":{\"@id\":\"https:\\\/\\\/tec5.com\\\/de\\\/#\\\/schema\\\/logo\\\/image\\\/\"},\"sameAs\":[\"https:\\\/\\\/www.linkedin.com\\\/company\\\/tec5-ag\\\/\"]}]}<\/script>\n<!-- \/ Yoast SEO plugin. -->","yoast_head_json":{"title":"Dialog - tec5","description":"Wir freuen uns, dass Sie \u00fcber eine Landingpage den Weg auf unsere Webseite gefunden haben. Eine \u00dcbersicht \u00fcber unser Portfolio finden Sie hier.","robots":{"index":"noindex","follow":"follow"},"og_locale":"de_DE","og_type":"article","og_title":"Dialog - tec5","og_description":"Wir freuen uns, dass Sie \u00fcber eine Landingpage den Weg auf unsere Webseite gefunden haben. Eine \u00dcbersicht \u00fcber unser Portfolio finden Sie hier.","og_url":"https:\/\/tec5.com\/de\/dialog\/","og_site_name":"tec5","article_modified_time":"2024-08-23T07:38:20+00:00","og_image":[{"width":1280,"height":600,"url":"https:\/\/tec5.com\/wp-content\/uploads\/2022\/11\/Unternehmen_Header_1280x600px.jpg?_t=1760359694","type":"image\/jpeg"}],"twitter_card":"summary_large_image","twitter_misc":{"Gesch\u00e4tzte Lesezeit":"1\u00a0Minute"},"schema":{"@context":"https:\/\/schema.org","@graph":[{"@type":"WebPage","@id":"https:\/\/tec5.com\/de\/dialog\/","url":"https:\/\/tec5.com\/de\/dialog\/","name":"Dialog - tec5","isPartOf":{"@id":"https:\/\/tec5.com\/de\/#website"},"primaryImageOfPage":{"@id":"https:\/\/tec5.com\/de\/dialog\/#primaryimage"},"image":{"@id":"https:\/\/tec5.com\/de\/dialog\/#primaryimage"},"thumbnailUrl":"https:\/\/tec5.com\/wp-content\/uploads\/2022\/11\/Unternehmen_Header_1280x600px.jpg","datePublished":"2024-05-14T07:23:54+00:00","dateModified":"2024-08-23T07:38:20+00:00","description":"Wir freuen uns, dass Sie \u00fcber eine Landingpage den Weg auf unsere Webseite gefunden haben. Eine \u00dcbersicht \u00fcber unser Portfolio finden Sie hier.","breadcrumb":{"@id":"https:\/\/tec5.com\/de\/dialog\/#breadcrumb"},"inLanguage":"de","potentialAction":[{"@type":"ReadAction","target":["https:\/\/tec5.com\/de\/dialog\/"]}]},{"@type":"ImageObject","inLanguage":"de","@id":"https:\/\/tec5.com\/de\/dialog\/#primaryimage","url":"https:\/\/tec5.com\/wp-content\/uploads\/2022\/11\/Unternehmen_Header_1280x600px.jpg","contentUrl":"https:\/\/tec5.com\/wp-content\/uploads\/2022\/11\/Unternehmen_Header_1280x600px.jpg","width":1280,"height":600,"caption":"Unternehmen Aussenansicht"},{"@type":"BreadcrumbList","@id":"https:\/\/tec5.com\/de\/dialog\/#breadcrumb","itemListElement":[{"@type":"ListItem","position":1,"name":"Startseite","item":"https:\/\/tec5.com\/de\/"},{"@type":"ListItem","position":2,"name":"Dialog"}]},{"@type":"WebSite","@id":"https:\/\/tec5.com\/de\/#website","url":"https:\/\/tec5.com\/de\/","name":"tec5","description":"Process Spectroscopy","publisher":{"@id":"https:\/\/tec5.com\/de\/#organization"},"potentialAction":[{"@type":"SearchAction","target":{"@type":"EntryPoint","urlTemplate":"https:\/\/tec5.com\/de\/?s={search_term_string}"},"query-input":{"@type":"PropertyValueSpecification","valueRequired":true,"valueName":"search_term_string"}}],"inLanguage":"de"},{"@type":"Organization","@id":"https:\/\/tec5.com\/de\/#organization","name":"tec5","url":"https:\/\/tec5.com\/de\/","logo":{"@type":"ImageObject","inLanguage":"de","@id":"https:\/\/tec5.com\/de\/#\/schema\/logo\/image\/","url":"https:\/\/tec5.com\/wp-content\/uploads\/2021\/01\/Teaser_tec5-2.png","contentUrl":"https:\/\/tec5.com\/wp-content\/uploads\/2021\/01\/Teaser_tec5-2.png","width":1159,"height":221,"caption":"tec5"},"image":{"@id":"https:\/\/tec5.com\/de\/#\/schema\/logo\/image\/"},"sameAs":["https:\/\/www.linkedin.com\/company\/tec5-ag\/"]}]}},"_links":{"self":[{"href":"https:\/\/tec5.com\/de\/wp-json\/wp\/v2\/pages\/6120","targetHints":{"allow":["GET"]}}],"collection":[{"href":"https:\/\/tec5.com\/de\/wp-json\/wp\/v2\/pages"}],"about":[{"href":"https:\/\/tec5.com\/de\/wp-json\/wp\/v2\/types\/page"}],"author":[{"embeddable":true,"href":"https:\/\/tec5.com\/de\/wp-json\/wp\/v2\/users\/10"}],"replies":[{"embeddable":true,"href":"https:\/\/tec5.com\/de\/wp-json\/wp\/v2\/comments?post=6120"}],"version-history":[{"count":3,"href":"https:\/\/tec5.com\/de\/wp-json\/wp\/v2\/pages\/6120\/revisions"}],"predecessor-version":[{"id":6123,"href":"https:\/\/tec5.com\/de\/wp-json\/wp\/v2\/pages\/6120\/revisions\/6123"}],"wp:featuredmedia":[{"embeddable":true,"href":"https:\/\/tec5.com\/de\/wp-json\/wp\/v2\/media\/5150"}],"wp:attachment":[{"href":"https:\/\/tec5.com\/de\/wp-json\/wp\/v2\/media?parent=6120"}],"wp:term":[{"taxonomy":"post_tag","embeddable":true,"href":"https:\/\/tec5.com\/de\/wp-json\/wp\/v2\/tags?post=6120"}],"curies":[{"name":"wp","href":"https:\/\/api.w.org\/{rel}","templated":true}]}}