{"id":6280,"date":"2024-05-23T16:06:34","date_gmt":"2024-05-23T14:06:34","guid":{"rendered":"https:\/\/tec5.com\/?page_id=6280"},"modified":"2025-09-11T14:23:05","modified_gmt":"2025-09-11T12:23:05","slug":"progaze-stp","status":"publish","type":"page","link":"https:\/\/tec5.com\/de\/produkte\/progaze-stp\/","title":{"rendered":"PROGAZE STP"},"content":{"rendered":"<div class=\"t5-pdfdownload-container\"><span class=\"t5-fileform-start\" style=\"text-align: center; width: 30% important!; display: inline-block; margin-bottom: 10px; margin-right: 5px;\" title=\"Download\"><span class=\"su-lightbox\" data-mfp-src=\"#t5-fileform\" data-mfp-type=\"inline\" data-mobile=\"yes\">\u2192 Produktbrosch\u00fcre (en)&nbsp; <i class=\"fa fa-file-pdf-o\" aria-hidden=\"true\"><\/i><\/span><\/span>\r\n<div class=\"su-lightbox-content su-u-trim  t5-fileform\" id=\"t5-fileform\" style=\"display:none;width:auto;min-width:none;max-width:600px;margin-top:40px;margin-bottom:40px;padding:40px;background:#FFFFFF;color:#333333;box-shadow:0px 0px 15px #333333;text-align:left\">\n<div class=\"wpcf7 no-js\" id=\"wpcf7-f8016-o1\" lang=\"de-DE\" dir=\"ltr\" data-wpcf7-id=\"8016\">\n<div class=\"screen-reader-response\"><p role=\"status\" aria-live=\"polite\" aria-atomic=\"true\"><\/p> <ul><\/ul><\/div>\n<form action=\"\/de\/wp-json\/wp\/v2\/pages\/6280#wpcf7-f8016-o1\" method=\"post\" class=\"wpcf7-form init\" aria-label=\"Kontaktformular\" novalidate=\"novalidate\" data-status=\"init\">\n<fieldset class=\"hidden-fields-container\"><input type=\"hidden\" name=\"_wpcf7\" value=\"8016\" \/><input type=\"hidden\" name=\"_wpcf7_version\" value=\"6.1.5\" \/><input type=\"hidden\" name=\"_wpcf7_locale\" value=\"de_DE\" \/><input type=\"hidden\" name=\"_wpcf7_unit_tag\" value=\"wpcf7-f8016-o1\" \/><input type=\"hidden\" name=\"_wpcf7_container_post\" value=\"0\" \/><input type=\"hidden\" name=\"_wpcf7_posted_data_hash\" value=\"\" \/><input type=\"hidden\" name=\"_wpcf7cf_hidden_group_fields\" value=\"[]\" \/><input type=\"hidden\" name=\"_wpcf7cf_hidden_groups\" value=\"[]\" \/><input type=\"hidden\" name=\"_wpcf7cf_visible_groups\" value=\"[]\" \/><input type=\"hidden\" name=\"_wpcf7cf_repeaters\" value=\"[]\" \/><input type=\"hidden\" name=\"_wpcf7cf_steps\" value=\"{}\" \/><input type=\"hidden\" name=\"_wpcf7cf_options\" value=\"{&quot;form_id&quot;:8016,&quot;conditions&quot;:[{&quot;then_field&quot;:&quot;group-dpa&quot;,&quot;and_rules&quot;:[{&quot;if_field&quot;:&quot;your-email&quot;,&quot;operator&quot;:&quot;not empty&quot;,&quot;if_value&quot;:&quot;&quot;}]},{&quot;then_field&quot;:&quot;-1&quot;,&quot;and_rules&quot;:[{&quot;if_field&quot;:&quot;datenschutzhinweis&quot;,&quot;operator&quot;:&quot;not empty&quot;,&quot;if_value&quot;:&quot;&quot;}]}],&quot;settings&quot;:{&quot;animation&quot;:&quot;yes&quot;,&quot;animation_intime&quot;:200,&quot;animation_outtime&quot;:200,&quot;conditions_ui&quot;:&quot;normal&quot;,&quot;notice_dismissed&quot;:false,&quot;notice_dismissed_update-cf7-6.1.2&quot;:true}}\" \/>\n<\/fieldset>\n<input class=\"wpcf7-form-control wpcf7-hidden\" value=\"https:\/\/tec5.com\/media\/docs\/en\/tec5_brochure_PROGAZE_STP.pdf\" type=\"hidden\" name=\"download-url\" \/>\n<input class=\"wpcf7-form-control wpcf7-hidden\" value=\"\" type=\"hidden\" name=\"ls\" \/>\n<input class=\"wpcf7-form-control wpcf7-hidden\" value=\"\" type=\"hidden\" name=\"etcc_med\" \/>\n<input class=\"wpcf7-form-control wpcf7-hidden\" value=\"\" type=\"hidden\" name=\"etcc_par\" \/>\n<input class=\"wpcf7-form-control wpcf7-hidden\" value=\"\" type=\"hidden\" name=\"etcc_cmp\" \/>\n<input class=\"wpcf7-form-control wpcf7-hidden\" value=\"\" type=\"hidden\" name=\"etcc_bky\" \/>\n<input class=\"wpcf7-form-control wpcf7-hidden\" value=\"\" type=\"hidden\" name=\"page-url\" \/>\n<div class=\"wpcf7-response-output\" aria-hidden=\"true\"><\/div>\n<p><a href=\"#\" onclick=\"jQuery.magnificPopup.close(); return false;\"><br \/>\n<span class=\"showaftersubmit\">Sie k\u00f6nnen diesen Hinweis jetzt schlie\u00dfen.<\/span><\/a>\n<\/p>\n<div class=\"row hideaftersubmit\">\n\t<div class=\"col-lg-12 col-sm-12 t5-pdfform\">\n\t\t<p style=\"margin-bottom:5px;\">Bitte geben Sie Ihre E-Mailadresse an, um das Dokument anzufordern:\n\t\t<\/p>\n\t\t<p><span class=\"wpcf7-form-control-wrap\" data-name=\"your-email\"><input size=\"20\" maxlength=\"400\" class=\"wpcf7-form-control wpcf7-email wpcf7-validates-as-required wpcf7-text wpcf7-validates-as-email\" autocomplete=\"email\" aria-required=\"true\" aria-invalid=\"false\" placeholder=\"E-Mail*\" value=\"\" type=\"email\" name=\"your-email\" \/><\/span> &nbsp; <input class=\"wpcf7-form-control wpcf7-submit has-spinner\" type=\"submit\" value=\"Download\" \/>\n\t\t<\/p>\n\t<\/div>\n<\/div>\n<div data-id=\"group-dpa\" data-orig_data_id=\"group-dpa\"  class=\"\" data-class=\"wpcf7cf_group\">\n\t<div class=\"row hideaftersubmit\" style=\"margin-top:10px;\">\n\t\t<div class=\"col-lg-12 col-sm-12 t5-fileform-row\" style=\"margin-left:-7px;\" >\n\t\t\t<p><span class=\"wpcf7-form-control-wrap\" data-name=\"datenschutzhinweis\"><span class=\"wpcf7-form-control wpcf7-acceptance\"><span class=\"wpcf7-list-item\"><label><input type=\"checkbox\" name=\"datenschutzhinweis\" value=\"1\" aria-invalid=\"false\" \/><span class=\"wpcf7-list-item-label\"><a href=\"https:\/\/tec5.com\/de\/datenschutzhinweis\/\" target=\"_new\" class=\"t5-fileform-disclaimer\"> Ich stimme der Verarbeitung meiner Daten gem\u00e4\u00df der tec5 Datenschutzhinweise zu.<\/a> <\/span><\/span><\/label><\/span><\/span><\/span>\n\t\t\t<\/p>\n\t\t<\/div>\n\t<\/div>\n<\/div><input type='hidden' class='wpcf7-pum' value='{\"closepopup\":false,\"closedelay\":0,\"openpopup\":false,\"openpopup_id\":0}' \/>\n<\/form>\n<\/div>\n<\/div><\/div>\n<p><img loading=\"lazy\" class=\"alignnone size-full wp-image-6511\" style=\"display: none;\" src=\"https:\/\/tec5.com\/wp-content\/uploads\/2024\/05\/pgSTP_300x600px.webp\" width=\"600\" height=\"300\" srcset=\"https:\/\/tec5.com\/wp-content\/uploads\/2024\/05\/pgSTP_300x600px.webp 600w, https:\/\/tec5.com\/wp-content\/uploads\/2024\/05\/pgSTP_300x600px-575x288.webp 575w\" sizes=\"auto, (max-width: 600px) 100vw, 600px\" \/><\/p>\n<p><img loading=\"lazy\" class=\"alignnone size-full wp-image-6496\" style=\"display: none;\" src=\"https:\/\/tec5.com\/wp-content\/uploads\/2024\/05\/pgbold_300x600px.webp\" alt=\"Progaze bold\" width=\"600\" height=\"300\" srcset=\"https:\/\/tec5.com\/wp-content\/uploads\/2024\/05\/pgbold_300x600px.webp 600w, https:\/\/tec5.com\/wp-content\/uploads\/2024\/05\/pgbold_300x600px-575x288.webp 575w\" sizes=\"auto, (max-width: 600px) 100vw, 600px\" \/><\/p>\n<h1 style=\"margin-top: -30px; font-size: 200%;\">PROGAZE <span style=\"font-size: 18pt;\"><em>STP<\/em><\/span><\/h1>\n<p><strong>Leistungsstarke Diodenarray-Spektrometermodule<\/strong><\/p>\n<div class=\"su-row d-md-flex\">\n<div class=\"su-column su-column-size-1-2\"><div class=\"su-column-inner su-u-clearfix su-u-trim\">\n<p><img loading=\"lazy\" class=\"alignnone wp-image-8733 size-full\" src=\"https:\/\/tec5.com\/wp-content\/uploads\/2025\/02\/PROGAZE_STP_636x600px.webp?_t=1739869729\" alt=\"PROGAZE STP Prozessspektrometer Module\" width=\"636\" height=\"600\" srcset=\"https:\/\/tec5.com\/wp-content\/uploads\/2025\/02\/PROGAZE_STP_636x600px.webp 636w, https:\/\/tec5.com\/wp-content\/uploads\/2025\/02\/PROGAZE_STP_636x600px-575x542.webp 575w\" sizes=\"auto, (max-width: 636px) 100vw, 636px\" \/><br \/>\n<\/div><\/div>\n<div class=\"su-column su-column-size-1-2 d-md-flex align-items-center\"><div class=\"su-column-inner su-u-clearfix su-u-trim\">\n<p>PROGAZE <span id=\"su_tooltip_69efa9de61c0f_button\" class=\"su-tooltip-button su-tooltip-button-outline-yes\" aria-describedby=\"su_tooltip_69efa9de61c0f\" data-settings='{\"position\":\"top\",\"behavior\":\"hover\",\"hideDelay\":0}' tabindex=\"0\">STP<\/span><span style=\"display:none;z-index:100\" id=\"su_tooltip_69efa9de61c0f\" class=\"su-tooltip\" role=\"tooltip\"><span class=\"su-tooltip-inner su-tooltip-shadow-yes\" style=\"z-index:100;background:#f2f2f2;color:#3c4894;font-size:14px;border-radius:0px;text-align:left;max-width:300px;line-height:1.25\"><span class=\"su-tooltip-title\"><\/span><span class=\"su-tooltip-content su-u-trim\">STP = Spot Transmission Grating Polychromator<\/span><\/span><span id=\"su_tooltip_69efa9de61c0f_arrow\" class=\"su-tooltip-arrow\" style=\"z-index:100;background:#f2f2f2\" data-popper-arrow><\/span><\/span> ist eine Produktfamilie von Spektrometermodulen, die speziell f\u00fcr die Integration in prozessspektroskopischen Systemen und Analysatoren entwickelt und optimiert wurde.<\/p>\n<p>Neben hoher Empfindlichkeit f\u00fcr schnelle Messungen wurde besonderer Wert auf eng tolerierte optische und mechanische Komponenten und Bauteile sowie auf hoch reproduzierbare, eng spezifizierte Fertigungsmethoden gelegt. Die dadurch erreichte hohe Standardisierung der Module vereinfacht die \u00dcbertragung von Methoden und Modellen zur Datenanalyse erheblich.<\/p>\n<p>F\u00fcr den zuverl\u00e4ssigen Betrieb unter Prozessbedingungen ausgelegt, sind die Module zudem unempfindlich gegen\u00fcber \u00e4u\u00dferen Einfl\u00fcssen wie Schwankungen der Umgebungstemperatur oder Vibrationen.<\/p>\n<p>Alles in allem ideale Voraussetzungen f\u00fcr einen erfolgreichen und sicheren Einsatz im Prozess.<\/p>\n<\/div><\/div>\n<\/div>\n<div class=\"su-row d-md-flex\">\n<div class=\"su-column su-column-size-1-2\"><div class=\"su-column-inner su-u-clearfix su-u-trim\">\n<h3>Innovatives Design und herausragende Leistung<\/h3>\n<p>Die Verwendung von optischen Komponenten h\u00f6chster G\u00fcte, das beugungsbegrenzte optische Design sowie innovative Abgleichverfahren verleihen den PROGAZE STP Modulen \u00fcberragende spektroskopische Eigenschaften.<\/p>\n<p>Das Design der Module erlaubt es auch, diese hinsichtlich einzelner Leistungsmerkmale zu optimieren, so dass kritische Anforderungen an die optischen Spezifikationen gezielt adressiert werden k\u00f6nnen.<\/p>\n<p>Alle Module sind mit TEC-stabilisierten Detektoren ausgestattet.<\/p>\n<\/div><\/div>\n<div class=\"su-column su-column-size-1-2 d-md-flex align-items-center\"><div class=\"su-column-inner su-u-clearfix su-u-trim\">\n<p>Hervorzuheben sind<\/p>\n<ul>\n<li>hervorragende Empfindlichkeit bzw. Signal-Rausch-Verh\u00e4ltnis<\/li>\n<li>extrem geringes Streulicht<\/li>\n<li>deutlich signaloptimierte Spektralbereiche, auch in den Randbereichen<\/li>\n<li>sehr gleichm\u00e4\u00dfige optische Aufl\u00f6sung am theoretischen Limit<\/li>\n<li>sehr gute Wellenl\u00e4ngengenauigkeit<\/li>\n<li>pr\u00e4zise spezifizierter und vor allem reproduzierbarer Spektralbereich, mit exakt definierten Anfangs- und Endwellenl\u00e4ngen<\/li>\n<\/ul>\n<\/div><\/div>\n<\/div>\n<hr style=\"margin-top: 45px; margin-bottom: 45px;\" \/>\n<div class=\"su-row d-md-flex\">\n<div class=\"su-column su-column-size-1-2\"><div class=\"su-column-inner su-u-clearfix su-u-trim\">\n<h3 class=\"t5-product\">Technik in Perfektion<\/h3>\n<p>Die PROGAZE STP Spektrometermodule sind die Essenz aus \u00fcber 30 Jahren Erfahrung in optischer Spektroskopie und Prozessanalysentechnik. Mit ihnen steht eine innovative Technik zur Verf\u00fcgung, die neue Standards in der Diodenzeilenspektroskopie setzt.<\/p>\n<h4>Technische Datenbl\u00e4tter:<\/h4>\n<p><strong>\u2192 <a href=\"https:\/\/tec5.com\/de\/produkte\/progaze-stp\/progaze-stp-nir\/\">PROGAZE STP NIR<\/a><\/strong> f\u00fcr Nahinfrarot-Spektroskopie<br \/>\n<strong>\u2192 <a href=\"https:\/\/tec5.com\/de\/produkte\/progaze-stp\/progaze-stp-raman\/\">PROGAZE STP Raman<\/a><\/strong> f\u00fcr Raman-Spektroskopie<\/p>\n<\/div><\/div>\n<div class=\"su-column su-column-size-1-2 d-md-flex align-items-center\"><div class=\"su-column-inner su-u-clearfix su-u-trim\">\n<p><img loading=\"lazy\" width=\"1280\" height=\"500\" class=\"size-full wp-image-7251\" style=\"margin-top: -10px;\" src=\"https:\/\/tec5.com\/wp-content\/uploads\/2024\/06\/polychromator_1280x500.webp\" alt=\"PROGAZE STP Spektrometermodul\" srcset=\"https:\/\/tec5.com\/wp-content\/uploads\/2024\/06\/polychromator_1280x500.webp 1280w, https:\/\/tec5.com\/wp-content\/uploads\/2024\/06\/polychromator_1280x500-575x225.webp 575w, https:\/\/tec5.com\/wp-content\/uploads\/2024\/06\/polychromator_1280x500-1024x400.webp 1024w, https:\/\/tec5.com\/wp-content\/uploads\/2024\/06\/polychromator_1280x500-768x300.webp 768w\" sizes=\"auto, (max-width: 1280px) 100vw, 1280px\" \/><\/p>\n<\/div><\/div>\n<\/div>\n<hr style=\"margin-top: 45px; margin-bottom: 45px;\" \/>\n<div class=\"su-row d-md-flex\">\n<div class=\"su-column su-column-size-1-2\"><div class=\"su-column-inner su-u-clearfix su-u-trim\">\n<h3>Adaptierbar an spezifische Anforderungen<\/h3>\n<p>PROGAZE STP\u00a0Spektrometermodule sind von Haus aus vielseitig einsetzbar. Je nach Anwendung und Messaufgabe sind jedoch manchmal spezifische Adaptionen w\u00fcnschenswert oder sogar notwendig.<\/p>\n<p>Um den individuellen, anwendungsspezifischen Anforderungen gerecht zu werden, sind die PROGAZE STP-Spektrometermodule so konzipiert, dass verschiedene Leistungsmerkmale wie z.B. Spektralbereich, optische Aufl\u00f6sung oder optischer Durchsatz optimiert werden k\u00f6nnen.<\/p>\n<\/div><\/div>\n<div class=\"su-column su-column-size-1-2 d-md-flex align-items-center\"><div class=\"su-column-inner su-u-clearfix su-u-trim\">\n<h3>Individuelle Spektrometermodule<\/h3>\n<p>Sie haben anspruchsvolle Anforderungen hinsichtlich optischer Leistung, Integration oder Budget? Mit unserer Erfahrung in der Entwicklung ma\u00dfgeschneiderter Produkte und OEM-L\u00f6sungen und der PROGAZE-Technologieplattform als Projektbeschleuniger gew\u00e4hrleisten wir einen sicheren, transparenten Entwicklungsprozess sowie eine hochwertige,\u00a0skalierbare Fertigung.<\/p>\n<p>Wir freuen uns darauf, Ihre Anforderungen kennenzulernen und gemeinsam die f\u00fcr Sie optimale technische L\u00f6sung und das passende Kooperationsmodell zu finden.<\/p>\n<\/div><\/div>\n<\/div>\n<hr style=\"margin-top: 45px; margin-bottom: 45px;\" \/>\n<p><strong>Sie m\u00f6chten mehr \u00fcber die PROGAZE Produktfamilie erfahren?<\/strong> Gerne. <a title=\"Nehmen Sie Kontakt mit uns auf!\" href=\"https:\/\/tec5.com\/de\/kontakt\/\">Sprechen Sie uns an<\/a> oder besuchen Sie eines unserer kostenfreie <a title=\"Jetzt registrieren!\" href=\"https:\/\/tec5.com\/de\/dialog\/progaze-webinar\/\">PROGAZE-Webinare<\/a>.<\/p>\n","protected":false},"excerpt":{"rendered":"<p>PROGAZE STP Leistungsstarke Diodenarray-Spektrometermodule Sie m\u00f6chten mehr \u00fcber die PROGAZE Produktfamilie erfahren? Gerne. Sprechen Sie uns an oder besuchen Sie eines unserer kostenfreie PROGAZE-Webinare.<\/p>\n","protected":false},"author":10,"featured_media":6602,"parent":683,"menu_order":1,"comment_status":"closed","ping_status":"closed","template":"","meta":{"_acf_changed":false,"footnotes":""},"tags":[148,145,142,146,143,144],"class_list":["post-6280","page","type-page","status-publish","has-post-thumbnail","hentry","tag-komponenten","tag-nir","tag-progaze-productline","tag-raman","tag-uv","tag-vis"],"acf":[],"yoast_head":"<!-- This site is optimized with the Yoast SEO plugin v27.4 - https:\/\/yoast.com\/product\/yoast-seo-wordpress\/ -->\n<title>Spektrometer-Module: PROGAZE STP f\u00fcr industrielle Analytik | tec5<\/title>\n<meta name=\"description\" content=\"Optische Messtechnik und Sensorik f\u00fcr die UV-, VIS-, NIR-, LIBS- und Raman-Spektroskopie. Sicher und konsequent anpassbar an die jeweils konkrete Anwendung\" \/>\n<meta name=\"robots\" content=\"index, follow, max-snippet:-1, max-image-preview:large, max-video-preview:-1\" \/>\n<link rel=\"canonical\" href=\"https:\/\/tec5.com\/de\/produkte\/progaze-stp\/\" \/>\n<meta property=\"og:locale\" content=\"de_DE\" \/>\n<meta property=\"og:type\" content=\"article\" \/>\n<meta property=\"og:title\" content=\"Spektrometer-Module: PROGAZE STP f\u00fcr industrielle Analytik | tec5\" \/>\n<meta property=\"og:description\" content=\"Optische Messtechnik und Sensorik f\u00fcr die UV-, VIS-, NIR-, LIBS- und Raman-Spektroskopie. Sicher und konsequent anpassbar an die jeweils konkrete Anwendung\" \/>\n<meta property=\"og:url\" content=\"https:\/\/tec5.com\/de\/produkte\/progaze-stp\/\" \/>\n<meta property=\"og:site_name\" content=\"tec5\" \/>\n<meta property=\"article:modified_time\" content=\"2025-09-11T12:23:05+00:00\" \/>\n<meta property=\"og:image\" content=\"https:\/\/tec5.com\/wp-content\/uploads\/2024\/05\/Header2blau_Halle_Rohre_1280x200px.webp?_t=1760372830\" \/>\n\t<meta property=\"og:image:width\" content=\"1280\" \/>\n\t<meta property=\"og:image:height\" content=\"200\" \/>\n\t<meta property=\"og:image:type\" content=\"image\/webp\" \/>\n<meta name=\"twitter:card\" content=\"summary_large_image\" \/>\n<meta name=\"twitter:label1\" content=\"Gesch\u00e4tzte Lesezeit\" \/>\n\t<meta name=\"twitter:data1\" content=\"4\u00a0Minuten\" \/>\n<script type=\"application\/ld+json\" class=\"yoast-schema-graph\">{\"@context\":\"https:\\\/\\\/schema.org\",\"@graph\":[{\"@type\":\"WebPage\",\"@id\":\"https:\\\/\\\/tec5.com\\\/de\\\/produkte\\\/progaze-stp\\\/\",\"url\":\"https:\\\/\\\/tec5.com\\\/de\\\/produkte\\\/progaze-stp\\\/\",\"name\":\"Spektrometer-Module: PROGAZE STP f\u00fcr industrielle Analytik | tec5\",\"isPartOf\":{\"@id\":\"https:\\\/\\\/tec5.com\\\/de\\\/#website\"},\"primaryImageOfPage\":{\"@id\":\"https:\\\/\\\/tec5.com\\\/de\\\/produkte\\\/progaze-stp\\\/#primaryimage\"},\"image\":{\"@id\":\"https:\\\/\\\/tec5.com\\\/de\\\/produkte\\\/progaze-stp\\\/#primaryimage\"},\"thumbnailUrl\":\"https:\\\/\\\/tec5.com\\\/wp-content\\\/uploads\\\/2024\\\/05\\\/Header2blau_Halle_Rohre_1280x200px.webp\",\"datePublished\":\"2024-05-23T14:06:34+00:00\",\"dateModified\":\"2025-09-11T12:23:05+00:00\",\"description\":\"Optische Messtechnik und Sensorik f\u00fcr die UV-, VIS-, NIR-, LIBS- und Raman-Spektroskopie. Sicher und konsequent anpassbar an die jeweils konkrete Anwendung\",\"breadcrumb\":{\"@id\":\"https:\\\/\\\/tec5.com\\\/de\\\/produkte\\\/progaze-stp\\\/#breadcrumb\"},\"inLanguage\":\"de\",\"potentialAction\":[{\"@type\":\"ReadAction\",\"target\":[\"https:\\\/\\\/tec5.com\\\/de\\\/produkte\\\/progaze-stp\\\/\"]}]},{\"@type\":\"ImageObject\",\"inLanguage\":\"de\",\"@id\":\"https:\\\/\\\/tec5.com\\\/de\\\/produkte\\\/progaze-stp\\\/#primaryimage\",\"url\":\"https:\\\/\\\/tec5.com\\\/wp-content\\\/uploads\\\/2024\\\/05\\\/Header2blau_Halle_Rohre_1280x200px.webp\",\"contentUrl\":\"https:\\\/\\\/tec5.com\\\/wp-content\\\/uploads\\\/2024\\\/05\\\/Header2blau_Halle_Rohre_1280x200px.webp\",\"width\":1280,\"height\":200},{\"@type\":\"BreadcrumbList\",\"@id\":\"https:\\\/\\\/tec5.com\\\/de\\\/produkte\\\/progaze-stp\\\/#breadcrumb\",\"itemListElement\":[{\"@type\":\"ListItem\",\"position\":1,\"name\":\"Startseite\",\"item\":\"https:\\\/\\\/tec5.com\\\/de\\\/\"},{\"@type\":\"ListItem\",\"position\":2,\"name\":\"Produkte\",\"item\":\"https:\\\/\\\/tec5.com\\\/de\\\/produkte\\\/\"},{\"@type\":\"ListItem\",\"position\":3,\"name\":\"PROGAZE STP\"}]},{\"@type\":\"WebSite\",\"@id\":\"https:\\\/\\\/tec5.com\\\/de\\\/#website\",\"url\":\"https:\\\/\\\/tec5.com\\\/de\\\/\",\"name\":\"tec5\",\"description\":\"Process Spectroscopy\",\"publisher\":{\"@id\":\"https:\\\/\\\/tec5.com\\\/de\\\/#organization\"},\"potentialAction\":[{\"@type\":\"SearchAction\",\"target\":{\"@type\":\"EntryPoint\",\"urlTemplate\":\"https:\\\/\\\/tec5.com\\\/de\\\/?s={search_term_string}\"},\"query-input\":{\"@type\":\"PropertyValueSpecification\",\"valueRequired\":true,\"valueName\":\"search_term_string\"}}],\"inLanguage\":\"de\"},{\"@type\":\"Organization\",\"@id\":\"https:\\\/\\\/tec5.com\\\/de\\\/#organization\",\"name\":\"tec5\",\"url\":\"https:\\\/\\\/tec5.com\\\/de\\\/\",\"logo\":{\"@type\":\"ImageObject\",\"inLanguage\":\"de\",\"@id\":\"https:\\\/\\\/tec5.com\\\/de\\\/#\\\/schema\\\/logo\\\/image\\\/\",\"url\":\"https:\\\/\\\/tec5.com\\\/wp-content\\\/uploads\\\/2021\\\/01\\\/Teaser_tec5-2.png\",\"contentUrl\":\"https:\\\/\\\/tec5.com\\\/wp-content\\\/uploads\\\/2021\\\/01\\\/Teaser_tec5-2.png\",\"width\":1159,\"height\":221,\"caption\":\"tec5\"},\"image\":{\"@id\":\"https:\\\/\\\/tec5.com\\\/de\\\/#\\\/schema\\\/logo\\\/image\\\/\"},\"sameAs\":[\"https:\\\/\\\/www.linkedin.com\\\/company\\\/tec5-ag\\\/\"]}]}<\/script>\n<!-- \/ Yoast SEO plugin. -->","yoast_head_json":{"title":"Spektrometer-Module: PROGAZE STP f\u00fcr industrielle Analytik | tec5","description":"Optische Messtechnik und Sensorik f\u00fcr die UV-, VIS-, NIR-, LIBS- und Raman-Spektroskopie. Sicher und konsequent anpassbar an die jeweils konkrete Anwendung","robots":{"index":"index","follow":"follow","max-snippet":"max-snippet:-1","max-image-preview":"max-image-preview:large","max-video-preview":"max-video-preview:-1"},"canonical":"https:\/\/tec5.com\/de\/produkte\/progaze-stp\/","og_locale":"de_DE","og_type":"article","og_title":"Spektrometer-Module: PROGAZE STP f\u00fcr industrielle Analytik | tec5","og_description":"Optische Messtechnik und Sensorik f\u00fcr die UV-, VIS-, NIR-, LIBS- und Raman-Spektroskopie. Sicher und konsequent anpassbar an die jeweils konkrete Anwendung","og_url":"https:\/\/tec5.com\/de\/produkte\/progaze-stp\/","og_site_name":"tec5","article_modified_time":"2025-09-11T12:23:05+00:00","og_image":[{"width":1280,"height":200,"url":"https:\/\/tec5.com\/wp-content\/uploads\/2024\/05\/Header2blau_Halle_Rohre_1280x200px.webp?_t=1760372830","type":"image\/webp"}],"twitter_card":"summary_large_image","twitter_misc":{"Gesch\u00e4tzte Lesezeit":"4\u00a0Minuten"},"schema":{"@context":"https:\/\/schema.org","@graph":[{"@type":"WebPage","@id":"https:\/\/tec5.com\/de\/produkte\/progaze-stp\/","url":"https:\/\/tec5.com\/de\/produkte\/progaze-stp\/","name":"Spektrometer-Module: PROGAZE STP f\u00fcr industrielle Analytik | tec5","isPartOf":{"@id":"https:\/\/tec5.com\/de\/#website"},"primaryImageOfPage":{"@id":"https:\/\/tec5.com\/de\/produkte\/progaze-stp\/#primaryimage"},"image":{"@id":"https:\/\/tec5.com\/de\/produkte\/progaze-stp\/#primaryimage"},"thumbnailUrl":"https:\/\/tec5.com\/wp-content\/uploads\/2024\/05\/Header2blau_Halle_Rohre_1280x200px.webp","datePublished":"2024-05-23T14:06:34+00:00","dateModified":"2025-09-11T12:23:05+00:00","description":"Optische Messtechnik und Sensorik f\u00fcr die UV-, VIS-, NIR-, LIBS- und Raman-Spektroskopie. Sicher und konsequent anpassbar an die jeweils konkrete Anwendung","breadcrumb":{"@id":"https:\/\/tec5.com\/de\/produkte\/progaze-stp\/#breadcrumb"},"inLanguage":"de","potentialAction":[{"@type":"ReadAction","target":["https:\/\/tec5.com\/de\/produkte\/progaze-stp\/"]}]},{"@type":"ImageObject","inLanguage":"de","@id":"https:\/\/tec5.com\/de\/produkte\/progaze-stp\/#primaryimage","url":"https:\/\/tec5.com\/wp-content\/uploads\/2024\/05\/Header2blau_Halle_Rohre_1280x200px.webp","contentUrl":"https:\/\/tec5.com\/wp-content\/uploads\/2024\/05\/Header2blau_Halle_Rohre_1280x200px.webp","width":1280,"height":200},{"@type":"BreadcrumbList","@id":"https:\/\/tec5.com\/de\/produkte\/progaze-stp\/#breadcrumb","itemListElement":[{"@type":"ListItem","position":1,"name":"Startseite","item":"https:\/\/tec5.com\/de\/"},{"@type":"ListItem","position":2,"name":"Produkte","item":"https:\/\/tec5.com\/de\/produkte\/"},{"@type":"ListItem","position":3,"name":"PROGAZE STP"}]},{"@type":"WebSite","@id":"https:\/\/tec5.com\/de\/#website","url":"https:\/\/tec5.com\/de\/","name":"tec5","description":"Process Spectroscopy","publisher":{"@id":"https:\/\/tec5.com\/de\/#organization"},"potentialAction":[{"@type":"SearchAction","target":{"@type":"EntryPoint","urlTemplate":"https:\/\/tec5.com\/de\/?s={search_term_string}"},"query-input":{"@type":"PropertyValueSpecification","valueRequired":true,"valueName":"search_term_string"}}],"inLanguage":"de"},{"@type":"Organization","@id":"https:\/\/tec5.com\/de\/#organization","name":"tec5","url":"https:\/\/tec5.com\/de\/","logo":{"@type":"ImageObject","inLanguage":"de","@id":"https:\/\/tec5.com\/de\/#\/schema\/logo\/image\/","url":"https:\/\/tec5.com\/wp-content\/uploads\/2021\/01\/Teaser_tec5-2.png","contentUrl":"https:\/\/tec5.com\/wp-content\/uploads\/2021\/01\/Teaser_tec5-2.png","width":1159,"height":221,"caption":"tec5"},"image":{"@id":"https:\/\/tec5.com\/de\/#\/schema\/logo\/image\/"},"sameAs":["https:\/\/www.linkedin.com\/company\/tec5-ag\/"]}]}},"_links":{"self":[{"href":"https:\/\/tec5.com\/de\/wp-json\/wp\/v2\/pages\/6280","targetHints":{"allow":["GET"]}}],"collection":[{"href":"https:\/\/tec5.com\/de\/wp-json\/wp\/v2\/pages"}],"about":[{"href":"https:\/\/tec5.com\/de\/wp-json\/wp\/v2\/types\/page"}],"author":[{"embeddable":true,"href":"https:\/\/tec5.com\/de\/wp-json\/wp\/v2\/users\/10"}],"replies":[{"embeddable":true,"href":"https:\/\/tec5.com\/de\/wp-json\/wp\/v2\/comments?post=6280"}],"version-history":[{"count":41,"href":"https:\/\/tec5.com\/de\/wp-json\/wp\/v2\/pages\/6280\/revisions"}],"predecessor-version":[{"id":9834,"href":"https:\/\/tec5.com\/de\/wp-json\/wp\/v2\/pages\/6280\/revisions\/9834"}],"up":[{"embeddable":true,"href":"https:\/\/tec5.com\/de\/wp-json\/wp\/v2\/pages\/683"}],"wp:featuredmedia":[{"embeddable":true,"href":"https:\/\/tec5.com\/de\/wp-json\/wp\/v2\/media\/6602"}],"wp:attachment":[{"href":"https:\/\/tec5.com\/de\/wp-json\/wp\/v2\/media?parent=6280"}],"wp:term":[{"taxonomy":"post_tag","embeddable":true,"href":"https:\/\/tec5.com\/de\/wp-json\/wp\/v2\/tags?post=6280"}],"curies":[{"name":"wp","href":"https:\/\/api.w.org\/{rel}","templated":true}]}}