{"id":6284,"date":"2024-05-23T16:06:30","date_gmt":"2024-05-23T14:06:30","guid":{"rendered":"https:\/\/tec5.com\/?page_id=6284"},"modified":"2025-09-05T11:18:05","modified_gmt":"2025-09-05T09:18:05","slug":"progaze-sse","status":"publish","type":"page","link":"https:\/\/tec5.com\/de\/produkte\/progaze-sse\/","title":{"rendered":"PROGAZE SSE"},"content":{"rendered":"<div class=\"t5-pdfdownload-container\">\n<span class=\"t5-fileform-start\" style=\"text-align: center; width: 30% important!; display: inline-block; margin-bottom: 10px; margin-right: 5px;\" title=\"Download\"><span class=\"su-lightbox\" data-mfp-src=\"#t5-fileform\" data-mfp-type=\"inline\" data-mobile=\"yes\">\u2192 Produktbrosch\u00fcre (en)&nbsp; <i class=\"fa fa-file-pdf-o\" aria-hidden=\"true\"><\/i><\/span><\/span>\r\n<div class=\"su-lightbox-content su-u-trim  t5-fileform\" id=\"t5-fileform\" style=\"display:none;width:auto;min-width:none;max-width:600px;margin-top:40px;margin-bottom:40px;padding:40px;background:#FFFFFF;color:#333333;box-shadow:0px 0px 15px #333333;text-align:left\">\n<div class=\"wpcf7 no-js\" id=\"wpcf7-f8016-o1\" lang=\"de-DE\" dir=\"ltr\" data-wpcf7-id=\"8016\">\n<div class=\"screen-reader-response\"><p role=\"status\" aria-live=\"polite\" aria-atomic=\"true\"><\/p> <ul><\/ul><\/div>\n<form action=\"\/de\/wp-json\/wp\/v2\/pages\/6284#wpcf7-f8016-o1\" method=\"post\" class=\"wpcf7-form init\" aria-label=\"Kontaktformular\" novalidate=\"novalidate\" data-status=\"init\">\n<fieldset class=\"hidden-fields-container\"><input type=\"hidden\" name=\"_wpcf7\" value=\"8016\" \/><input type=\"hidden\" name=\"_wpcf7_version\" value=\"6.1.5\" \/><input type=\"hidden\" name=\"_wpcf7_locale\" value=\"de_DE\" \/><input type=\"hidden\" name=\"_wpcf7_unit_tag\" value=\"wpcf7-f8016-o1\" \/><input type=\"hidden\" name=\"_wpcf7_container_post\" value=\"0\" \/><input type=\"hidden\" name=\"_wpcf7_posted_data_hash\" value=\"\" \/><input type=\"hidden\" name=\"_wpcf7cf_hidden_group_fields\" value=\"[]\" \/><input type=\"hidden\" name=\"_wpcf7cf_hidden_groups\" value=\"[]\" \/><input type=\"hidden\" name=\"_wpcf7cf_visible_groups\" value=\"[]\" \/><input type=\"hidden\" name=\"_wpcf7cf_repeaters\" value=\"[]\" \/><input type=\"hidden\" name=\"_wpcf7cf_steps\" value=\"{}\" \/><input type=\"hidden\" name=\"_wpcf7cf_options\" value=\"{&quot;form_id&quot;:8016,&quot;conditions&quot;:[{&quot;then_field&quot;:&quot;group-dpa&quot;,&quot;and_rules&quot;:[{&quot;if_field&quot;:&quot;your-email&quot;,&quot;operator&quot;:&quot;not empty&quot;,&quot;if_value&quot;:&quot;&quot;}]},{&quot;then_field&quot;:&quot;-1&quot;,&quot;and_rules&quot;:[{&quot;if_field&quot;:&quot;datenschutzhinweis&quot;,&quot;operator&quot;:&quot;not empty&quot;,&quot;if_value&quot;:&quot;&quot;}]}],&quot;settings&quot;:{&quot;animation&quot;:&quot;yes&quot;,&quot;animation_intime&quot;:200,&quot;animation_outtime&quot;:200,&quot;conditions_ui&quot;:&quot;normal&quot;,&quot;notice_dismissed&quot;:false,&quot;notice_dismissed_update-cf7-6.1.2&quot;:true}}\" \/>\n<\/fieldset>\n<input class=\"wpcf7-form-control wpcf7-hidden\" value=\"https:\/\/tec5.com\/media\/docs\/en\/tec5_brochure_PROGAZE_SSE.pdf\" type=\"hidden\" name=\"download-url\" \/>\n<input class=\"wpcf7-form-control wpcf7-hidden\" value=\"\" type=\"hidden\" name=\"ls\" \/>\n<input class=\"wpcf7-form-control wpcf7-hidden\" value=\"\" type=\"hidden\" name=\"etcc_med\" \/>\n<input class=\"wpcf7-form-control wpcf7-hidden\" value=\"\" type=\"hidden\" name=\"etcc_par\" \/>\n<input class=\"wpcf7-form-control wpcf7-hidden\" value=\"\" type=\"hidden\" name=\"etcc_cmp\" \/>\n<input class=\"wpcf7-form-control wpcf7-hidden\" value=\"\" type=\"hidden\" name=\"etcc_bky\" \/>\n<input class=\"wpcf7-form-control wpcf7-hidden\" value=\"\" type=\"hidden\" name=\"page-url\" \/>\n<div class=\"wpcf7-response-output\" aria-hidden=\"true\"><\/div>\n<p><a href=\"#\" onclick=\"jQuery.magnificPopup.close(); return false;\"><br \/>\n<span class=\"showaftersubmit\">Sie k\u00f6nnen diesen Hinweis jetzt schlie\u00dfen.<\/span><\/a>\n<\/p>\n<div class=\"row hideaftersubmit\">\n\t<div class=\"col-lg-12 col-sm-12 t5-pdfform\">\n\t\t<p style=\"margin-bottom:5px;\">Bitte geben Sie Ihre E-Mailadresse an, um das Dokument anzufordern:\n\t\t<\/p>\n\t\t<p><span class=\"wpcf7-form-control-wrap\" data-name=\"your-email\"><input size=\"20\" maxlength=\"400\" class=\"wpcf7-form-control wpcf7-email wpcf7-validates-as-required wpcf7-text wpcf7-validates-as-email\" autocomplete=\"email\" aria-required=\"true\" aria-invalid=\"false\" placeholder=\"E-Mail*\" value=\"\" type=\"email\" name=\"your-email\" \/><\/span> &nbsp; <input class=\"wpcf7-form-control wpcf7-submit has-spinner\" type=\"submit\" value=\"Download\" \/>\n\t\t<\/p>\n\t<\/div>\n<\/div>\n<div data-id=\"group-dpa\" data-orig_data_id=\"group-dpa\"  class=\"\" data-class=\"wpcf7cf_group\">\n\t<div class=\"row hideaftersubmit\" style=\"margin-top:10px;\">\n\t\t<div class=\"col-lg-12 col-sm-12 t5-fileform-row\" style=\"margin-left:-7px;\" >\n\t\t\t<p><span class=\"wpcf7-form-control-wrap\" data-name=\"datenschutzhinweis\"><span class=\"wpcf7-form-control wpcf7-acceptance\"><span class=\"wpcf7-list-item\"><label><input type=\"checkbox\" name=\"datenschutzhinweis\" value=\"1\" aria-invalid=\"false\" \/><span class=\"wpcf7-list-item-label\"><a href=\"https:\/\/tec5.com\/de\/datenschutzhinweis\/\" target=\"_new\" class=\"t5-fileform-disclaimer\"> Ich stimme der Verarbeitung meiner Daten gem\u00e4\u00df der tec5 Datenschutzhinweise zu.<\/a> <\/span><\/span><\/label><\/span><\/span><\/span>\n\t\t\t<\/p>\n\t\t<\/div>\n\t<\/div>\n<\/div><input type='hidden' class='wpcf7-pum' value='{\"closepopup\":false,\"closedelay\":0,\"openpopup\":false,\"openpopup_id\":0}' \/>\n<\/form>\n<\/div>\n<\/div>\n<\/div>\n<p><img loading=\"lazy\" class=\"alignnone size-full wp-image-6508\" style=\"display: none;\" src=\"https:\/\/tec5.com\/wp-content\/uploads\/2024\/05\/pgSSE_300x600px.webp\" width=\"600\" height=\"300\" srcset=\"https:\/\/tec5.com\/wp-content\/uploads\/2024\/05\/pgSSE_300x600px.webp 600w, https:\/\/tec5.com\/wp-content\/uploads\/2024\/05\/pgSSE_300x600px-575x288.webp 575w\" sizes=\"auto, (max-width: 600px) 100vw, 600px\" \/><\/p>\n<h1 style=\"margin-top: -30px; font-size: 200%;\">PROGAZE <span style=\"font-size: 18pt;\"><em>SSE<\/em><\/span><\/h1>\n<p><strong>Smart Spectrometer Electronics for Advanced Sensor Operations.<\/strong><\/p>\n<p>Die Smart-Spectrometer-Electronics-Familie ist eine eigens auf die Erfordernisse von Diodenarray-Spektrometerherstellern zugeschnittene Plattform und bietet herausragende analoge und digitale Signalverarbeitungsfunktionen.<\/p>\n<p>Mit dem gro\u00dfen Funktionsumfang lassen sich durch einfache Parametrierung und ohne zus\u00e4tzlichen Entwicklungsaufwand verschiedenste Spektrometerkonzepte effizient verwirklichen, wobei viele M\u00f6glichkeiten bestehen, individuelle Merkmale und Funktionen hervorzuheben. Selbst Konzepte f\u00fcr intelligente Sensoren, also vollautonome Systeme mit vollst\u00e4ndig integrierter Datenanalyse, sind einfach realisierbar.<\/p>\n<p>&nbsp;<\/p>\n<h2>Schneller am Markt<\/h2>\n<p>Die umfangreichen Anpassungsm\u00f6glichkeiten nur \u00fcber Parametrierung erlauben eine rasche Markteinf\u00fchrung auch f\u00fcr sehr applikationsspezifische Umsetzungen auf Systemebene.<\/p>\n<div class=\"su-row d-md-flex\">\n<div class=\"su-column su-column-size-1-2\"><div class=\"su-column-inner su-u-clearfix su-u-trim\">\n<p><img loading=\"lazy\" class=\"alignnone wp-image-8727 size-full\" style=\"height: 50%;\" src=\"https:\/\/tec5.com\/wp-content\/uploads\/2025\/02\/PROGAZE_SSE_636x600px.webp?_t=1739869850\" alt=\"PROGAZE SSE Smarte Spektrometer Elektroniken\" width=\"636\" height=\"600\" srcset=\"https:\/\/tec5.com\/wp-content\/uploads\/2025\/02\/PROGAZE_SSE_636x600px.webp 636w, https:\/\/tec5.com\/wp-content\/uploads\/2025\/02\/PROGAZE_SSE_636x600px-575x542.webp 575w\" sizes=\"auto, (max-width: 636px) 100vw, 636px\" \/><\/p>\n<\/div><\/div>\n<div class=\"su-column su-column-size-1-2 d-md-flex align-items-center\"><div class=\"su-column-inner su-u-clearfix su-u-trim\">\n<p><img loading=\"lazy\" class=\"alignnone size-full wp-image-7012\" src=\"https:\/\/tec5.com\/wp-content\/uploads\/2024\/06\/pgb-sse-concept.png\" alt=\"PROGAZE SSE Concept\" width=\"640\" height=\"400\" srcset=\"https:\/\/tec5.com\/wp-content\/uploads\/2024\/06\/pgb-sse-concept.png 640w, https:\/\/tec5.com\/wp-content\/uploads\/2024\/06\/pgb-sse-concept-575x359.png 575w\" sizes=\"auto, (max-width: 640px) 100vw, 640px\" \/><\/p>\n<\/div><\/div>\n<\/div>\n<h2>Modulares Konzept<\/h2>\n<p>Das modulare Konzept mit den untereinander kompatiblen Baugruppen erlaubt eine funktions- und kostenoptimierte Zusammenstellung der jeweils ben\u00f6tigten Komponenten.<\/p>\n<p>Die Kommunikation der Komponenten untereinander bzw. deren Peripherie wird \u00fcber ein bereits vorhandenes internes Bussystem bewerkstelligt. Ablaufsteuerungen k\u00f6nnen somit zentral \u00fcber die Schnittstelle des Mainboards adressiert werden.<\/p>\n<p><img loading=\"lazy\" class=\"alignnone wp-image-7028 size-full\" style=\"border: 0px solid #f2f2f2; margin-bottom: 30px;\" src=\"https:\/\/tec5.com\/wp-content\/uploads\/2024\/06\/pgb-sse-mainfeatures.png?_t=1717515220\" alt=\"PROGAZE SSE Features\" width=\"1280\" height=\"400\" srcset=\"https:\/\/tec5.com\/wp-content\/uploads\/2024\/06\/pgb-sse-mainfeatures.png 1280w, https:\/\/tec5.com\/wp-content\/uploads\/2024\/06\/pgb-sse-mainfeatures-575x180.png 575w, https:\/\/tec5.com\/wp-content\/uploads\/2024\/06\/pgb-sse-mainfeatures-1024x320.png 1024w, https:\/\/tec5.com\/wp-content\/uploads\/2024\/06\/pgb-sse-mainfeatures-768x240.png 768w\" sizes=\"auto, (max-width: 1280px) 100vw, 1280px\" \/><\/p>\n<h2>Verf\u00fcgbare Boards<\/h2>\n<div class=\"su-row\">\n<div class=\"su-column su-column-size-1-2 d-md-flex align-items-center\"><div class=\"su-column-inner su-u-clearfix su-u-trim\">\n<h4 style=\"margin-bottom: 4px; margin-top: 20px;\"><a title=\"\u2192 Technische Details und Datenblatt\" href=\"https:\/\/tec5.com\/de\/produkte\/progaze-sse\/progaze-sse-mainboard\/\">Main Board<\/a> <span style=\"font-weight: normal;\">(MB)<\/span><\/h4>\n<p>Das Mainboard dient als wesentliches Steuerelement f\u00fcr alle anderen Module und erm\u00f6glicht eine umfassende Datenvorverarbeitung sowie -analyse. Die Anbindung an eine Maschinensteuerung oder einen PC kann wahlweise auf Protokollebene, \u00fcber SDKs oder die Modbus-Schnittstelle erfolgen. F\u00fcr mehrkanalige Systeme ist der parallele Echtzeitbetrieb von bis zu vier Sensorboards an einem Mainboard m\u00f6glich.<\/p>\n<h4 style=\"margin-bottom: 4px; margin-top: 20px;\"><a title=\"\u2192 Technische Details und Datenblatt\" href=\"https:\/\/tec5.com\/de\/produkte\/progaze-sse\/progaze-sse-sensorboards\/\">Sensor Boards<\/a> <span style=\"font-weight: normal;\">(SB)<\/span><\/h4>\n<p>Es stehen verschiedene jeweils angepasste Sensor Boards f\u00fcr alle g\u00e4ngigen Detektoren zur Verf\u00fcgung. Die A\/D-Wandlung erfolgt zur Erh\u00f6hung der St\u00f6r\u00adsicher\u00adheit sehr nah am Detektor und erlaubt eine Wandlungstiefe von bis zu 24 bit.<\/p>\n<h4 style=\"margin-bottom: 4px; margin-top: 20px;\">Temperature Control Board <span style=\"font-weight: normal;\">(TCB)<\/span><\/h4>\n<p>F\u00fcr den Betrieb von thermoelektrisch stabilisierten Detektoren steht optional das Temperature Control Board zur Verf\u00fcgung.<\/p>\n<h4 style=\"margin-bottom: 4px; margin-top: 20px;\">Light Control Board <span style=\"font-weight: normal;\">(LCB)<\/span><\/h4>\n<p>Die optionale Light Control Board erm\u00f6glicht die aktive Steuerung von Wolfram-Halogen-, Deuterium-, Xe-Blitz- oder Laser-Lichtquellen sowie etwaig weiterer Peripherie.<\/p>\n<h4 style=\"margin-bottom: 4px; margin-top: 20px;\">Power Supply Board <span style=\"font-weight: normal;\">(PSB)<\/span><\/h4>\n<p>Verschiedene Power Supply Boards sowohl f\u00fcr 10-30 VDC als auch 110-240 VAC gew\u00e4hrleisten eine stabilisierte und gefilterte Stromversorgung des Systems unabh\u00e4ngig von der Qualit\u00e4t der Eingangsspannung.<\/p>\n<\/div><\/div>\n<div class=\"su-column su-column-size-1-2\"><div class=\"su-column-inner su-u-clearfix su-u-trim\">\n<p>&nbsp;<\/p>\n<p><img loading=\"lazy\" class=\"alignnone wp-image-8730 size-full\" src=\"https:\/\/tec5.com\/wp-content\/uploads\/2025\/02\/PROGAZE_SSE_stack_636x600px.webp?_t=1739869894\" alt=\"PROGAZE SSE Smarte Spektrometer Elektroniken - Stack\" width=\"636\" height=\"600\" srcset=\"https:\/\/tec5.com\/wp-content\/uploads\/2025\/02\/PROGAZE_SSE_stack_636x600px.webp 636w, https:\/\/tec5.com\/wp-content\/uploads\/2025\/02\/PROGAZE_SSE_stack_636x600px-575x542.webp 575w\" sizes=\"auto, (max-width: 636px) 100vw, 636px\" \/><\/p>\n<\/div><\/div>\n<\/div>\n<hr style=\"margin-top: 0px; margin-bottom: 60px;\" \/>\n<h2>Highlights<\/h2>\n<div class=\"su-row\">\n<div class=\"su-column su-column-size-1-2\"><div class=\"su-column-inner su-u-clearfix su-u-trim\">\n<h3><strong>Smart-Funktion<\/strong><\/h3>\n<p>Die Elektronik ist vorbereitet f\u00fcr vorausschauende Wartungsroutinen und Selbstdiagnose, eine Grundvoraussetzung f\u00fcr vollautonome Smarte Sensoren. Hierzu bietet das Mainboard die M\u00f6glichkeit, Betriebsdaten zu erfassen, auszuwerten und \u00fcber die Schnittstelle zu \u00fcbermitteln.<\/p>\n<p>Es bestehen komfortable Anschlussm\u00f6glichkeiten f\u00fcr externe Sensoren f\u00fcr die Erfassung von z.B. Druck oder Temperatur am Messort. \u00dcber die eigentlichen Spektraldaten hinaus k\u00f6nnen damit probenbezogene Informationen f\u00fcr eine erweiterte Datenevaluierung herangezogen werden. Zudem k\u00f6nnen weitere Sensoren f\u00fcr die ger\u00e4teinterne Zustands\u00fcberwachung \u00fcber vorbereitete Steckverbinder leicht angeschlossen werden.<\/p>\n<p>Mit dem Linux-f\u00e4higen Mikroprozessor (SoC) stehen dem Anwender M\u00f6glichkeiten f\u00fcr eine leicht zug\u00e4ngliche on-board Datenanalyse zur Verf\u00fcgung. Neben kommerziell erh\u00e4ltlichen Prediction Engines sind auch Skripte (Python, R etc.) f\u00fcr die multivariate Datenanalyse oder f\u00fcr neuronale Netze lauff\u00e4hig.<\/p>\n<\/div><\/div>\n<div class=\"su-column su-column-size-1-2\"><div class=\"su-column-inner su-u-clearfix su-u-trim\">\n<h3><strong>Datenaufnahme und -verarbeitung<\/strong><\/h3>\n<p>Mit der variablen Wandlungstiefe von 16 bis 24 bit ist die Datenrate skalierbar, womit das System anforderungsbezogen entweder hinsichtlich Geschwindigkeit oder Signalaufl\u00f6sung optimiert werden kann.<\/p>\n<p>Hinsichtlich Leistungsdaten wie Dynamik, S\/N-Verh\u00e4ltnis und Stabilit\u00e4t entspricht die Elektronik dem neuesten Stand der Technik.<\/p>\n<p>&nbsp;<\/p>\n<div class=\"sue-icon-text\" data-url=\"\" data-target=\"self\" style=\"min-height:45px;padding-left:53px;color:#333333\"><div class=\"sue-icon-text-icon\" style=\"color:#354996;font-size:35px;width:35px;height:35px\"><i class=\"sui sui-info-circle\" style=\"font-size:35px;color:#354996\"><\/i><\/div><div class=\"sue-icon-text-content su-u-trim\" style=\"color:#333333\">\r\n<p style=\"color:#354996; margin-bottom:3px;\">\r\n\tM\u00f6chten Sie mehr \u00fcber PROGAZE SSE erfahren?<\/p>\r\n    <a href=\"https:\/\/tec5.com\/de\/unternehmen\/Kontakt\/\" data-auto-event-observed=\"true\">Sprechen Sie uns an <\/a>\u00a0oder besuchen Sie unsere <a href=\"https:\/\/tec5.com\/en\/dialog\/progaze-webinar\/\" data-auto-event-observed=\"true\">kostenfreie Webinare<\/a>.\r\n<\/div><div style=\"clear:both;height:0\"><\/div><\/div>\n<\/div><\/div>\n<\/div>\n","protected":false},"excerpt":{"rendered":"<p>PROGAZE SSE Smart Spectrometer Electronics for Advanced Sensor Operations. Die Smart-Spectrometer-Electronics-Familie ist eine eigens auf die Erfordernisse von Diodenarray-Spektrometerherstellern zugeschnittene Plattform und bietet herausragende analoge und digitale Signalverarbeitungsfunktionen. Mit dem gro\u00dfen Funktionsumfang lassen sich durch einfache Parametrierung und ohne zus\u00e4tzlichen Entwicklungsaufwand verschiedenste Spektrometerkonzepte effizient verwirklichen, wobei viele M\u00f6glichkeiten bestehen, individuelle Merkmale und Funktionen hervorzuheben. Selbst [&hellip;]<\/p>\n","protected":false},"author":10,"featured_media":6602,"parent":683,"menu_order":1,"comment_status":"closed","ping_status":"closed","template":"","meta":{"_acf_changed":false,"footnotes":""},"tags":[148,145,142,146,143,144],"class_list":["post-6284","page","type-page","status-publish","has-post-thumbnail","hentry","tag-komponenten","tag-nir","tag-progaze-productline","tag-raman","tag-uv","tag-vis"],"acf":[],"yoast_head":"<!-- This site is optimized with the Yoast SEO plugin v27.4 - https:\/\/yoast.com\/product\/yoast-seo-wordpress\/ -->\n<title>Spektrometer-Elektronik: PROGAZE SSE<\/title>\n<meta name=\"description\" content=\"Smarte Spektrometer-Elektronik f\u00fcr erweiterten Sensorbetrieb\" \/>\n<meta name=\"robots\" content=\"index, follow, max-snippet:-1, max-image-preview:large, max-video-preview:-1\" \/>\n<link rel=\"canonical\" href=\"https:\/\/tec5.com\/de\/produkte\/progaze-sse\/\" \/>\n<meta property=\"og:locale\" content=\"de_DE\" \/>\n<meta property=\"og:type\" content=\"article\" \/>\n<meta property=\"og:title\" content=\"Spektrometer-Elektronik: PROGAZE SSE\" \/>\n<meta property=\"og:description\" content=\"Smarte Spektrometer-Elektronik f\u00fcr erweiterten Sensorbetrieb\" \/>\n<meta property=\"og:url\" content=\"https:\/\/tec5.com\/de\/produkte\/progaze-sse\/\" \/>\n<meta property=\"og:site_name\" content=\"tec5\" \/>\n<meta property=\"article:modified_time\" content=\"2025-09-05T09:18:05+00:00\" \/>\n<meta property=\"og:image\" content=\"https:\/\/tec5.com\/wp-content\/uploads\/2024\/05\/Header2blau_Halle_Rohre_1280x200px.webp?_t=1760372830\" \/>\n\t<meta property=\"og:image:width\" content=\"1280\" \/>\n\t<meta property=\"og:image:height\" content=\"200\" \/>\n\t<meta property=\"og:image:type\" content=\"image\/webp\" \/>\n<meta name=\"twitter:card\" content=\"summary_large_image\" \/>\n<meta name=\"twitter:label1\" content=\"Gesch\u00e4tzte Lesezeit\" \/>\n\t<meta name=\"twitter:data1\" content=\"5\u00a0Minuten\" \/>\n<script type=\"application\/ld+json\" class=\"yoast-schema-graph\">{\"@context\":\"https:\\\/\\\/schema.org\",\"@graph\":[{\"@type\":\"WebPage\",\"@id\":\"https:\\\/\\\/tec5.com\\\/de\\\/produkte\\\/progaze-sse\\\/\",\"url\":\"https:\\\/\\\/tec5.com\\\/de\\\/produkte\\\/progaze-sse\\\/\",\"name\":\"Spektrometer-Elektronik: PROGAZE SSE\",\"isPartOf\":{\"@id\":\"https:\\\/\\\/tec5.com\\\/de\\\/#website\"},\"primaryImageOfPage\":{\"@id\":\"https:\\\/\\\/tec5.com\\\/de\\\/produkte\\\/progaze-sse\\\/#primaryimage\"},\"image\":{\"@id\":\"https:\\\/\\\/tec5.com\\\/de\\\/produkte\\\/progaze-sse\\\/#primaryimage\"},\"thumbnailUrl\":\"https:\\\/\\\/tec5.com\\\/wp-content\\\/uploads\\\/2024\\\/05\\\/Header2blau_Halle_Rohre_1280x200px.webp\",\"datePublished\":\"2024-05-23T14:06:30+00:00\",\"dateModified\":\"2025-09-05T09:18:05+00:00\",\"description\":\"Smarte Spektrometer-Elektronik f\u00fcr erweiterten Sensorbetrieb\",\"breadcrumb\":{\"@id\":\"https:\\\/\\\/tec5.com\\\/de\\\/produkte\\\/progaze-sse\\\/#breadcrumb\"},\"inLanguage\":\"de\",\"potentialAction\":[{\"@type\":\"ReadAction\",\"target\":[\"https:\\\/\\\/tec5.com\\\/de\\\/produkte\\\/progaze-sse\\\/\"]}]},{\"@type\":\"ImageObject\",\"inLanguage\":\"de\",\"@id\":\"https:\\\/\\\/tec5.com\\\/de\\\/produkte\\\/progaze-sse\\\/#primaryimage\",\"url\":\"https:\\\/\\\/tec5.com\\\/wp-content\\\/uploads\\\/2024\\\/05\\\/Header2blau_Halle_Rohre_1280x200px.webp\",\"contentUrl\":\"https:\\\/\\\/tec5.com\\\/wp-content\\\/uploads\\\/2024\\\/05\\\/Header2blau_Halle_Rohre_1280x200px.webp\",\"width\":1280,\"height\":200},{\"@type\":\"BreadcrumbList\",\"@id\":\"https:\\\/\\\/tec5.com\\\/de\\\/produkte\\\/progaze-sse\\\/#breadcrumb\",\"itemListElement\":[{\"@type\":\"ListItem\",\"position\":1,\"name\":\"Startseite\",\"item\":\"https:\\\/\\\/tec5.com\\\/de\\\/\"},{\"@type\":\"ListItem\",\"position\":2,\"name\":\"Produkte\",\"item\":\"https:\\\/\\\/tec5.com\\\/de\\\/produkte\\\/\"},{\"@type\":\"ListItem\",\"position\":3,\"name\":\"PROGAZE SSE\"}]},{\"@type\":\"WebSite\",\"@id\":\"https:\\\/\\\/tec5.com\\\/de\\\/#website\",\"url\":\"https:\\\/\\\/tec5.com\\\/de\\\/\",\"name\":\"tec5\",\"description\":\"Process Spectroscopy\",\"publisher\":{\"@id\":\"https:\\\/\\\/tec5.com\\\/de\\\/#organization\"},\"potentialAction\":[{\"@type\":\"SearchAction\",\"target\":{\"@type\":\"EntryPoint\",\"urlTemplate\":\"https:\\\/\\\/tec5.com\\\/de\\\/?s={search_term_string}\"},\"query-input\":{\"@type\":\"PropertyValueSpecification\",\"valueRequired\":true,\"valueName\":\"search_term_string\"}}],\"inLanguage\":\"de\"},{\"@type\":\"Organization\",\"@id\":\"https:\\\/\\\/tec5.com\\\/de\\\/#organization\",\"name\":\"tec5\",\"url\":\"https:\\\/\\\/tec5.com\\\/de\\\/\",\"logo\":{\"@type\":\"ImageObject\",\"inLanguage\":\"de\",\"@id\":\"https:\\\/\\\/tec5.com\\\/de\\\/#\\\/schema\\\/logo\\\/image\\\/\",\"url\":\"https:\\\/\\\/tec5.com\\\/wp-content\\\/uploads\\\/2021\\\/01\\\/Teaser_tec5-2.png\",\"contentUrl\":\"https:\\\/\\\/tec5.com\\\/wp-content\\\/uploads\\\/2021\\\/01\\\/Teaser_tec5-2.png\",\"width\":1159,\"height\":221,\"caption\":\"tec5\"},\"image\":{\"@id\":\"https:\\\/\\\/tec5.com\\\/de\\\/#\\\/schema\\\/logo\\\/image\\\/\"},\"sameAs\":[\"https:\\\/\\\/www.linkedin.com\\\/company\\\/tec5-ag\\\/\"]}]}<\/script>\n<!-- \/ Yoast SEO plugin. -->","yoast_head_json":{"title":"Spektrometer-Elektronik: PROGAZE SSE","description":"Smarte Spektrometer-Elektronik f\u00fcr erweiterten Sensorbetrieb","robots":{"index":"index","follow":"follow","max-snippet":"max-snippet:-1","max-image-preview":"max-image-preview:large","max-video-preview":"max-video-preview:-1"},"canonical":"https:\/\/tec5.com\/de\/produkte\/progaze-sse\/","og_locale":"de_DE","og_type":"article","og_title":"Spektrometer-Elektronik: PROGAZE SSE","og_description":"Smarte Spektrometer-Elektronik f\u00fcr erweiterten Sensorbetrieb","og_url":"https:\/\/tec5.com\/de\/produkte\/progaze-sse\/","og_site_name":"tec5","article_modified_time":"2025-09-05T09:18:05+00:00","og_image":[{"width":1280,"height":200,"url":"https:\/\/tec5.com\/wp-content\/uploads\/2024\/05\/Header2blau_Halle_Rohre_1280x200px.webp?_t=1760372830","type":"image\/webp"}],"twitter_card":"summary_large_image","twitter_misc":{"Gesch\u00e4tzte Lesezeit":"5\u00a0Minuten"},"schema":{"@context":"https:\/\/schema.org","@graph":[{"@type":"WebPage","@id":"https:\/\/tec5.com\/de\/produkte\/progaze-sse\/","url":"https:\/\/tec5.com\/de\/produkte\/progaze-sse\/","name":"Spektrometer-Elektronik: PROGAZE SSE","isPartOf":{"@id":"https:\/\/tec5.com\/de\/#website"},"primaryImageOfPage":{"@id":"https:\/\/tec5.com\/de\/produkte\/progaze-sse\/#primaryimage"},"image":{"@id":"https:\/\/tec5.com\/de\/produkte\/progaze-sse\/#primaryimage"},"thumbnailUrl":"https:\/\/tec5.com\/wp-content\/uploads\/2024\/05\/Header2blau_Halle_Rohre_1280x200px.webp","datePublished":"2024-05-23T14:06:30+00:00","dateModified":"2025-09-05T09:18:05+00:00","description":"Smarte Spektrometer-Elektronik f\u00fcr erweiterten Sensorbetrieb","breadcrumb":{"@id":"https:\/\/tec5.com\/de\/produkte\/progaze-sse\/#breadcrumb"},"inLanguage":"de","potentialAction":[{"@type":"ReadAction","target":["https:\/\/tec5.com\/de\/produkte\/progaze-sse\/"]}]},{"@type":"ImageObject","inLanguage":"de","@id":"https:\/\/tec5.com\/de\/produkte\/progaze-sse\/#primaryimage","url":"https:\/\/tec5.com\/wp-content\/uploads\/2024\/05\/Header2blau_Halle_Rohre_1280x200px.webp","contentUrl":"https:\/\/tec5.com\/wp-content\/uploads\/2024\/05\/Header2blau_Halle_Rohre_1280x200px.webp","width":1280,"height":200},{"@type":"BreadcrumbList","@id":"https:\/\/tec5.com\/de\/produkte\/progaze-sse\/#breadcrumb","itemListElement":[{"@type":"ListItem","position":1,"name":"Startseite","item":"https:\/\/tec5.com\/de\/"},{"@type":"ListItem","position":2,"name":"Produkte","item":"https:\/\/tec5.com\/de\/produkte\/"},{"@type":"ListItem","position":3,"name":"PROGAZE SSE"}]},{"@type":"WebSite","@id":"https:\/\/tec5.com\/de\/#website","url":"https:\/\/tec5.com\/de\/","name":"tec5","description":"Process Spectroscopy","publisher":{"@id":"https:\/\/tec5.com\/de\/#organization"},"potentialAction":[{"@type":"SearchAction","target":{"@type":"EntryPoint","urlTemplate":"https:\/\/tec5.com\/de\/?s={search_term_string}"},"query-input":{"@type":"PropertyValueSpecification","valueRequired":true,"valueName":"search_term_string"}}],"inLanguage":"de"},{"@type":"Organization","@id":"https:\/\/tec5.com\/de\/#organization","name":"tec5","url":"https:\/\/tec5.com\/de\/","logo":{"@type":"ImageObject","inLanguage":"de","@id":"https:\/\/tec5.com\/de\/#\/schema\/logo\/image\/","url":"https:\/\/tec5.com\/wp-content\/uploads\/2021\/01\/Teaser_tec5-2.png","contentUrl":"https:\/\/tec5.com\/wp-content\/uploads\/2021\/01\/Teaser_tec5-2.png","width":1159,"height":221,"caption":"tec5"},"image":{"@id":"https:\/\/tec5.com\/de\/#\/schema\/logo\/image\/"},"sameAs":["https:\/\/www.linkedin.com\/company\/tec5-ag\/"]}]}},"_links":{"self":[{"href":"https:\/\/tec5.com\/de\/wp-json\/wp\/v2\/pages\/6284","targetHints":{"allow":["GET"]}}],"collection":[{"href":"https:\/\/tec5.com\/de\/wp-json\/wp\/v2\/pages"}],"about":[{"href":"https:\/\/tec5.com\/de\/wp-json\/wp\/v2\/types\/page"}],"author":[{"embeddable":true,"href":"https:\/\/tec5.com\/de\/wp-json\/wp\/v2\/users\/10"}],"replies":[{"embeddable":true,"href":"https:\/\/tec5.com\/de\/wp-json\/wp\/v2\/comments?post=6284"}],"version-history":[{"count":21,"href":"https:\/\/tec5.com\/de\/wp-json\/wp\/v2\/pages\/6284\/revisions"}],"predecessor-version":[{"id":9796,"href":"https:\/\/tec5.com\/de\/wp-json\/wp\/v2\/pages\/6284\/revisions\/9796"}],"up":[{"embeddable":true,"href":"https:\/\/tec5.com\/de\/wp-json\/wp\/v2\/pages\/683"}],"wp:featuredmedia":[{"embeddable":true,"href":"https:\/\/tec5.com\/de\/wp-json\/wp\/v2\/media\/6602"}],"wp:attachment":[{"href":"https:\/\/tec5.com\/de\/wp-json\/wp\/v2\/media?parent=6284"}],"wp:term":[{"taxonomy":"post_tag","embeddable":true,"href":"https:\/\/tec5.com\/de\/wp-json\/wp\/v2\/tags?post=6284"}],"curies":[{"name":"wp","href":"https:\/\/api.w.org\/{rel}","templated":true}]}}