{"id":6330,"date":"2024-05-24T11:56:12","date_gmt":"2024-05-24T09:56:12","guid":{"rendered":"https:\/\/tec5.com\/?page_id=6330"},"modified":"2025-02-18T11:19:06","modified_gmt":"2025-02-18T10:19:06","slug":"progaze-41","status":"publish","type":"page","link":"https:\/\/tec5.com\/de\/produkte\/progaze-probes\/progaze-41\/","title":{"rendered":"PROGAZE 41: Raman Tauchsonde f\u00fcr Prozess-Spektroskopie"},"content":{"rendered":"<div class=\"row\">\n<div class=\"col-lg-4\">\n<p><img loading=\"lazy\" class=\"alignnone wp-image-8759 size-full\" src=\"https:\/\/tec5.com\/wp-content\/uploads\/2025\/02\/PROGAZE_41_Raman_immersible_probe_636x300px.webp\" alt=\"PROGAZE 41 - Raman Tauchsonde f\u00fcr Prozessspektroskopie\" width=\"636\" height=\"300\" srcset=\"https:\/\/tec5.com\/wp-content\/uploads\/2025\/02\/PROGAZE_41_Raman_immersible_probe_636x300px.webp 636w, https:\/\/tec5.com\/wp-content\/uploads\/2025\/02\/PROGAZE_41_Raman_immersible_probe_636x300px-575x271.webp 575w\" sizes=\"auto, (max-width: 636px) 100vw, 636px\" \/>\n<\/div>\n<div class=\"col-lg-8\">\n<h1>PROGAZE 41 \u2013 <strong>Raman Tauchsonde<\/strong><\/h1>\n<p><strong>Die Raman-Tauchsonde PROGAZE 41 ist eine fasergekoppelte Sonde f\u00fcr Messungen direkt im Prozess. Durch ihre hohe Empfindlichkeit ist eine zuverl\u00e4ssige und schnelle Datenerfassung auch unter anspruchsvollen Einsatzbedingungen gew\u00e4hrleistet. Die kontinuierliche \u00dcberwachung von Medien, beispielsweise in Reaktoren oder in Rohrleitungen, sind typische Anwendungen f\u00fcr diesen Sondentyp.<\/strong><\/p>\n<p>Die PROGAZE 41 Sonde l\u00e4sst sich dank SMA 905 Anschluss sehr einfach mit allen g\u00e4ngigen Raman-Spektrometersystemen verbinden und betreiben. Die integrierte Interlock-Schaltung unterst\u00fctzt die Implementierung von Laserschutzfunktionen.<\/p>\n<p>F\u00fcr die unkomplizierte Anbindung an den Prozess steht eine Auswahl an Standardflanschen zur Verf\u00fcgung.<\/p>\n<p>Verschiedene Wechseladapter bieten die M\u00f6glichkeit, die Sonde auszutauschen oder die Messposition zu \u00e4ndern \u2013 auch unter sterilen Bedingungen.<\/p>\n<span class=\"t5-fileform-start\" style=\"text-align: center; width: 30% important!; display: inline-block; margin-bottom: 10px; margin-right: 5px;\" title=\"Download\"><span class=\"su-lightbox\" data-mfp-src=\"#t5-fileform\" data-mfp-type=\"inline\" data-mobile=\"yes\">Datenblatt&nbsp; <i class=\"fa fa-file-pdf-o\" aria-hidden=\"true\"><\/i><\/span><\/span>\r\n<div class=\"su-lightbox-content su-u-trim  t5-fileform\" id=\"t5-fileform\" style=\"display:none;width:auto;min-width:none;max-width:600px;margin-top:40px;margin-bottom:40px;padding:40px;background:#FFFFFF;color:#333333;box-shadow:0px 0px 15px #333333;text-align:left\">\n<div class=\"wpcf7 no-js\" id=\"wpcf7-f8016-o1\" lang=\"de-DE\" dir=\"ltr\" data-wpcf7-id=\"8016\">\n<div class=\"screen-reader-response\"><p role=\"status\" aria-live=\"polite\" aria-atomic=\"true\"><\/p> <ul><\/ul><\/div>\n<form action=\"\/de\/wp-json\/wp\/v2\/pages\/6330#wpcf7-f8016-o1\" method=\"post\" class=\"wpcf7-form init\" aria-label=\"Kontaktformular\" novalidate=\"novalidate\" data-status=\"init\">\n<fieldset class=\"hidden-fields-container\"><input type=\"hidden\" name=\"_wpcf7\" value=\"8016\" \/><input type=\"hidden\" name=\"_wpcf7_version\" value=\"6.1.5\" \/><input type=\"hidden\" name=\"_wpcf7_locale\" value=\"de_DE\" \/><input type=\"hidden\" name=\"_wpcf7_unit_tag\" value=\"wpcf7-f8016-o1\" \/><input type=\"hidden\" name=\"_wpcf7_container_post\" value=\"0\" \/><input type=\"hidden\" name=\"_wpcf7_posted_data_hash\" value=\"\" \/><input type=\"hidden\" name=\"_wpcf7cf_hidden_group_fields\" value=\"[]\" \/><input type=\"hidden\" name=\"_wpcf7cf_hidden_groups\" value=\"[]\" \/><input type=\"hidden\" name=\"_wpcf7cf_visible_groups\" value=\"[]\" \/><input type=\"hidden\" name=\"_wpcf7cf_repeaters\" value=\"[]\" \/><input type=\"hidden\" name=\"_wpcf7cf_steps\" value=\"{}\" \/><input type=\"hidden\" name=\"_wpcf7cf_options\" value=\"{&quot;form_id&quot;:8016,&quot;conditions&quot;:[{&quot;then_field&quot;:&quot;group-dpa&quot;,&quot;and_rules&quot;:[{&quot;if_field&quot;:&quot;your-email&quot;,&quot;operator&quot;:&quot;not empty&quot;,&quot;if_value&quot;:&quot;&quot;}]},{&quot;then_field&quot;:&quot;-1&quot;,&quot;and_rules&quot;:[{&quot;if_field&quot;:&quot;datenschutzhinweis&quot;,&quot;operator&quot;:&quot;not empty&quot;,&quot;if_value&quot;:&quot;&quot;}]}],&quot;settings&quot;:{&quot;animation&quot;:&quot;yes&quot;,&quot;animation_intime&quot;:200,&quot;animation_outtime&quot;:200,&quot;conditions_ui&quot;:&quot;normal&quot;,&quot;notice_dismissed&quot;:false,&quot;notice_dismissed_update-cf7-6.1.2&quot;:true}}\" \/>\n<\/fieldset>\n<input class=\"wpcf7-form-control wpcf7-hidden\" value=\"https:\/\/tec5.com\/media\/docs\/en\/tec5_datasheet_PROGAZE41_Raman_Immersible_Probe.pdf\" type=\"hidden\" name=\"download-url\" \/>\n<input class=\"wpcf7-form-control wpcf7-hidden\" value=\"\" type=\"hidden\" name=\"ls\" \/>\n<input class=\"wpcf7-form-control wpcf7-hidden\" value=\"\" type=\"hidden\" name=\"etcc_med\" \/>\n<input class=\"wpcf7-form-control wpcf7-hidden\" value=\"\" type=\"hidden\" name=\"etcc_par\" \/>\n<input class=\"wpcf7-form-control wpcf7-hidden\" value=\"\" type=\"hidden\" name=\"etcc_cmp\" \/>\n<input class=\"wpcf7-form-control wpcf7-hidden\" value=\"\" type=\"hidden\" name=\"etcc_bky\" \/>\n<input class=\"wpcf7-form-control wpcf7-hidden\" value=\"\" type=\"hidden\" name=\"page-url\" \/>\n<div class=\"wpcf7-response-output\" aria-hidden=\"true\"><\/div>\n<p><a href=\"#\" onclick=\"jQuery.magnificPopup.close(); return false;\"><br \/>\n<span class=\"showaftersubmit\">Sie k\u00f6nnen diesen Hinweis jetzt schlie\u00dfen.<\/span><\/a>\n<\/p>\n<div class=\"row hideaftersubmit\">\n\t<div class=\"col-lg-12 col-sm-12 t5-pdfform\">\n\t\t<p style=\"margin-bottom:5px;\">Bitte geben Sie Ihre E-Mailadresse an, um das Dokument anzufordern:\n\t\t<\/p>\n\t\t<p><span class=\"wpcf7-form-control-wrap\" data-name=\"your-email\"><input size=\"20\" maxlength=\"400\" class=\"wpcf7-form-control wpcf7-email wpcf7-validates-as-required wpcf7-text wpcf7-validates-as-email\" autocomplete=\"email\" aria-required=\"true\" aria-invalid=\"false\" placeholder=\"E-Mail*\" value=\"\" type=\"email\" name=\"your-email\" \/><\/span> &nbsp; <input class=\"wpcf7-form-control wpcf7-submit has-spinner\" type=\"submit\" value=\"Download\" \/>\n\t\t<\/p>\n\t<\/div>\n<\/div>\n<div data-id=\"group-dpa\" data-orig_data_id=\"group-dpa\"  class=\"\" data-class=\"wpcf7cf_group\">\n\t<div class=\"row hideaftersubmit\" style=\"margin-top:10px;\">\n\t\t<div class=\"col-lg-12 col-sm-12 t5-fileform-row\" style=\"margin-left:-7px;\" >\n\t\t\t<p><span class=\"wpcf7-form-control-wrap\" data-name=\"datenschutzhinweis\"><span class=\"wpcf7-form-control wpcf7-acceptance\"><span class=\"wpcf7-list-item\"><label><input type=\"checkbox\" name=\"datenschutzhinweis\" value=\"1\" aria-invalid=\"false\" \/><span class=\"wpcf7-list-item-label\"><a href=\"https:\/\/tec5.com\/de\/datenschutzhinweis\/\" target=\"_new\" class=\"t5-fileform-disclaimer\"> Ich stimme der Verarbeitung meiner Daten gem\u00e4\u00df der tec5 Datenschutzhinweise zu.<\/a> <\/span><\/span><\/label><\/span><\/span><\/span>\n\t\t\t<\/p>\n\t\t<\/div>\n\t<\/div>\n<\/div><input type='hidden' class='wpcf7-pum' value='{\"closepopup\":false,\"closedelay\":0,\"openpopup\":false,\"openpopup_id\":0}' \/>\n<\/form>\n<\/div>\n<\/div>\n<\/div>\n<\/div>\n<h2>Technische Daten<sup style=\"font-weight: normal;\">1<\/sup> <span style=\"font-weight: normal; font-size: 80%;\">(Auszug)<\/span><\/h2>\n<div class=\"su-table su-table-responsive su-table-alternate su-table-fixed\">\n<table>\n<tbody>\n<tr>\n<td style=\"width: 33% %\"><strong>Spectroscopic Method\u00a0<\/strong><\/td>\n<td style=\"width: 67%\"><a href=\"https:\/\/tec5.com\/en\/raman-process-spectroscopy\/\">Raman<\/a> spectroscopy<\/td>\n<\/tr>\n<tr>\n<td><strong>Measurement Type<\/strong><\/td>\n<td>Scattering<\/td>\n<\/tr>\n<tr>\n<td><strong>Sampling Type<\/strong><\/td>\n<td>Immersion<\/td>\n<\/tr>\n<tr>\n<td><strong>Excitation Wavelength<\/strong><\/td>\n<td>785 nm<\/td>\n<\/tr>\n<tr>\n<td><strong>Wavelength Range<\/strong><\/td>\n<td>150 &#8211; 3500 cm<sup>-1<\/sup><\/td>\n<\/tr>\n<tr>\n<td><strong>&#8230;<\/strong><\/td>\n<td>&#8230;<\/td>\n<\/tr>\n<tr>\n<td><strong>Dimensions (W x H x D)<\/strong><\/td>\n<td>PG 13.5: Approx. 74 mm x 462 mm x 50 mm<br \/>\nIngold G 1 \u00bc inch: Approx. 74 mm x 277 mm x 50 mm<\/td>\n<\/tr>\n<tr>\n<td><strong>Weight<\/strong><\/td>\n<td>PG 13.5: Approx. 1.6 kg<br \/>\nIngold G 1 \u00bc inch: Approx. 1.9 kg<\/td>\n<\/tr>\n<\/tbody>\n<\/table>\n<\/div>\n<p style=\"margin-top: 20px; color: #7a7a7a; text-align: right;\"><sup>1 <\/sup>Anpassungen und kundenspezifische Varianten auf Anfrage. <strong>Vollst\u00e4ndige Spezifikationen siehe Datenblatt.<\/strong><\/p>\n","protected":false},"excerpt":{"rendered":"<p>PROGAZE 41 \u2013 Raman Tauchsonde Die Raman-Tauchsonde PROGAZE 41 ist eine fasergekoppelte Sonde f\u00fcr Messungen direkt im Prozess. Durch ihre hohe Empfindlichkeit ist eine zuverl\u00e4ssige und schnelle Datenerfassung auch unter anspruchsvollen Einsatzbedingungen gew\u00e4hrleistet. Die kontinuierliche \u00dcberwachung von Medien, beispielsweise in Reaktoren oder in Rohrleitungen, sind typische Anwendungen f\u00fcr diesen Sondentyp. Die PROGAZE 41 Sonde l\u00e4sst [&hellip;]<\/p>\n","protected":false},"author":10,"featured_media":6602,"parent":6257,"menu_order":1,"comment_status":"closed","ping_status":"closed","template":"","meta":{"_acf_changed":false,"footnotes":""},"tags":[168,146],"class_list":["post-6330","page","type-page","status-publish","has-post-thumbnail","hentry","tag-probes-2","tag-raman"],"acf":[],"yoast_head":"<!-- This site is optimized with the Yoast SEO plugin v27.4 - https:\/\/yoast.com\/product\/yoast-seo-wordpress\/ -->\n<title>Raman-Tauchsonde f\u00fcr Prozess-Spektroskopie | tec5<\/title>\n<meta name=\"description\" content=\"Fasergekoppelte Raman-Tauchsonde f\u00fcr Messungen direkt im Prozess (z.B. Reaktoren, Rohrleitungen) \u2013 auch in anspruchsvollen Umgebungen.\" \/>\n<meta name=\"robots\" content=\"index, follow, max-snippet:-1, max-image-preview:large, max-video-preview:-1\" \/>\n<link rel=\"canonical\" href=\"https:\/\/tec5.com\/de\/produkte\/progaze-probes\/progaze-41\/\" \/>\n<meta property=\"og:locale\" content=\"de_DE\" \/>\n<meta property=\"og:type\" content=\"article\" \/>\n<meta property=\"og:title\" content=\"Raman-Tauchsonde f\u00fcr Prozess-Spektroskopie | tec5\" \/>\n<meta property=\"og:description\" content=\"Fasergekoppelte Raman-Tauchsonde f\u00fcr Messungen direkt im Prozess (z.B. Reaktoren, Rohrleitungen) \u2013 auch in anspruchsvollen Umgebungen.\" \/>\n<meta property=\"og:url\" content=\"https:\/\/tec5.com\/de\/produkte\/progaze-probes\/progaze-41\/\" \/>\n<meta property=\"og:site_name\" content=\"tec5\" \/>\n<meta property=\"article:modified_time\" content=\"2025-02-18T10:19:06+00:00\" \/>\n<meta property=\"og:image\" content=\"https:\/\/tec5.com\/wp-content\/uploads\/2024\/05\/Header2blau_Halle_Rohre_1280x200px.webp\" \/>\n\t<meta property=\"og:image:width\" content=\"1280\" \/>\n\t<meta property=\"og:image:height\" content=\"200\" \/>\n\t<meta property=\"og:image:type\" content=\"image\/webp\" \/>\n<meta name=\"twitter:card\" content=\"summary_large_image\" \/>\n<meta name=\"twitter:label1\" content=\"Gesch\u00e4tzte Lesezeit\" \/>\n\t<meta name=\"twitter:data1\" content=\"2\u00a0Minuten\" \/>\n<script type=\"application\/ld+json\" class=\"yoast-schema-graph\">{\"@context\":\"https:\\\/\\\/schema.org\",\"@graph\":[{\"@type\":\"WebPage\",\"@id\":\"https:\\\/\\\/tec5.com\\\/de\\\/produkte\\\/progaze-probes\\\/progaze-41\\\/\",\"url\":\"https:\\\/\\\/tec5.com\\\/de\\\/produkte\\\/progaze-probes\\\/progaze-41\\\/\",\"name\":\"Raman-Tauchsonde f\u00fcr Prozess-Spektroskopie | tec5\",\"isPartOf\":{\"@id\":\"https:\\\/\\\/tec5.com\\\/de\\\/#website\"},\"primaryImageOfPage\":{\"@id\":\"https:\\\/\\\/tec5.com\\\/de\\\/produkte\\\/progaze-probes\\\/progaze-41\\\/#primaryimage\"},\"image\":{\"@id\":\"https:\\\/\\\/tec5.com\\\/de\\\/produkte\\\/progaze-probes\\\/progaze-41\\\/#primaryimage\"},\"thumbnailUrl\":\"https:\\\/\\\/tec5.com\\\/wp-content\\\/uploads\\\/2024\\\/05\\\/Header2blau_Halle_Rohre_1280x200px.webp\",\"datePublished\":\"2024-05-24T09:56:12+00:00\",\"dateModified\":\"2025-02-18T10:19:06+00:00\",\"description\":\"Fasergekoppelte Raman-Tauchsonde f\u00fcr Messungen direkt im Prozess (z.B. Reaktoren, Rohrleitungen) \u2013 auch in anspruchsvollen Umgebungen.\",\"breadcrumb\":{\"@id\":\"https:\\\/\\\/tec5.com\\\/de\\\/produkte\\\/progaze-probes\\\/progaze-41\\\/#breadcrumb\"},\"inLanguage\":\"de\",\"potentialAction\":[{\"@type\":\"ReadAction\",\"target\":[\"https:\\\/\\\/tec5.com\\\/de\\\/produkte\\\/progaze-probes\\\/progaze-41\\\/\"]}]},{\"@type\":\"ImageObject\",\"inLanguage\":\"de\",\"@id\":\"https:\\\/\\\/tec5.com\\\/de\\\/produkte\\\/progaze-probes\\\/progaze-41\\\/#primaryimage\",\"url\":\"https:\\\/\\\/tec5.com\\\/wp-content\\\/uploads\\\/2024\\\/05\\\/Header2blau_Halle_Rohre_1280x200px.webp\",\"contentUrl\":\"https:\\\/\\\/tec5.com\\\/wp-content\\\/uploads\\\/2024\\\/05\\\/Header2blau_Halle_Rohre_1280x200px.webp\",\"width\":1280,\"height\":200},{\"@type\":\"BreadcrumbList\",\"@id\":\"https:\\\/\\\/tec5.com\\\/de\\\/produkte\\\/progaze-probes\\\/progaze-41\\\/#breadcrumb\",\"itemListElement\":[{\"@type\":\"ListItem\",\"position\":1,\"name\":\"Startseite\",\"item\":\"https:\\\/\\\/tec5.com\\\/de\\\/\"},{\"@type\":\"ListItem\",\"position\":2,\"name\":\"Produkte\",\"item\":\"https:\\\/\\\/tec5.com\\\/de\\\/produkte\\\/\"},{\"@type\":\"ListItem\",\"position\":3,\"name\":\"PROGAZE Probes\",\"item\":\"https:\\\/\\\/tec5.com\\\/de\\\/produkte\\\/progaze-probes\\\/\"},{\"@type\":\"ListItem\",\"position\":4,\"name\":\"PROGAZE 41: Raman Tauchsonde f\u00fcr Prozess-Spektroskopie\"}]},{\"@type\":\"WebSite\",\"@id\":\"https:\\\/\\\/tec5.com\\\/de\\\/#website\",\"url\":\"https:\\\/\\\/tec5.com\\\/de\\\/\",\"name\":\"tec5\",\"description\":\"Process Spectroscopy\",\"publisher\":{\"@id\":\"https:\\\/\\\/tec5.com\\\/de\\\/#organization\"},\"potentialAction\":[{\"@type\":\"SearchAction\",\"target\":{\"@type\":\"EntryPoint\",\"urlTemplate\":\"https:\\\/\\\/tec5.com\\\/de\\\/?s={search_term_string}\"},\"query-input\":{\"@type\":\"PropertyValueSpecification\",\"valueRequired\":true,\"valueName\":\"search_term_string\"}}],\"inLanguage\":\"de\"},{\"@type\":\"Organization\",\"@id\":\"https:\\\/\\\/tec5.com\\\/de\\\/#organization\",\"name\":\"tec5\",\"url\":\"https:\\\/\\\/tec5.com\\\/de\\\/\",\"logo\":{\"@type\":\"ImageObject\",\"inLanguage\":\"de\",\"@id\":\"https:\\\/\\\/tec5.com\\\/de\\\/#\\\/schema\\\/logo\\\/image\\\/\",\"url\":\"https:\\\/\\\/tec5.com\\\/wp-content\\\/uploads\\\/2021\\\/01\\\/Teaser_tec5-2.png\",\"contentUrl\":\"https:\\\/\\\/tec5.com\\\/wp-content\\\/uploads\\\/2021\\\/01\\\/Teaser_tec5-2.png\",\"width\":1159,\"height\":221,\"caption\":\"tec5\"},\"image\":{\"@id\":\"https:\\\/\\\/tec5.com\\\/de\\\/#\\\/schema\\\/logo\\\/image\\\/\"},\"sameAs\":[\"https:\\\/\\\/www.linkedin.com\\\/company\\\/tec5-ag\\\/\"]}]}<\/script>\n<!-- \/ Yoast SEO plugin. -->","yoast_head_json":{"title":"Raman-Tauchsonde f\u00fcr Prozess-Spektroskopie | tec5","description":"Fasergekoppelte Raman-Tauchsonde f\u00fcr Messungen direkt im Prozess (z.B. Reaktoren, Rohrleitungen) \u2013 auch in anspruchsvollen Umgebungen.","robots":{"index":"index","follow":"follow","max-snippet":"max-snippet:-1","max-image-preview":"max-image-preview:large","max-video-preview":"max-video-preview:-1"},"canonical":"https:\/\/tec5.com\/de\/produkte\/progaze-probes\/progaze-41\/","og_locale":"de_DE","og_type":"article","og_title":"Raman-Tauchsonde f\u00fcr Prozess-Spektroskopie | tec5","og_description":"Fasergekoppelte Raman-Tauchsonde f\u00fcr Messungen direkt im Prozess (z.B. Reaktoren, Rohrleitungen) \u2013 auch in anspruchsvollen Umgebungen.","og_url":"https:\/\/tec5.com\/de\/produkte\/progaze-probes\/progaze-41\/","og_site_name":"tec5","article_modified_time":"2025-02-18T10:19:06+00:00","og_image":[{"width":1280,"height":200,"url":"https:\/\/tec5.com\/wp-content\/uploads\/2024\/05\/Header2blau_Halle_Rohre_1280x200px.webp","type":"image\/webp"}],"twitter_card":"summary_large_image","twitter_misc":{"Gesch\u00e4tzte Lesezeit":"2\u00a0Minuten"},"schema":{"@context":"https:\/\/schema.org","@graph":[{"@type":"WebPage","@id":"https:\/\/tec5.com\/de\/produkte\/progaze-probes\/progaze-41\/","url":"https:\/\/tec5.com\/de\/produkte\/progaze-probes\/progaze-41\/","name":"Raman-Tauchsonde f\u00fcr Prozess-Spektroskopie | tec5","isPartOf":{"@id":"https:\/\/tec5.com\/de\/#website"},"primaryImageOfPage":{"@id":"https:\/\/tec5.com\/de\/produkte\/progaze-probes\/progaze-41\/#primaryimage"},"image":{"@id":"https:\/\/tec5.com\/de\/produkte\/progaze-probes\/progaze-41\/#primaryimage"},"thumbnailUrl":"https:\/\/tec5.com\/wp-content\/uploads\/2024\/05\/Header2blau_Halle_Rohre_1280x200px.webp","datePublished":"2024-05-24T09:56:12+00:00","dateModified":"2025-02-18T10:19:06+00:00","description":"Fasergekoppelte Raman-Tauchsonde f\u00fcr Messungen direkt im Prozess (z.B. Reaktoren, Rohrleitungen) \u2013 auch in anspruchsvollen Umgebungen.","breadcrumb":{"@id":"https:\/\/tec5.com\/de\/produkte\/progaze-probes\/progaze-41\/#breadcrumb"},"inLanguage":"de","potentialAction":[{"@type":"ReadAction","target":["https:\/\/tec5.com\/de\/produkte\/progaze-probes\/progaze-41\/"]}]},{"@type":"ImageObject","inLanguage":"de","@id":"https:\/\/tec5.com\/de\/produkte\/progaze-probes\/progaze-41\/#primaryimage","url":"https:\/\/tec5.com\/wp-content\/uploads\/2024\/05\/Header2blau_Halle_Rohre_1280x200px.webp","contentUrl":"https:\/\/tec5.com\/wp-content\/uploads\/2024\/05\/Header2blau_Halle_Rohre_1280x200px.webp","width":1280,"height":200},{"@type":"BreadcrumbList","@id":"https:\/\/tec5.com\/de\/produkte\/progaze-probes\/progaze-41\/#breadcrumb","itemListElement":[{"@type":"ListItem","position":1,"name":"Startseite","item":"https:\/\/tec5.com\/de\/"},{"@type":"ListItem","position":2,"name":"Produkte","item":"https:\/\/tec5.com\/de\/produkte\/"},{"@type":"ListItem","position":3,"name":"PROGAZE Probes","item":"https:\/\/tec5.com\/de\/produkte\/progaze-probes\/"},{"@type":"ListItem","position":4,"name":"PROGAZE 41: Raman Tauchsonde f\u00fcr Prozess-Spektroskopie"}]},{"@type":"WebSite","@id":"https:\/\/tec5.com\/de\/#website","url":"https:\/\/tec5.com\/de\/","name":"tec5","description":"Process Spectroscopy","publisher":{"@id":"https:\/\/tec5.com\/de\/#organization"},"potentialAction":[{"@type":"SearchAction","target":{"@type":"EntryPoint","urlTemplate":"https:\/\/tec5.com\/de\/?s={search_term_string}"},"query-input":{"@type":"PropertyValueSpecification","valueRequired":true,"valueName":"search_term_string"}}],"inLanguage":"de"},{"@type":"Organization","@id":"https:\/\/tec5.com\/de\/#organization","name":"tec5","url":"https:\/\/tec5.com\/de\/","logo":{"@type":"ImageObject","inLanguage":"de","@id":"https:\/\/tec5.com\/de\/#\/schema\/logo\/image\/","url":"https:\/\/tec5.com\/wp-content\/uploads\/2021\/01\/Teaser_tec5-2.png","contentUrl":"https:\/\/tec5.com\/wp-content\/uploads\/2021\/01\/Teaser_tec5-2.png","width":1159,"height":221,"caption":"tec5"},"image":{"@id":"https:\/\/tec5.com\/de\/#\/schema\/logo\/image\/"},"sameAs":["https:\/\/www.linkedin.com\/company\/tec5-ag\/"]}]}},"_links":{"self":[{"href":"https:\/\/tec5.com\/de\/wp-json\/wp\/v2\/pages\/6330","targetHints":{"allow":["GET"]}}],"collection":[{"href":"https:\/\/tec5.com\/de\/wp-json\/wp\/v2\/pages"}],"about":[{"href":"https:\/\/tec5.com\/de\/wp-json\/wp\/v2\/types\/page"}],"author":[{"embeddable":true,"href":"https:\/\/tec5.com\/de\/wp-json\/wp\/v2\/users\/10"}],"replies":[{"embeddable":true,"href":"https:\/\/tec5.com\/de\/wp-json\/wp\/v2\/comments?post=6330"}],"version-history":[{"count":87,"href":"https:\/\/tec5.com\/de\/wp-json\/wp\/v2\/pages\/6330\/revisions"}],"predecessor-version":[{"id":8780,"href":"https:\/\/tec5.com\/de\/wp-json\/wp\/v2\/pages\/6330\/revisions\/8780"}],"up":[{"embeddable":true,"href":"https:\/\/tec5.com\/de\/wp-json\/wp\/v2\/pages\/6257"}],"wp:featuredmedia":[{"embeddable":true,"href":"https:\/\/tec5.com\/de\/wp-json\/wp\/v2\/media\/6602"}],"wp:attachment":[{"href":"https:\/\/tec5.com\/de\/wp-json\/wp\/v2\/media?parent=6330"}],"wp:term":[{"taxonomy":"post_tag","embeddable":true,"href":"https:\/\/tec5.com\/de\/wp-json\/wp\/v2\/tags?post=6330"}],"curies":[{"name":"wp","href":"https:\/\/api.w.org\/{rel}","templated":true}]}}