{"id":729,"date":"2020-04-01T19:36:03","date_gmt":"2020-04-01T17:36:03","guid":{"rendered":"http:\/\/tec5.org\/?page_id=729"},"modified":"2025-07-30T08:33:05","modified_gmt":"2025-07-30T06:33:05","slug":"qualitaet-verantwortung","status":"publish","type":"page","link":"https:\/\/tec5.com\/de\/unternehmen\/qualitaet-verantwortung\/","title":{"rendered":"Qualit\u00e4t &#038; Verantwortung"},"content":{"rendered":"<h1>Qualit\u00e4t &amp; Verantwortung<\/h1>\n<p>Die tec5 AG ist sich ihrer sozialen Verantwortung bewusst und versteht den Einfluss ihrer Gesch\u00e4ftst\u00e4tigkeit auf die Gesellschaft und die Umwelt. Dies gilt insbesondere auch f\u00fcr den Erhalt der Umwelt und die Sicherheit, Gesundheit und Rechte der Menschen.<\/p>\n<p>tec5 ist seit dem Jahr 2000 nach ISO 9001 zertifiziert und verf\u00fcgt \u00fcber ein Qualit\u00e4tsmanagementsystem. Zur Einhaltung h\u00f6chster Qualit\u00e4tsstandards unterliegen unsere Produkte strengen Anforderungen bei der Herstellung und Endpr\u00fcfung. Durch besondere Sorgfalt bei der Konstruktion und Pr\u00fcfung wird eine lange Lebensdauer und Zuverl\u00e4ssigkeit sichergestellt.<\/p>\n<h3><strong style=\"font-size: 16px;\"><img loading=\"lazy\" class=\"wp-image-2559 size-full alignnone\" src=\"https:\/\/tec5.com\/wp-content\/uploads\/2020\/07\/91_ISO9001_rgb_80x80px.png\" alt=\"\" width=\"80\" height=\"80\" \/><\/strong><\/h3>\n<h3><strong>ISO 9001<\/strong><\/h3>\n<p>Qualit\u00e4tsmanagementsystem f\u00fcr Entwicklung, Fertigung, Vertrieb und Service von Systemen, Hard- und Softwarekomponenten f\u00fcr die sensorische Messtechnik und Spektralanalytik<\/p>\n<p><strong><a href=\"https:\/\/tec5.com\/wp-content\/uploads\/2024\/08\/tec5_ISO_Zertifikat_2024-27_de.pdf\" target=\"_blank\" rel=\"noopener noreferrer\"><i class=\"wp-svg-download download\"><\/i> ISO 9001 Zertifikat<\/a><\/strong><\/p>\n<h3><strong>POP<br \/>\n<\/strong><\/h3>\n<p>POP Konformit\u00e4tserkl\u00e4rung gem\u00e4\u00df Verordnung\u00a0(EU) 2019\/1021<\/p>\n<p><strong><a href=\"https:\/\/tec5.com\/wp-content\/uploads\/2024\/02\/tec5_Stellungnahme_POP_V21.pdf\" target=\"_blank\" rel=\"noopener\"><i class=\"wp-svg-download download\"><\/i> tec5 Stellungnahme \u2013 POP<\/a><\/strong><\/p>\n<h3><strong>REACh<br \/>\n<\/strong><\/h3>\n<p>REACh Konformit\u00e4tserkl\u00e4rung gem\u00e4\u00df Verordnung (EG) Nr. 1907\/2006, Art. 33<\/p>\n<p><strong><a href=\"https:\/\/tec5.com\/wp-content\/uploads\/2025\/07\/tec5_Stellungnahme_REACH_V23.pdf\" target=\"_blank\" rel=\"noopener\"><i class=\"wp-svg-download download\"><\/i> tec5 Stellungnahme \u2013 REACh<\/a><\/strong><\/p>\n<h3><strong>RoHS<\/strong><\/h3>\n<p>RoHS Konformit\u00e4tserkl\u00e4rung gem\u00e4\u00df Richtlinie 2011\/65\/EU und der delegierten Richtlinie EU 2015\/863<\/p>\n<h3><strong><a href=\"https:\/\/tec5.com\/wp-content\/uploads\/2024\/02\/tec5_Stellungnahme_RoHS_V21.pdf\" target=\"_blank\" rel=\"noopener\"><i class=\"wp-svg-download download\"><\/i> tec5 Stellungnahme \u2013 RoHS<\/a><\/strong><\/h3>\n<h3><strong>TSCA<br \/>\n<\/strong><\/h3>\n<p>Konformit\u00e4tserkl\u00e4rung gem\u00e4\u00df Toxic Substances Control Act (TSCA) Section 6 (h)<\/p>\n<p><strong><a href=\"https:\/\/tec5.com\/wp-content\/uploads\/2024\/03\/tec5_Stellungnahme_TSCA_V1.pdf\" target=\"_blank\" rel=\"noopener\"><i class=\"wp-svg-download download\"><\/i> tec5 Stellungnahme \u2013 TSCA<\/a><\/strong><\/p>\n<h3><strong>Konfliktmineralien<\/strong><\/h3>\n<p>Stellungnahme \u00fcber die Verwendung von \u201eKonfliktmineralien\u201c betreffend Abschnitt 1502 des Dodd-Frank<br \/>\nWall Street Reform and Consumer Protection Act (\u201eDodd-Frank-Act\u201c) sowie auf die EU-Verordnung 2017\/821<\/p>\n<p><strong><a href=\"https:\/\/tec5.com\/wp-content\/uploads\/2024\/02\/tec5_Stellungnahme_ConflictMinerals_V21.pdf\" target=\"_blank\" rel=\"noopener\"><i class=\"wp-svg-download download\"><\/i> tec5 Stellungnahme \u2013 Konfliktmineralien<\/a><\/strong><\/p>\n","protected":false},"excerpt":{"rendered":"<p>Qualit\u00e4t &amp; Verantwortung Die tec5 AG ist sich ihrer sozialen Verantwortung bewusst und versteht den Einfluss ihrer Gesch\u00e4ftst\u00e4tigkeit auf die Gesellschaft und die Umwelt. Dies gilt insbesondere auch f\u00fcr den Erhalt der Umwelt und die Sicherheit, Gesundheit und Rechte der Menschen. tec5 ist seit dem Jahr 2000 nach ISO 9001 zertifiziert und verf\u00fcgt \u00fcber ein [&hellip;]<\/p>\n","protected":false},"author":4,"featured_media":580,"parent":27,"menu_order":7,"comment_status":"closed","ping_status":"closed","template":"","meta":{"_acf_changed":false,"footnotes":""},"tags":[],"class_list":["post-729","page","type-page","status-publish","has-post-thumbnail","hentry"],"acf":[],"yoast_head":"<!-- This site is optimized with the Yoast SEO plugin v27.4 - https:\/\/yoast.com\/product\/yoast-seo-wordpress\/ -->\n<title>Qualit\u00e4t und Verantwortung<\/title>\n<meta name=\"description\" content=\"tec5 stellt sich selbst h\u00f6chste Anspr\u00fcche. Werte wie Qualit\u00e4t und Verantwortung werden gro\u00df geschrieben. Finden Sie die entsprechende Dokumentationen hier\" \/>\n<meta name=\"robots\" content=\"noindex, follow\" \/>\n<meta property=\"og:locale\" content=\"de_DE\" \/>\n<meta property=\"og:type\" content=\"article\" \/>\n<meta property=\"og:title\" content=\"Qualit\u00e4t und Verantwortung\" \/>\n<meta property=\"og:description\" content=\"tec5 stellt sich selbst h\u00f6chste Anspr\u00fcche. Werte wie Qualit\u00e4t und Verantwortung werden gro\u00df geschrieben. Finden Sie die entsprechende Dokumentationen hier\" \/>\n<meta property=\"og:url\" content=\"https:\/\/tec5.com\/de\/unternehmen\/qualitaet-verantwortung\/\" \/>\n<meta property=\"og:site_name\" content=\"tec5\" \/>\n<meta property=\"article:modified_time\" content=\"2025-07-30T06:33:05+00:00\" \/>\n<meta property=\"og:image\" content=\"https:\/\/tec5.com\/wp-content\/uploads\/2020\/03\/25_company_Header-1.png\" \/>\n\t<meta property=\"og:image:width\" content=\"1280\" \/>\n\t<meta property=\"og:image:height\" content=\"600\" \/>\n\t<meta property=\"og:image:type\" content=\"image\/png\" \/>\n<meta name=\"twitter:card\" content=\"summary_large_image\" \/>\n<meta name=\"twitter:label1\" content=\"Gesch\u00e4tzte Lesezeit\" \/>\n\t<meta name=\"twitter:data1\" content=\"2\u00a0Minuten\" \/>\n<script type=\"application\/ld+json\" class=\"yoast-schema-graph\">{\"@context\":\"https:\\\/\\\/schema.org\",\"@graph\":[{\"@type\":\"WebPage\",\"@id\":\"https:\\\/\\\/tec5.com\\\/de\\\/unternehmen\\\/qualitaet-verantwortung\\\/\",\"url\":\"https:\\\/\\\/tec5.com\\\/de\\\/unternehmen\\\/qualitaet-verantwortung\\\/\",\"name\":\"Qualit\u00e4t und Verantwortung\",\"isPartOf\":{\"@id\":\"https:\\\/\\\/tec5.com\\\/de\\\/#website\"},\"primaryImageOfPage\":{\"@id\":\"https:\\\/\\\/tec5.com\\\/de\\\/unternehmen\\\/qualitaet-verantwortung\\\/#primaryimage\"},\"image\":{\"@id\":\"https:\\\/\\\/tec5.com\\\/de\\\/unternehmen\\\/qualitaet-verantwortung\\\/#primaryimage\"},\"thumbnailUrl\":\"https:\\\/\\\/tec5.com\\\/wp-content\\\/uploads\\\/2020\\\/03\\\/25_company_Header-1.png\",\"datePublished\":\"2020-04-01T17:36:03+00:00\",\"dateModified\":\"2025-07-30T06:33:05+00:00\",\"description\":\"tec5 stellt sich selbst h\u00f6chste Anspr\u00fcche. Werte wie Qualit\u00e4t und Verantwortung werden gro\u00df geschrieben. Finden Sie die entsprechende Dokumentationen hier\",\"breadcrumb\":{\"@id\":\"https:\\\/\\\/tec5.com\\\/de\\\/unternehmen\\\/qualitaet-verantwortung\\\/#breadcrumb\"},\"inLanguage\":\"de\",\"potentialAction\":[{\"@type\":\"ReadAction\",\"target\":[\"https:\\\/\\\/tec5.com\\\/de\\\/unternehmen\\\/qualitaet-verantwortung\\\/\"]}]},{\"@type\":\"ImageObject\",\"inLanguage\":\"de\",\"@id\":\"https:\\\/\\\/tec5.com\\\/de\\\/unternehmen\\\/qualitaet-verantwortung\\\/#primaryimage\",\"url\":\"https:\\\/\\\/tec5.com\\\/wp-content\\\/uploads\\\/2020\\\/03\\\/25_company_Header-1.png\",\"contentUrl\":\"https:\\\/\\\/tec5.com\\\/wp-content\\\/uploads\\\/2020\\\/03\\\/25_company_Header-1.png\",\"width\":1280,\"height\":600},{\"@type\":\"BreadcrumbList\",\"@id\":\"https:\\\/\\\/tec5.com\\\/de\\\/unternehmen\\\/qualitaet-verantwortung\\\/#breadcrumb\",\"itemListElement\":[{\"@type\":\"ListItem\",\"position\":1,\"name\":\"Startseite\",\"item\":\"https:\\\/\\\/tec5.com\\\/de\\\/\"},{\"@type\":\"ListItem\",\"position\":2,\"name\":\"Unternehmen\",\"item\":\"https:\\\/\\\/tec5.com\\\/de\\\/unternehmen\\\/\"},{\"@type\":\"ListItem\",\"position\":3,\"name\":\"Qualit\u00e4t &#038; Verantwortung\"}]},{\"@type\":\"WebSite\",\"@id\":\"https:\\\/\\\/tec5.com\\\/de\\\/#website\",\"url\":\"https:\\\/\\\/tec5.com\\\/de\\\/\",\"name\":\"tec5\",\"description\":\"Process Spectroscopy\",\"publisher\":{\"@id\":\"https:\\\/\\\/tec5.com\\\/de\\\/#organization\"},\"potentialAction\":[{\"@type\":\"SearchAction\",\"target\":{\"@type\":\"EntryPoint\",\"urlTemplate\":\"https:\\\/\\\/tec5.com\\\/de\\\/?s={search_term_string}\"},\"query-input\":{\"@type\":\"PropertyValueSpecification\",\"valueRequired\":true,\"valueName\":\"search_term_string\"}}],\"inLanguage\":\"de\"},{\"@type\":\"Organization\",\"@id\":\"https:\\\/\\\/tec5.com\\\/de\\\/#organization\",\"name\":\"tec5\",\"url\":\"https:\\\/\\\/tec5.com\\\/de\\\/\",\"logo\":{\"@type\":\"ImageObject\",\"inLanguage\":\"de\",\"@id\":\"https:\\\/\\\/tec5.com\\\/de\\\/#\\\/schema\\\/logo\\\/image\\\/\",\"url\":\"https:\\\/\\\/tec5.com\\\/wp-content\\\/uploads\\\/2021\\\/01\\\/Teaser_tec5-2.png\",\"contentUrl\":\"https:\\\/\\\/tec5.com\\\/wp-content\\\/uploads\\\/2021\\\/01\\\/Teaser_tec5-2.png\",\"width\":1159,\"height\":221,\"caption\":\"tec5\"},\"image\":{\"@id\":\"https:\\\/\\\/tec5.com\\\/de\\\/#\\\/schema\\\/logo\\\/image\\\/\"},\"sameAs\":[\"https:\\\/\\\/www.linkedin.com\\\/company\\\/tec5-ag\\\/\"]}]}<\/script>\n<!-- \/ Yoast SEO plugin. -->","yoast_head_json":{"title":"Qualit\u00e4t und Verantwortung","description":"tec5 stellt sich selbst h\u00f6chste Anspr\u00fcche. Werte wie Qualit\u00e4t und Verantwortung werden gro\u00df geschrieben. Finden Sie die entsprechende Dokumentationen hier","robots":{"index":"noindex","follow":"follow"},"og_locale":"de_DE","og_type":"article","og_title":"Qualit\u00e4t und Verantwortung","og_description":"tec5 stellt sich selbst h\u00f6chste Anspr\u00fcche. Werte wie Qualit\u00e4t und Verantwortung werden gro\u00df geschrieben. Finden Sie die entsprechende Dokumentationen hier","og_url":"https:\/\/tec5.com\/de\/unternehmen\/qualitaet-verantwortung\/","og_site_name":"tec5","article_modified_time":"2025-07-30T06:33:05+00:00","og_image":[{"width":1280,"height":600,"url":"https:\/\/tec5.com\/wp-content\/uploads\/2020\/03\/25_company_Header-1.png","type":"image\/png"}],"twitter_card":"summary_large_image","twitter_misc":{"Gesch\u00e4tzte Lesezeit":"2\u00a0Minuten"},"schema":{"@context":"https:\/\/schema.org","@graph":[{"@type":"WebPage","@id":"https:\/\/tec5.com\/de\/unternehmen\/qualitaet-verantwortung\/","url":"https:\/\/tec5.com\/de\/unternehmen\/qualitaet-verantwortung\/","name":"Qualit\u00e4t und Verantwortung","isPartOf":{"@id":"https:\/\/tec5.com\/de\/#website"},"primaryImageOfPage":{"@id":"https:\/\/tec5.com\/de\/unternehmen\/qualitaet-verantwortung\/#primaryimage"},"image":{"@id":"https:\/\/tec5.com\/de\/unternehmen\/qualitaet-verantwortung\/#primaryimage"},"thumbnailUrl":"https:\/\/tec5.com\/wp-content\/uploads\/2020\/03\/25_company_Header-1.png","datePublished":"2020-04-01T17:36:03+00:00","dateModified":"2025-07-30T06:33:05+00:00","description":"tec5 stellt sich selbst h\u00f6chste Anspr\u00fcche. Werte wie Qualit\u00e4t und Verantwortung werden gro\u00df geschrieben. Finden Sie die entsprechende Dokumentationen hier","breadcrumb":{"@id":"https:\/\/tec5.com\/de\/unternehmen\/qualitaet-verantwortung\/#breadcrumb"},"inLanguage":"de","potentialAction":[{"@type":"ReadAction","target":["https:\/\/tec5.com\/de\/unternehmen\/qualitaet-verantwortung\/"]}]},{"@type":"ImageObject","inLanguage":"de","@id":"https:\/\/tec5.com\/de\/unternehmen\/qualitaet-verantwortung\/#primaryimage","url":"https:\/\/tec5.com\/wp-content\/uploads\/2020\/03\/25_company_Header-1.png","contentUrl":"https:\/\/tec5.com\/wp-content\/uploads\/2020\/03\/25_company_Header-1.png","width":1280,"height":600},{"@type":"BreadcrumbList","@id":"https:\/\/tec5.com\/de\/unternehmen\/qualitaet-verantwortung\/#breadcrumb","itemListElement":[{"@type":"ListItem","position":1,"name":"Startseite","item":"https:\/\/tec5.com\/de\/"},{"@type":"ListItem","position":2,"name":"Unternehmen","item":"https:\/\/tec5.com\/de\/unternehmen\/"},{"@type":"ListItem","position":3,"name":"Qualit\u00e4t &#038; Verantwortung"}]},{"@type":"WebSite","@id":"https:\/\/tec5.com\/de\/#website","url":"https:\/\/tec5.com\/de\/","name":"tec5","description":"Process Spectroscopy","publisher":{"@id":"https:\/\/tec5.com\/de\/#organization"},"potentialAction":[{"@type":"SearchAction","target":{"@type":"EntryPoint","urlTemplate":"https:\/\/tec5.com\/de\/?s={search_term_string}"},"query-input":{"@type":"PropertyValueSpecification","valueRequired":true,"valueName":"search_term_string"}}],"inLanguage":"de"},{"@type":"Organization","@id":"https:\/\/tec5.com\/de\/#organization","name":"tec5","url":"https:\/\/tec5.com\/de\/","logo":{"@type":"ImageObject","inLanguage":"de","@id":"https:\/\/tec5.com\/de\/#\/schema\/logo\/image\/","url":"https:\/\/tec5.com\/wp-content\/uploads\/2021\/01\/Teaser_tec5-2.png","contentUrl":"https:\/\/tec5.com\/wp-content\/uploads\/2021\/01\/Teaser_tec5-2.png","width":1159,"height":221,"caption":"tec5"},"image":{"@id":"https:\/\/tec5.com\/de\/#\/schema\/logo\/image\/"},"sameAs":["https:\/\/www.linkedin.com\/company\/tec5-ag\/"]}]}},"_links":{"self":[{"href":"https:\/\/tec5.com\/de\/wp-json\/wp\/v2\/pages\/729","targetHints":{"allow":["GET"]}}],"collection":[{"href":"https:\/\/tec5.com\/de\/wp-json\/wp\/v2\/pages"}],"about":[{"href":"https:\/\/tec5.com\/de\/wp-json\/wp\/v2\/types\/page"}],"author":[{"embeddable":true,"href":"https:\/\/tec5.com\/de\/wp-json\/wp\/v2\/users\/4"}],"replies":[{"embeddable":true,"href":"https:\/\/tec5.com\/de\/wp-json\/wp\/v2\/comments?post=729"}],"version-history":[{"count":57,"href":"https:\/\/tec5.com\/de\/wp-json\/wp\/v2\/pages\/729\/revisions"}],"predecessor-version":[{"id":9681,"href":"https:\/\/tec5.com\/de\/wp-json\/wp\/v2\/pages\/729\/revisions\/9681"}],"up":[{"embeddable":true,"href":"https:\/\/tec5.com\/de\/wp-json\/wp\/v2\/pages\/27"}],"wp:featuredmedia":[{"embeddable":true,"href":"https:\/\/tec5.com\/de\/wp-json\/wp\/v2\/media\/580"}],"wp:attachment":[{"href":"https:\/\/tec5.com\/de\/wp-json\/wp\/v2\/media?parent=729"}],"wp:term":[{"taxonomy":"post_tag","embeddable":true,"href":"https:\/\/tec5.com\/de\/wp-json\/wp\/v2\/tags?post=729"}],"curies":[{"name":"wp","href":"https:\/\/api.w.org\/{rel}","templated":true}]}}