{"id":736,"date":"2020-04-02T09:43:20","date_gmt":"2020-04-02T07:43:20","guid":{"rendered":"http:\/\/tec5.org\/?page_id=736"},"modified":"2025-09-11T12:06:31","modified_gmt":"2025-09-11T10:06:31","slug":"vertriebspartner","status":"publish","type":"page","link":"https:\/\/tec5.com\/de\/unternehmen\/vertriebspartner\/","title":{"rendered":"Vertriebspartner"},"content":{"rendered":"<div class=\"su-row d-md-flex\">\n<div class=\"su-column su-column-size-2-3\"><div class=\"su-column-inner su-u-clearfix su-u-trim\">\n<h1>Vertriebspartner<\/h1>\n<p>Unser <a href=\"https:\/\/tec5.com\/de\/produkte\/\">Produktportfolio f\u00fcr Prozessspektroskopie<\/a> ist weltweit \u00fcber tec5 sowie in ausgew\u00e4hlten Regionen direkt \u00fcber qualifizierte Vertriebspartner erh\u00e4ltlich. Zus\u00e4tzlich steht Ihnen unser tec5 Vertriebsteam <a href=\"https:\/\/tec5.com\/de\/unternehmen\/kontakt\/\">jederzeit gerne zur Verf\u00fcgung<\/a>.<\/p>\n<p>Sie vermissen einen Partner vor Ort oder m\u00f6chten selbst <a href=\"https:\/\/tec5.com\/de\/dialog\/partnerschaft\/\">Teil unseres Partner-Netzwerks werden<\/a>?<br \/>\nSprechen Sie uns an.<br \/>\n<\/div><\/div>\n<div class=\"su-column su-column-size-1-3\"><div class=\"su-column-inner su-u-clearfix su-u-trim\">\n<h2>Ihr Ansprechpartner<\/h2>\n<p class=\"t5-single-contact\"><img class=\"t5-contact-picture\" src=\"https:\/\/tec5.com\/wp-content\/uploads\/2025\/03\/MHO_sw_600x600px.jpg\" \/>\r\n<span class=\"t5-contact-name\">Mathias Holzapfel<\/span>\r\n<span class=\"t5-contact-jobtitel\">Head of Sales<\/span>\r\n<span class=\"t5-contact-phone\">T: <a title=\"Click to call\" href=\"tel:+49 172 6989577\">+49 172 6989577<\/a><\/span>\r\n<span class=\"t5-contact-email\"> <a title=\"Click to send email\" href=\"mailto:m.holzapfel@tec5.com\"> <span class=\"t5-contact-email-display\">m.holzapfel@tec5.com<\/span><\/a><\/span>\r\n\n<\/div><\/div>\n<\/div>\n","protected":false},"excerpt":{"rendered":"","protected":false},"author":4,"featured_media":580,"parent":27,"menu_order":8,"comment_status":"closed","ping_status":"closed","template":"page-vertriebspartner.php","meta":{"_acf_changed":false,"footnotes":""},"tags":[],"class_list":["post-736","page","type-page","status-publish","has-post-thumbnail","hentry"],"acf":[],"yoast_head":"<!-- This site is optimized with the Yoast SEO plugin v27.4 - https:\/\/yoast.com\/product\/yoast-seo-wordpress\/ -->\n<title>Vertriebspartner - tec5<\/title>\n<meta name=\"description\" content=\"Finden Sie Ihren Ansprechpartner in Ihrer Region und lassen Sie sich schnell, unkompliziert und kompetent vor Ort zu Ihrer individuellen Messaufgabe beraten\" \/>\n<meta name=\"robots\" content=\"index, follow, max-snippet:-1, max-image-preview:large, max-video-preview:-1\" \/>\n<link rel=\"canonical\" href=\"https:\/\/tec5.com\/de\/unternehmen\/vertriebspartner\/\" \/>\n<meta property=\"og:locale\" content=\"de_DE\" \/>\n<meta property=\"og:type\" content=\"article\" \/>\n<meta property=\"og:title\" content=\"Vertriebspartner - tec5\" \/>\n<meta property=\"og:description\" content=\"Finden Sie Ihren Ansprechpartner in Ihrer Region und lassen Sie sich schnell, unkompliziert und kompetent vor Ort zu Ihrer individuellen Messaufgabe beraten\" \/>\n<meta property=\"og:url\" content=\"https:\/\/tec5.com\/de\/unternehmen\/vertriebspartner\/\" \/>\n<meta property=\"og:site_name\" content=\"tec5\" \/>\n<meta property=\"article:modified_time\" content=\"2025-09-11T10:06:31+00:00\" \/>\n<meta property=\"og:image\" content=\"https:\/\/tec5.com\/wp-content\/uploads\/2020\/03\/25_company_Header-1.png\" \/>\n\t<meta property=\"og:image:width\" content=\"1280\" \/>\n\t<meta property=\"og:image:height\" content=\"600\" \/>\n\t<meta property=\"og:image:type\" content=\"image\/png\" \/>\n<meta name=\"twitter:card\" content=\"summary_large_image\" \/>\n<meta name=\"twitter:label1\" content=\"Gesch\u00e4tzte Lesezeit\" \/>\n\t<meta name=\"twitter:data1\" content=\"1\u00a0Minute\" \/>\n<script type=\"application\/ld+json\" class=\"yoast-schema-graph\">{\"@context\":\"https:\\\/\\\/schema.org\",\"@graph\":[{\"@type\":\"WebPage\",\"@id\":\"https:\\\/\\\/tec5.com\\\/de\\\/unternehmen\\\/vertriebspartner\\\/\",\"url\":\"https:\\\/\\\/tec5.com\\\/de\\\/unternehmen\\\/vertriebspartner\\\/\",\"name\":\"Vertriebspartner - tec5\",\"isPartOf\":{\"@id\":\"https:\\\/\\\/tec5.com\\\/de\\\/#website\"},\"primaryImageOfPage\":{\"@id\":\"https:\\\/\\\/tec5.com\\\/de\\\/unternehmen\\\/vertriebspartner\\\/#primaryimage\"},\"image\":{\"@id\":\"https:\\\/\\\/tec5.com\\\/de\\\/unternehmen\\\/vertriebspartner\\\/#primaryimage\"},\"thumbnailUrl\":\"https:\\\/\\\/tec5.com\\\/wp-content\\\/uploads\\\/2020\\\/03\\\/25_company_Header-1.png\",\"datePublished\":\"2020-04-02T07:43:20+00:00\",\"dateModified\":\"2025-09-11T10:06:31+00:00\",\"description\":\"Finden Sie Ihren Ansprechpartner in Ihrer Region und lassen Sie sich schnell, unkompliziert und kompetent vor Ort zu Ihrer individuellen Messaufgabe beraten\",\"breadcrumb\":{\"@id\":\"https:\\\/\\\/tec5.com\\\/de\\\/unternehmen\\\/vertriebspartner\\\/#breadcrumb\"},\"inLanguage\":\"de\",\"potentialAction\":[{\"@type\":\"ReadAction\",\"target\":[\"https:\\\/\\\/tec5.com\\\/de\\\/unternehmen\\\/vertriebspartner\\\/\"]}]},{\"@type\":\"ImageObject\",\"inLanguage\":\"de\",\"@id\":\"https:\\\/\\\/tec5.com\\\/de\\\/unternehmen\\\/vertriebspartner\\\/#primaryimage\",\"url\":\"https:\\\/\\\/tec5.com\\\/wp-content\\\/uploads\\\/2020\\\/03\\\/25_company_Header-1.png\",\"contentUrl\":\"https:\\\/\\\/tec5.com\\\/wp-content\\\/uploads\\\/2020\\\/03\\\/25_company_Header-1.png\",\"width\":1280,\"height\":600},{\"@type\":\"BreadcrumbList\",\"@id\":\"https:\\\/\\\/tec5.com\\\/de\\\/unternehmen\\\/vertriebspartner\\\/#breadcrumb\",\"itemListElement\":[{\"@type\":\"ListItem\",\"position\":1,\"name\":\"Startseite\",\"item\":\"https:\\\/\\\/tec5.com\\\/de\\\/\"},{\"@type\":\"ListItem\",\"position\":2,\"name\":\"Unternehmen\",\"item\":\"https:\\\/\\\/tec5.com\\\/de\\\/unternehmen\\\/\"},{\"@type\":\"ListItem\",\"position\":3,\"name\":\"Vertriebspartner\"}]},{\"@type\":\"WebSite\",\"@id\":\"https:\\\/\\\/tec5.com\\\/de\\\/#website\",\"url\":\"https:\\\/\\\/tec5.com\\\/de\\\/\",\"name\":\"tec5\",\"description\":\"Process Spectroscopy\",\"publisher\":{\"@id\":\"https:\\\/\\\/tec5.com\\\/de\\\/#organization\"},\"potentialAction\":[{\"@type\":\"SearchAction\",\"target\":{\"@type\":\"EntryPoint\",\"urlTemplate\":\"https:\\\/\\\/tec5.com\\\/de\\\/?s={search_term_string}\"},\"query-input\":{\"@type\":\"PropertyValueSpecification\",\"valueRequired\":true,\"valueName\":\"search_term_string\"}}],\"inLanguage\":\"de\"},{\"@type\":\"Organization\",\"@id\":\"https:\\\/\\\/tec5.com\\\/de\\\/#organization\",\"name\":\"tec5\",\"url\":\"https:\\\/\\\/tec5.com\\\/de\\\/\",\"logo\":{\"@type\":\"ImageObject\",\"inLanguage\":\"de\",\"@id\":\"https:\\\/\\\/tec5.com\\\/de\\\/#\\\/schema\\\/logo\\\/image\\\/\",\"url\":\"https:\\\/\\\/tec5.com\\\/wp-content\\\/uploads\\\/2021\\\/01\\\/Teaser_tec5-2.png\",\"contentUrl\":\"https:\\\/\\\/tec5.com\\\/wp-content\\\/uploads\\\/2021\\\/01\\\/Teaser_tec5-2.png\",\"width\":1159,\"height\":221,\"caption\":\"tec5\"},\"image\":{\"@id\":\"https:\\\/\\\/tec5.com\\\/de\\\/#\\\/schema\\\/logo\\\/image\\\/\"},\"sameAs\":[\"https:\\\/\\\/www.linkedin.com\\\/company\\\/tec5-ag\\\/\"]}]}<\/script>\n<!-- \/ Yoast SEO plugin. -->","yoast_head_json":{"title":"Vertriebspartner - tec5","description":"Finden Sie Ihren Ansprechpartner in Ihrer Region und lassen Sie sich schnell, unkompliziert und kompetent vor Ort zu Ihrer individuellen Messaufgabe beraten","robots":{"index":"index","follow":"follow","max-snippet":"max-snippet:-1","max-image-preview":"max-image-preview:large","max-video-preview":"max-video-preview:-1"},"canonical":"https:\/\/tec5.com\/de\/unternehmen\/vertriebspartner\/","og_locale":"de_DE","og_type":"article","og_title":"Vertriebspartner - tec5","og_description":"Finden Sie Ihren Ansprechpartner in Ihrer Region und lassen Sie sich schnell, unkompliziert und kompetent vor Ort zu Ihrer individuellen Messaufgabe beraten","og_url":"https:\/\/tec5.com\/de\/unternehmen\/vertriebspartner\/","og_site_name":"tec5","article_modified_time":"2025-09-11T10:06:31+00:00","og_image":[{"width":1280,"height":600,"url":"https:\/\/tec5.com\/wp-content\/uploads\/2020\/03\/25_company_Header-1.png","type":"image\/png"}],"twitter_card":"summary_large_image","twitter_misc":{"Gesch\u00e4tzte Lesezeit":"1\u00a0Minute"},"schema":{"@context":"https:\/\/schema.org","@graph":[{"@type":"WebPage","@id":"https:\/\/tec5.com\/de\/unternehmen\/vertriebspartner\/","url":"https:\/\/tec5.com\/de\/unternehmen\/vertriebspartner\/","name":"Vertriebspartner - tec5","isPartOf":{"@id":"https:\/\/tec5.com\/de\/#website"},"primaryImageOfPage":{"@id":"https:\/\/tec5.com\/de\/unternehmen\/vertriebspartner\/#primaryimage"},"image":{"@id":"https:\/\/tec5.com\/de\/unternehmen\/vertriebspartner\/#primaryimage"},"thumbnailUrl":"https:\/\/tec5.com\/wp-content\/uploads\/2020\/03\/25_company_Header-1.png","datePublished":"2020-04-02T07:43:20+00:00","dateModified":"2025-09-11T10:06:31+00:00","description":"Finden Sie Ihren Ansprechpartner in Ihrer Region und lassen Sie sich schnell, unkompliziert und kompetent vor Ort zu Ihrer individuellen Messaufgabe beraten","breadcrumb":{"@id":"https:\/\/tec5.com\/de\/unternehmen\/vertriebspartner\/#breadcrumb"},"inLanguage":"de","potentialAction":[{"@type":"ReadAction","target":["https:\/\/tec5.com\/de\/unternehmen\/vertriebspartner\/"]}]},{"@type":"ImageObject","inLanguage":"de","@id":"https:\/\/tec5.com\/de\/unternehmen\/vertriebspartner\/#primaryimage","url":"https:\/\/tec5.com\/wp-content\/uploads\/2020\/03\/25_company_Header-1.png","contentUrl":"https:\/\/tec5.com\/wp-content\/uploads\/2020\/03\/25_company_Header-1.png","width":1280,"height":600},{"@type":"BreadcrumbList","@id":"https:\/\/tec5.com\/de\/unternehmen\/vertriebspartner\/#breadcrumb","itemListElement":[{"@type":"ListItem","position":1,"name":"Startseite","item":"https:\/\/tec5.com\/de\/"},{"@type":"ListItem","position":2,"name":"Unternehmen","item":"https:\/\/tec5.com\/de\/unternehmen\/"},{"@type":"ListItem","position":3,"name":"Vertriebspartner"}]},{"@type":"WebSite","@id":"https:\/\/tec5.com\/de\/#website","url":"https:\/\/tec5.com\/de\/","name":"tec5","description":"Process Spectroscopy","publisher":{"@id":"https:\/\/tec5.com\/de\/#organization"},"potentialAction":[{"@type":"SearchAction","target":{"@type":"EntryPoint","urlTemplate":"https:\/\/tec5.com\/de\/?s={search_term_string}"},"query-input":{"@type":"PropertyValueSpecification","valueRequired":true,"valueName":"search_term_string"}}],"inLanguage":"de"},{"@type":"Organization","@id":"https:\/\/tec5.com\/de\/#organization","name":"tec5","url":"https:\/\/tec5.com\/de\/","logo":{"@type":"ImageObject","inLanguage":"de","@id":"https:\/\/tec5.com\/de\/#\/schema\/logo\/image\/","url":"https:\/\/tec5.com\/wp-content\/uploads\/2021\/01\/Teaser_tec5-2.png","contentUrl":"https:\/\/tec5.com\/wp-content\/uploads\/2021\/01\/Teaser_tec5-2.png","width":1159,"height":221,"caption":"tec5"},"image":{"@id":"https:\/\/tec5.com\/de\/#\/schema\/logo\/image\/"},"sameAs":["https:\/\/www.linkedin.com\/company\/tec5-ag\/"]}]}},"_links":{"self":[{"href":"https:\/\/tec5.com\/de\/wp-json\/wp\/v2\/pages\/736","targetHints":{"allow":["GET"]}}],"collection":[{"href":"https:\/\/tec5.com\/de\/wp-json\/wp\/v2\/pages"}],"about":[{"href":"https:\/\/tec5.com\/de\/wp-json\/wp\/v2\/types\/page"}],"author":[{"embeddable":true,"href":"https:\/\/tec5.com\/de\/wp-json\/wp\/v2\/users\/4"}],"replies":[{"embeddable":true,"href":"https:\/\/tec5.com\/de\/wp-json\/wp\/v2\/comments?post=736"}],"version-history":[{"count":16,"href":"https:\/\/tec5.com\/de\/wp-json\/wp\/v2\/pages\/736\/revisions"}],"predecessor-version":[{"id":9835,"href":"https:\/\/tec5.com\/de\/wp-json\/wp\/v2\/pages\/736\/revisions\/9835"}],"up":[{"embeddable":true,"href":"https:\/\/tec5.com\/de\/wp-json\/wp\/v2\/pages\/27"}],"wp:featuredmedia":[{"embeddable":true,"href":"https:\/\/tec5.com\/de\/wp-json\/wp\/v2\/media\/580"}],"wp:attachment":[{"href":"https:\/\/tec5.com\/de\/wp-json\/wp\/v2\/media?parent=736"}],"wp:term":[{"taxonomy":"post_tag","embeddable":true,"href":"https:\/\/tec5.com\/de\/wp-json\/wp\/v2\/tags?post=736"}],"curies":[{"name":"wp","href":"https:\/\/api.w.org\/{rel}","templated":true}]}}