{"id":745,"date":"2024-08-19T11:30:08","date_gmt":"2024-08-19T09:30:08","guid":{"rendered":"http:\/\/tec5.org\/?page_id=745"},"modified":"2024-10-25T14:51:38","modified_gmt":"2024-10-25T12:51:38","slug":"events","status":"publish","type":"page","link":"https:\/\/tec5.com\/de\/unternehmen\/events\/","title":{"rendered":"Events"},"content":{"rendered":"<h1>Veranstaltungen<\/h1>\n<p><span style=\"font-size: 16px;\">Auf den folgenden Veranstaltungen steht Ihnen das tec5-Team f\u00fcr Informationen und Vorf\u00fchrungen des umfangreichen Produktsortimentes gerne zur Verf\u00fcgung.<\/span><\/p>\n","protected":false},"excerpt":{"rendered":"<p>Veranstaltungen Auf den folgenden Veranstaltungen steht Ihnen das tec5-Team f\u00fcr Informationen und Vorf\u00fchrungen des umfangreichen Produktsortimentes gerne zur Verf\u00fcgung.<\/p>\n","protected":false},"author":4,"featured_media":7544,"parent":27,"menu_order":2,"comment_status":"closed","ping_status":"closed","template":"page-messen.php","meta":{"_acf_changed":false,"footnotes":""},"tags":[],"class_list":["post-745","page","type-page","status-publish","has-post-thumbnail","hentry"],"acf":[],"yoast_head":"<!-- This site is optimized with the Yoast SEO plugin v27.4 - https:\/\/yoast.com\/product\/yoast-seo-wordpress\/ -->\n<title>Spektroskopie vor Ort live erleben<\/title>\n<meta name=\"description\" content=\"Informieren Sie sich \u00fcber die aktuell und zuk\u00fcnftig anstehenden Veranstaltungen mit tec5 in Deutschland, Europa oder \u00dcbersee, wir freuen uns \u00fcber Ihre Teilnahme\" \/>\n<meta name=\"robots\" content=\"index, follow, max-snippet:-1, max-image-preview:large, max-video-preview:-1\" \/>\n<link rel=\"canonical\" href=\"https:\/\/tec5.com\/de\/unternehmen\/events\/\" \/>\n<meta property=\"og:locale\" content=\"de_DE\" \/>\n<meta property=\"og:type\" content=\"article\" \/>\n<meta property=\"og:title\" content=\"Spektroskopie vor Ort live erleben\" \/>\n<meta property=\"og:description\" content=\"Informieren Sie sich \u00fcber die aktuell und zuk\u00fcnftig anstehenden Veranstaltungen mit tec5 in Deutschland, Europa oder \u00dcbersee, wir freuen uns \u00fcber Ihre Teilnahme\" \/>\n<meta property=\"og:url\" content=\"https:\/\/tec5.com\/de\/unternehmen\/events\/\" \/>\n<meta property=\"og:site_name\" content=\"tec5\" \/>\n<meta property=\"article:modified_time\" content=\"2024-10-25T12:51:38+00:00\" \/>\n<meta property=\"og:image\" content=\"https:\/\/tec5.com\/wp-content\/uploads\/2024\/08\/Header_Events.webp\" \/>\n\t<meta property=\"og:image:width\" content=\"1280\" \/>\n\t<meta property=\"og:image:height\" content=\"600\" \/>\n\t<meta property=\"og:image:type\" content=\"image\/webp\" \/>\n<meta name=\"twitter:card\" content=\"summary_large_image\" \/>\n<meta name=\"twitter:label1\" content=\"Gesch\u00e4tzte Lesezeit\" \/>\n\t<meta name=\"twitter:data1\" content=\"1\u00a0Minute\" \/>\n<script type=\"application\/ld+json\" class=\"yoast-schema-graph\">{\"@context\":\"https:\\\/\\\/schema.org\",\"@graph\":[{\"@type\":\"WebPage\",\"@id\":\"https:\\\/\\\/tec5.com\\\/de\\\/unternehmen\\\/events\\\/\",\"url\":\"https:\\\/\\\/tec5.com\\\/de\\\/unternehmen\\\/events\\\/\",\"name\":\"Spektroskopie vor Ort live erleben\",\"isPartOf\":{\"@id\":\"https:\\\/\\\/tec5.com\\\/de\\\/#website\"},\"primaryImageOfPage\":{\"@id\":\"https:\\\/\\\/tec5.com\\\/de\\\/unternehmen\\\/events\\\/#primaryimage\"},\"image\":{\"@id\":\"https:\\\/\\\/tec5.com\\\/de\\\/unternehmen\\\/events\\\/#primaryimage\"},\"thumbnailUrl\":\"https:\\\/\\\/tec5.com\\\/wp-content\\\/uploads\\\/2024\\\/08\\\/Header_Events.webp\",\"datePublished\":\"2024-08-19T09:30:08+00:00\",\"dateModified\":\"2024-10-25T12:51:38+00:00\",\"description\":\"Informieren Sie sich \u00fcber die aktuell und zuk\u00fcnftig anstehenden Veranstaltungen mit tec5 in Deutschland, Europa oder \u00dcbersee, wir freuen uns \u00fcber Ihre Teilnahme\",\"breadcrumb\":{\"@id\":\"https:\\\/\\\/tec5.com\\\/de\\\/unternehmen\\\/events\\\/#breadcrumb\"},\"inLanguage\":\"de\",\"potentialAction\":[{\"@type\":\"ReadAction\",\"target\":[\"https:\\\/\\\/tec5.com\\\/de\\\/unternehmen\\\/events\\\/\"]}]},{\"@type\":\"ImageObject\",\"inLanguage\":\"de\",\"@id\":\"https:\\\/\\\/tec5.com\\\/de\\\/unternehmen\\\/events\\\/#primaryimage\",\"url\":\"https:\\\/\\\/tec5.com\\\/wp-content\\\/uploads\\\/2024\\\/08\\\/Header_Events.webp\",\"contentUrl\":\"https:\\\/\\\/tec5.com\\\/wp-content\\\/uploads\\\/2024\\\/08\\\/Header_Events.webp\",\"width\":1280,\"height\":600,\"caption\":\"tec5 booth\"},{\"@type\":\"BreadcrumbList\",\"@id\":\"https:\\\/\\\/tec5.com\\\/de\\\/unternehmen\\\/events\\\/#breadcrumb\",\"itemListElement\":[{\"@type\":\"ListItem\",\"position\":1,\"name\":\"Startseite\",\"item\":\"https:\\\/\\\/tec5.com\\\/de\\\/\"},{\"@type\":\"ListItem\",\"position\":2,\"name\":\"Unternehmen\",\"item\":\"https:\\\/\\\/tec5.com\\\/de\\\/unternehmen\\\/\"},{\"@type\":\"ListItem\",\"position\":3,\"name\":\"Events\"}]},{\"@type\":\"WebSite\",\"@id\":\"https:\\\/\\\/tec5.com\\\/de\\\/#website\",\"url\":\"https:\\\/\\\/tec5.com\\\/de\\\/\",\"name\":\"tec5\",\"description\":\"Process Spectroscopy\",\"publisher\":{\"@id\":\"https:\\\/\\\/tec5.com\\\/de\\\/#organization\"},\"potentialAction\":[{\"@type\":\"SearchAction\",\"target\":{\"@type\":\"EntryPoint\",\"urlTemplate\":\"https:\\\/\\\/tec5.com\\\/de\\\/?s={search_term_string}\"},\"query-input\":{\"@type\":\"PropertyValueSpecification\",\"valueRequired\":true,\"valueName\":\"search_term_string\"}}],\"inLanguage\":\"de\"},{\"@type\":\"Organization\",\"@id\":\"https:\\\/\\\/tec5.com\\\/de\\\/#organization\",\"name\":\"tec5\",\"url\":\"https:\\\/\\\/tec5.com\\\/de\\\/\",\"logo\":{\"@type\":\"ImageObject\",\"inLanguage\":\"de\",\"@id\":\"https:\\\/\\\/tec5.com\\\/de\\\/#\\\/schema\\\/logo\\\/image\\\/\",\"url\":\"https:\\\/\\\/tec5.com\\\/wp-content\\\/uploads\\\/2021\\\/01\\\/Teaser_tec5-2.png\",\"contentUrl\":\"https:\\\/\\\/tec5.com\\\/wp-content\\\/uploads\\\/2021\\\/01\\\/Teaser_tec5-2.png\",\"width\":1159,\"height\":221,\"caption\":\"tec5\"},\"image\":{\"@id\":\"https:\\\/\\\/tec5.com\\\/de\\\/#\\\/schema\\\/logo\\\/image\\\/\"},\"sameAs\":[\"https:\\\/\\\/www.linkedin.com\\\/company\\\/tec5-ag\\\/\"]}]}<\/script>\n<!-- \/ Yoast SEO plugin. -->","yoast_head_json":{"title":"Spektroskopie vor Ort live erleben","description":"Informieren Sie sich \u00fcber die aktuell und zuk\u00fcnftig anstehenden Veranstaltungen mit tec5 in Deutschland, Europa oder \u00dcbersee, wir freuen uns \u00fcber Ihre Teilnahme","robots":{"index":"index","follow":"follow","max-snippet":"max-snippet:-1","max-image-preview":"max-image-preview:large","max-video-preview":"max-video-preview:-1"},"canonical":"https:\/\/tec5.com\/de\/unternehmen\/events\/","og_locale":"de_DE","og_type":"article","og_title":"Spektroskopie vor Ort live erleben","og_description":"Informieren Sie sich \u00fcber die aktuell und zuk\u00fcnftig anstehenden Veranstaltungen mit tec5 in Deutschland, Europa oder \u00dcbersee, wir freuen uns \u00fcber Ihre Teilnahme","og_url":"https:\/\/tec5.com\/de\/unternehmen\/events\/","og_site_name":"tec5","article_modified_time":"2024-10-25T12:51:38+00:00","og_image":[{"width":1280,"height":600,"url":"https:\/\/tec5.com\/wp-content\/uploads\/2024\/08\/Header_Events.webp","type":"image\/webp"}],"twitter_card":"summary_large_image","twitter_misc":{"Gesch\u00e4tzte Lesezeit":"1\u00a0Minute"},"schema":{"@context":"https:\/\/schema.org","@graph":[{"@type":"WebPage","@id":"https:\/\/tec5.com\/de\/unternehmen\/events\/","url":"https:\/\/tec5.com\/de\/unternehmen\/events\/","name":"Spektroskopie vor Ort live erleben","isPartOf":{"@id":"https:\/\/tec5.com\/de\/#website"},"primaryImageOfPage":{"@id":"https:\/\/tec5.com\/de\/unternehmen\/events\/#primaryimage"},"image":{"@id":"https:\/\/tec5.com\/de\/unternehmen\/events\/#primaryimage"},"thumbnailUrl":"https:\/\/tec5.com\/wp-content\/uploads\/2024\/08\/Header_Events.webp","datePublished":"2024-08-19T09:30:08+00:00","dateModified":"2024-10-25T12:51:38+00:00","description":"Informieren Sie sich \u00fcber die aktuell und zuk\u00fcnftig anstehenden Veranstaltungen mit tec5 in Deutschland, Europa oder \u00dcbersee, wir freuen uns \u00fcber Ihre Teilnahme","breadcrumb":{"@id":"https:\/\/tec5.com\/de\/unternehmen\/events\/#breadcrumb"},"inLanguage":"de","potentialAction":[{"@type":"ReadAction","target":["https:\/\/tec5.com\/de\/unternehmen\/events\/"]}]},{"@type":"ImageObject","inLanguage":"de","@id":"https:\/\/tec5.com\/de\/unternehmen\/events\/#primaryimage","url":"https:\/\/tec5.com\/wp-content\/uploads\/2024\/08\/Header_Events.webp","contentUrl":"https:\/\/tec5.com\/wp-content\/uploads\/2024\/08\/Header_Events.webp","width":1280,"height":600,"caption":"tec5 booth"},{"@type":"BreadcrumbList","@id":"https:\/\/tec5.com\/de\/unternehmen\/events\/#breadcrumb","itemListElement":[{"@type":"ListItem","position":1,"name":"Startseite","item":"https:\/\/tec5.com\/de\/"},{"@type":"ListItem","position":2,"name":"Unternehmen","item":"https:\/\/tec5.com\/de\/unternehmen\/"},{"@type":"ListItem","position":3,"name":"Events"}]},{"@type":"WebSite","@id":"https:\/\/tec5.com\/de\/#website","url":"https:\/\/tec5.com\/de\/","name":"tec5","description":"Process Spectroscopy","publisher":{"@id":"https:\/\/tec5.com\/de\/#organization"},"potentialAction":[{"@type":"SearchAction","target":{"@type":"EntryPoint","urlTemplate":"https:\/\/tec5.com\/de\/?s={search_term_string}"},"query-input":{"@type":"PropertyValueSpecification","valueRequired":true,"valueName":"search_term_string"}}],"inLanguage":"de"},{"@type":"Organization","@id":"https:\/\/tec5.com\/de\/#organization","name":"tec5","url":"https:\/\/tec5.com\/de\/","logo":{"@type":"ImageObject","inLanguage":"de","@id":"https:\/\/tec5.com\/de\/#\/schema\/logo\/image\/","url":"https:\/\/tec5.com\/wp-content\/uploads\/2021\/01\/Teaser_tec5-2.png","contentUrl":"https:\/\/tec5.com\/wp-content\/uploads\/2021\/01\/Teaser_tec5-2.png","width":1159,"height":221,"caption":"tec5"},"image":{"@id":"https:\/\/tec5.com\/de\/#\/schema\/logo\/image\/"},"sameAs":["https:\/\/www.linkedin.com\/company\/tec5-ag\/"]}]}},"_links":{"self":[{"href":"https:\/\/tec5.com\/de\/wp-json\/wp\/v2\/pages\/745","targetHints":{"allow":["GET"]}}],"collection":[{"href":"https:\/\/tec5.com\/de\/wp-json\/wp\/v2\/pages"}],"about":[{"href":"https:\/\/tec5.com\/de\/wp-json\/wp\/v2\/types\/page"}],"author":[{"embeddable":true,"href":"https:\/\/tec5.com\/de\/wp-json\/wp\/v2\/users\/4"}],"replies":[{"embeddable":true,"href":"https:\/\/tec5.com\/de\/wp-json\/wp\/v2\/comments?post=745"}],"version-history":[{"count":30,"href":"https:\/\/tec5.com\/de\/wp-json\/wp\/v2\/pages\/745\/revisions"}],"predecessor-version":[{"id":7545,"href":"https:\/\/tec5.com\/de\/wp-json\/wp\/v2\/pages\/745\/revisions\/7545"}],"up":[{"embeddable":true,"href":"https:\/\/tec5.com\/de\/wp-json\/wp\/v2\/pages\/27"}],"wp:featuredmedia":[{"embeddable":true,"href":"https:\/\/tec5.com\/de\/wp-json\/wp\/v2\/media\/7544"}],"wp:attachment":[{"href":"https:\/\/tec5.com\/de\/wp-json\/wp\/v2\/media?parent=745"}],"wp:term":[{"taxonomy":"post_tag","embeddable":true,"href":"https:\/\/tec5.com\/de\/wp-json\/wp\/v2\/tags?post=745"}],"curies":[{"name":"wp","href":"https:\/\/api.w.org\/{rel}","templated":true}]}}