{"id":7467,"date":"2024-08-22T15:43:20","date_gmt":"2024-08-22T13:43:20","guid":{"rendered":"https:\/\/tec5.com\/?page_id=7467"},"modified":"2024-08-23T09:08:39","modified_gmt":"2024-08-23T07:08:39","slug":"konstrukteur","status":"publish","type":"page","link":"https:\/\/tec5.com\/de\/unternehmen\/karriere\/konstrukteur\/","title":{"rendered":"Mitarbeiter Konstrukteur (m|w|d)"},"content":{"rendered":"    <script type=\"application\/ld+json\">\r\n    {\r\n      \"@context\" : \"https:\/\/schema.org\/\",\r\n      \"@type\" : \"JobPosting\",\r\n      \"title\" : \"Konstrukteur\/in f\u00fcr optische Messger\u00e4te (m|w|d)\",\r\n      \"description\" : \"Verst\u00e4rken Sie unser Team im Bereich 3D-Konstruktion (SolidWorks) von optischen Messger\u00e4ten und funktionalen Baugruppen f\u00fcr die Prozess-Spektroskopie in industriellen Anwendungen. \",\r\n      \"identifier\": {\r\n        \"@type\": \"PropertyValue\",\r\n        \"name\": \"tec5 AG\",\r\n        \"value\": \"1234567\"\r\n      },\r\n      \"datePosted\" : \"2024-08-22\",\r\n      \"validThrough\" : \"2024-12-31\",\r\n      \"employmentType\" : \"FULL_TIME\",\r\n      \"hiringOrganization\" : {\r\n        \"@type\" : \"Organization\",\r\n        \"name\" : \"tec5 AG\",\r\n        \"sameAs\" : \"https:\/\/tec5.com\",\r\n        \"logo\" : \"https:\/\/tec5.com\/wp-content\/themes\/tec5\/assets\/images\/logo.png\"\r\n      },\r\n      \"jobLocation\": {\r\n      \"@type\": \"Place\",\r\n        \"address\": {\r\n        \"@type\": \"PostalAddress\",\r\n        \"streetAddress\": \"Wei\u00dfkirchener Str. 2-6\",\r\n        \"addressLocality\": \"Steinbach (Taunus)\",\r\n        \"addressRegion\": \"HE\",\r\n        \"postalCode\": \"61449\",\r\n        \"addressCountry\": \"DE\"\r\n        }\r\n      }\r\n    }\r\n    <\/script>\n<p>Wir sind ein f\u00fchrender Hersteller von optischen Messsysteme f\u00fcr industrielle Anwendungen. Unsere Produkte und Technologien helfen Unternehmen und Organisationen Ihre Fertigungsprozesse zu optimieren, Qualit\u00e4tsstandards einzuhalten und nat\u00fcrliche Ressourcen effizienter einzusetzen. An unserem Stammsitz in Steinbach nahe Frankfurt a.M. besch\u00e4ftigen wir aktuell rund 50 Mitarbeiterinnen und Mitarbeiter. Weltweit sind wir \u00fcber Tochtergesellschaften und Vertriebspartner vertreten.<\/p>\n<p>Zur Verst\u00e4rkung unseres Entwicklungs-Teams suchen wir ab sofort einen<\/p>\n<h1>Konstrukteur f\u00fcr optische Messger\u00e4te (m|w|d)<\/h1>\n<p>in Vollzeit am Standort Steinbach, vorerst befristet auf ein Jahr<\/p>\n<h2>Ihre Aufgaben:<\/h2>\n<p style=\"font-weight: 400;\">Ihre Hauptaufgabe ist die 3D-Konstruktion (SolidWorks) von optischen Messger\u00e4ten und funktionalen Baugruppen f\u00fcr die Prozess-Spektroskopie in industriellen Anwendungen.<\/p>\n<ul>\n<li>\n<div>Mitarbeit in Projektteams innerhalb der Abteilung Forschung &amp; Entwicklung<\/div>\n<\/li>\n<li>\n<div>\u00dcbernahme der 3D-Konstruktion in Entwicklungsvorhaben, vom Entwurf bis zur finalen Ausgestaltung<\/div>\n<\/li>\n<li>\n<div>Aufbau und Test von Funktionsmustern und Prototypen<\/div>\n<\/li>\n<li>\n<div>Gestaltung von Montage- und Pr\u00fcfhilfsmitteln f\u00fcr die Fertigungs\u00fcberf\u00fchrung<\/div>\n<\/li>\n<li>\n<div>Erstellung der Projekt-Dokumentation und St\u00fccklisten<\/div>\n<\/li>\n<li>\n<div>Zusammenarbeit mit Zulieferern mechanischer Komponenten und Baugruppen<\/div>\n<\/li>\n<li>\n<div>Umsetzung von Normen und Standards aus dem Umfeld der Prozessmesstechnik<\/div>\n<\/li>\n<\/ul>\n<p>&nbsp;<\/p>\n<h2>Das bringen Sie mit:<\/h2>\n<ul>\n<li>\n<div>Erfolgreich abgeschlossenes technisches Studium bzw. Ausbildung im Bereich Maschinenbau oder Feinwerktechnik oder eine vergleichbare Qualifikation<\/div>\n<\/li>\n<li>\n<div>Fundierte Kenntnisse in der 3D-Konstruktion<\/div>\n<\/li>\n<li>\n<div>Idealerweise Erfahrung im Bereich der Entwicklung und Konstruktion von optischen Messger\u00e4ten<\/div>\n<\/li>\n<li>\n<div>Kenntnisse in Bereichen wie spanenden Fertigungsverfahren, Oberfl\u00e4chenbehandlungen oder F\u00fcgetechniken<\/div>\n<\/li>\n<li>\n<div>Gute Deutsch- und Englischkenntnisse in Wort und Schrift<\/div>\n<\/li>\n<li>\n<div>Sicheres Auftreten, arbeiten gerne im Team und besitzen die Motivation, sich in neue Aufgabengebiete einzuarbeiten<\/div>\n<\/li>\n<\/ul>\n<p>&nbsp;<\/p>\n<h2>Unser Angebot:<\/h2>\n<ul>\n<li>\n<div>Interessantes und vielseitiges Aufgabengebiet in einem erfolgreichen und stark wachsenden international t\u00e4tigen Unternehmen mit Hightech Produkten<\/div>\n<\/li>\n<li>\n<div>Flache Hierarchie, kurze Entscheidungswege und Freiraum f\u00fcr Kreativit\u00e4t<\/div>\n<\/li>\n<li>\n<div>Verschiedene Zusatzleistungen wie ein Mitarbeiter-Beteiligungsprogramm und umfangreiche Sozialleistungen<\/div>\n<\/li>\n<li>Perspektive auf eine unbefristete Anstellung nach Ablauf des ersten Jahres<\/li>\n<\/ul>\n<p>&nbsp;<\/p>\n<h2>Interesse?<\/h2>\n<p>Richten Sie Ihre Bewerbung bitte per E-Mail an Herrn Oliver Weber.<br \/>\nAuch f\u00fcr R\u00fcckfragen zum Unternehmen oder zum Aufgabenbereich der offenen Position steht Ihnen Herr Weber gern zur Verf\u00fcgung:<\/p>\n<p>Telefon: 06171\/9758-741, E-Mail: <a href=\"mailto:hr@tec.com&amp;subject=Bewerbung\">hr@tec.com<\/a>.<br \/>\n<a href=\"https:\/\/tec5.com\/wp-content\/uploads\/2024\/08\/Stellenausschreibung_Konstrukteur_202408.pdf\" target=\"_blank\" rel=\"noopener\"><i class=\"fa fa-file-pdf-o\"> <\/i> Stellenausschreibung als PDF laden<\/a>\u00a0| <a href=\"https:\/\/tec5.com\/de\/unternehmen\/karriere\/\">Zur \u00dcbersicht Stellenangebote<\/a><\/p>\n","protected":false},"excerpt":{"rendered":"<p>Wir sind ein f\u00fchrender Hersteller von optischen Messsysteme f\u00fcr industrielle Anwendungen. Unsere Produkte und Technologien helfen Unternehmen und Organisationen Ihre Fertigungsprozesse zu optimieren, Qualit\u00e4tsstandards einzuhalten und nat\u00fcrliche Ressourcen effizienter einzusetzen. An unserem Stammsitz in Steinbach nahe Frankfurt a.M. besch\u00e4ftigen wir aktuell rund 50 Mitarbeiterinnen und Mitarbeiter. Weltweit sind wir \u00fcber Tochtergesellschaften und Vertriebspartner vertreten. Zur [&hellip;]<\/p>\n","protected":false},"author":6,"featured_media":5150,"parent":740,"menu_order":0,"comment_status":"closed","ping_status":"closed","template":"","meta":{"_acf_changed":false,"footnotes":""},"tags":[],"class_list":["post-7467","page","type-page","status-publish","has-post-thumbnail","hentry"],"acf":[],"yoast_head":"<!-- This site is optimized with the Yoast SEO plugin v27.4 - https:\/\/yoast.com\/product\/yoast-seo-wordpress\/ -->\n<title>Wir suchen Sie als Mitarbeiter Konstrukteur (m|w|d)<\/title>\n<meta name=\"description\" content=\"CAD-Konstruktion (SolidWorks) von optischen Messger\u00e4ten und funktionalen Baugruppen f\u00fcr die Prozess-Spektroskopie in industriellen Anwendungen.\" \/>\n<meta name=\"robots\" content=\"index, follow, max-snippet:-1, max-image-preview:large, max-video-preview:-1\" \/>\n<link rel=\"canonical\" href=\"https:\/\/tec5.com\/de\/unternehmen\/karriere\/konstrukteur\/\" \/>\n<meta property=\"og:locale\" content=\"de_DE\" \/>\n<meta property=\"og:type\" content=\"article\" \/>\n<meta property=\"og:title\" content=\"Wir suchen Sie als Mitarbeiter Konstrukteur (m|w|d)\" \/>\n<meta property=\"og:description\" content=\"CAD-Konstruktion (SolidWorks) von optischen Messger\u00e4ten und funktionalen Baugruppen f\u00fcr die Prozess-Spektroskopie in industriellen Anwendungen.\" \/>\n<meta property=\"og:url\" content=\"https:\/\/tec5.com\/de\/unternehmen\/karriere\/konstrukteur\/\" \/>\n<meta property=\"og:site_name\" content=\"tec5\" \/>\n<meta property=\"article:modified_time\" content=\"2024-08-23T07:08:39+00:00\" \/>\n<meta property=\"og:image\" content=\"https:\/\/tec5.com\/wp-content\/uploads\/2022\/11\/Unternehmen_Header_1280x600px.jpg\" \/>\n\t<meta property=\"og:image:width\" content=\"1280\" \/>\n\t<meta property=\"og:image:height\" content=\"600\" \/>\n\t<meta property=\"og:image:type\" content=\"image\/jpeg\" \/>\n<meta name=\"twitter:card\" content=\"summary_large_image\" \/>\n<meta name=\"twitter:label1\" content=\"Gesch\u00e4tzte Lesezeit\" \/>\n\t<meta name=\"twitter:data1\" content=\"3\u00a0Minuten\" \/>\n<script type=\"application\/ld+json\" class=\"yoast-schema-graph\">{\"@context\":\"https:\\\/\\\/schema.org\",\"@graph\":[{\"@type\":\"WebPage\",\"@id\":\"https:\\\/\\\/tec5.com\\\/de\\\/unternehmen\\\/karriere\\\/konstrukteur\\\/\",\"url\":\"https:\\\/\\\/tec5.com\\\/de\\\/unternehmen\\\/karriere\\\/konstrukteur\\\/\",\"name\":\"Wir suchen Sie als Mitarbeiter Konstrukteur (m|w|d)\",\"isPartOf\":{\"@id\":\"https:\\\/\\\/tec5.com\\\/de\\\/#website\"},\"primaryImageOfPage\":{\"@id\":\"https:\\\/\\\/tec5.com\\\/de\\\/unternehmen\\\/karriere\\\/konstrukteur\\\/#primaryimage\"},\"image\":{\"@id\":\"https:\\\/\\\/tec5.com\\\/de\\\/unternehmen\\\/karriere\\\/konstrukteur\\\/#primaryimage\"},\"thumbnailUrl\":\"https:\\\/\\\/tec5.com\\\/wp-content\\\/uploads\\\/2022\\\/11\\\/Unternehmen_Header_1280x600px.jpg\",\"datePublished\":\"2024-08-22T13:43:20+00:00\",\"dateModified\":\"2024-08-23T07:08:39+00:00\",\"description\":\"CAD-Konstruktion (SolidWorks) von optischen Messger\u00e4ten und funktionalen Baugruppen f\u00fcr die Prozess-Spektroskopie in industriellen Anwendungen.\",\"breadcrumb\":{\"@id\":\"https:\\\/\\\/tec5.com\\\/de\\\/unternehmen\\\/karriere\\\/konstrukteur\\\/#breadcrumb\"},\"inLanguage\":\"de\",\"potentialAction\":[{\"@type\":\"ReadAction\",\"target\":[\"https:\\\/\\\/tec5.com\\\/de\\\/unternehmen\\\/karriere\\\/konstrukteur\\\/\"]}]},{\"@type\":\"ImageObject\",\"inLanguage\":\"de\",\"@id\":\"https:\\\/\\\/tec5.com\\\/de\\\/unternehmen\\\/karriere\\\/konstrukteur\\\/#primaryimage\",\"url\":\"https:\\\/\\\/tec5.com\\\/wp-content\\\/uploads\\\/2022\\\/11\\\/Unternehmen_Header_1280x600px.jpg\",\"contentUrl\":\"https:\\\/\\\/tec5.com\\\/wp-content\\\/uploads\\\/2022\\\/11\\\/Unternehmen_Header_1280x600px.jpg\",\"width\":1280,\"height\":600,\"caption\":\"Unternehmen Aussenansicht\"},{\"@type\":\"BreadcrumbList\",\"@id\":\"https:\\\/\\\/tec5.com\\\/de\\\/unternehmen\\\/karriere\\\/konstrukteur\\\/#breadcrumb\",\"itemListElement\":[{\"@type\":\"ListItem\",\"position\":1,\"name\":\"Startseite\",\"item\":\"https:\\\/\\\/tec5.com\\\/de\\\/\"},{\"@type\":\"ListItem\",\"position\":2,\"name\":\"Unternehmen\",\"item\":\"https:\\\/\\\/tec5.com\\\/de\\\/unternehmen\\\/\"},{\"@type\":\"ListItem\",\"position\":3,\"name\":\"Karriere\",\"item\":\"https:\\\/\\\/tec5.com\\\/de\\\/unternehmen\\\/karriere\\\/\"},{\"@type\":\"ListItem\",\"position\":4,\"name\":\"Mitarbeiter Konstrukteur (m|w|d)\"}]},{\"@type\":\"WebSite\",\"@id\":\"https:\\\/\\\/tec5.com\\\/de\\\/#website\",\"url\":\"https:\\\/\\\/tec5.com\\\/de\\\/\",\"name\":\"tec5\",\"description\":\"Process Spectroscopy\",\"publisher\":{\"@id\":\"https:\\\/\\\/tec5.com\\\/de\\\/#organization\"},\"potentialAction\":[{\"@type\":\"SearchAction\",\"target\":{\"@type\":\"EntryPoint\",\"urlTemplate\":\"https:\\\/\\\/tec5.com\\\/de\\\/?s={search_term_string}\"},\"query-input\":{\"@type\":\"PropertyValueSpecification\",\"valueRequired\":true,\"valueName\":\"search_term_string\"}}],\"inLanguage\":\"de\"},{\"@type\":\"Organization\",\"@id\":\"https:\\\/\\\/tec5.com\\\/de\\\/#organization\",\"name\":\"tec5\",\"url\":\"https:\\\/\\\/tec5.com\\\/de\\\/\",\"logo\":{\"@type\":\"ImageObject\",\"inLanguage\":\"de\",\"@id\":\"https:\\\/\\\/tec5.com\\\/de\\\/#\\\/schema\\\/logo\\\/image\\\/\",\"url\":\"https:\\\/\\\/tec5.com\\\/wp-content\\\/uploads\\\/2021\\\/01\\\/Teaser_tec5-2.png\",\"contentUrl\":\"https:\\\/\\\/tec5.com\\\/wp-content\\\/uploads\\\/2021\\\/01\\\/Teaser_tec5-2.png\",\"width\":1159,\"height\":221,\"caption\":\"tec5\"},\"image\":{\"@id\":\"https:\\\/\\\/tec5.com\\\/de\\\/#\\\/schema\\\/logo\\\/image\\\/\"},\"sameAs\":[\"https:\\\/\\\/www.linkedin.com\\\/company\\\/tec5-ag\\\/\"]}]}<\/script>\n<!-- \/ Yoast SEO plugin. -->","yoast_head_json":{"title":"Wir suchen Sie als Mitarbeiter Konstrukteur (m|w|d)","description":"CAD-Konstruktion (SolidWorks) von optischen Messger\u00e4ten und funktionalen Baugruppen f\u00fcr die Prozess-Spektroskopie in industriellen Anwendungen.","robots":{"index":"index","follow":"follow","max-snippet":"max-snippet:-1","max-image-preview":"max-image-preview:large","max-video-preview":"max-video-preview:-1"},"canonical":"https:\/\/tec5.com\/de\/unternehmen\/karriere\/konstrukteur\/","og_locale":"de_DE","og_type":"article","og_title":"Wir suchen Sie als Mitarbeiter Konstrukteur (m|w|d)","og_description":"CAD-Konstruktion (SolidWorks) von optischen Messger\u00e4ten und funktionalen Baugruppen f\u00fcr die Prozess-Spektroskopie in industriellen Anwendungen.","og_url":"https:\/\/tec5.com\/de\/unternehmen\/karriere\/konstrukteur\/","og_site_name":"tec5","article_modified_time":"2024-08-23T07:08:39+00:00","og_image":[{"width":1280,"height":600,"url":"https:\/\/tec5.com\/wp-content\/uploads\/2022\/11\/Unternehmen_Header_1280x600px.jpg","type":"image\/jpeg"}],"twitter_card":"summary_large_image","twitter_misc":{"Gesch\u00e4tzte Lesezeit":"3\u00a0Minuten"},"schema":{"@context":"https:\/\/schema.org","@graph":[{"@type":"WebPage","@id":"https:\/\/tec5.com\/de\/unternehmen\/karriere\/konstrukteur\/","url":"https:\/\/tec5.com\/de\/unternehmen\/karriere\/konstrukteur\/","name":"Wir suchen Sie als Mitarbeiter Konstrukteur (m|w|d)","isPartOf":{"@id":"https:\/\/tec5.com\/de\/#website"},"primaryImageOfPage":{"@id":"https:\/\/tec5.com\/de\/unternehmen\/karriere\/konstrukteur\/#primaryimage"},"image":{"@id":"https:\/\/tec5.com\/de\/unternehmen\/karriere\/konstrukteur\/#primaryimage"},"thumbnailUrl":"https:\/\/tec5.com\/wp-content\/uploads\/2022\/11\/Unternehmen_Header_1280x600px.jpg","datePublished":"2024-08-22T13:43:20+00:00","dateModified":"2024-08-23T07:08:39+00:00","description":"CAD-Konstruktion (SolidWorks) von optischen Messger\u00e4ten und funktionalen Baugruppen f\u00fcr die Prozess-Spektroskopie in industriellen Anwendungen.","breadcrumb":{"@id":"https:\/\/tec5.com\/de\/unternehmen\/karriere\/konstrukteur\/#breadcrumb"},"inLanguage":"de","potentialAction":[{"@type":"ReadAction","target":["https:\/\/tec5.com\/de\/unternehmen\/karriere\/konstrukteur\/"]}]},{"@type":"ImageObject","inLanguage":"de","@id":"https:\/\/tec5.com\/de\/unternehmen\/karriere\/konstrukteur\/#primaryimage","url":"https:\/\/tec5.com\/wp-content\/uploads\/2022\/11\/Unternehmen_Header_1280x600px.jpg","contentUrl":"https:\/\/tec5.com\/wp-content\/uploads\/2022\/11\/Unternehmen_Header_1280x600px.jpg","width":1280,"height":600,"caption":"Unternehmen Aussenansicht"},{"@type":"BreadcrumbList","@id":"https:\/\/tec5.com\/de\/unternehmen\/karriere\/konstrukteur\/#breadcrumb","itemListElement":[{"@type":"ListItem","position":1,"name":"Startseite","item":"https:\/\/tec5.com\/de\/"},{"@type":"ListItem","position":2,"name":"Unternehmen","item":"https:\/\/tec5.com\/de\/unternehmen\/"},{"@type":"ListItem","position":3,"name":"Karriere","item":"https:\/\/tec5.com\/de\/unternehmen\/karriere\/"},{"@type":"ListItem","position":4,"name":"Mitarbeiter Konstrukteur (m|w|d)"}]},{"@type":"WebSite","@id":"https:\/\/tec5.com\/de\/#website","url":"https:\/\/tec5.com\/de\/","name":"tec5","description":"Process Spectroscopy","publisher":{"@id":"https:\/\/tec5.com\/de\/#organization"},"potentialAction":[{"@type":"SearchAction","target":{"@type":"EntryPoint","urlTemplate":"https:\/\/tec5.com\/de\/?s={search_term_string}"},"query-input":{"@type":"PropertyValueSpecification","valueRequired":true,"valueName":"search_term_string"}}],"inLanguage":"de"},{"@type":"Organization","@id":"https:\/\/tec5.com\/de\/#organization","name":"tec5","url":"https:\/\/tec5.com\/de\/","logo":{"@type":"ImageObject","inLanguage":"de","@id":"https:\/\/tec5.com\/de\/#\/schema\/logo\/image\/","url":"https:\/\/tec5.com\/wp-content\/uploads\/2021\/01\/Teaser_tec5-2.png","contentUrl":"https:\/\/tec5.com\/wp-content\/uploads\/2021\/01\/Teaser_tec5-2.png","width":1159,"height":221,"caption":"tec5"},"image":{"@id":"https:\/\/tec5.com\/de\/#\/schema\/logo\/image\/"},"sameAs":["https:\/\/www.linkedin.com\/company\/tec5-ag\/"]}]}},"_links":{"self":[{"href":"https:\/\/tec5.com\/de\/wp-json\/wp\/v2\/pages\/7467","targetHints":{"allow":["GET"]}}],"collection":[{"href":"https:\/\/tec5.com\/de\/wp-json\/wp\/v2\/pages"}],"about":[{"href":"https:\/\/tec5.com\/de\/wp-json\/wp\/v2\/types\/page"}],"author":[{"embeddable":true,"href":"https:\/\/tec5.com\/de\/wp-json\/wp\/v2\/users\/6"}],"replies":[{"embeddable":true,"href":"https:\/\/tec5.com\/de\/wp-json\/wp\/v2\/comments?post=7467"}],"version-history":[{"count":25,"href":"https:\/\/tec5.com\/de\/wp-json\/wp\/v2\/pages\/7467\/revisions"}],"predecessor-version":[{"id":7559,"href":"https:\/\/tec5.com\/de\/wp-json\/wp\/v2\/pages\/7467\/revisions\/7559"}],"up":[{"embeddable":true,"href":"https:\/\/tec5.com\/de\/wp-json\/wp\/v2\/pages\/740"}],"wp:featuredmedia":[{"embeddable":true,"href":"https:\/\/tec5.com\/de\/wp-json\/wp\/v2\/media\/5150"}],"wp:attachment":[{"href":"https:\/\/tec5.com\/de\/wp-json\/wp\/v2\/media?parent=7467"}],"wp:term":[{"taxonomy":"post_tag","embeddable":true,"href":"https:\/\/tec5.com\/de\/wp-json\/wp\/v2\/tags?post=7467"}],"curies":[{"name":"wp","href":"https:\/\/api.w.org\/{rel}","templated":true}]}}