{"id":753,"date":"2020-04-03T10:44:13","date_gmt":"2020-04-03T08:44:13","guid":{"rendered":"http:\/\/tec5.org\/?page_id=753"},"modified":"2025-10-14T15:10:33","modified_gmt":"2025-10-14T13:10:33","slug":"oem-custom","status":"publish","type":"page","link":"https:\/\/tec5.com\/de\/oem-custom\/","title":{"rendered":"OEM &#038; Custom"},"content":{"rendered":"","protected":false},"excerpt":{"rendered":"","protected":false},"author":4,"featured_media":755,"parent":0,"menu_order":4,"comment_status":"closed","ping_status":"closed","template":"page-product.php","meta":{"_acf_changed":false,"footnotes":""},"tags":[],"class_list":["post-753","page","type-page","status-publish","has-post-thumbnail","hentry"],"acf":[],"yoast_head":"<!-- This site is optimized with the Yoast SEO plugin v27.4 - https:\/\/yoast.com\/product\/yoast-seo-wordpress\/ -->\n<title>OEM-Partnerschaften f\u00fcr einen planbaren Erfolg<\/title>\n<meta name=\"description\" content=\"Unsere Partner profitieren von individuell optimierten, wettbewerbsf\u00e4higen L\u00f6sungen bei minimalenm Risiko f\u00fcr rasche Produktentwicklungen und Markteinf\u00fchrungen\" \/>\n<meta name=\"robots\" content=\"index, follow, max-snippet:-1, max-image-preview:large, max-video-preview:-1\" \/>\n<link rel=\"canonical\" href=\"https:\/\/tec5.com\/de\/oem-custom\/\" \/>\n<meta property=\"og:locale\" content=\"de_DE\" \/>\n<meta property=\"og:type\" content=\"article\" \/>\n<meta property=\"og:title\" content=\"OEM-Partnerschaften f\u00fcr einen planbaren Erfolg\" \/>\n<meta property=\"og:description\" content=\"Unsere Partner profitieren von individuell optimierten, wettbewerbsf\u00e4higen L\u00f6sungen bei minimalenm Risiko f\u00fcr rasche Produktentwicklungen und Markteinf\u00fchrungen\" \/>\n<meta property=\"og:url\" content=\"https:\/\/tec5.com\/de\/oem-custom\/\" \/>\n<meta property=\"og:site_name\" content=\"tec5\" \/>\n<meta property=\"article:modified_time\" content=\"2025-10-14T13:10:33+00:00\" \/>\n<meta property=\"og:image\" content=\"https:\/\/tec5.com\/wp-content\/uploads\/2020\/04\/26_gluehbirnen_Header.png?_t=1760447433\" \/>\n\t<meta property=\"og:image:width\" content=\"1280\" \/>\n\t<meta property=\"og:image:height\" content=\"600\" \/>\n\t<meta property=\"og:image:type\" content=\"image\/png\" \/>\n<meta name=\"twitter:card\" content=\"summary_large_image\" \/>\n<meta name=\"twitter:label1\" content=\"Gesch\u00e4tzte Lesezeit\" \/>\n\t<meta name=\"twitter:data1\" content=\"1\u00a0Minute\" \/>\n<script type=\"application\/ld+json\" class=\"yoast-schema-graph\">{\"@context\":\"https:\\\/\\\/schema.org\",\"@graph\":[{\"@type\":\"WebPage\",\"@id\":\"https:\\\/\\\/tec5.com\\\/de\\\/oem-custom\\\/\",\"url\":\"https:\\\/\\\/tec5.com\\\/de\\\/oem-custom\\\/\",\"name\":\"OEM-Partnerschaften f\u00fcr einen planbaren Erfolg\",\"isPartOf\":{\"@id\":\"https:\\\/\\\/tec5.com\\\/de\\\/#website\"},\"primaryImageOfPage\":{\"@id\":\"https:\\\/\\\/tec5.com\\\/de\\\/oem-custom\\\/#primaryimage\"},\"image\":{\"@id\":\"https:\\\/\\\/tec5.com\\\/de\\\/oem-custom\\\/#primaryimage\"},\"thumbnailUrl\":\"https:\\\/\\\/tec5.com\\\/wp-content\\\/uploads\\\/2020\\\/04\\\/26_gluehbirnen_Header.png\",\"datePublished\":\"2020-04-03T08:44:13+00:00\",\"dateModified\":\"2025-10-14T13:10:33+00:00\",\"description\":\"Unsere Partner profitieren von individuell optimierten, wettbewerbsf\u00e4higen L\u00f6sungen bei minimalenm Risiko f\u00fcr rasche Produktentwicklungen und Markteinf\u00fchrungen\",\"breadcrumb\":{\"@id\":\"https:\\\/\\\/tec5.com\\\/de\\\/oem-custom\\\/#breadcrumb\"},\"inLanguage\":\"de\",\"potentialAction\":[{\"@type\":\"ReadAction\",\"target\":[\"https:\\\/\\\/tec5.com\\\/de\\\/oem-custom\\\/\"]}]},{\"@type\":\"ImageObject\",\"inLanguage\":\"de\",\"@id\":\"https:\\\/\\\/tec5.com\\\/de\\\/oem-custom\\\/#primaryimage\",\"url\":\"https:\\\/\\\/tec5.com\\\/wp-content\\\/uploads\\\/2020\\\/04\\\/26_gluehbirnen_Header.png\",\"contentUrl\":\"https:\\\/\\\/tec5.com\\\/wp-content\\\/uploads\\\/2020\\\/04\\\/26_gluehbirnen_Header.png\",\"width\":1280,\"height\":600,\"caption\":\"Gl\u00fchbirnen mit Text\"},{\"@type\":\"BreadcrumbList\",\"@id\":\"https:\\\/\\\/tec5.com\\\/de\\\/oem-custom\\\/#breadcrumb\",\"itemListElement\":[{\"@type\":\"ListItem\",\"position\":1,\"name\":\"Startseite\",\"item\":\"https:\\\/\\\/tec5.com\\\/de\\\/\"},{\"@type\":\"ListItem\",\"position\":2,\"name\":\"OEM &#038; Custom\"}]},{\"@type\":\"WebSite\",\"@id\":\"https:\\\/\\\/tec5.com\\\/de\\\/#website\",\"url\":\"https:\\\/\\\/tec5.com\\\/de\\\/\",\"name\":\"tec5\",\"description\":\"Process Spectroscopy\",\"publisher\":{\"@id\":\"https:\\\/\\\/tec5.com\\\/de\\\/#organization\"},\"potentialAction\":[{\"@type\":\"SearchAction\",\"target\":{\"@type\":\"EntryPoint\",\"urlTemplate\":\"https:\\\/\\\/tec5.com\\\/de\\\/?s={search_term_string}\"},\"query-input\":{\"@type\":\"PropertyValueSpecification\",\"valueRequired\":true,\"valueName\":\"search_term_string\"}}],\"inLanguage\":\"de\"},{\"@type\":\"Organization\",\"@id\":\"https:\\\/\\\/tec5.com\\\/de\\\/#organization\",\"name\":\"tec5\",\"url\":\"https:\\\/\\\/tec5.com\\\/de\\\/\",\"logo\":{\"@type\":\"ImageObject\",\"inLanguage\":\"de\",\"@id\":\"https:\\\/\\\/tec5.com\\\/de\\\/#\\\/schema\\\/logo\\\/image\\\/\",\"url\":\"https:\\\/\\\/tec5.com\\\/wp-content\\\/uploads\\\/2021\\\/01\\\/Teaser_tec5-2.png\",\"contentUrl\":\"https:\\\/\\\/tec5.com\\\/wp-content\\\/uploads\\\/2021\\\/01\\\/Teaser_tec5-2.png\",\"width\":1159,\"height\":221,\"caption\":\"tec5\"},\"image\":{\"@id\":\"https:\\\/\\\/tec5.com\\\/de\\\/#\\\/schema\\\/logo\\\/image\\\/\"},\"sameAs\":[\"https:\\\/\\\/www.linkedin.com\\\/company\\\/tec5-ag\\\/\"]}]}<\/script>\n<!-- \/ Yoast SEO plugin. -->","yoast_head_json":{"title":"OEM-Partnerschaften f\u00fcr einen planbaren Erfolg","description":"Unsere Partner profitieren von individuell optimierten, wettbewerbsf\u00e4higen L\u00f6sungen bei minimalenm Risiko f\u00fcr rasche Produktentwicklungen und Markteinf\u00fchrungen","robots":{"index":"index","follow":"follow","max-snippet":"max-snippet:-1","max-image-preview":"max-image-preview:large","max-video-preview":"max-video-preview:-1"},"canonical":"https:\/\/tec5.com\/de\/oem-custom\/","og_locale":"de_DE","og_type":"article","og_title":"OEM-Partnerschaften f\u00fcr einen planbaren Erfolg","og_description":"Unsere Partner profitieren von individuell optimierten, wettbewerbsf\u00e4higen L\u00f6sungen bei minimalenm Risiko f\u00fcr rasche Produktentwicklungen und Markteinf\u00fchrungen","og_url":"https:\/\/tec5.com\/de\/oem-custom\/","og_site_name":"tec5","article_modified_time":"2025-10-14T13:10:33+00:00","og_image":[{"width":1280,"height":600,"url":"https:\/\/tec5.com\/wp-content\/uploads\/2020\/04\/26_gluehbirnen_Header.png?_t=1760447433","type":"image\/png"}],"twitter_card":"summary_large_image","twitter_misc":{"Gesch\u00e4tzte Lesezeit":"1\u00a0Minute"},"schema":{"@context":"https:\/\/schema.org","@graph":[{"@type":"WebPage","@id":"https:\/\/tec5.com\/de\/oem-custom\/","url":"https:\/\/tec5.com\/de\/oem-custom\/","name":"OEM-Partnerschaften f\u00fcr einen planbaren Erfolg","isPartOf":{"@id":"https:\/\/tec5.com\/de\/#website"},"primaryImageOfPage":{"@id":"https:\/\/tec5.com\/de\/oem-custom\/#primaryimage"},"image":{"@id":"https:\/\/tec5.com\/de\/oem-custom\/#primaryimage"},"thumbnailUrl":"https:\/\/tec5.com\/wp-content\/uploads\/2020\/04\/26_gluehbirnen_Header.png","datePublished":"2020-04-03T08:44:13+00:00","dateModified":"2025-10-14T13:10:33+00:00","description":"Unsere Partner profitieren von individuell optimierten, wettbewerbsf\u00e4higen L\u00f6sungen bei minimalenm Risiko f\u00fcr rasche Produktentwicklungen und Markteinf\u00fchrungen","breadcrumb":{"@id":"https:\/\/tec5.com\/de\/oem-custom\/#breadcrumb"},"inLanguage":"de","potentialAction":[{"@type":"ReadAction","target":["https:\/\/tec5.com\/de\/oem-custom\/"]}]},{"@type":"ImageObject","inLanguage":"de","@id":"https:\/\/tec5.com\/de\/oem-custom\/#primaryimage","url":"https:\/\/tec5.com\/wp-content\/uploads\/2020\/04\/26_gluehbirnen_Header.png","contentUrl":"https:\/\/tec5.com\/wp-content\/uploads\/2020\/04\/26_gluehbirnen_Header.png","width":1280,"height":600,"caption":"Gl\u00fchbirnen mit Text"},{"@type":"BreadcrumbList","@id":"https:\/\/tec5.com\/de\/oem-custom\/#breadcrumb","itemListElement":[{"@type":"ListItem","position":1,"name":"Startseite","item":"https:\/\/tec5.com\/de\/"},{"@type":"ListItem","position":2,"name":"OEM &#038; Custom"}]},{"@type":"WebSite","@id":"https:\/\/tec5.com\/de\/#website","url":"https:\/\/tec5.com\/de\/","name":"tec5","description":"Process Spectroscopy","publisher":{"@id":"https:\/\/tec5.com\/de\/#organization"},"potentialAction":[{"@type":"SearchAction","target":{"@type":"EntryPoint","urlTemplate":"https:\/\/tec5.com\/de\/?s={search_term_string}"},"query-input":{"@type":"PropertyValueSpecification","valueRequired":true,"valueName":"search_term_string"}}],"inLanguage":"de"},{"@type":"Organization","@id":"https:\/\/tec5.com\/de\/#organization","name":"tec5","url":"https:\/\/tec5.com\/de\/","logo":{"@type":"ImageObject","inLanguage":"de","@id":"https:\/\/tec5.com\/de\/#\/schema\/logo\/image\/","url":"https:\/\/tec5.com\/wp-content\/uploads\/2021\/01\/Teaser_tec5-2.png","contentUrl":"https:\/\/tec5.com\/wp-content\/uploads\/2021\/01\/Teaser_tec5-2.png","width":1159,"height":221,"caption":"tec5"},"image":{"@id":"https:\/\/tec5.com\/de\/#\/schema\/logo\/image\/"},"sameAs":["https:\/\/www.linkedin.com\/company\/tec5-ag\/"]}]}},"_links":{"self":[{"href":"https:\/\/tec5.com\/de\/wp-json\/wp\/v2\/pages\/753","targetHints":{"allow":["GET"]}}],"collection":[{"href":"https:\/\/tec5.com\/de\/wp-json\/wp\/v2\/pages"}],"about":[{"href":"https:\/\/tec5.com\/de\/wp-json\/wp\/v2\/types\/page"}],"author":[{"embeddable":true,"href":"https:\/\/tec5.com\/de\/wp-json\/wp\/v2\/users\/4"}],"replies":[{"embeddable":true,"href":"https:\/\/tec5.com\/de\/wp-json\/wp\/v2\/comments?post=753"}],"version-history":[{"count":9,"href":"https:\/\/tec5.com\/de\/wp-json\/wp\/v2\/pages\/753\/revisions"}],"predecessor-version":[{"id":10360,"href":"https:\/\/tec5.com\/de\/wp-json\/wp\/v2\/pages\/753\/revisions\/10360"}],"wp:featuredmedia":[{"embeddable":true,"href":"https:\/\/tec5.com\/de\/wp-json\/wp\/v2\/media\/755"}],"wp:attachment":[{"href":"https:\/\/tec5.com\/de\/wp-json\/wp\/v2\/media?parent=753"}],"wp:term":[{"taxonomy":"post_tag","embeddable":true,"href":"https:\/\/tec5.com\/de\/wp-json\/wp\/v2\/tags?post=753"}],"curies":[{"name":"wp","href":"https:\/\/api.w.org\/{rel}","templated":true}]}}