{"id":798,"date":"2020-04-05T11:18:11","date_gmt":"2020-04-05T09:18:11","guid":{"rendered":"http:\/\/tec5.org\/?page_id=798"},"modified":"2025-09-17T11:27:33","modified_gmt":"2025-09-17T09:27:33","slug":"software-downloads","status":"publish","type":"page","link":"https:\/\/tec5.com\/de\/service-support\/software-downloads\/","title":{"rendered":"Software Downloads"},"content":{"rendered":"<h1>Software Downloads<\/h1>\n<p>Auf dieser Seite finden Sie eine Auswahl der am h\u00e4ufigsten angefragten Treiber \u2013 Tools \u2013 Anwendungen rund um unsere Produkte. Weitere Software und Dokumentation stellen wir Ihnen gerne <a href=\"https:\/\/tec5.com\/de\/unternehmen\/kontakt\/\">auf Anfrage<\/a> zur Verf\u00fcgung.<\/p>\n<h3>Hinweise zur Installation und Verwendung<\/h3>\n<p>Wenn Sie Updates durchf\u00fchren, aktualisieren Sie bitte alle genutzten Software-Module, um Inkompatibilit\u00e4ten zu vermeiden. Eine \u00dcbersicht \u00fcber die \u00c4nderungen in den jeweiligen Versionen\u00a0 finden Sie in der Versions-Historie (Version History), die wir Ihnen als PDF-Dateien zur Verf\u00fcgung stellen.<\/p>\n<p>Einige Software-Pakete ben\u00f6tigen f\u00fcr die Installation eine Lizenz-Nummer. Bitte <a href=\"https:\/\/tec5.com\/de\/unternehmen\/kontakt\/\" target=\"_blank\" rel=\"noopener\">kontaktieren<\/a> Sie uns, wenn Sie eine Softwarelizenz erwerben m\u00f6chten oder Fragen haben.<\/p>\n<h3 style=\"margin-top: 50px;\">Treiber Downloads<\/h3>\n<div class=\"su-table su-table-responsive su-table-alternate su-table-fixed\">\n<table style=\"border-collapse: collapse;width: 100%;height: 174px\">\n<tbody>\n<tr>\n<th style=\"width: 30%;text-align: left !important\">Treiber<\/th>\n<th style=\"width: 10%;text-align: center\">Version<\/th>\n<th style=\"width: 22,5%\" colspan=\"2\">Download f\u00fcr Windows 10<\/th>\n<th style=\"width: 22,5%\" colspan=\"2\">Download f\u00fcr Windows 7 &#8211; 8.1<\/th>\n<th style=\"width: 15%;text-align: left !important\">Dokumente<\/th>\n<\/tr>\n<tr>\n<td>PD-USB01 device driver<sup>*<\/sup><\/td>\n<td style=\"text-align: center\">3.2.0.0<\/td>\n<td style=\"text-align: center\"><a href=\"https:\/\/tec5.com\/media\/download\/pdusb01-driver-v3.2.0.0-x86-win11.exe\" target=\"_blank\" rel=\"noopener\">32 bit<\/a><\/td>\n<td style=\"text-align: center\">\u00a0<a href=\"https:\/\/tec5.com\/media\/download\/pdusb01-driver-v3.2.0.0-x64-win11.exe\" target=\"_blank\" rel=\"noopener\">64 bit<\/a><\/td>\n<td style=\"text-align: center\">n\/a<\/td>\n<td style=\"text-align: center\">n\/a<\/td>\n<td rowspan=\"2\"><a style=\"margin-top: 15px\" href=\"https:\/\/tec5.com\/media\/download\/tec5_5000_TN_Windows-Geraetetreiber_fuer_USB-Produkte_d_202007.pdf\" target=\"_blank\" rel=\"noopener\">Installationshinweise<\/a><br \/>\n<a href=\"https:\/\/tec5.com\/media\/download\/11-8010230-02_VersionHistory_PD-USB01-WindowsDriver_V14_en_US.pdf\" target=\"_blank\" rel=\"noopener\">Version History<\/a><\/td>\n<\/tr>\n<tr>\n<td>PD-USB01 device driver<sup>*<\/sup><\/td>\n<td style=\"text-align: center\">3.1.2.6<\/td>\n<td style=\"text-align: center\"><a href=\"https:\/\/tec5.com\/media\/download\/pdusb01-driver-v3.1.2.6-x86-win10.exe\">32 bit<\/a><\/td>\n<td style=\"text-align: center\">\u00a0<a href=\"https:\/\/tec5.com\/media\/download\/pdusb01-driver-v3.1.2.6-x64-win10.exe\" target=\"_blank\" rel=\"noopener\">64 bit<\/a><\/td>\n<td style=\"text-align: center\"><a href=\"https:\/\/tec5.com\/media\/download\/pdusb01-driver-v3.1.2.6-x86-win7.exe\" target=\"_blank\" rel=\"noopener\">32 bit<\/a><\/td>\n<td style=\"text-align: center\"><a href=\"https:\/\/tec5.com\/media\/download\/pdusb01-driver-v3.1.2.6-x64-win7.exe\">64 bit<\/a><\/td>\n<\/tr>\n<tr>\n<td>PD-PCIe01V1 device driver<\/td>\n<td style=\"text-align: center\">1.0.4.0<\/td>\n<td style=\"text-align: center\"><a href=\"https:\/\/tec5.com\/media\/download\/pdpcie01-driver-x86-win10.exe\" target=\"_blank\" rel=\"noopener\">32 bit<\/a><\/td>\n<td style=\"text-align: center\"><a href=\"https:\/\/tec5.com\/media\/download\/pdpcie01-driver-x64-win10.exe\" target=\"_blank\" rel=\"noopener\">64 bit<\/a><\/td>\n<td style=\"text-align: center\"><a href=\"https:\/\/tec5.com\/media\/download\/pdpcie01-driver-x86.exe\" target=\"_blank\" rel=\"noopener\">32 bit<\/a><\/td>\n<td style=\"text-align: center\"><a href=\"https:\/\/tec5.com\/media\/download\/pdpcie01-driver-x64.exe\" target=\"_blank\" rel=\"noopener\">64 bit<\/a><\/td>\n<td><a href=\"https:\/\/tec5.com\/media\/download\/tec5_6008_History_Win_PD_PCIe01_e_201912.pdf\" target=\"_blank\" rel=\"noopener\">Version History<\/a><\/td>\n<\/tr>\n<tr>\n<td>CFE-USB11 device driver<\/td>\n<td style=\"text-align: center\">1.0.0.0<\/td>\n<td style=\"text-align: center\"><a href=\"https:\/\/tec5.com\/media\/download\/cfeusb11-driver-x86-win10.exe\" target=\"_blank\" rel=\"noopener\">32 bit<\/a><\/td>\n<td style=\"text-align: center\"><a href=\"https:\/\/tec5.com\/media\/download\/cfeusb11-driver-x64-win10.exe\" target=\"_blank\" rel=\"noopener\">64 bit<\/a><\/td>\n<td style=\"text-align: center\"><a href=\"https:\/\/tec5.com\/media\/download\/cfeusb11-driver-x86.exe\">32 bit<\/a><\/td>\n<td style=\"text-align: center\">\u00a0<a href=\"https:\/\/tec5.com\/media\/download\/cfeusb11-driver-x64.exe\">64 bit<\/a><\/td>\n<td><a href=\"https:\/\/tec5.com\/media\/download\/tec5_6017_History_CFE_USB11_e_201912.pdf\" target=\"_blank\" rel=\"noopener\">Version History<\/a><\/td>\n<\/tr>\n<\/tbody>\n<\/table>\n<\/div>\n<div class=\"t5-footnote\"><sup>*<\/sup> Bitte beachten Sie die Informationen zur Unterst\u00fctzung der Betriebssysteme Windows 10 und Windows 11 im Dokument <a href=\"https:\/\/tec5.com\/media\/download\/11-8010230-02_VersionHistory_PD-USB01-WindowsDriver_V14_en_US.pdf\" target=\"_blank\" rel=\"noopener\">Version History<\/a>.<\/div>\n<h3 style=\"margin-top: 50px;\">Freie Downloads<\/h3>\n<div class=\"su-table su-table-responsive su-table-alternate su-table-fixed\">\n<table style=\"border-collapse: collapse;width: 100%\">\n<tbody>\n<tr>\n<th style=\"width: 30%;text-align: left !important\">Software<\/th>\n<th style=\"width: 10%;text-align: center\">Version<\/th>\n<th style=\"width: 45%;text-align: center\">Download f\u00fcr Windows<sup>1<\/sup><\/th>\n<th style=\"width: 15%;text-align: left !important\">Dokumente<\/th>\n<\/tr>\n<tr style=\"height: 24px\">\n<td>tec5 AdminTool<\/td>\n<td style=\"text-align: center\">2.16<\/td>\n<td style=\"text-align: center\"><a href=\"https:\/\/tec5.com\/media\/download\/AdminTool.exe\">Windows-Setup<\/a>\u00a0(29 MB)<\/td>\n<td><a href=\"https:\/\/tec5.com\/media\/download\/tec5_TD_AdminTool_V213_d_202210-1.pdf\" target=\"_blank\" rel=\"noopener\">Bedienungsanleitung<\/a><br \/>\n<a href=\"https:\/\/tec5.com\/media\/download\/tec5_6000_History_SDACQ32_AdminTool_e_202201.pdf\" target=\"_blank\" rel=\"noopener\">Version History<\/a><\/td>\n<\/tr>\n<\/tbody>\n<\/table>\n<\/div>\n<h3 style=\"margin-top: 50px;\">Lizenz-Software<\/h3>\n<div class=\"su-table su-table-responsive su-table-alternate su-table-fixed\">\n<table style=\"border-collapse: collapse;width: 100%;height: 120px\">\n<tbody>\n<tr style=\"height: 24px\">\n<th style=\"width: 30%;height: 24px;text-align: left !important\">Software<\/th>\n<th style=\"width: 10%;height: 24px\">Version<\/th>\n<th style=\"width: 45%;height: 24px\">Download f\u00fcr Windows<sup>1<\/sup><\/th>\n<th style=\"height: 24px;text-align: left !important\">Dokumente<\/th>\n<\/tr>\n<tr style=\"height: 24px\">\n<td style=\"height: 24px\">MultiSpec Pro II<sup>2<\/sup><\/td>\n<td style=\"height: 24px;text-align: center\">1.7.1588<\/td>\n<td style=\"height: 24px;text-align: center\"><a href=\"https:\/\/tec5.com\/media\/download\/MSProII_Setup.exe\" target=\"_blank\" rel=\"noopener\">Windows-Setup<\/a> (114 MB)<\/td>\n<td style=\"height: 24px\"><a href=\"https:\/\/tec5.com\/media\/download\/11-2010400-00-History_MultiSpec_Pro_II_en_US_202306.pdf\" target=\"_blank\" rel=\"noopener\">Version History<\/a><\/td>\n<\/tr>\n<tr style=\"height: 24px\">\n<td style=\"height: 24px\">tecSaaS MPT<\/td>\n<td style=\"height: 24px;text-align: center\">1.3.672<\/td>\n<td style=\"height: 24px;text-align: center\"><a href=\"https:\/\/tec5.com\/media\/download\/tecSaaS_MPT_1.3.672_Setup.exe\">Windows-Setup<\/a> (99 MB)<\/td>\n<td style=\"height: 24px\"><a href=\"https:\/\/tec5.com\/media\/download\/tec5_6016_History_tecSaaS_MPT_e_202001.pdf\">Version History<\/a><\/td>\n<\/tr>\n<tr style=\"height: 24px\">\n<td style=\"height: 24px\">Lens Colour Analyser TFM-1 Pro II<sup>3<\/sup><\/td>\n<td style=\"height: 24px;text-align: center\">1.2<\/td>\n<td style=\"height: 24px;text-align: center\"><a href=\"https:\/\/tec5.com\/media\/download\/TFM1_Pro_II.exe\">Windows-Setup<\/a> (94 MB)<\/td>\n<td style=\"height: 24px\"><a href=\"https:\/\/tec5.com\/media\/download\/11-2010510-00-History_TFM-1_Pro_II_en_US_202306.pdf\">Version History<\/a><\/td>\n<\/tr>\n<tr style=\"height: 24px\">\n<td style=\"height: 24px\">SDACQ32MP SDK<\/td>\n<td style=\"height: 24px;text-align: center\">3.7<\/td>\n<td style=\"height: 24px;text-align: center\"><a href=\"https:\/\/tec5.com\/media\/download\/SDACQ32MP_SDK.exe\">Windows-Setup<\/a> (29 MB)<\/td>\n<td style=\"height: 24px\"><a href=\"https:\/\/tec5.com\/media\/download\/11-2010022-00-History_SDACQ32MP_SDK_en_US_202306.pdf\" target=\"_blank\" rel=\"noopener\">Version History<\/a><\/td>\n<\/tr>\n<\/tbody>\n<\/table>\n<\/div>\n<div class=\"t5-footnote\"><sup>1<\/sup> Die aktuellen Versionen unterst\u00fctzen Windows 10 (32 and 64 bit). Legacy-Versionen f\u00fcr die Betriebssysteme Windows 7, Windows 8.1 auf Anfrage. <a href=\"https:\/\/tec5.com\/de\/unternehmen\/kontakt\/\" target=\"_blank\" rel=\"noopener\"> Bitte kontaktieren Sie uns hierf\u00fcr.<\/a><br \/>\n<sup>2<\/sup> Ein Update der MultiSpec Pro Software auf MultiSpec Pro II erfordert eine neue Lizenznummer. <a href=\"https:\/\/tec5.com\/de\/unternehmen\/kontakt\/\" target=\"_blank\" rel=\"noopener\">Bitte kontaktieren Sie uns hierf\u00fcr.<\/a><br \/>\n<sup>3<\/sup> Ein Update der TFM-1 V2 auf TFM-1 Pro II Software erfordert einen neue Lizenznummer sowie ein Update der Datenbank. <a href=\"https:\/\/tec5.com\/de\/unternehmen\/kontakt\/\" target=\"_blank\" rel=\"noopener\"> Bitte kontaktieren Sie uns hierf\u00fcr.<\/a><\/div>\n","protected":false},"excerpt":{"rendered":"<p>Software Downloads Auf dieser Seite finden Sie eine Auswahl der am h\u00e4ufigsten angefragten Treiber \u2013 Tools \u2013 Anwendungen rund um unsere Produkte. Weitere Software und Dokumentation stellen wir Ihnen gerne auf Anfrage zur Verf\u00fcgung. Hinweise zur Installation und Verwendung Wenn Sie Updates durchf\u00fchren, aktualisieren Sie bitte alle genutzten Software-Module, um Inkompatibilit\u00e4ten zu vermeiden. Eine \u00dcbersicht [&hellip;]<\/p>\n","protected":false},"author":4,"featured_media":892,"parent":25,"menu_order":2,"comment_status":"closed","ping_status":"closed","template":"","meta":{"_acf_changed":false,"footnotes":""},"tags":[],"class_list":["post-798","page","type-page","status-publish","has-post-thumbnail","hentry"],"acf":[],"yoast_head":"<!-- This site is optimized with the Yoast SEO plugin v27.4 - https:\/\/yoast.com\/product\/yoast-seo-wordpress\/ -->\n<title>Software Downloads - tec5<\/title>\n<meta name=\"description\" content=\"Aktuelle Applikationen und Treiber f\u00fcr tec5 Spektrometer-Komponenten und -Systeme zum direkten Download.\" \/>\n<meta name=\"robots\" content=\"noindex, nofollow\" \/>\n<meta property=\"og:locale\" content=\"de_DE\" \/>\n<meta property=\"og:type\" content=\"article\" \/>\n<meta property=\"og:title\" content=\"Software Downloads - tec5\" \/>\n<meta property=\"og:description\" content=\"Aktuelle Applikationen und Treiber f\u00fcr tec5 Spektrometer-Komponenten und -Systeme zum direkten Download.\" \/>\n<meta property=\"og:url\" content=\"https:\/\/tec5.com\/de\/service-support\/software-downloads\/\" \/>\n<meta property=\"og:site_name\" content=\"tec5\" \/>\n<meta property=\"article:modified_time\" content=\"2025-09-17T09:27:33+00:00\" \/>\n<meta property=\"og:image\" content=\"https:\/\/tec5.com\/wp-content\/uploads\/2020\/04\/tec5-Service-Support-1280x600px.png\" \/>\n\t<meta property=\"og:image:width\" content=\"1280\" \/>\n\t<meta property=\"og:image:height\" content=\"600\" \/>\n\t<meta property=\"og:image:type\" content=\"image\/png\" \/>\n<meta name=\"twitter:card\" content=\"summary_large_image\" \/>\n<meta name=\"twitter:label1\" content=\"Gesch\u00e4tzte Lesezeit\" \/>\n\t<meta name=\"twitter:data1\" content=\"3\u00a0Minuten\" \/>\n<script type=\"application\/ld+json\" class=\"yoast-schema-graph\">{\"@context\":\"https:\\\/\\\/schema.org\",\"@graph\":[{\"@type\":\"WebPage\",\"@id\":\"https:\\\/\\\/tec5.com\\\/de\\\/service-support\\\/software-downloads\\\/\",\"url\":\"https:\\\/\\\/tec5.com\\\/de\\\/service-support\\\/software-downloads\\\/\",\"name\":\"Software Downloads - tec5\",\"isPartOf\":{\"@id\":\"https:\\\/\\\/tec5.com\\\/de\\\/#website\"},\"primaryImageOfPage\":{\"@id\":\"https:\\\/\\\/tec5.com\\\/de\\\/service-support\\\/software-downloads\\\/#primaryimage\"},\"image\":{\"@id\":\"https:\\\/\\\/tec5.com\\\/de\\\/service-support\\\/software-downloads\\\/#primaryimage\"},\"thumbnailUrl\":\"https:\\\/\\\/tec5.com\\\/wp-content\\\/uploads\\\/2020\\\/04\\\/tec5-Service-Support-1280x600px.png\",\"datePublished\":\"2020-04-05T09:18:11+00:00\",\"dateModified\":\"2025-09-17T09:27:33+00:00\",\"description\":\"Aktuelle Applikationen und Treiber f\u00fcr tec5 Spektrometer-Komponenten und -Systeme zum direkten Download.\",\"breadcrumb\":{\"@id\":\"https:\\\/\\\/tec5.com\\\/de\\\/service-support\\\/software-downloads\\\/#breadcrumb\"},\"inLanguage\":\"de\",\"potentialAction\":[{\"@type\":\"ReadAction\",\"target\":[\"https:\\\/\\\/tec5.com\\\/de\\\/service-support\\\/software-downloads\\\/\"]}]},{\"@type\":\"ImageObject\",\"inLanguage\":\"de\",\"@id\":\"https:\\\/\\\/tec5.com\\\/de\\\/service-support\\\/software-downloads\\\/#primaryimage\",\"url\":\"https:\\\/\\\/tec5.com\\\/wp-content\\\/uploads\\\/2020\\\/04\\\/tec5-Service-Support-1280x600px.png\",\"contentUrl\":\"https:\\\/\\\/tec5.com\\\/wp-content\\\/uploads\\\/2020\\\/04\\\/tec5-Service-Support-1280x600px.png\",\"width\":1280,\"height\":600},{\"@type\":\"BreadcrumbList\",\"@id\":\"https:\\\/\\\/tec5.com\\\/de\\\/service-support\\\/software-downloads\\\/#breadcrumb\",\"itemListElement\":[{\"@type\":\"ListItem\",\"position\":1,\"name\":\"Startseite\",\"item\":\"https:\\\/\\\/tec5.com\\\/de\\\/\"},{\"@type\":\"ListItem\",\"position\":2,\"name\":\"Service &#038; Support\",\"item\":\"https:\\\/\\\/tec5.com\\\/de\\\/service-support\\\/\"},{\"@type\":\"ListItem\",\"position\":3,\"name\":\"Software Downloads\"}]},{\"@type\":\"WebSite\",\"@id\":\"https:\\\/\\\/tec5.com\\\/de\\\/#website\",\"url\":\"https:\\\/\\\/tec5.com\\\/de\\\/\",\"name\":\"tec5\",\"description\":\"Process Spectroscopy\",\"publisher\":{\"@id\":\"https:\\\/\\\/tec5.com\\\/de\\\/#organization\"},\"potentialAction\":[{\"@type\":\"SearchAction\",\"target\":{\"@type\":\"EntryPoint\",\"urlTemplate\":\"https:\\\/\\\/tec5.com\\\/de\\\/?s={search_term_string}\"},\"query-input\":{\"@type\":\"PropertyValueSpecification\",\"valueRequired\":true,\"valueName\":\"search_term_string\"}}],\"inLanguage\":\"de\"},{\"@type\":\"Organization\",\"@id\":\"https:\\\/\\\/tec5.com\\\/de\\\/#organization\",\"name\":\"tec5\",\"url\":\"https:\\\/\\\/tec5.com\\\/de\\\/\",\"logo\":{\"@type\":\"ImageObject\",\"inLanguage\":\"de\",\"@id\":\"https:\\\/\\\/tec5.com\\\/de\\\/#\\\/schema\\\/logo\\\/image\\\/\",\"url\":\"https:\\\/\\\/tec5.com\\\/wp-content\\\/uploads\\\/2021\\\/01\\\/Teaser_tec5-2.png\",\"contentUrl\":\"https:\\\/\\\/tec5.com\\\/wp-content\\\/uploads\\\/2021\\\/01\\\/Teaser_tec5-2.png\",\"width\":1159,\"height\":221,\"caption\":\"tec5\"},\"image\":{\"@id\":\"https:\\\/\\\/tec5.com\\\/de\\\/#\\\/schema\\\/logo\\\/image\\\/\"},\"sameAs\":[\"https:\\\/\\\/www.linkedin.com\\\/company\\\/tec5-ag\\\/\"]}]}<\/script>\n<!-- \/ Yoast SEO plugin. -->","yoast_head_json":{"title":"Software Downloads - tec5","description":"Aktuelle Applikationen und Treiber f\u00fcr tec5 Spektrometer-Komponenten und -Systeme zum direkten Download.","robots":{"index":"noindex","follow":"nofollow"},"og_locale":"de_DE","og_type":"article","og_title":"Software Downloads - tec5","og_description":"Aktuelle Applikationen und Treiber f\u00fcr tec5 Spektrometer-Komponenten und -Systeme zum direkten Download.","og_url":"https:\/\/tec5.com\/de\/service-support\/software-downloads\/","og_site_name":"tec5","article_modified_time":"2025-09-17T09:27:33+00:00","og_image":[{"width":1280,"height":600,"url":"https:\/\/tec5.com\/wp-content\/uploads\/2020\/04\/tec5-Service-Support-1280x600px.png","type":"image\/png"}],"twitter_card":"summary_large_image","twitter_misc":{"Gesch\u00e4tzte Lesezeit":"3\u00a0Minuten"},"schema":{"@context":"https:\/\/schema.org","@graph":[{"@type":"WebPage","@id":"https:\/\/tec5.com\/de\/service-support\/software-downloads\/","url":"https:\/\/tec5.com\/de\/service-support\/software-downloads\/","name":"Software Downloads - tec5","isPartOf":{"@id":"https:\/\/tec5.com\/de\/#website"},"primaryImageOfPage":{"@id":"https:\/\/tec5.com\/de\/service-support\/software-downloads\/#primaryimage"},"image":{"@id":"https:\/\/tec5.com\/de\/service-support\/software-downloads\/#primaryimage"},"thumbnailUrl":"https:\/\/tec5.com\/wp-content\/uploads\/2020\/04\/tec5-Service-Support-1280x600px.png","datePublished":"2020-04-05T09:18:11+00:00","dateModified":"2025-09-17T09:27:33+00:00","description":"Aktuelle Applikationen und Treiber f\u00fcr tec5 Spektrometer-Komponenten und -Systeme zum direkten Download.","breadcrumb":{"@id":"https:\/\/tec5.com\/de\/service-support\/software-downloads\/#breadcrumb"},"inLanguage":"de","potentialAction":[{"@type":"ReadAction","target":["https:\/\/tec5.com\/de\/service-support\/software-downloads\/"]}]},{"@type":"ImageObject","inLanguage":"de","@id":"https:\/\/tec5.com\/de\/service-support\/software-downloads\/#primaryimage","url":"https:\/\/tec5.com\/wp-content\/uploads\/2020\/04\/tec5-Service-Support-1280x600px.png","contentUrl":"https:\/\/tec5.com\/wp-content\/uploads\/2020\/04\/tec5-Service-Support-1280x600px.png","width":1280,"height":600},{"@type":"BreadcrumbList","@id":"https:\/\/tec5.com\/de\/service-support\/software-downloads\/#breadcrumb","itemListElement":[{"@type":"ListItem","position":1,"name":"Startseite","item":"https:\/\/tec5.com\/de\/"},{"@type":"ListItem","position":2,"name":"Service &#038; Support","item":"https:\/\/tec5.com\/de\/service-support\/"},{"@type":"ListItem","position":3,"name":"Software Downloads"}]},{"@type":"WebSite","@id":"https:\/\/tec5.com\/de\/#website","url":"https:\/\/tec5.com\/de\/","name":"tec5","description":"Process Spectroscopy","publisher":{"@id":"https:\/\/tec5.com\/de\/#organization"},"potentialAction":[{"@type":"SearchAction","target":{"@type":"EntryPoint","urlTemplate":"https:\/\/tec5.com\/de\/?s={search_term_string}"},"query-input":{"@type":"PropertyValueSpecification","valueRequired":true,"valueName":"search_term_string"}}],"inLanguage":"de"},{"@type":"Organization","@id":"https:\/\/tec5.com\/de\/#organization","name":"tec5","url":"https:\/\/tec5.com\/de\/","logo":{"@type":"ImageObject","inLanguage":"de","@id":"https:\/\/tec5.com\/de\/#\/schema\/logo\/image\/","url":"https:\/\/tec5.com\/wp-content\/uploads\/2021\/01\/Teaser_tec5-2.png","contentUrl":"https:\/\/tec5.com\/wp-content\/uploads\/2021\/01\/Teaser_tec5-2.png","width":1159,"height":221,"caption":"tec5"},"image":{"@id":"https:\/\/tec5.com\/de\/#\/schema\/logo\/image\/"},"sameAs":["https:\/\/www.linkedin.com\/company\/tec5-ag\/"]}]}},"_links":{"self":[{"href":"https:\/\/tec5.com\/de\/wp-json\/wp\/v2\/pages\/798","targetHints":{"allow":["GET"]}}],"collection":[{"href":"https:\/\/tec5.com\/de\/wp-json\/wp\/v2\/pages"}],"about":[{"href":"https:\/\/tec5.com\/de\/wp-json\/wp\/v2\/types\/page"}],"author":[{"embeddable":true,"href":"https:\/\/tec5.com\/de\/wp-json\/wp\/v2\/users\/4"}],"replies":[{"embeddable":true,"href":"https:\/\/tec5.com\/de\/wp-json\/wp\/v2\/comments?post=798"}],"version-history":[{"count":71,"href":"https:\/\/tec5.com\/de\/wp-json\/wp\/v2\/pages\/798\/revisions"}],"predecessor-version":[{"id":9837,"href":"https:\/\/tec5.com\/de\/wp-json\/wp\/v2\/pages\/798\/revisions\/9837"}],"up":[{"embeddable":true,"href":"https:\/\/tec5.com\/de\/wp-json\/wp\/v2\/pages\/25"}],"wp:featuredmedia":[{"embeddable":true,"href":"https:\/\/tec5.com\/de\/wp-json\/wp\/v2\/media\/892"}],"wp:attachment":[{"href":"https:\/\/tec5.com\/de\/wp-json\/wp\/v2\/media?parent=798"}],"wp:term":[{"taxonomy":"post_tag","embeddable":true,"href":"https:\/\/tec5.com\/de\/wp-json\/wp\/v2\/tags?post=798"}],"curies":[{"name":"wp","href":"https:\/\/api.w.org\/{rel}","templated":true}]}}