{"id":8885,"date":"2025-02-27T14:24:50","date_gmt":"2025-02-27T13:24:50","guid":{"rendered":"https:\/\/tec5.com\/?page_id=8885"},"modified":"2025-04-11T09:59:40","modified_gmt":"2025-04-11T07:59:40","slug":"team-leiter-elektronik-entwicklung-mwd-2","status":"publish","type":"page","link":"https:\/\/tec5.com\/de\/unternehmen\/karriere\/team-leiter-elektronik-entwicklung-mwd-2\/","title":{"rendered":"Team-Leiter Elektronik-Entwicklung (m|w|d)"},"content":{"rendered":"<p>2    <script type=\"application\/ld+json\">\r\n    {\r\n      \"@context\" : \"https:\/\/schema.org\/\",\r\n      \"@type\" : \"JobPosting\",\r\n      \"title\" : \"Team-Leiter Elektronik-Entwicklung\",\r\n      \"description\" : \"Sie begeistern sich f\u00fcr moderne Technologien und haben fundierte Erfahrung in der Elektronikentwicklung und der Signalverarbeitung? Sie m\u00f6chten Produkte mitgestalten und haben Spa\u00df an Verantwortung?\",\r\n      \"identifier\": {\r\n        \"@type\": \"PropertyValue\",\r\n        \"name\": \"tec5 AG\",\r\n        \"value\": \"1234567\"\r\n      },\r\n      \"datePosted\" : \"20245-02-18\",\r\n      \"validThrough\" : \"2025-04-30\",\r\n      \"employmentType\" : \"FULL_TIME\",\r\n      \"hiringOrganization\" : {\r\n        \"@type\" : \"Organization\",\r\n        \"name\" : \"tec5 AG\",\r\n        \"sameAs\" : \"https:\/\/tec5.com\",\r\n        \"logo\" : \"https:\/\/tec5.com\/wp-content\/themes\/tec5\/assets\/images\/logo.png\"\r\n      },\r\n      \"jobLocation\": {\r\n      \"@type\": \"Place\",\r\n        \"address\": {\r\n        \"@type\": \"PostalAddress\",\r\n        \"streetAddress\": \"Wei\u00dfkirchener Str. 2-6\",\r\n        \"addressLocality\": \"Steinbach (Taunus)\",\r\n        \"addressRegion\": \"HE\",\r\n        \"postalCode\": \"61449\",\r\n        \"addressCountry\": \"DE\"\r\n        }\r\n      }\r\n    }\r\n    <\/script>\n<p>Wir sind ein international t\u00e4tiges Unternehmen und haben uns auf die Entwicklung und Herstellung von Spektrometern und Photometern f\u00fcr die Prozessanalytik spezialisiert. Basierend auf unserem breiten Portfolio an optischen und elektronischen Komponenten entstehen in enger Zusammenarbeit mit unseren Partnern und Kunden prozessf\u00e4hige Sensorsysteme f\u00fcr Messaufgaben in verschiedensten Industriebranchen. Sitz des Unternehmens ist Steinbach in unmittelbarer N\u00e4he von Frankfurt a.M..<\/p>\n<p>Zur Verst\u00e4rkung unseres Teams suchen wir ab sofort einen<\/p>\n<h1>Team-Leiter Elektronik-Entwicklung (m|w|d)<\/h1>\n<p>unbefristet in Vollzeit am Standort Steinbach.<\/p>\n<p>Sie begeistern sich f\u00fcr moderne Technologien und haben fundierte Erfahrung in der Elektronikentwicklung und der Signalverarbeitung? Sie m\u00f6chten Produkte mitgestalten und haben Spa\u00df an Verantwortung? Dann erwar-tet Sie bei uns eine spannende Position mit viel Gestaltungsspielraum!<\/p>\n<h2>Ihre Aufgaben:<\/h2>\n<ul>\n<li>\n<div>Als Team-Leiter Elektronik verantworten Sie die technologische Ausrichtung und die Abl\u00e4ufe in unserer Elektronik-Entwicklung und f\u00f6rdern die Weiterentwicklung der Kompetenzen im Team.<\/div>\n<\/li>\n<li>\n<div>Sie beteiligen sich aktiv an der Konzeption und Umsetzung unserer Produktentwicklungen und begleiten Projekte von der Idee bis zur Serieneinf\u00fchrung, teilweise auch mit externen Entwicklungspartnern<\/div>\n<\/li>\n<li>\n<div>Die technischen Schwerpunkte Ihrer Arbeit liegen in der pr\u00e4zisen Ansteuerung und dem hochgenauen analogen Auslesen von ein- und zweidimensionalen Halbleiterdetektoren sowie in der folgenden Sig-nalverarbeitung in aktuellen FPGA-Multicore- und SoC-Umgebungen mit Soft-Core Multiprozessoren<\/div>\n<\/li>\n<li>\n<div>Ihre praktische T\u00e4tigkeit umfasst insbesondere die analoge und digitale Schaltungsentwicklung sowie FPGA-Programmierung und -Simulation<\/div>\n<\/li>\n<li>\n<div>Sie beobachten Technologie- und Markttrends und nutzen diese f\u00fcr neue Produktentwicklungen<\/div>\n<\/li>\n<\/ul>\n<p>&nbsp;<\/p>\n<h2>Unsere Anforderungen:<\/h2>\n<ul>\n<li>\n<div>Abgeschlossenes Diplom-\/ Master-Studium der Elektrotechnik oder eine vergleichbare Ausbildung<\/div>\n<\/li>\n<li>\n<div>Mehrj\u00e4hrige Berufserfahrung in der Elektronik-Entwicklung<\/div>\n<\/li>\n<li>\n<div>Fundierte Kenntnisse im Bereich der analogen und digitalen Schaltungsentwicklung insbesondere in der Entwicklung optischer Messger\u00e4te, Sensoren oder Kamerasysteme<\/div>\n<\/li>\n<li>\n<div>Routinierter Umgang mit Entwicklungs-Tools wie Altium, Vivado\/Vitis und QuestaSim<\/div>\n<\/li>\n<li>\n<div>Sichere Deutsch- und Englischkenntnisse<\/div>\n<\/li>\n<li>\n<div>Gute Kommunikations- und Organisationsf\u00e4higkeiten<\/div>\n<\/li>\n<\/ul>\n<p>&nbsp;<\/p>\n<h2>Unser Angebot:<\/h2>\n<ul>\n<li>Interessantes und vielseitiges Aufgabengebiet in einem dynamischen, auf Wachstum ausgerichteten Unternehmen<\/li>\n<li>Ein Team mit hilfsbereiten Kolleginnen und Kollegen, flache Hierarchien, kurze Entscheidungswege sowie Freir\u00e4umen f\u00fcr Eigeninitiative<\/li>\n<li>Leistungsgerechte Bezahlung sowie umfangreiche Zusatzleistungen (u.a. Zuschuss zur betrieblichen Altersvorsorge, Job-Rad, Fitnesskurse, Lauftreff, Beteiligung am Unternehmenserfolg)<\/li>\n<li>Gute Erreichbarkeit (S-Bahn und Bushaltestelle vor der T\u00fcr, kostenfreie Parkpl\u00e4tze, Ladeinfrastruktur f\u00fcr e-Mobilit\u00e4t)<\/li>\n<\/ul>\n<p>&nbsp;<\/p>\n<h2>Interesse?<\/h2>\n<p>Dann freuen wir uns auf Ihre aussagekr\u00e4ftige Bewerbung. Ihre Ansprechpartnerin ist Frau Jana Ried. Sie steht Ihnen auch gerne f\u00fcr Fragen zum Unternehmen und zum Aufgabenbereich zur Verf\u00fcgung.<\/p>\n<p>Telefon: 06171\/9758-0, E-Mail: <a href=\"mailto:hr@tec.com&amp;subject=Bewerbung\">hr@tec5.com<\/a>.<br \/>\n<i class=\"fa fa-file-pdf-o\"> <\/i> <a href=\"https:\/\/tec5.com\/wp-content\/uploads\/2025\/02\/Stellenausschreibung_Teamleiter_Elektronikentwickler-1.pdf\" target=\"_blank\" rel=\"noopener\">Stellenausschreibung als PDF laden<\/a>\u00a0| <a href=\"https:\/\/tec5.com\/de\/unternehmen\/karriere\/\">Zur \u00dcbersicht Stellenangebote<\/a><\/p>\n","protected":false},"excerpt":{"rendered":"<p>2 Wir sind ein international t\u00e4tiges Unternehmen und haben uns auf die Entwicklung und Herstellung von Spektrometern und Photometern f\u00fcr die Prozessanalytik spezialisiert. Basierend auf unserem breiten Portfolio an optischen und elektronischen Komponenten entstehen in enger Zusammenarbeit mit unseren Partnern und Kunden prozessf\u00e4hige Sensorsysteme f\u00fcr Messaufgaben in verschiedensten Industriebranchen. Sitz des Unternehmens ist Steinbach in [&hellip;]<\/p>\n","protected":false},"author":6,"featured_media":5150,"parent":740,"menu_order":2,"comment_status":"closed","ping_status":"closed","template":"","meta":{"_acf_changed":false,"footnotes":""},"tags":[],"class_list":["post-8885","page","type-page","status-publish","has-post-thumbnail","hentry"],"acf":[],"yoast_head":"<!-- This site is optimized with the Yoast SEO plugin v27.4 - https:\/\/yoast.com\/product\/yoast-seo-wordpress\/ -->\n<title>Wir suchen Sie als Team-Leiter Elektronik-Entwicklung (m|w|d)<\/title>\n<meta name=\"description\" content=\"in Vollzeit. Sie begeistern sich f\u00fcr moderne Technologien und haben fundierte Erfahrung in der Elektronikentwicklung und der Signalverarbeitung!\" \/>\n<meta name=\"robots\" content=\"index, follow, max-snippet:-1, max-image-preview:large, max-video-preview:-1\" \/>\n<link rel=\"canonical\" href=\"https:\/\/tec5.com\/de\/unternehmen\/karriere\/team-leiter-elektronik-entwicklung-mwd-2\/\" \/>\n<meta property=\"og:locale\" content=\"de_DE\" \/>\n<meta property=\"og:type\" content=\"article\" \/>\n<meta property=\"og:title\" content=\"Wir suchen Sie als Team-Leiter Elektronik-Entwicklung (m|w|d)\" \/>\n<meta property=\"og:description\" content=\"in Vollzeit. Sie begeistern sich f\u00fcr moderne Technologien und haben fundierte Erfahrung in der Elektronikentwicklung und der Signalverarbeitung!\" \/>\n<meta property=\"og:url\" content=\"https:\/\/tec5.com\/de\/unternehmen\/karriere\/team-leiter-elektronik-entwicklung-mwd-2\/\" \/>\n<meta property=\"og:site_name\" content=\"tec5\" \/>\n<meta property=\"article:modified_time\" content=\"2025-04-11T07:59:40+00:00\" \/>\n<meta property=\"og:image\" content=\"https:\/\/tec5.com\/wp-content\/uploads\/2022\/11\/Unternehmen_Header_1280x600px.jpg\" \/>\n\t<meta property=\"og:image:width\" content=\"1280\" \/>\n\t<meta property=\"og:image:height\" content=\"600\" \/>\n\t<meta property=\"og:image:type\" content=\"image\/jpeg\" \/>\n<meta name=\"twitter:card\" content=\"summary_large_image\" \/>\n<meta name=\"twitter:label1\" content=\"Gesch\u00e4tzte Lesezeit\" \/>\n\t<meta name=\"twitter:data1\" content=\"3\u00a0Minuten\" \/>\n<script type=\"application\/ld+json\" class=\"yoast-schema-graph\">{\"@context\":\"https:\\\/\\\/schema.org\",\"@graph\":[{\"@type\":\"WebPage\",\"@id\":\"https:\\\/\\\/tec5.com\\\/de\\\/unternehmen\\\/karriere\\\/team-leiter-elektronik-entwicklung-mwd-2\\\/\",\"url\":\"https:\\\/\\\/tec5.com\\\/de\\\/unternehmen\\\/karriere\\\/team-leiter-elektronik-entwicklung-mwd-2\\\/\",\"name\":\"Wir suchen Sie als Team-Leiter Elektronik-Entwicklung (m|w|d)\",\"isPartOf\":{\"@id\":\"https:\\\/\\\/tec5.com\\\/de\\\/#website\"},\"primaryImageOfPage\":{\"@id\":\"https:\\\/\\\/tec5.com\\\/de\\\/unternehmen\\\/karriere\\\/team-leiter-elektronik-entwicklung-mwd-2\\\/#primaryimage\"},\"image\":{\"@id\":\"https:\\\/\\\/tec5.com\\\/de\\\/unternehmen\\\/karriere\\\/team-leiter-elektronik-entwicklung-mwd-2\\\/#primaryimage\"},\"thumbnailUrl\":\"https:\\\/\\\/tec5.com\\\/wp-content\\\/uploads\\\/2022\\\/11\\\/Unternehmen_Header_1280x600px.jpg\",\"datePublished\":\"2025-02-27T13:24:50+00:00\",\"dateModified\":\"2025-04-11T07:59:40+00:00\",\"description\":\"in Vollzeit. Sie begeistern sich f\u00fcr moderne Technologien und haben fundierte Erfahrung in der Elektronikentwicklung und der Signalverarbeitung!\",\"breadcrumb\":{\"@id\":\"https:\\\/\\\/tec5.com\\\/de\\\/unternehmen\\\/karriere\\\/team-leiter-elektronik-entwicklung-mwd-2\\\/#breadcrumb\"},\"inLanguage\":\"de\",\"potentialAction\":[{\"@type\":\"ReadAction\",\"target\":[\"https:\\\/\\\/tec5.com\\\/de\\\/unternehmen\\\/karriere\\\/team-leiter-elektronik-entwicklung-mwd-2\\\/\"]}]},{\"@type\":\"ImageObject\",\"inLanguage\":\"de\",\"@id\":\"https:\\\/\\\/tec5.com\\\/de\\\/unternehmen\\\/karriere\\\/team-leiter-elektronik-entwicklung-mwd-2\\\/#primaryimage\",\"url\":\"https:\\\/\\\/tec5.com\\\/wp-content\\\/uploads\\\/2022\\\/11\\\/Unternehmen_Header_1280x600px.jpg\",\"contentUrl\":\"https:\\\/\\\/tec5.com\\\/wp-content\\\/uploads\\\/2022\\\/11\\\/Unternehmen_Header_1280x600px.jpg\",\"width\":1280,\"height\":600,\"caption\":\"Unternehmen Aussenansicht\"},{\"@type\":\"BreadcrumbList\",\"@id\":\"https:\\\/\\\/tec5.com\\\/de\\\/unternehmen\\\/karriere\\\/team-leiter-elektronik-entwicklung-mwd-2\\\/#breadcrumb\",\"itemListElement\":[{\"@type\":\"ListItem\",\"position\":1,\"name\":\"Startseite\",\"item\":\"https:\\\/\\\/tec5.com\\\/de\\\/\"},{\"@type\":\"ListItem\",\"position\":2,\"name\":\"Unternehmen\",\"item\":\"https:\\\/\\\/tec5.com\\\/de\\\/unternehmen\\\/\"},{\"@type\":\"ListItem\",\"position\":3,\"name\":\"Karriere\",\"item\":\"https:\\\/\\\/tec5.com\\\/de\\\/unternehmen\\\/karriere\\\/\"},{\"@type\":\"ListItem\",\"position\":4,\"name\":\"Team-Leiter Elektronik-Entwicklung (m|w|d)\"}]},{\"@type\":\"WebSite\",\"@id\":\"https:\\\/\\\/tec5.com\\\/de\\\/#website\",\"url\":\"https:\\\/\\\/tec5.com\\\/de\\\/\",\"name\":\"tec5\",\"description\":\"Process Spectroscopy\",\"publisher\":{\"@id\":\"https:\\\/\\\/tec5.com\\\/de\\\/#organization\"},\"potentialAction\":[{\"@type\":\"SearchAction\",\"target\":{\"@type\":\"EntryPoint\",\"urlTemplate\":\"https:\\\/\\\/tec5.com\\\/de\\\/?s={search_term_string}\"},\"query-input\":{\"@type\":\"PropertyValueSpecification\",\"valueRequired\":true,\"valueName\":\"search_term_string\"}}],\"inLanguage\":\"de\"},{\"@type\":\"Organization\",\"@id\":\"https:\\\/\\\/tec5.com\\\/de\\\/#organization\",\"name\":\"tec5\",\"url\":\"https:\\\/\\\/tec5.com\\\/de\\\/\",\"logo\":{\"@type\":\"ImageObject\",\"inLanguage\":\"de\",\"@id\":\"https:\\\/\\\/tec5.com\\\/de\\\/#\\\/schema\\\/logo\\\/image\\\/\",\"url\":\"https:\\\/\\\/tec5.com\\\/wp-content\\\/uploads\\\/2021\\\/01\\\/Teaser_tec5-2.png\",\"contentUrl\":\"https:\\\/\\\/tec5.com\\\/wp-content\\\/uploads\\\/2021\\\/01\\\/Teaser_tec5-2.png\",\"width\":1159,\"height\":221,\"caption\":\"tec5\"},\"image\":{\"@id\":\"https:\\\/\\\/tec5.com\\\/de\\\/#\\\/schema\\\/logo\\\/image\\\/\"},\"sameAs\":[\"https:\\\/\\\/www.linkedin.com\\\/company\\\/tec5-ag\\\/\"]}]}<\/script>\n<!-- \/ Yoast SEO plugin. -->","yoast_head_json":{"title":"Wir suchen Sie als Team-Leiter Elektronik-Entwicklung (m|w|d)","description":"in Vollzeit. Sie begeistern sich f\u00fcr moderne Technologien und haben fundierte Erfahrung in der Elektronikentwicklung und der Signalverarbeitung!","robots":{"index":"index","follow":"follow","max-snippet":"max-snippet:-1","max-image-preview":"max-image-preview:large","max-video-preview":"max-video-preview:-1"},"canonical":"https:\/\/tec5.com\/de\/unternehmen\/karriere\/team-leiter-elektronik-entwicklung-mwd-2\/","og_locale":"de_DE","og_type":"article","og_title":"Wir suchen Sie als Team-Leiter Elektronik-Entwicklung (m|w|d)","og_description":"in Vollzeit. Sie begeistern sich f\u00fcr moderne Technologien und haben fundierte Erfahrung in der Elektronikentwicklung und der Signalverarbeitung!","og_url":"https:\/\/tec5.com\/de\/unternehmen\/karriere\/team-leiter-elektronik-entwicklung-mwd-2\/","og_site_name":"tec5","article_modified_time":"2025-04-11T07:59:40+00:00","og_image":[{"width":1280,"height":600,"url":"https:\/\/tec5.com\/wp-content\/uploads\/2022\/11\/Unternehmen_Header_1280x600px.jpg","type":"image\/jpeg"}],"twitter_card":"summary_large_image","twitter_misc":{"Gesch\u00e4tzte Lesezeit":"3\u00a0Minuten"},"schema":{"@context":"https:\/\/schema.org","@graph":[{"@type":"WebPage","@id":"https:\/\/tec5.com\/de\/unternehmen\/karriere\/team-leiter-elektronik-entwicklung-mwd-2\/","url":"https:\/\/tec5.com\/de\/unternehmen\/karriere\/team-leiter-elektronik-entwicklung-mwd-2\/","name":"Wir suchen Sie als Team-Leiter Elektronik-Entwicklung (m|w|d)","isPartOf":{"@id":"https:\/\/tec5.com\/de\/#website"},"primaryImageOfPage":{"@id":"https:\/\/tec5.com\/de\/unternehmen\/karriere\/team-leiter-elektronik-entwicklung-mwd-2\/#primaryimage"},"image":{"@id":"https:\/\/tec5.com\/de\/unternehmen\/karriere\/team-leiter-elektronik-entwicklung-mwd-2\/#primaryimage"},"thumbnailUrl":"https:\/\/tec5.com\/wp-content\/uploads\/2022\/11\/Unternehmen_Header_1280x600px.jpg","datePublished":"2025-02-27T13:24:50+00:00","dateModified":"2025-04-11T07:59:40+00:00","description":"in Vollzeit. Sie begeistern sich f\u00fcr moderne Technologien und haben fundierte Erfahrung in der Elektronikentwicklung und der Signalverarbeitung!","breadcrumb":{"@id":"https:\/\/tec5.com\/de\/unternehmen\/karriere\/team-leiter-elektronik-entwicklung-mwd-2\/#breadcrumb"},"inLanguage":"de","potentialAction":[{"@type":"ReadAction","target":["https:\/\/tec5.com\/de\/unternehmen\/karriere\/team-leiter-elektronik-entwicklung-mwd-2\/"]}]},{"@type":"ImageObject","inLanguage":"de","@id":"https:\/\/tec5.com\/de\/unternehmen\/karriere\/team-leiter-elektronik-entwicklung-mwd-2\/#primaryimage","url":"https:\/\/tec5.com\/wp-content\/uploads\/2022\/11\/Unternehmen_Header_1280x600px.jpg","contentUrl":"https:\/\/tec5.com\/wp-content\/uploads\/2022\/11\/Unternehmen_Header_1280x600px.jpg","width":1280,"height":600,"caption":"Unternehmen Aussenansicht"},{"@type":"BreadcrumbList","@id":"https:\/\/tec5.com\/de\/unternehmen\/karriere\/team-leiter-elektronik-entwicklung-mwd-2\/#breadcrumb","itemListElement":[{"@type":"ListItem","position":1,"name":"Startseite","item":"https:\/\/tec5.com\/de\/"},{"@type":"ListItem","position":2,"name":"Unternehmen","item":"https:\/\/tec5.com\/de\/unternehmen\/"},{"@type":"ListItem","position":3,"name":"Karriere","item":"https:\/\/tec5.com\/de\/unternehmen\/karriere\/"},{"@type":"ListItem","position":4,"name":"Team-Leiter Elektronik-Entwicklung (m|w|d)"}]},{"@type":"WebSite","@id":"https:\/\/tec5.com\/de\/#website","url":"https:\/\/tec5.com\/de\/","name":"tec5","description":"Process Spectroscopy","publisher":{"@id":"https:\/\/tec5.com\/de\/#organization"},"potentialAction":[{"@type":"SearchAction","target":{"@type":"EntryPoint","urlTemplate":"https:\/\/tec5.com\/de\/?s={search_term_string}"},"query-input":{"@type":"PropertyValueSpecification","valueRequired":true,"valueName":"search_term_string"}}],"inLanguage":"de"},{"@type":"Organization","@id":"https:\/\/tec5.com\/de\/#organization","name":"tec5","url":"https:\/\/tec5.com\/de\/","logo":{"@type":"ImageObject","inLanguage":"de","@id":"https:\/\/tec5.com\/de\/#\/schema\/logo\/image\/","url":"https:\/\/tec5.com\/wp-content\/uploads\/2021\/01\/Teaser_tec5-2.png","contentUrl":"https:\/\/tec5.com\/wp-content\/uploads\/2021\/01\/Teaser_tec5-2.png","width":1159,"height":221,"caption":"tec5"},"image":{"@id":"https:\/\/tec5.com\/de\/#\/schema\/logo\/image\/"},"sameAs":["https:\/\/www.linkedin.com\/company\/tec5-ag\/"]}]}},"_links":{"self":[{"href":"https:\/\/tec5.com\/de\/wp-json\/wp\/v2\/pages\/8885","targetHints":{"allow":["GET"]}}],"collection":[{"href":"https:\/\/tec5.com\/de\/wp-json\/wp\/v2\/pages"}],"about":[{"href":"https:\/\/tec5.com\/de\/wp-json\/wp\/v2\/types\/page"}],"author":[{"embeddable":true,"href":"https:\/\/tec5.com\/de\/wp-json\/wp\/v2\/users\/6"}],"replies":[{"embeddable":true,"href":"https:\/\/tec5.com\/de\/wp-json\/wp\/v2\/comments?post=8885"}],"version-history":[{"count":7,"href":"https:\/\/tec5.com\/de\/wp-json\/wp\/v2\/pages\/8885\/revisions"}],"predecessor-version":[{"id":9027,"href":"https:\/\/tec5.com\/de\/wp-json\/wp\/v2\/pages\/8885\/revisions\/9027"}],"up":[{"embeddable":true,"href":"https:\/\/tec5.com\/de\/wp-json\/wp\/v2\/pages\/740"}],"wp:featuredmedia":[{"embeddable":true,"href":"https:\/\/tec5.com\/de\/wp-json\/wp\/v2\/media\/5150"}],"wp:attachment":[{"href":"https:\/\/tec5.com\/de\/wp-json\/wp\/v2\/media?parent=8885"}],"wp:term":[{"taxonomy":"post_tag","embeddable":true,"href":"https:\/\/tec5.com\/de\/wp-json\/wp\/v2\/tags?post=8885"}],"curies":[{"name":"wp","href":"https:\/\/api.w.org\/{rel}","templated":true}]}}