{"id":9419,"date":"2025-06-04T18:06:55","date_gmt":"2025-06-04T16:06:55","guid":{"rendered":"https:\/\/tec5.com\/?page_id=9419"},"modified":"2025-06-05T12:43:58","modified_gmt":"2025-06-05T10:43:58","slug":"progaze-sse-sensorboards","status":"publish","type":"page","link":"https:\/\/tec5.com\/de\/produkte\/progaze-sse\/progaze-sse-sensorboards\/","title":{"rendered":"PROGAZE SSE \u2013 Sensor Boards"},"content":{"rendered":"<div class=\"row\">\n<div class=\"col-lg-4\">\n<p><img loading=\"lazy\" class=\"alignnone wp-image-9426 size-full\" src=\"https:\/\/tec5.com\/wp-content\/uploads\/2025\/06\/pgSSE-Sensorboards_300x600px.webp?_t=1749048720\" alt=\"PROGAZE SSE Sensor Boards\" width=\"600\" height=\"300\" srcset=\"https:\/\/tec5.com\/wp-content\/uploads\/2025\/06\/pgSSE-Sensorboards_300x600px.webp 600w, https:\/\/tec5.com\/wp-content\/uploads\/2025\/06\/pgSSE-Sensorboards_300x600px-575x288.webp 575w\" sizes=\"auto, (max-width: 600px) 100vw, 600px\" \/><\/p>\n<\/div>\n<div class=\"col-lg-8\">\n<h1>PROGAZE <em>SSE<\/em> \u2013 Sensor Boards<\/h1>\n<p><strong>Sensor Boards (SB) sind Schl\u00fcsselkomponenten der Smart Spectrometer Electronics Plattform und erm\u00f6glichen die hochpr\u00e4zise analoge Signalaufnahme mit einer Vielzahl von Diodenzeilen-Detektoren.\u00a0<\/strong><\/p>\n<p>F\u00fcr verschiedene Sensortypen \u2013 darunter CMOS-, CCD- und NMOS-Diodenzeilen \u2013 stehen spezifisch ausgelegte Sensor Boards zur Verf\u00fcgung. Sie zeichnen sich durch ein besonders rauscharmes Signalverhalten und eine hohe elektromagnetische Robustheit aus.<\/p>\n<p>Konfigurierbare Wandlungstiefen von bis zu 24 Bit erm\u00f6glichen eine anwendungsoptimierte Balance zwischen hoher Wandlungstiefe und Bandbreite. \u00dcber integrierte Schnittstellen lassen sich zus\u00e4tzliche analoge oder digitale Sensoren (z.\u202fB. f\u00fcr Temperatur, Druck oder Feuchte) anbinden, sodass die spektralen Messdaten in Echtzeit mit probenrelevanten Zusatzinformationen angereichert werden k\u00f6nnen.<\/p>\n<span class=\"t5-fileform-start\" style=\"text-align: center; width: 30% important!; display: inline-block; margin-bottom: 10px; margin-right: 5px;\" title=\"Download\"><span class=\"su-lightbox\" data-mfp-src=\"#t5-fileform\" data-mfp-type=\"inline\" data-mobile=\"yes\">Datenblatt&nbsp; <i class=\"fa fa-file-pdf-o\" aria-hidden=\"true\"><\/i><\/span><\/span>\r\n<div class=\"su-lightbox-content su-u-trim  t5-fileform\" id=\"t5-fileform\" style=\"display:none;width:auto;min-width:none;max-width:600px;margin-top:40px;margin-bottom:40px;padding:40px;background:#FFFFFF;color:#333333;box-shadow:0px 0px 15px #333333;text-align:left\">\n<div class=\"wpcf7 no-js\" id=\"wpcf7-f8016-o1\" lang=\"de-DE\" dir=\"ltr\" data-wpcf7-id=\"8016\">\n<div class=\"screen-reader-response\"><p role=\"status\" aria-live=\"polite\" aria-atomic=\"true\"><\/p> <ul><\/ul><\/div>\n<form action=\"\/de\/wp-json\/wp\/v2\/pages\/9419#wpcf7-f8016-o1\" method=\"post\" class=\"wpcf7-form init\" aria-label=\"Kontaktformular\" novalidate=\"novalidate\" data-status=\"init\">\n<fieldset class=\"hidden-fields-container\"><input type=\"hidden\" name=\"_wpcf7\" value=\"8016\" \/><input type=\"hidden\" name=\"_wpcf7_version\" value=\"6.1.5\" \/><input type=\"hidden\" name=\"_wpcf7_locale\" value=\"de_DE\" \/><input type=\"hidden\" name=\"_wpcf7_unit_tag\" value=\"wpcf7-f8016-o1\" \/><input type=\"hidden\" name=\"_wpcf7_container_post\" value=\"0\" \/><input type=\"hidden\" name=\"_wpcf7_posted_data_hash\" value=\"\" \/><input type=\"hidden\" name=\"_wpcf7cf_hidden_group_fields\" value=\"[]\" \/><input type=\"hidden\" name=\"_wpcf7cf_hidden_groups\" value=\"[]\" \/><input type=\"hidden\" name=\"_wpcf7cf_visible_groups\" value=\"[]\" \/><input type=\"hidden\" name=\"_wpcf7cf_repeaters\" value=\"[]\" \/><input type=\"hidden\" name=\"_wpcf7cf_steps\" value=\"{}\" \/><input type=\"hidden\" name=\"_wpcf7cf_options\" value=\"{&quot;form_id&quot;:8016,&quot;conditions&quot;:[{&quot;then_field&quot;:&quot;group-dpa&quot;,&quot;and_rules&quot;:[{&quot;if_field&quot;:&quot;your-email&quot;,&quot;operator&quot;:&quot;not empty&quot;,&quot;if_value&quot;:&quot;&quot;}]},{&quot;then_field&quot;:&quot;-1&quot;,&quot;and_rules&quot;:[{&quot;if_field&quot;:&quot;datenschutzhinweis&quot;,&quot;operator&quot;:&quot;not empty&quot;,&quot;if_value&quot;:&quot;&quot;}]}],&quot;settings&quot;:{&quot;animation&quot;:&quot;yes&quot;,&quot;animation_intime&quot;:200,&quot;animation_outtime&quot;:200,&quot;conditions_ui&quot;:&quot;normal&quot;,&quot;notice_dismissed&quot;:false,&quot;notice_dismissed_update-cf7-6.1.2&quot;:true}}\" \/>\n<\/fieldset>\n<input class=\"wpcf7-form-control wpcf7-hidden\" value=\"https:\/\/tec5.com\/media\/docs\/en\/tec5_datasheet_PROGAZE_SSE_Sensorboards.pdf\" type=\"hidden\" name=\"download-url\" \/>\n<input class=\"wpcf7-form-control wpcf7-hidden\" value=\"\" type=\"hidden\" name=\"ls\" \/>\n<input class=\"wpcf7-form-control wpcf7-hidden\" value=\"\" type=\"hidden\" name=\"etcc_med\" \/>\n<input class=\"wpcf7-form-control wpcf7-hidden\" value=\"\" type=\"hidden\" name=\"etcc_par\" \/>\n<input class=\"wpcf7-form-control wpcf7-hidden\" value=\"\" type=\"hidden\" name=\"etcc_cmp\" \/>\n<input class=\"wpcf7-form-control wpcf7-hidden\" value=\"\" type=\"hidden\" name=\"etcc_bky\" \/>\n<input class=\"wpcf7-form-control wpcf7-hidden\" value=\"\" type=\"hidden\" name=\"page-url\" \/>\n<div class=\"wpcf7-response-output\" aria-hidden=\"true\"><\/div>\n<p><a href=\"#\" onclick=\"jQuery.magnificPopup.close(); return false;\"><br \/>\n<span class=\"showaftersubmit\">Sie k\u00f6nnen diesen Hinweis jetzt schlie\u00dfen.<\/span><\/a>\n<\/p>\n<div class=\"row hideaftersubmit\">\n\t<div class=\"col-lg-12 col-sm-12 t5-pdfform\">\n\t\t<p style=\"margin-bottom:5px;\">Bitte geben Sie Ihre E-Mailadresse an, um das Dokument anzufordern:\n\t\t<\/p>\n\t\t<p><span class=\"wpcf7-form-control-wrap\" data-name=\"your-email\"><input size=\"20\" maxlength=\"400\" class=\"wpcf7-form-control wpcf7-email wpcf7-validates-as-required wpcf7-text wpcf7-validates-as-email\" autocomplete=\"email\" aria-required=\"true\" aria-invalid=\"false\" placeholder=\"E-Mail*\" value=\"\" type=\"email\" name=\"your-email\" \/><\/span> &nbsp; <input class=\"wpcf7-form-control wpcf7-submit has-spinner\" type=\"submit\" value=\"Download\" \/>\n\t\t<\/p>\n\t<\/div>\n<\/div>\n<div data-id=\"group-dpa\" data-orig_data_id=\"group-dpa\"  class=\"\" data-class=\"wpcf7cf_group\">\n\t<div class=\"row hideaftersubmit\" style=\"margin-top:10px;\">\n\t\t<div class=\"col-lg-12 col-sm-12 t5-fileform-row\" style=\"margin-left:-7px;\" >\n\t\t\t<p><span class=\"wpcf7-form-control-wrap\" data-name=\"datenschutzhinweis\"><span class=\"wpcf7-form-control wpcf7-acceptance\"><span class=\"wpcf7-list-item\"><label><input type=\"checkbox\" name=\"datenschutzhinweis\" value=\"1\" aria-invalid=\"false\" \/><span class=\"wpcf7-list-item-label\"><a href=\"https:\/\/tec5.com\/de\/datenschutzhinweis\/\" target=\"_new\" class=\"t5-fileform-disclaimer\"> Ich stimme der Verarbeitung meiner Daten gem\u00e4\u00df der tec5 Datenschutzhinweise zu.<\/a> <\/span><\/span><\/label><\/span><\/span><\/span>\n\t\t\t<\/p>\n\t\t<\/div>\n\t<\/div>\n<\/div><input type='hidden' class='wpcf7-pum' value='{\"closepopup\":false,\"closedelay\":0,\"openpopup\":false,\"openpopup_id\":0}' \/>\n<\/form>\n<\/div>\n<\/div>\n<\/div>\n<\/div>\n<h2>Technische Daten<sup style=\"font-weight: normal;\">1<\/sup> <span style=\"font-weight: normal; font-size: 80%;\">(Auszug)<\/span><\/h2>\n<div class=\"su-table su-table-responsive su-table-alternate su-table-fixed\">\n<table style=\"width: 49.5512%;height: 285px\">\n<tbody>\n<tr style=\"height: 28px\">\n<td style=\"height: 28px\"><strong>Detector Support<\/strong><\/td>\n<td style=\"width: 67%;height: 28px\">Various linear and area detector arrays based on CMOS, CCD, and NMOS technology (cooled or uncooled)<\/td>\n<\/tr>\n<tr style=\"height: 48px\">\n<td style=\"height: 30px\"><strong>ADC Resolution<\/strong><\/td>\n<td style=\"height: 30px\">16 \u2013 24 bit<\/td>\n<\/tr>\n<tr style=\"height: 28px\">\n<td style=\"height: 28px\"><strong>Sampling Rate\u00a0<\/strong><\/td>\n<td style=\"height: 28px\">1 MHz \u2013 10 MHz<\/td>\n<\/tr>\n<tr style=\"height: 24px\">\n<td style=\"height: 24px\"><strong>Sampling Method<\/strong><\/td>\n<td style=\"height: 24px\">Correlated double sampling<\/td>\n<\/tr>\n<tr style=\"height: 24px\">\n<td style=\"height: 24px\"><strong>Oversampling<\/strong><\/td>\n<td style=\"height: 24px\">Configurable sample point density factors: 1, 2, 4, 8<\/td>\n<\/tr>\n<tr style=\"height: 24px\">\n<td style=\"height: 24px\"><strong>Interfaces for Internal Sensors<\/strong><\/td>\n<td style=\"height: 24px\">Up to 2 sensors, e.g., temperature, humidity, vibration<\/td>\n<\/tr>\n<tr style=\"height: 24px\">\n<td style=\"height: 24px\"><strong>&#8230;<\/strong><\/td>\n<td style=\"height: 24px\">&#8230;<\/td>\n<\/tr>\n<tr style=\"height: 55px\">\n<td style=\"height: 55px\"><strong>Dimensions (W x H x l<\/strong><strong>)<\/strong><\/td>\n<td style=\"height: 55px\">82 mm \u00d7 120 mm \u00d7 30 mm<\/td>\n<\/tr>\n<tr style=\"height: 24px\">\n<td style=\"height: 24px\"><strong>Weight<\/strong><\/td>\n<td style=\"height: 24px\">65 g<\/td>\n<\/tr>\n<\/tbody>\n<\/table>\n<\/div>\n<p style=\"margin-top: 20px; color: #7a7a7a; text-align: right;\"><sup>1 <\/sup>Anpassungen und kundenspezifische Varianten auf Anfrage. <strong>Vollst\u00e4ndige Spezifikationen siehe Datenblatt.<\/strong><\/p>\n","protected":false},"excerpt":{"rendered":"<p>PROGAZE SSE \u2013 Sensor Boards Sensor Boards (SB) sind Schl\u00fcsselkomponenten der Smart Spectrometer Electronics Plattform und erm\u00f6glichen die hochpr\u00e4zise analoge Signalaufnahme mit einer Vielzahl von Diodenzeilen-Detektoren.\u00a0 F\u00fcr verschiedene Sensortypen \u2013 darunter CMOS-, CCD- und NMOS-Diodenzeilen \u2013 stehen spezifisch ausgelegte Sensor Boards zur Verf\u00fcgung. Sie zeichnen sich durch ein besonders rauscharmes Signalverhalten und eine hohe elektromagnetische [&hellip;]<\/p>\n","protected":false},"author":10,"featured_media":6602,"parent":6284,"menu_order":1,"comment_status":"closed","ping_status":"closed","template":"","meta":{"_acf_changed":false,"footnotes":""},"tags":[151,168,146],"class_list":["post-9419","page","type-page","status-publish","has-post-thumbnail","hentry","tag-messkoepfe","tag-probes-2","tag-raman"],"acf":[],"yoast_head":"<!-- This site is optimized with the Yoast SEO plugin v27.4 - https:\/\/yoast.com\/product\/yoast-seo-wordpress\/ -->\n<title>Spektrometer Elektronik: Sensor Boards |tec5<\/title>\n<meta name=\"description\" content=\"PROGAZE SSE bietet Sensor Boards f\u00fcr verschiedene Sensortypen einschlie\u00dflich CMOS-, CCD- und NMOS-Diodenarrays.\" \/>\n<meta name=\"robots\" content=\"index, follow, max-snippet:-1, max-image-preview:large, max-video-preview:-1\" \/>\n<link rel=\"canonical\" href=\"https:\/\/tec5.com\/de\/produkte\/progaze-sse\/progaze-sse-sensorboards\/\" \/>\n<meta property=\"og:locale\" content=\"de_DE\" \/>\n<meta property=\"og:type\" content=\"article\" \/>\n<meta property=\"og:title\" content=\"Spektrometer Elektronik: Sensor Boards |tec5\" \/>\n<meta property=\"og:description\" content=\"PROGAZE SSE bietet Sensor Boards f\u00fcr verschiedene Sensortypen einschlie\u00dflich CMOS-, CCD- und NMOS-Diodenarrays.\" \/>\n<meta property=\"og:url\" content=\"https:\/\/tec5.com\/de\/produkte\/progaze-sse\/progaze-sse-sensorboards\/\" \/>\n<meta property=\"og:site_name\" content=\"tec5\" \/>\n<meta property=\"article:modified_time\" content=\"2025-06-05T10:43:58+00:00\" \/>\n<meta property=\"og:image\" content=\"https:\/\/tec5.com\/wp-content\/uploads\/2024\/05\/Header2blau_Halle_Rohre_1280x200px.webp?_t=1760372830\" \/>\n\t<meta property=\"og:image:width\" content=\"1280\" \/>\n\t<meta property=\"og:image:height\" content=\"200\" \/>\n\t<meta property=\"og:image:type\" content=\"image\/webp\" \/>\n<meta name=\"twitter:card\" content=\"summary_large_image\" \/>\n<meta name=\"twitter:label1\" content=\"Gesch\u00e4tzte Lesezeit\" \/>\n\t<meta name=\"twitter:data1\" content=\"2\u00a0Minuten\" \/>\n<script type=\"application\/ld+json\" class=\"yoast-schema-graph\">{\"@context\":\"https:\\\/\\\/schema.org\",\"@graph\":[{\"@type\":\"WebPage\",\"@id\":\"https:\\\/\\\/tec5.com\\\/de\\\/produkte\\\/progaze-sse\\\/progaze-sse-sensorboards\\\/\",\"url\":\"https:\\\/\\\/tec5.com\\\/de\\\/produkte\\\/progaze-sse\\\/progaze-sse-sensorboards\\\/\",\"name\":\"Spektrometer Elektronik: Sensor Boards |tec5\",\"isPartOf\":{\"@id\":\"https:\\\/\\\/tec5.com\\\/de\\\/#website\"},\"primaryImageOfPage\":{\"@id\":\"https:\\\/\\\/tec5.com\\\/de\\\/produkte\\\/progaze-sse\\\/progaze-sse-sensorboards\\\/#primaryimage\"},\"image\":{\"@id\":\"https:\\\/\\\/tec5.com\\\/de\\\/produkte\\\/progaze-sse\\\/progaze-sse-sensorboards\\\/#primaryimage\"},\"thumbnailUrl\":\"https:\\\/\\\/tec5.com\\\/wp-content\\\/uploads\\\/2024\\\/05\\\/Header2blau_Halle_Rohre_1280x200px.webp\",\"datePublished\":\"2025-06-04T16:06:55+00:00\",\"dateModified\":\"2025-06-05T10:43:58+00:00\",\"description\":\"PROGAZE SSE bietet Sensor Boards f\u00fcr verschiedene Sensortypen einschlie\u00dflich CMOS-, CCD- und NMOS-Diodenarrays.\",\"breadcrumb\":{\"@id\":\"https:\\\/\\\/tec5.com\\\/de\\\/produkte\\\/progaze-sse\\\/progaze-sse-sensorboards\\\/#breadcrumb\"},\"inLanguage\":\"de\",\"potentialAction\":[{\"@type\":\"ReadAction\",\"target\":[\"https:\\\/\\\/tec5.com\\\/de\\\/produkte\\\/progaze-sse\\\/progaze-sse-sensorboards\\\/\"]}]},{\"@type\":\"ImageObject\",\"inLanguage\":\"de\",\"@id\":\"https:\\\/\\\/tec5.com\\\/de\\\/produkte\\\/progaze-sse\\\/progaze-sse-sensorboards\\\/#primaryimage\",\"url\":\"https:\\\/\\\/tec5.com\\\/wp-content\\\/uploads\\\/2024\\\/05\\\/Header2blau_Halle_Rohre_1280x200px.webp\",\"contentUrl\":\"https:\\\/\\\/tec5.com\\\/wp-content\\\/uploads\\\/2024\\\/05\\\/Header2blau_Halle_Rohre_1280x200px.webp\",\"width\":1280,\"height\":200},{\"@type\":\"BreadcrumbList\",\"@id\":\"https:\\\/\\\/tec5.com\\\/de\\\/produkte\\\/progaze-sse\\\/progaze-sse-sensorboards\\\/#breadcrumb\",\"itemListElement\":[{\"@type\":\"ListItem\",\"position\":1,\"name\":\"Startseite\",\"item\":\"https:\\\/\\\/tec5.com\\\/de\\\/\"},{\"@type\":\"ListItem\",\"position\":2,\"name\":\"Produkte\",\"item\":\"https:\\\/\\\/tec5.com\\\/de\\\/produkte\\\/\"},{\"@type\":\"ListItem\",\"position\":3,\"name\":\"PROGAZE SSE\",\"item\":\"https:\\\/\\\/tec5.com\\\/de\\\/produkte\\\/progaze-sse\\\/\"},{\"@type\":\"ListItem\",\"position\":4,\"name\":\"PROGAZE SSE \u2013 Sensor Boards\"}]},{\"@type\":\"WebSite\",\"@id\":\"https:\\\/\\\/tec5.com\\\/de\\\/#website\",\"url\":\"https:\\\/\\\/tec5.com\\\/de\\\/\",\"name\":\"tec5\",\"description\":\"Process Spectroscopy\",\"publisher\":{\"@id\":\"https:\\\/\\\/tec5.com\\\/de\\\/#organization\"},\"potentialAction\":[{\"@type\":\"SearchAction\",\"target\":{\"@type\":\"EntryPoint\",\"urlTemplate\":\"https:\\\/\\\/tec5.com\\\/de\\\/?s={search_term_string}\"},\"query-input\":{\"@type\":\"PropertyValueSpecification\",\"valueRequired\":true,\"valueName\":\"search_term_string\"}}],\"inLanguage\":\"de\"},{\"@type\":\"Organization\",\"@id\":\"https:\\\/\\\/tec5.com\\\/de\\\/#organization\",\"name\":\"tec5\",\"url\":\"https:\\\/\\\/tec5.com\\\/de\\\/\",\"logo\":{\"@type\":\"ImageObject\",\"inLanguage\":\"de\",\"@id\":\"https:\\\/\\\/tec5.com\\\/de\\\/#\\\/schema\\\/logo\\\/image\\\/\",\"url\":\"https:\\\/\\\/tec5.com\\\/wp-content\\\/uploads\\\/2021\\\/01\\\/Teaser_tec5-2.png\",\"contentUrl\":\"https:\\\/\\\/tec5.com\\\/wp-content\\\/uploads\\\/2021\\\/01\\\/Teaser_tec5-2.png\",\"width\":1159,\"height\":221,\"caption\":\"tec5\"},\"image\":{\"@id\":\"https:\\\/\\\/tec5.com\\\/de\\\/#\\\/schema\\\/logo\\\/image\\\/\"},\"sameAs\":[\"https:\\\/\\\/www.linkedin.com\\\/company\\\/tec5-ag\\\/\"]}]}<\/script>\n<!-- \/ Yoast SEO plugin. -->","yoast_head_json":{"title":"Spektrometer Elektronik: Sensor Boards |tec5","description":"PROGAZE SSE bietet Sensor Boards f\u00fcr verschiedene Sensortypen einschlie\u00dflich CMOS-, CCD- und NMOS-Diodenarrays.","robots":{"index":"index","follow":"follow","max-snippet":"max-snippet:-1","max-image-preview":"max-image-preview:large","max-video-preview":"max-video-preview:-1"},"canonical":"https:\/\/tec5.com\/de\/produkte\/progaze-sse\/progaze-sse-sensorboards\/","og_locale":"de_DE","og_type":"article","og_title":"Spektrometer Elektronik: Sensor Boards |tec5","og_description":"PROGAZE SSE bietet Sensor Boards f\u00fcr verschiedene Sensortypen einschlie\u00dflich CMOS-, CCD- und NMOS-Diodenarrays.","og_url":"https:\/\/tec5.com\/de\/produkte\/progaze-sse\/progaze-sse-sensorboards\/","og_site_name":"tec5","article_modified_time":"2025-06-05T10:43:58+00:00","og_image":[{"width":1280,"height":200,"url":"https:\/\/tec5.com\/wp-content\/uploads\/2024\/05\/Header2blau_Halle_Rohre_1280x200px.webp?_t=1760372830","type":"image\/webp"}],"twitter_card":"summary_large_image","twitter_misc":{"Gesch\u00e4tzte Lesezeit":"2\u00a0Minuten"},"schema":{"@context":"https:\/\/schema.org","@graph":[{"@type":"WebPage","@id":"https:\/\/tec5.com\/de\/produkte\/progaze-sse\/progaze-sse-sensorboards\/","url":"https:\/\/tec5.com\/de\/produkte\/progaze-sse\/progaze-sse-sensorboards\/","name":"Spektrometer Elektronik: Sensor Boards |tec5","isPartOf":{"@id":"https:\/\/tec5.com\/de\/#website"},"primaryImageOfPage":{"@id":"https:\/\/tec5.com\/de\/produkte\/progaze-sse\/progaze-sse-sensorboards\/#primaryimage"},"image":{"@id":"https:\/\/tec5.com\/de\/produkte\/progaze-sse\/progaze-sse-sensorboards\/#primaryimage"},"thumbnailUrl":"https:\/\/tec5.com\/wp-content\/uploads\/2024\/05\/Header2blau_Halle_Rohre_1280x200px.webp","datePublished":"2025-06-04T16:06:55+00:00","dateModified":"2025-06-05T10:43:58+00:00","description":"PROGAZE SSE bietet Sensor Boards f\u00fcr verschiedene Sensortypen einschlie\u00dflich CMOS-, CCD- und NMOS-Diodenarrays.","breadcrumb":{"@id":"https:\/\/tec5.com\/de\/produkte\/progaze-sse\/progaze-sse-sensorboards\/#breadcrumb"},"inLanguage":"de","potentialAction":[{"@type":"ReadAction","target":["https:\/\/tec5.com\/de\/produkte\/progaze-sse\/progaze-sse-sensorboards\/"]}]},{"@type":"ImageObject","inLanguage":"de","@id":"https:\/\/tec5.com\/de\/produkte\/progaze-sse\/progaze-sse-sensorboards\/#primaryimage","url":"https:\/\/tec5.com\/wp-content\/uploads\/2024\/05\/Header2blau_Halle_Rohre_1280x200px.webp","contentUrl":"https:\/\/tec5.com\/wp-content\/uploads\/2024\/05\/Header2blau_Halle_Rohre_1280x200px.webp","width":1280,"height":200},{"@type":"BreadcrumbList","@id":"https:\/\/tec5.com\/de\/produkte\/progaze-sse\/progaze-sse-sensorboards\/#breadcrumb","itemListElement":[{"@type":"ListItem","position":1,"name":"Startseite","item":"https:\/\/tec5.com\/de\/"},{"@type":"ListItem","position":2,"name":"Produkte","item":"https:\/\/tec5.com\/de\/produkte\/"},{"@type":"ListItem","position":3,"name":"PROGAZE SSE","item":"https:\/\/tec5.com\/de\/produkte\/progaze-sse\/"},{"@type":"ListItem","position":4,"name":"PROGAZE SSE \u2013 Sensor Boards"}]},{"@type":"WebSite","@id":"https:\/\/tec5.com\/de\/#website","url":"https:\/\/tec5.com\/de\/","name":"tec5","description":"Process Spectroscopy","publisher":{"@id":"https:\/\/tec5.com\/de\/#organization"},"potentialAction":[{"@type":"SearchAction","target":{"@type":"EntryPoint","urlTemplate":"https:\/\/tec5.com\/de\/?s={search_term_string}"},"query-input":{"@type":"PropertyValueSpecification","valueRequired":true,"valueName":"search_term_string"}}],"inLanguage":"de"},{"@type":"Organization","@id":"https:\/\/tec5.com\/de\/#organization","name":"tec5","url":"https:\/\/tec5.com\/de\/","logo":{"@type":"ImageObject","inLanguage":"de","@id":"https:\/\/tec5.com\/de\/#\/schema\/logo\/image\/","url":"https:\/\/tec5.com\/wp-content\/uploads\/2021\/01\/Teaser_tec5-2.png","contentUrl":"https:\/\/tec5.com\/wp-content\/uploads\/2021\/01\/Teaser_tec5-2.png","width":1159,"height":221,"caption":"tec5"},"image":{"@id":"https:\/\/tec5.com\/de\/#\/schema\/logo\/image\/"},"sameAs":["https:\/\/www.linkedin.com\/company\/tec5-ag\/"]}]}},"_links":{"self":[{"href":"https:\/\/tec5.com\/de\/wp-json\/wp\/v2\/pages\/9419","targetHints":{"allow":["GET"]}}],"collection":[{"href":"https:\/\/tec5.com\/de\/wp-json\/wp\/v2\/pages"}],"about":[{"href":"https:\/\/tec5.com\/de\/wp-json\/wp\/v2\/types\/page"}],"author":[{"embeddable":true,"href":"https:\/\/tec5.com\/de\/wp-json\/wp\/v2\/users\/10"}],"replies":[{"embeddable":true,"href":"https:\/\/tec5.com\/de\/wp-json\/wp\/v2\/comments?post=9419"}],"version-history":[{"count":7,"href":"https:\/\/tec5.com\/de\/wp-json\/wp\/v2\/pages\/9419\/revisions"}],"predecessor-version":[{"id":9452,"href":"https:\/\/tec5.com\/de\/wp-json\/wp\/v2\/pages\/9419\/revisions\/9452"}],"up":[{"embeddable":true,"href":"https:\/\/tec5.com\/de\/wp-json\/wp\/v2\/pages\/6284"}],"wp:featuredmedia":[{"embeddable":true,"href":"https:\/\/tec5.com\/de\/wp-json\/wp\/v2\/media\/6602"}],"wp:attachment":[{"href":"https:\/\/tec5.com\/de\/wp-json\/wp\/v2\/media?parent=9419"}],"wp:term":[{"taxonomy":"post_tag","embeddable":true,"href":"https:\/\/tec5.com\/de\/wp-json\/wp\/v2\/tags?post=9419"}],"curies":[{"name":"wp","href":"https:\/\/api.w.org\/{rel}","templated":true}]}}