{"id":955,"date":"2020-04-13T10:03:49","date_gmt":"2020-04-13T08:03:49","guid":{"rendered":"http:\/\/tec5.org\/?page_id=955"},"modified":"2024-01-26T11:44:06","modified_gmt":"2024-01-26T10:44:06","slug":"high-speed-spektroskopie","status":"publish","type":"page","link":"https:\/\/tec5.com\/de\/technologie\/high-speed-spektroskopie\/","title":{"rendered":"High Speed Spektroskopie"},"content":{"rendered":"","protected":false},"excerpt":{"rendered":"","protected":false},"author":4,"featured_media":958,"parent":21,"menu_order":2,"comment_status":"closed","ping_status":"closed","template":"page-product.php","meta":{"_acf_changed":false,"footnotes":""},"tags":[],"class_list":["post-955","page","type-page","status-publish","has-post-thumbnail","hentry"],"acf":[],"yoast_head":"<!-- This site is optimized with the Yoast SEO plugin v27.4 - https:\/\/yoast.com\/product\/yoast-seo-wordpress\/ -->\n<title>High-Speed-Spektroskopie f\u00fcr Messungen in H\u00f6chstgeschwindigkeit<\/title>\n<meta name=\"description\" content=\"Ultraschnelle Datenaufnahmen f\u00fcr spektroskopische Analysen in Echtzeit zur \u00dcberwachung und Steuerung f\u00fcr eine Vielzahl unterschiedlicher Endanwenderbranchen\" \/>\n<meta name=\"robots\" content=\"index, follow, max-snippet:-1, max-image-preview:large, max-video-preview:-1\" \/>\n<link rel=\"canonical\" href=\"https:\/\/tec5.com\/de\/technologie\/high-speed-spektroskopie\/\" \/>\n<meta property=\"og:locale\" content=\"de_DE\" \/>\n<meta property=\"og:type\" content=\"article\" \/>\n<meta property=\"og:title\" content=\"High-Speed-Spektroskopie f\u00fcr Messungen in H\u00f6chstgeschwindigkeit\" \/>\n<meta property=\"og:description\" content=\"Ultraschnelle Datenaufnahmen f\u00fcr spektroskopische Analysen in Echtzeit zur \u00dcberwachung und Steuerung f\u00fcr eine Vielzahl unterschiedlicher Endanwenderbranchen\" \/>\n<meta property=\"og:url\" content=\"https:\/\/tec5.com\/de\/technologie\/high-speed-spektroskopie\/\" \/>\n<meta property=\"og:site_name\" content=\"tec5\" \/>\n<meta property=\"article:modified_time\" content=\"2024-01-26T10:44:06+00:00\" \/>\n<meta property=\"og:image\" content=\"https:\/\/tec5.com\/wp-content\/uploads\/2020\/04\/tec5-High-Speed-Spektroskopie-1280x600px.png\" \/>\n\t<meta property=\"og:image:width\" content=\"1280\" \/>\n\t<meta property=\"og:image:height\" content=\"600\" \/>\n\t<meta property=\"og:image:type\" content=\"image\/png\" \/>\n<meta name=\"twitter:card\" content=\"summary_large_image\" \/>\n<script type=\"application\/ld+json\" class=\"yoast-schema-graph\">{\"@context\":\"https:\\\/\\\/schema.org\",\"@graph\":[{\"@type\":\"WebPage\",\"@id\":\"https:\\\/\\\/tec5.com\\\/de\\\/technologie\\\/high-speed-spektroskopie\\\/\",\"url\":\"https:\\\/\\\/tec5.com\\\/de\\\/technologie\\\/high-speed-spektroskopie\\\/\",\"name\":\"High-Speed-Spektroskopie f\u00fcr Messungen in H\u00f6chstgeschwindigkeit\",\"isPartOf\":{\"@id\":\"https:\\\/\\\/tec5.com\\\/de\\\/#website\"},\"primaryImageOfPage\":{\"@id\":\"https:\\\/\\\/tec5.com\\\/de\\\/technologie\\\/high-speed-spektroskopie\\\/#primaryimage\"},\"image\":{\"@id\":\"https:\\\/\\\/tec5.com\\\/de\\\/technologie\\\/high-speed-spektroskopie\\\/#primaryimage\"},\"thumbnailUrl\":\"https:\\\/\\\/tec5.com\\\/wp-content\\\/uploads\\\/2020\\\/04\\\/tec5-High-Speed-Spektroskopie-1280x600px.png\",\"datePublished\":\"2020-04-13T08:03:49+00:00\",\"dateModified\":\"2024-01-26T10:44:06+00:00\",\"description\":\"Ultraschnelle Datenaufnahmen f\u00fcr spektroskopische Analysen in Echtzeit zur \u00dcberwachung und Steuerung f\u00fcr eine Vielzahl unterschiedlicher Endanwenderbranchen\",\"breadcrumb\":{\"@id\":\"https:\\\/\\\/tec5.com\\\/de\\\/technologie\\\/high-speed-spektroskopie\\\/#breadcrumb\"},\"inLanguage\":\"de\",\"potentialAction\":[{\"@type\":\"ReadAction\",\"target\":[\"https:\\\/\\\/tec5.com\\\/de\\\/technologie\\\/high-speed-spektroskopie\\\/\"]}]},{\"@type\":\"ImageObject\",\"inLanguage\":\"de\",\"@id\":\"https:\\\/\\\/tec5.com\\\/de\\\/technologie\\\/high-speed-spektroskopie\\\/#primaryimage\",\"url\":\"https:\\\/\\\/tec5.com\\\/wp-content\\\/uploads\\\/2020\\\/04\\\/tec5-High-Speed-Spektroskopie-1280x600px.png\",\"contentUrl\":\"https:\\\/\\\/tec5.com\\\/wp-content\\\/uploads\\\/2020\\\/04\\\/tec5-High-Speed-Spektroskopie-1280x600px.png\",\"width\":1280,\"height\":600},{\"@type\":\"BreadcrumbList\",\"@id\":\"https:\\\/\\\/tec5.com\\\/de\\\/technologie\\\/high-speed-spektroskopie\\\/#breadcrumb\",\"itemListElement\":[{\"@type\":\"ListItem\",\"position\":1,\"name\":\"Startseite\",\"item\":\"https:\\\/\\\/tec5.com\\\/de\\\/\"},{\"@type\":\"ListItem\",\"position\":2,\"name\":\"Technologie\",\"item\":\"https:\\\/\\\/tec5.com\\\/de\\\/technologie\\\/\"},{\"@type\":\"ListItem\",\"position\":3,\"name\":\"High Speed Spektroskopie\"}]},{\"@type\":\"WebSite\",\"@id\":\"https:\\\/\\\/tec5.com\\\/de\\\/#website\",\"url\":\"https:\\\/\\\/tec5.com\\\/de\\\/\",\"name\":\"tec5\",\"description\":\"Process Spectroscopy\",\"publisher\":{\"@id\":\"https:\\\/\\\/tec5.com\\\/de\\\/#organization\"},\"potentialAction\":[{\"@type\":\"SearchAction\",\"target\":{\"@type\":\"EntryPoint\",\"urlTemplate\":\"https:\\\/\\\/tec5.com\\\/de\\\/?s={search_term_string}\"},\"query-input\":{\"@type\":\"PropertyValueSpecification\",\"valueRequired\":true,\"valueName\":\"search_term_string\"}}],\"inLanguage\":\"de\"},{\"@type\":\"Organization\",\"@id\":\"https:\\\/\\\/tec5.com\\\/de\\\/#organization\",\"name\":\"tec5\",\"url\":\"https:\\\/\\\/tec5.com\\\/de\\\/\",\"logo\":{\"@type\":\"ImageObject\",\"inLanguage\":\"de\",\"@id\":\"https:\\\/\\\/tec5.com\\\/de\\\/#\\\/schema\\\/logo\\\/image\\\/\",\"url\":\"https:\\\/\\\/tec5.com\\\/wp-content\\\/uploads\\\/2021\\\/01\\\/Teaser_tec5-2.png\",\"contentUrl\":\"https:\\\/\\\/tec5.com\\\/wp-content\\\/uploads\\\/2021\\\/01\\\/Teaser_tec5-2.png\",\"width\":1159,\"height\":221,\"caption\":\"tec5\"},\"image\":{\"@id\":\"https:\\\/\\\/tec5.com\\\/de\\\/#\\\/schema\\\/logo\\\/image\\\/\"},\"sameAs\":[\"https:\\\/\\\/www.linkedin.com\\\/company\\\/tec5-ag\\\/\"]}]}<\/script>\n<!-- \/ Yoast SEO plugin. -->","yoast_head_json":{"title":"High-Speed-Spektroskopie f\u00fcr Messungen in H\u00f6chstgeschwindigkeit","description":"Ultraschnelle Datenaufnahmen f\u00fcr spektroskopische Analysen in Echtzeit zur \u00dcberwachung und Steuerung f\u00fcr eine Vielzahl unterschiedlicher Endanwenderbranchen","robots":{"index":"index","follow":"follow","max-snippet":"max-snippet:-1","max-image-preview":"max-image-preview:large","max-video-preview":"max-video-preview:-1"},"canonical":"https:\/\/tec5.com\/de\/technologie\/high-speed-spektroskopie\/","og_locale":"de_DE","og_type":"article","og_title":"High-Speed-Spektroskopie f\u00fcr Messungen in H\u00f6chstgeschwindigkeit","og_description":"Ultraschnelle Datenaufnahmen f\u00fcr spektroskopische Analysen in Echtzeit zur \u00dcberwachung und Steuerung f\u00fcr eine Vielzahl unterschiedlicher Endanwenderbranchen","og_url":"https:\/\/tec5.com\/de\/technologie\/high-speed-spektroskopie\/","og_site_name":"tec5","article_modified_time":"2024-01-26T10:44:06+00:00","og_image":[{"width":1280,"height":600,"url":"https:\/\/tec5.com\/wp-content\/uploads\/2020\/04\/tec5-High-Speed-Spektroskopie-1280x600px.png","type":"image\/png"}],"twitter_card":"summary_large_image","schema":{"@context":"https:\/\/schema.org","@graph":[{"@type":"WebPage","@id":"https:\/\/tec5.com\/de\/technologie\/high-speed-spektroskopie\/","url":"https:\/\/tec5.com\/de\/technologie\/high-speed-spektroskopie\/","name":"High-Speed-Spektroskopie f\u00fcr Messungen in H\u00f6chstgeschwindigkeit","isPartOf":{"@id":"https:\/\/tec5.com\/de\/#website"},"primaryImageOfPage":{"@id":"https:\/\/tec5.com\/de\/technologie\/high-speed-spektroskopie\/#primaryimage"},"image":{"@id":"https:\/\/tec5.com\/de\/technologie\/high-speed-spektroskopie\/#primaryimage"},"thumbnailUrl":"https:\/\/tec5.com\/wp-content\/uploads\/2020\/04\/tec5-High-Speed-Spektroskopie-1280x600px.png","datePublished":"2020-04-13T08:03:49+00:00","dateModified":"2024-01-26T10:44:06+00:00","description":"Ultraschnelle Datenaufnahmen f\u00fcr spektroskopische Analysen in Echtzeit zur \u00dcberwachung und Steuerung f\u00fcr eine Vielzahl unterschiedlicher Endanwenderbranchen","breadcrumb":{"@id":"https:\/\/tec5.com\/de\/technologie\/high-speed-spektroskopie\/#breadcrumb"},"inLanguage":"de","potentialAction":[{"@type":"ReadAction","target":["https:\/\/tec5.com\/de\/technologie\/high-speed-spektroskopie\/"]}]},{"@type":"ImageObject","inLanguage":"de","@id":"https:\/\/tec5.com\/de\/technologie\/high-speed-spektroskopie\/#primaryimage","url":"https:\/\/tec5.com\/wp-content\/uploads\/2020\/04\/tec5-High-Speed-Spektroskopie-1280x600px.png","contentUrl":"https:\/\/tec5.com\/wp-content\/uploads\/2020\/04\/tec5-High-Speed-Spektroskopie-1280x600px.png","width":1280,"height":600},{"@type":"BreadcrumbList","@id":"https:\/\/tec5.com\/de\/technologie\/high-speed-spektroskopie\/#breadcrumb","itemListElement":[{"@type":"ListItem","position":1,"name":"Startseite","item":"https:\/\/tec5.com\/de\/"},{"@type":"ListItem","position":2,"name":"Technologie","item":"https:\/\/tec5.com\/de\/technologie\/"},{"@type":"ListItem","position":3,"name":"High Speed Spektroskopie"}]},{"@type":"WebSite","@id":"https:\/\/tec5.com\/de\/#website","url":"https:\/\/tec5.com\/de\/","name":"tec5","description":"Process Spectroscopy","publisher":{"@id":"https:\/\/tec5.com\/de\/#organization"},"potentialAction":[{"@type":"SearchAction","target":{"@type":"EntryPoint","urlTemplate":"https:\/\/tec5.com\/de\/?s={search_term_string}"},"query-input":{"@type":"PropertyValueSpecification","valueRequired":true,"valueName":"search_term_string"}}],"inLanguage":"de"},{"@type":"Organization","@id":"https:\/\/tec5.com\/de\/#organization","name":"tec5","url":"https:\/\/tec5.com\/de\/","logo":{"@type":"ImageObject","inLanguage":"de","@id":"https:\/\/tec5.com\/de\/#\/schema\/logo\/image\/","url":"https:\/\/tec5.com\/wp-content\/uploads\/2021\/01\/Teaser_tec5-2.png","contentUrl":"https:\/\/tec5.com\/wp-content\/uploads\/2021\/01\/Teaser_tec5-2.png","width":1159,"height":221,"caption":"tec5"},"image":{"@id":"https:\/\/tec5.com\/de\/#\/schema\/logo\/image\/"},"sameAs":["https:\/\/www.linkedin.com\/company\/tec5-ag\/"]}]}},"_links":{"self":[{"href":"https:\/\/tec5.com\/de\/wp-json\/wp\/v2\/pages\/955","targetHints":{"allow":["GET"]}}],"collection":[{"href":"https:\/\/tec5.com\/de\/wp-json\/wp\/v2\/pages"}],"about":[{"href":"https:\/\/tec5.com\/de\/wp-json\/wp\/v2\/types\/page"}],"author":[{"embeddable":true,"href":"https:\/\/tec5.com\/de\/wp-json\/wp\/v2\/users\/4"}],"replies":[{"embeddable":true,"href":"https:\/\/tec5.com\/de\/wp-json\/wp\/v2\/comments?post=955"}],"version-history":[{"count":1,"href":"https:\/\/tec5.com\/de\/wp-json\/wp\/v2\/pages\/955\/revisions"}],"predecessor-version":[{"id":957,"href":"https:\/\/tec5.com\/de\/wp-json\/wp\/v2\/pages\/955\/revisions\/957"}],"up":[{"embeddable":true,"href":"https:\/\/tec5.com\/de\/wp-json\/wp\/v2\/pages\/21"}],"wp:featuredmedia":[{"embeddable":true,"href":"https:\/\/tec5.com\/de\/wp-json\/wp\/v2\/media\/958"}],"wp:attachment":[{"href":"https:\/\/tec5.com\/de\/wp-json\/wp\/v2\/media?parent=955"}],"wp:term":[{"taxonomy":"post_tag","embeddable":true,"href":"https:\/\/tec5.com\/de\/wp-json\/wp\/v2\/tags?post=955"}],"curies":[{"name":"wp","href":"https:\/\/api.w.org\/{rel}","templated":true}]}}